{"id":2726,"date":"2022-02-25T13:19:26","date_gmt":"2022-02-25T12:19:26","guid":{"rendered":"https:\/\/degrados.es\/producto\/likoer-sambuca-italiano-70-cl\/"},"modified":"2023-12-19T13:02:19","modified_gmt":"2023-12-19T12:02:19","slug":"likoer-sambuca-italiano-70-cl","status":"publish","type":"product","link":"https:\/\/degrados.es\/de\/producto\/likoer-sambuca-italiano-70-cl\/","title":{"rendered":"Lik\u00f6r Sambuca Italiano 70 cl"},"content":{"rendered":"<p>Sambuca ist ein s\u00fc\u00dfer Lik\u00f6r auf der Basis von Anis und anderen aromatischen Pflanzen. Er ist ein typisch italienischer Lik\u00f6r. Die typischste Art, ihn zu trinken, ist, ein paar ger\u00f6stete Kaffeebohnen hinzuzuf\u00fcgen und das Glas zu flambieren. Italienischer Lik\u00f6r, der h\u00e4ufig in Cocktails verwendet wird.<\/p>\n","protected":false},"excerpt":{"rendered":"<p>Sambuca ist ein s\u00fc\u00dfer Lik\u00f6r auf der Basis von Anis und anderen aromatischen Pflanzen. Er ist ein typisch italienischer Lik\u00f6r. Die typischste Art, ihn zu trinken, ist, ein paar ger\u00f6stete Kaffeebohnen hinzuzuf\u00fcgen und das Glas zu flambieren. Italienischer Lik\u00f6r, der h\u00e4ufig in Cocktails verwendet wird.<\/p>\n","protected":false},"featured_media":2582,"comment_status":"open","ping_status":"closed","template":"","meta":{"inline_featured_image":false},"product_cat":[936,100],"product_tag":[275,277,276,269],"class_list":{"0":"post-2726","1":"product","2":"type-product","3":"status-publish","4":"has-post-thumbnail","6":"product_cat-other-liquors","7":"product_cat-liqueurs","8":"product_tag-aromatic-herbs","9":"product_tag-italian-liqueur","10":"product_tag-sambuca-en","11":"product_tag-liqueur","13":"first","14":"instock","15":"sale","16":"taxable","17":"shipping-taxable","18":"purchasable","19":"product-type-simple"},"yoast_head":"<!-- This site is optimized with the Yoast SEO plugin v26.9 - https:\/\/yoast.com\/product\/yoast-seo-wordpress\/ -->\n<title>Sambuca Italienischer Lik\u00f6r kaufen - Liquor Store Online - Degrados<\/title>\n<meta name=\"description\" content=\"Entdecken Sie den italienischen Lik\u00f6r Sambuca, aromatisch f\u00fcr Cocktails. Kaufen Sie traditionellen italienischen Lik\u00f6r bei Degrados. Online Spirituosengesch\u00e4ft.\" \/>\n<meta name=\"robots\" content=\"index, follow, max-snippet:-1, max-image-preview:large, max-video-preview:-1\" \/>\n<link rel=\"canonical\" href=\"https:\/\/degrados.es\/de\/producto\/likoer-sambuca-italiano-70-cl\/\" \/>\n<meta property=\"og:locale\" content=\"de_DE\" \/>\n<meta property=\"og:type\" content=\"article\" \/>\n<meta property=\"og:title\" content=\"Sambuca Italienischer Lik\u00f6r kaufen - Liquor Store Online - Degrados\" \/>\n<meta property=\"og:description\" content=\"Entdecken Sie den italienischen Lik\u00f6r Sambuca, aromatisch f\u00fcr Cocktails. Kaufen Sie traditionellen italienischen Lik\u00f6r bei Degrados. Online Spirituosengesch\u00e4ft.\" \/>\n<meta property=\"og:url\" content=\"https:\/\/degrados.es\/de\/producto\/likoer-sambuca-italiano-70-cl\/\" \/>\n<meta property=\"og:site_name\" content=\"Online Spirituosengesch\u00e4ft\" \/>\n<meta property=\"article:modified_time\" content=\"2023-12-19T12:02:19+00:00\" \/>\n<meta property=\"og:image\" content=\"https:\/\/degrados.es\/wp-content\/uploads\/2022\/02\/Licor-sambuca.webp\" \/>\n\t<meta property=\"og:image:width\" content=\"430\" \/>\n\t<meta property=\"og:image:height\" content=\"430\" \/>\n\t<meta property=\"og:image:type\" content=\"image\/webp\" \/>\n<meta name=\"twitter:card\" content=\"summary_large_image\" \/>\n<script type=\"application\/ld+json\" class=\"yoast-schema-graph\">{\"@context\":\"https:\/\/schema.org\",\"@graph\":[{\"@type\":\"WebPage\",\"@id\":\"https:\/\/degrados.es\/de\/producto\/likoer-sambuca-italiano-70-cl\/\",\"url\":\"https:\/\/degrados.es\/de\/producto\/likoer-sambuca-italiano-70-cl\/\",\"name\":\"Sambuca Italienischer Lik\u00f6r kaufen - Liquor Store Online - Degrados\",\"isPartOf\":{\"@id\":\"https:\/\/degrados.es\/de\/#website\"},\"primaryImageOfPage\":{\"@id\":\"https:\/\/degrados.es\/de\/producto\/likoer-sambuca-italiano-70-cl\/#primaryimage\"},\"image\":{\"@id\":\"https:\/\/degrados.es\/de\/producto\/likoer-sambuca-italiano-70-cl\/#primaryimage\"},\"thumbnailUrl\":\"https:\/\/degrados.es\/wp-content\/uploads\/2022\/02\/Licor-sambuca.webp\",\"datePublished\":\"2022-02-25T12:19:26+00:00\",\"dateModified\":\"2023-12-19T12:02:19+00:00\",\"description\":\"Entdecken Sie den italienischen Lik\u00f6r Sambuca, aromatisch f\u00fcr Cocktails. Kaufen Sie traditionellen italienischen Lik\u00f6r bei Degrados. Online Spirituosengesch\u00e4ft.\",\"breadcrumb\":{\"@id\":\"https:\/\/degrados.es\/de\/producto\/likoer-sambuca-italiano-70-cl\/#breadcrumb\"},\"inLanguage\":\"de\",\"potentialAction\":[{\"@type\":\"ReadAction\",\"target\":[\"https:\/\/degrados.es\/de\/producto\/likoer-sambuca-italiano-70-cl\/\"]}]},{\"@type\":\"ImageObject\",\"inLanguage\":\"de\",\"@id\":\"https:\/\/degrados.es\/de\/producto\/likoer-sambuca-italiano-70-cl\/#primaryimage\",\"url\":\"https:\/\/degrados.es\/wp-content\/uploads\/2022\/02\/Licor-sambuca.webp\",\"contentUrl\":\"https:\/\/degrados.es\/wp-content\/uploads\/2022\/02\/Licor-sambuca.webp\",\"width\":430,\"height\":430,\"caption\":\"Sambuca-Lik\u00f6r kaufen\"},{\"@type\":\"BreadcrumbList\",\"@id\":\"https:\/\/degrados.es\/de\/producto\/likoer-sambuca-italiano-70-cl\/#breadcrumb\",\"itemListElement\":[{\"@type\":\"ListItem\",\"position\":1,\"name\":\"Home\",\"item\":\"https:\/\/degrados.es\/de\/startseite\/\"},{\"@type\":\"ListItem\",\"position\":2,\"name\":\"Shop\",\"item\":\"https:\/\/degrados.es\/de\/?page_id=2821\"},{\"@type\":\"ListItem\",\"position\":3,\"name\":\"Lik\u00f6r Sambuca Italiano 70 cl\"}]},{\"@type\":\"WebSite\",\"@id\":\"https:\/\/degrados.es\/de\/#website\",\"url\":\"https:\/\/degrados.es\/de\/\",\"name\":\"Online Spirituosengesch\u00e4ft\",\"description\":\"Spirituosen online kaufen\",\"publisher\":{\"@id\":\"https:\/\/degrados.es\/de\/#organization\"},\"potentialAction\":[{\"@type\":\"SearchAction\",\"target\":{\"@type\":\"EntryPoint\",\"urlTemplate\":\"https:\/\/degrados.es\/de\/?s={search_term_string}\"},\"query-input\":{\"@type\":\"PropertyValueSpecification\",\"valueRequired\":true,\"valueName\":\"search_term_string\"}}],\"inLanguage\":\"de\"},{\"@type\":\"Organization\",\"@id\":\"https:\/\/degrados.es\/de\/#organization\",\"name\":\"DeGrados\",\"url\":\"https:\/\/degrados.es\/de\/\",\"logo\":{\"@type\":\"ImageObject\",\"inLanguage\":\"de\",\"@id\":\"https:\/\/degrados.es\/de\/#\/schema\/logo\/image\/\",\"url\":\"https:\/\/degrados.es\/wp-content\/uploads\/2021\/02\/Logo-degrados.png\",\"contentUrl\":\"https:\/\/degrados.es\/wp-content\/uploads\/2021\/02\/Logo-degrados.png\",\"width\":350,\"height\":86,\"caption\":\"DeGrados\"},\"image\":{\"@id\":\"https:\/\/degrados.es\/de\/#\/schema\/logo\/image\/\"}}]}<\/script>\n<!-- \/ Yoast SEO plugin. -->","yoast_head_json":{"title":"Sambuca Italienischer Lik\u00f6r kaufen - Liquor Store Online - Degrados","description":"Entdecken Sie den italienischen Lik\u00f6r Sambuca, aromatisch f\u00fcr Cocktails. Kaufen Sie traditionellen italienischen Lik\u00f6r bei Degrados. Online Spirituosengesch\u00e4ft.","robots":{"index":"index","follow":"follow","max-snippet":"max-snippet:-1","max-image-preview":"max-image-preview:large","max-video-preview":"max-video-preview:-1"},"canonical":"https:\/\/degrados.es\/de\/producto\/likoer-sambuca-italiano-70-cl\/","og_locale":"de_DE","og_type":"article","og_title":"Sambuca Italienischer Lik\u00f6r kaufen - Liquor Store Online - Degrados","og_description":"Entdecken Sie den italienischen Lik\u00f6r Sambuca, aromatisch f\u00fcr Cocktails. Kaufen Sie traditionellen italienischen Lik\u00f6r bei Degrados. Online Spirituosengesch\u00e4ft.","og_url":"https:\/\/degrados.es\/de\/producto\/likoer-sambuca-italiano-70-cl\/","og_site_name":"Online Spirituosengesch\u00e4ft","article_modified_time":"2023-12-19T12:02:19+00:00","og_image":[{"width":430,"height":430,"url":"https:\/\/degrados.es\/wp-content\/uploads\/2022\/02\/Licor-sambuca.webp","type":"image\/webp"}],"twitter_card":"summary_large_image","schema":{"@context":"https:\/\/schema.org","@graph":[{"@type":"WebPage","@id":"https:\/\/degrados.es\/de\/producto\/likoer-sambuca-italiano-70-cl\/","url":"https:\/\/degrados.es\/de\/producto\/likoer-sambuca-italiano-70-cl\/","name":"Sambuca Italienischer Lik\u00f6r kaufen - Liquor Store Online - Degrados","isPartOf":{"@id":"https:\/\/degrados.es\/de\/#website"},"primaryImageOfPage":{"@id":"https:\/\/degrados.es\/de\/producto\/likoer-sambuca-italiano-70-cl\/#primaryimage"},"image":{"@id":"https:\/\/degrados.es\/de\/producto\/likoer-sambuca-italiano-70-cl\/#primaryimage"},"thumbnailUrl":"https:\/\/degrados.es\/wp-content\/uploads\/2022\/02\/Licor-sambuca.webp","datePublished":"2022-02-25T12:19:26+00:00","dateModified":"2023-12-19T12:02:19+00:00","description":"Entdecken Sie den italienischen Lik\u00f6r Sambuca, aromatisch f\u00fcr Cocktails. Kaufen Sie traditionellen italienischen Lik\u00f6r bei Degrados. Online Spirituosengesch\u00e4ft.","breadcrumb":{"@id":"https:\/\/degrados.es\/de\/producto\/likoer-sambuca-italiano-70-cl\/#breadcrumb"},"inLanguage":"de","potentialAction":[{"@type":"ReadAction","target":["https:\/\/degrados.es\/de\/producto\/likoer-sambuca-italiano-70-cl\/"]}]},{"@type":"ImageObject","inLanguage":"de","@id":"https:\/\/degrados.es\/de\/producto\/likoer-sambuca-italiano-70-cl\/#primaryimage","url":"https:\/\/degrados.es\/wp-content\/uploads\/2022\/02\/Licor-sambuca.webp","contentUrl":"https:\/\/degrados.es\/wp-content\/uploads\/2022\/02\/Licor-sambuca.webp","width":430,"height":430,"caption":"Sambuca-Lik\u00f6r kaufen"},{"@type":"BreadcrumbList","@id":"https:\/\/degrados.es\/de\/producto\/likoer-sambuca-italiano-70-cl\/#breadcrumb","itemListElement":[{"@type":"ListItem","position":1,"name":"Home","item":"https:\/\/degrados.es\/de\/startseite\/"},{"@type":"ListItem","position":2,"name":"Shop","item":"https:\/\/degrados.es\/de\/?page_id=2821"},{"@type":"ListItem","position":3,"name":"Lik\u00f6r Sambuca Italiano 70 cl"}]},{"@type":"WebSite","@id":"https:\/\/degrados.es\/de\/#website","url":"https:\/\/degrados.es\/de\/","name":"Online Spirituosengesch\u00e4ft","description":"Spirituosen online kaufen","publisher":{"@id":"https:\/\/degrados.es\/de\/#organization"},"potentialAction":[{"@type":"SearchAction","target":{"@type":"EntryPoint","urlTemplate":"https:\/\/degrados.es\/de\/?s={search_term_string}"},"query-input":{"@type":"PropertyValueSpecification","valueRequired":true,"valueName":"search_term_string"}}],"inLanguage":"de"},{"@type":"Organization","@id":"https:\/\/degrados.es\/de\/#organization","name":"DeGrados","url":"https:\/\/degrados.es\/de\/","logo":{"@type":"ImageObject","inLanguage":"de","@id":"https:\/\/degrados.es\/de\/#\/schema\/logo\/image\/","url":"https:\/\/degrados.es\/wp-content\/uploads\/2021\/02\/Logo-degrados.png","contentUrl":"https:\/\/degrados.es\/wp-content\/uploads\/2021\/02\/Logo-degrados.png","width":350,"height":86,"caption":"DeGrados"},"image":{"@id":"https:\/\/degrados.es\/de\/#\/schema\/logo\/image\/"}}]}},"_links":{"self":[{"href":"https:\/\/degrados.es\/de\/wp-json\/wp\/v2\/product\/2726","targetHints":{"allow":["GET"]}}],"collection":[{"href":"https:\/\/degrados.es\/de\/wp-json\/wp\/v2\/product"}],"about":[{"href":"https:\/\/degrados.es\/de\/wp-json\/wp\/v2\/types\/product"}],"replies":[{"embeddable":true,"href":"https:\/\/degrados.es\/de\/wp-json\/wp\/v2\/comments?post=2726"}],"wp:featuredmedia":[{"embeddable":true,"href":"https:\/\/degrados.es\/de\/wp-json\/wp\/v2\/media\/2582"}],"wp:attachment":[{"href":"https:\/\/degrados.es\/de\/wp-json\/wp\/v2\/media?parent=2726"}],"wp:term":[{"taxonomy":"product_cat","embeddable":true,"href":"https:\/\/degrados.es\/de\/wp-json\/wp\/v2\/product_cat?post=2726"},{"taxonomy":"product_tag","embeddable":true,"href":"https:\/\/degrados.es\/de\/wp-json\/wp\/v2\/product_tag?post=2726"}],"curies":[{"name":"wp","href":"https:\/\/api.w.org\/{rel}","templated":true}]}}