{"id":2728,"date":"2022-02-25T12:34:22","date_gmt":"2022-02-25T11:34:22","guid":{"rendered":"https:\/\/degrados.es\/producto\/limoncello-di-maria-70-cl\/"},"modified":"2023-12-19T13:02:19","modified_gmt":"2023-12-19T12:02:19","slug":"limoncello-di-maria-70-cl","status":"publish","type":"product","link":"https:\/\/degrados.es\/de\/producto\/limoncello-di-maria-70-cl\/","title":{"rendered":"Limoncello di Maria 70 cl"},"content":{"rendered":"<p>Der Limoncello di Maria von Degrados ist einer der gro\u00dfen Klassiker. Limoncello wird empfohlen, sehr kalt und wegen seiner Frische vor allem nach den Mahlzeiten konsumiert zu werden.<\/p>\n<p>Limoncello wird nach dem traditionellen Rezept hergestellt. Der Limoncello di Maria ist aufgrund der Zitrusfr\u00fcchte leicht s\u00e4uerlich, aber er ist sehr erfrischend am Gaumen und hat ein herrliches Zitronenaroma.<\/p>\n<p>Wenn Sie s\u00e4urehaltige und geschmacksintensive Lik\u00f6re m\u00f6gen und einmal etwas anderes probieren m\u00f6chten, sollten Sie unbedingt unseren Limoncello di Maria probieren. Sie werden von seinem k\u00f6stlichen Geschmack, seinem Aroma und seiner Konsistenz begeistert sein.<\/p>\n","protected":false},"excerpt":{"rendered":"<p>Der Limoncello di Maria von Licores Sinc ist das beste Getr\u00e4nk nach dem Essen. Der traditionsreichste Lik\u00f6r Italiens kommt zu Degrados, um uns mit seinem intensiven Zitrusgeschmack zu erfreuen.<\/p>\n","protected":false},"featured_media":2584,"comment_status":"open","ping_status":"closed","template":"","meta":{"inline_featured_image":false},"product_cat":[933,530],"product_tag":[541,531,537,543],"class_list":{"0":"post-2728","1":"product","2":"type-product","3":"status-publish","4":"has-post-thumbnail","6":"product_cat-andere-spirituosen","7":"product_cat-spirituosen","8":"product_tag-limocello-de","9":"product_tag-spirituosen","10":"product_tag-spirituosen-de","11":"product_tag-zitronenlikor","13":"first","14":"instock","15":"sale","16":"taxable","17":"shipping-taxable","18":"purchasable","19":"product-type-simple"},"yoast_head":"<!-- This site is optimized with the Yoast SEO plugin v27.4 - https:\/\/yoast.com\/product\/yoast-seo-wordpress\/ -->\n<title>Limoncello di Maria - Zitronenlik\u00f6r online kaufen - Degrados<\/title>\n<meta name=\"description\" content=\"Entdecken Sie Limoncello di Maria, einen echten italienischen Zitronenlik\u00f6r. Kaufen Sie Lik\u00f6re aus der ganzen Welt bei Licorer\u00eda Online. Degrados Shop.\" \/>\n<meta name=\"robots\" content=\"index, follow, max-snippet:-1, max-image-preview:large, max-video-preview:-1\" \/>\n<link rel=\"canonical\" href=\"https:\/\/degrados.es\/producto\/comprar-limoncello-online\/\" \/>\n<meta property=\"og:locale\" content=\"de_DE\" \/>\n<meta property=\"og:type\" content=\"article\" \/>\n<meta property=\"og:title\" content=\"Limoncello di Maria - Zitronenlik\u00f6r online kaufen - Degrados\" \/>\n<meta property=\"og:description\" content=\"Entdecken Sie Limoncello di Maria, einen echten italienischen Zitronenlik\u00f6r. Kaufen Sie Lik\u00f6re aus der ganzen Welt bei Licorer\u00eda Online. Degrados Shop.\" \/>\n<meta property=\"og:url\" content=\"https:\/\/degrados.es\/producto\/comprar-limoncello-online\/\" \/>\n<meta property=\"og:site_name\" content=\"Online Spirituosengesch\u00e4ft\" \/>\n<meta property=\"article:modified_time\" content=\"2023-12-19T12:02:19+00:00\" \/>\n<meta property=\"og:image\" content=\"https:\/\/degrados.es\/wp-content\/uploads\/2022\/02\/Limoncello-di-maria_online.webp\" \/>\n\t<meta property=\"og:image:width\" content=\"300\" \/>\n\t<meta property=\"og:image:height\" content=\"300\" \/>\n\t<meta property=\"og:image:type\" content=\"image\/webp\" \/>\n<meta name=\"twitter:card\" content=\"summary_large_image\" \/>\n<meta name=\"twitter:label1\" content=\"Preis\" \/>\n\t<meta name=\"twitter:data1\" content=\"15,80&euro; IVA Incluido\" \/>\n\t<meta name=\"twitter:label2\" content=\"Verf\u00fcgbarkeit\" \/>\n\t<meta name=\"twitter:data2\" content=\"Auf Lager\" \/>\n<script type=\"application\/ld+json\" class=\"yoast-schema-graph\">{\"@context\":\"https:\\\/\\\/schema.org\",\"@graph\":[{\"@type\":\"WebPage\",\"@id\":\"https:\\\/\\\/degrados.es\\\/producto\\\/comprar-limoncello-online\\\/\",\"url\":\"https:\\\/\\\/degrados.es\\\/producto\\\/comprar-limoncello-online\\\/\",\"name\":\"Limoncello di Maria - Zitronenlik\u00f6r online kaufen - Degrados\",\"isPartOf\":{\"@id\":\"https:\\\/\\\/degrados.es\\\/#website\"},\"primaryImageOfPage\":{\"@id\":\"https:\\\/\\\/degrados.es\\\/producto\\\/comprar-limoncello-online\\\/#primaryimage\"},\"image\":{\"@id\":\"https:\\\/\\\/degrados.es\\\/producto\\\/comprar-limoncello-online\\\/#primaryimage\"},\"thumbnailUrl\":\"https:\\\/\\\/degrados.es\\\/wp-content\\\/uploads\\\/2022\\\/02\\\/Limoncello-di-maria_online.webp\",\"datePublished\":\"2022-02-25T11:34:22+00:00\",\"dateModified\":\"2023-12-19T12:02:19+00:00\",\"description\":\"Entdecken Sie Limoncello di Maria, einen echten italienischen Zitronenlik\u00f6r. Kaufen Sie Lik\u00f6re aus der ganzen Welt bei Licorer\u00eda Online. Degrados Shop.\",\"breadcrumb\":{\"@id\":\"https:\\\/\\\/degrados.es\\\/producto\\\/comprar-limoncello-online\\\/#breadcrumb\"},\"inLanguage\":\"de\",\"potentialAction\":[{\"@type\":\"ReadAction\",\"target\":[\"https:\\\/\\\/degrados.es\\\/producto\\\/comprar-limoncello-online\\\/\"]}]},{\"@type\":\"ImageObject\",\"inLanguage\":\"de\",\"@id\":\"https:\\\/\\\/degrados.es\\\/producto\\\/comprar-limoncello-online\\\/#primaryimage\",\"url\":\"https:\\\/\\\/degrados.es\\\/wp-content\\\/uploads\\\/2022\\\/02\\\/Limoncello-di-maria_online.webp\",\"contentUrl\":\"https:\\\/\\\/degrados.es\\\/wp-content\\\/uploads\\\/2022\\\/02\\\/Limoncello-di-maria_online.webp\",\"width\":300,\"height\":300,\"caption\":\"Italienischen Limocello online kaufen\"},{\"@type\":\"BreadcrumbList\",\"@id\":\"https:\\\/\\\/degrados.es\\\/producto\\\/comprar-limoncello-online\\\/#breadcrumb\",\"itemListElement\":[{\"@type\":\"ListItem\",\"position\":1,\"name\":\"Home\",\"item\":\"https:\\\/\\\/degrados.es\\\/de\\\/startseite\\\/\"},{\"@type\":\"ListItem\",\"position\":2,\"name\":\"Shop\",\"item\":\"https:\\\/\\\/degrados.es\\\/de\\\/?page_id=2821\"},{\"@type\":\"ListItem\",\"position\":3,\"name\":\"Limoncello di Maria 70 cl\"}]},{\"@type\":\"WebSite\",\"@id\":\"https:\\\/\\\/degrados.es\\\/#website\",\"url\":\"https:\\\/\\\/degrados.es\\\/\",\"name\":\"Degrados\",\"description\":\"Spirituosen online kaufen\",\"publisher\":{\"@id\":\"https:\\\/\\\/degrados.es\\\/#organization\"},\"alternateName\":\"Licorer\u00eda online\",\"potentialAction\":[{\"@type\":\"SearchAction\",\"target\":{\"@type\":\"EntryPoint\",\"urlTemplate\":\"https:\\\/\\\/degrados.es\\\/?s={search_term_string}\"},\"query-input\":{\"@type\":\"PropertyValueSpecification\",\"valueRequired\":true,\"valueName\":\"search_term_string\"}}],\"inLanguage\":\"de\"},{\"@type\":\"Organization\",\"@id\":\"https:\\\/\\\/degrados.es\\\/#organization\",\"name\":\"DeGrados\",\"url\":\"https:\\\/\\\/degrados.es\\\/\",\"logo\":{\"@type\":\"ImageObject\",\"inLanguage\":\"de\",\"@id\":\"https:\\\/\\\/degrados.es\\\/#\\\/schema\\\/logo\\\/image\\\/\",\"url\":\"https:\\\/\\\/degrados.es\\\/wp-content\\\/uploads\\\/2021\\\/02\\\/Logo-degrados.png\",\"contentUrl\":\"https:\\\/\\\/degrados.es\\\/wp-content\\\/uploads\\\/2021\\\/02\\\/Logo-degrados.png\",\"width\":350,\"height\":86,\"caption\":\"DeGrados\"},\"image\":{\"@id\":\"https:\\\/\\\/degrados.es\\\/#\\\/schema\\\/logo\\\/image\\\/\"}}]}<\/script>\n<meta property=\"product:price:amount\" content=\"15.80\" \/>\n<meta property=\"product:price:currency\" content=\"EUR\" \/>\n<meta property=\"og:availability\" content=\"instock\" \/>\n<meta property=\"product:availability\" content=\"instock\" \/>\n<meta property=\"product:retailer_item_id\" content=\"D1G40\" \/>\n<meta property=\"product:condition\" content=\"new\" \/>\n<!-- \/ Yoast SEO plugin. -->","yoast_head_json":{"title":"Limoncello di Maria - Zitronenlik\u00f6r online kaufen - Degrados","description":"Entdecken Sie Limoncello di Maria, einen echten italienischen Zitronenlik\u00f6r. Kaufen Sie Lik\u00f6re aus der ganzen Welt bei Licorer\u00eda Online. Degrados Shop.","robots":{"index":"index","follow":"follow","max-snippet":"max-snippet:-1","max-image-preview":"max-image-preview:large","max-video-preview":"max-video-preview:-1"},"canonical":"https:\/\/degrados.es\/producto\/comprar-limoncello-online\/","og_locale":"de_DE","og_type":"article","og_title":"Limoncello di Maria - Zitronenlik\u00f6r online kaufen - Degrados","og_description":"Entdecken Sie Limoncello di Maria, einen echten italienischen Zitronenlik\u00f6r. Kaufen Sie Lik\u00f6re aus der ganzen Welt bei Licorer\u00eda Online. Degrados Shop.","og_url":"https:\/\/degrados.es\/producto\/comprar-limoncello-online\/","og_site_name":"Online Spirituosengesch\u00e4ft","article_modified_time":"2023-12-19T12:02:19+00:00","og_image":[{"width":300,"height":300,"url":"https:\/\/degrados.es\/wp-content\/uploads\/2022\/02\/Limoncello-di-maria_online.webp","type":"image\/webp"}],"twitter_card":"summary_large_image","twitter_misc":{"Preis":"15,80&euro; IVA Incluido","Verf\u00fcgbarkeit":"Auf Lager"},"schema":{"@context":"https:\/\/schema.org","@graph":[{"@type":"WebPage","@id":"https:\/\/degrados.es\/producto\/comprar-limoncello-online\/","url":"https:\/\/degrados.es\/producto\/comprar-limoncello-online\/","name":"Limoncello di Maria - Zitronenlik\u00f6r online kaufen - Degrados","isPartOf":{"@id":"https:\/\/degrados.es\/#website"},"primaryImageOfPage":{"@id":"https:\/\/degrados.es\/producto\/comprar-limoncello-online\/#primaryimage"},"image":{"@id":"https:\/\/degrados.es\/producto\/comprar-limoncello-online\/#primaryimage"},"thumbnailUrl":"https:\/\/degrados.es\/wp-content\/uploads\/2022\/02\/Limoncello-di-maria_online.webp","datePublished":"2022-02-25T11:34:22+00:00","dateModified":"2023-12-19T12:02:19+00:00","description":"Entdecken Sie Limoncello di Maria, einen echten italienischen Zitronenlik\u00f6r. Kaufen Sie Lik\u00f6re aus der ganzen Welt bei Licorer\u00eda Online. Degrados Shop.","breadcrumb":{"@id":"https:\/\/degrados.es\/producto\/comprar-limoncello-online\/#breadcrumb"},"inLanguage":"de","potentialAction":[{"@type":"ReadAction","target":["https:\/\/degrados.es\/producto\/comprar-limoncello-online\/"]}]},{"@type":"ImageObject","inLanguage":"de","@id":"https:\/\/degrados.es\/producto\/comprar-limoncello-online\/#primaryimage","url":"https:\/\/degrados.es\/wp-content\/uploads\/2022\/02\/Limoncello-di-maria_online.webp","contentUrl":"https:\/\/degrados.es\/wp-content\/uploads\/2022\/02\/Limoncello-di-maria_online.webp","width":300,"height":300,"caption":"Italienischen Limocello online kaufen"},{"@type":"BreadcrumbList","@id":"https:\/\/degrados.es\/producto\/comprar-limoncello-online\/#breadcrumb","itemListElement":[{"@type":"ListItem","position":1,"name":"Home","item":"https:\/\/degrados.es\/de\/startseite\/"},{"@type":"ListItem","position":2,"name":"Shop","item":"https:\/\/degrados.es\/de\/?page_id=2821"},{"@type":"ListItem","position":3,"name":"Limoncello di Maria 70 cl"}]},{"@type":"WebSite","@id":"https:\/\/degrados.es\/#website","url":"https:\/\/degrados.es\/","name":"Degrados","description":"Spirituosen online kaufen","publisher":{"@id":"https:\/\/degrados.es\/#organization"},"alternateName":"Licorer\u00eda online","potentialAction":[{"@type":"SearchAction","target":{"@type":"EntryPoint","urlTemplate":"https:\/\/degrados.es\/?s={search_term_string}"},"query-input":{"@type":"PropertyValueSpecification","valueRequired":true,"valueName":"search_term_string"}}],"inLanguage":"de"},{"@type":"Organization","@id":"https:\/\/degrados.es\/#organization","name":"DeGrados","url":"https:\/\/degrados.es\/","logo":{"@type":"ImageObject","inLanguage":"de","@id":"https:\/\/degrados.es\/#\/schema\/logo\/image\/","url":"https:\/\/degrados.es\/wp-content\/uploads\/2021\/02\/Logo-degrados.png","contentUrl":"https:\/\/degrados.es\/wp-content\/uploads\/2021\/02\/Logo-degrados.png","width":350,"height":86,"caption":"DeGrados"},"image":{"@id":"https:\/\/degrados.es\/#\/schema\/logo\/image\/"}}]},"product_price_amount":"15.80","product_price_currency":"EUR","og_availability":"instock","product_availability":"instock","product_retailer_item_id":"D1G40","product_condition":"new"},"_links":{"self":[{"href":"https:\/\/degrados.es\/de\/wp-json\/wp\/v2\/product\/2728","targetHints":{"allow":["GET"]}}],"collection":[{"href":"https:\/\/degrados.es\/de\/wp-json\/wp\/v2\/product"}],"about":[{"href":"https:\/\/degrados.es\/de\/wp-json\/wp\/v2\/types\/product"}],"replies":[{"embeddable":true,"href":"https:\/\/degrados.es\/de\/wp-json\/wp\/v2\/comments?post=2728"}],"wp:featuredmedia":[{"embeddable":true,"href":"https:\/\/degrados.es\/de\/wp-json\/wp\/v2\/media\/2584"}],"wp:attachment":[{"href":"https:\/\/degrados.es\/de\/wp-json\/wp\/v2\/media?parent=2728"}],"wp:term":[{"taxonomy":"product_cat","embeddable":true,"href":"https:\/\/degrados.es\/de\/wp-json\/wp\/v2\/product_cat?post=2728"},{"taxonomy":"product_tag","embeddable":true,"href":"https:\/\/degrados.es\/de\/wp-json\/wp\/v2\/product_tag?post=2728"}],"curies":[{"name":"wp","href":"https:\/\/api.w.org\/{rel}","templated":true}]}}