{"id":2734,"date":"2023-04-23T12:12:32","date_gmt":"2023-04-23T10:12:32","guid":{"rendered":"https:\/\/degrados.es\/producto\/viognier-fruchtiger-weisswein\/"},"modified":"2023-12-19T13:02:21","modified_gmt":"2023-12-19T12:02:21","slug":"viognier-fruchtiger-weisswein","status":"publish","type":"product","link":"https:\/\/degrados.es\/de\/producto\/viognier-fruchtiger-weisswein\/","title":{"rendered":"Viognier &#8211; Fruchtiger Wei\u00dfwein"},"content":{"rendered":"<h2>Fruchtiger Wei\u00dfwein<\/h2>\n<p>100% Viognier-Wei\u00dfwein, mit frischen Aromen, die an tropische Fr\u00fcchte erinnern.<\/p>\n<h2>Alicante-Wei\u00dfwein<\/h2>\n<p>Er stammt aus kleinen Parzellen in den T\u00e4lern des Nordens von Alicante.<\/p>\n<p>Temperaturgesteuerte Produktion in Edelstahltanks.<\/p>\n","protected":false},"excerpt":{"rendered":"<p>100% Viognier-Wei\u00dfwein, mit frischen Aromen, die an tropische Fr\u00fcchte erinnern.<\/p>\n","protected":false},"featured_media":2695,"comment_status":"open","ping_status":"closed","template":"","meta":{"inline_featured_image":false},"product_cat":[103,910,953],"product_tag":[418,420,417,419],"class_list":{"0":"post-2734","1":"product","2":"type-product","3":"status-publish","4":"has-post-thumbnail","6":"product_cat-spanish-wine","7":"product_cat-wines","8":"product_cat-white-wines","9":"product_tag-alicante-wine","10":"product_tag-fruity-wine","11":"product_tag-valencian-wines","12":"product_tag-white-wine","14":"first","15":"outofstock","16":"sale","17":"taxable","18":"shipping-taxable","19":"purchasable","20":"product-type-simple"},"yoast_head":"<!-- This site is optimized with the Yoast SEO plugin v26.9 - https:\/\/yoast.com\/product\/yoast-seo-wordpress\/ -->\n<title>Viognier kaufen: fruchtiger Wei\u00dfwein aus Alicante - Liquorer\u00eda<\/title>\n<meta name=\"description\" content=\"Viognier-Wei\u00dfwein mit frischen Aromen, die an tropische Fr\u00fcchte erinnern, hergestellt in der Region Alicante. Weine aus Alicante online kaufen.\" \/>\n<meta name=\"robots\" content=\"index, follow, max-snippet:-1, max-image-preview:large, max-video-preview:-1\" \/>\n<link rel=\"canonical\" href=\"https:\/\/degrados.es\/de\/producto\/viognier-fruchtiger-weisswein\/\" \/>\n<meta property=\"og:locale\" content=\"de_DE\" \/>\n<meta property=\"og:type\" content=\"article\" \/>\n<meta property=\"og:title\" content=\"Viognier kaufen: fruchtiger Wei\u00dfwein aus Alicante - Liquorer\u00eda\" \/>\n<meta property=\"og:description\" content=\"Viognier-Wei\u00dfwein mit frischen Aromen, die an tropische Fr\u00fcchte erinnern, hergestellt in der Region Alicante. Weine aus Alicante online kaufen.\" \/>\n<meta property=\"og:url\" content=\"https:\/\/degrados.es\/de\/producto\/viognier-fruchtiger-weisswein\/\" \/>\n<meta property=\"og:site_name\" content=\"Online Spirituosengesch\u00e4ft\" \/>\n<meta property=\"article:modified_time\" content=\"2023-12-19T12:02:21+00:00\" \/>\n<meta property=\"og:image\" content=\"https:\/\/degrados.es\/wp-content\/uploads\/2023\/04\/Viognier-vino-frutal.webp\" \/>\n\t<meta property=\"og:image:width\" content=\"960\" \/>\n\t<meta property=\"og:image:height\" content=\"954\" \/>\n\t<meta property=\"og:image:type\" content=\"image\/webp\" \/>\n<meta name=\"twitter:card\" content=\"summary_large_image\" \/>\n<script type=\"application\/ld+json\" class=\"yoast-schema-graph\">{\"@context\":\"https:\/\/schema.org\",\"@graph\":[{\"@type\":\"WebPage\",\"@id\":\"https:\/\/degrados.es\/de\/producto\/viognier-fruchtiger-weisswein\/\",\"url\":\"https:\/\/degrados.es\/de\/producto\/viognier-fruchtiger-weisswein\/\",\"name\":\"Viognier kaufen: fruchtiger Wei\u00dfwein aus Alicante - Liquorer\u00eda\",\"isPartOf\":{\"@id\":\"https:\/\/degrados.es\/de\/#website\"},\"primaryImageOfPage\":{\"@id\":\"https:\/\/degrados.es\/de\/producto\/viognier-fruchtiger-weisswein\/#primaryimage\"},\"image\":{\"@id\":\"https:\/\/degrados.es\/de\/producto\/viognier-fruchtiger-weisswein\/#primaryimage\"},\"thumbnailUrl\":\"https:\/\/degrados.es\/wp-content\/uploads\/2023\/04\/Viognier-vino-frutal.webp\",\"datePublished\":\"2023-04-23T10:12:32+00:00\",\"dateModified\":\"2023-12-19T12:02:21+00:00\",\"description\":\"Viognier-Wei\u00dfwein mit frischen Aromen, die an tropische Fr\u00fcchte erinnern, hergestellt in der Region Alicante. Weine aus Alicante online kaufen.\",\"breadcrumb\":{\"@id\":\"https:\/\/degrados.es\/de\/producto\/viognier-fruchtiger-weisswein\/#breadcrumb\"},\"inLanguage\":\"de\",\"potentialAction\":[{\"@type\":\"ReadAction\",\"target\":[\"https:\/\/degrados.es\/de\/producto\/viognier-fruchtiger-weisswein\/\"]}]},{\"@type\":\"ImageObject\",\"inLanguage\":\"de\",\"@id\":\"https:\/\/degrados.es\/de\/producto\/viognier-fruchtiger-weisswein\/#primaryimage\",\"url\":\"https:\/\/degrados.es\/wp-content\/uploads\/2023\/04\/Viognier-vino-frutal.webp\",\"contentUrl\":\"https:\/\/degrados.es\/wp-content\/uploads\/2023\/04\/Viognier-vino-frutal.webp\",\"width\":960,\"height\":954,\"caption\":\"Alicante-Wein\"},{\"@type\":\"BreadcrumbList\",\"@id\":\"https:\/\/degrados.es\/de\/producto\/viognier-fruchtiger-weisswein\/#breadcrumb\",\"itemListElement\":[{\"@type\":\"ListItem\",\"position\":1,\"name\":\"Home\",\"item\":\"https:\/\/degrados.es\/de\/startseite\/\"},{\"@type\":\"ListItem\",\"position\":2,\"name\":\"Shop\",\"item\":\"https:\/\/degrados.es\/de\/?page_id=2821\"},{\"@type\":\"ListItem\",\"position\":3,\"name\":\"Viognier &#8211; Fruchtiger Wei\u00dfwein\"}]},{\"@type\":\"WebSite\",\"@id\":\"https:\/\/degrados.es\/de\/#website\",\"url\":\"https:\/\/degrados.es\/de\/\",\"name\":\"Online Spirituosengesch\u00e4ft\",\"description\":\"Spirituosen online kaufen\",\"publisher\":{\"@id\":\"https:\/\/degrados.es\/de\/#organization\"},\"potentialAction\":[{\"@type\":\"SearchAction\",\"target\":{\"@type\":\"EntryPoint\",\"urlTemplate\":\"https:\/\/degrados.es\/de\/?s={search_term_string}\"},\"query-input\":{\"@type\":\"PropertyValueSpecification\",\"valueRequired\":true,\"valueName\":\"search_term_string\"}}],\"inLanguage\":\"de\"},{\"@type\":\"Organization\",\"@id\":\"https:\/\/degrados.es\/de\/#organization\",\"name\":\"DeGrados\",\"url\":\"https:\/\/degrados.es\/de\/\",\"logo\":{\"@type\":\"ImageObject\",\"inLanguage\":\"de\",\"@id\":\"https:\/\/degrados.es\/de\/#\/schema\/logo\/image\/\",\"url\":\"https:\/\/degrados.es\/wp-content\/uploads\/2021\/02\/Logo-degrados.png\",\"contentUrl\":\"https:\/\/degrados.es\/wp-content\/uploads\/2021\/02\/Logo-degrados.png\",\"width\":350,\"height\":86,\"caption\":\"DeGrados\"},\"image\":{\"@id\":\"https:\/\/degrados.es\/de\/#\/schema\/logo\/image\/\"}}]}<\/script>\n<!-- \/ Yoast SEO plugin. -->","yoast_head_json":{"title":"Viognier kaufen: fruchtiger Wei\u00dfwein aus Alicante - Liquorer\u00eda","description":"Viognier-Wei\u00dfwein mit frischen Aromen, die an tropische Fr\u00fcchte erinnern, hergestellt in der Region Alicante. Weine aus Alicante online kaufen.","robots":{"index":"index","follow":"follow","max-snippet":"max-snippet:-1","max-image-preview":"max-image-preview:large","max-video-preview":"max-video-preview:-1"},"canonical":"https:\/\/degrados.es\/de\/producto\/viognier-fruchtiger-weisswein\/","og_locale":"de_DE","og_type":"article","og_title":"Viognier kaufen: fruchtiger Wei\u00dfwein aus Alicante - Liquorer\u00eda","og_description":"Viognier-Wei\u00dfwein mit frischen Aromen, die an tropische Fr\u00fcchte erinnern, hergestellt in der Region Alicante. Weine aus Alicante online kaufen.","og_url":"https:\/\/degrados.es\/de\/producto\/viognier-fruchtiger-weisswein\/","og_site_name":"Online Spirituosengesch\u00e4ft","article_modified_time":"2023-12-19T12:02:21+00:00","og_image":[{"width":960,"height":954,"url":"https:\/\/degrados.es\/wp-content\/uploads\/2023\/04\/Viognier-vino-frutal.webp","type":"image\/webp"}],"twitter_card":"summary_large_image","schema":{"@context":"https:\/\/schema.org","@graph":[{"@type":"WebPage","@id":"https:\/\/degrados.es\/de\/producto\/viognier-fruchtiger-weisswein\/","url":"https:\/\/degrados.es\/de\/producto\/viognier-fruchtiger-weisswein\/","name":"Viognier kaufen: fruchtiger Wei\u00dfwein aus Alicante - Liquorer\u00eda","isPartOf":{"@id":"https:\/\/degrados.es\/de\/#website"},"primaryImageOfPage":{"@id":"https:\/\/degrados.es\/de\/producto\/viognier-fruchtiger-weisswein\/#primaryimage"},"image":{"@id":"https:\/\/degrados.es\/de\/producto\/viognier-fruchtiger-weisswein\/#primaryimage"},"thumbnailUrl":"https:\/\/degrados.es\/wp-content\/uploads\/2023\/04\/Viognier-vino-frutal.webp","datePublished":"2023-04-23T10:12:32+00:00","dateModified":"2023-12-19T12:02:21+00:00","description":"Viognier-Wei\u00dfwein mit frischen Aromen, die an tropische Fr\u00fcchte erinnern, hergestellt in der Region Alicante. Weine aus Alicante online kaufen.","breadcrumb":{"@id":"https:\/\/degrados.es\/de\/producto\/viognier-fruchtiger-weisswein\/#breadcrumb"},"inLanguage":"de","potentialAction":[{"@type":"ReadAction","target":["https:\/\/degrados.es\/de\/producto\/viognier-fruchtiger-weisswein\/"]}]},{"@type":"ImageObject","inLanguage":"de","@id":"https:\/\/degrados.es\/de\/producto\/viognier-fruchtiger-weisswein\/#primaryimage","url":"https:\/\/degrados.es\/wp-content\/uploads\/2023\/04\/Viognier-vino-frutal.webp","contentUrl":"https:\/\/degrados.es\/wp-content\/uploads\/2023\/04\/Viognier-vino-frutal.webp","width":960,"height":954,"caption":"Alicante-Wein"},{"@type":"BreadcrumbList","@id":"https:\/\/degrados.es\/de\/producto\/viognier-fruchtiger-weisswein\/#breadcrumb","itemListElement":[{"@type":"ListItem","position":1,"name":"Home","item":"https:\/\/degrados.es\/de\/startseite\/"},{"@type":"ListItem","position":2,"name":"Shop","item":"https:\/\/degrados.es\/de\/?page_id=2821"},{"@type":"ListItem","position":3,"name":"Viognier &#8211; Fruchtiger Wei\u00dfwein"}]},{"@type":"WebSite","@id":"https:\/\/degrados.es\/de\/#website","url":"https:\/\/degrados.es\/de\/","name":"Online Spirituosengesch\u00e4ft","description":"Spirituosen online kaufen","publisher":{"@id":"https:\/\/degrados.es\/de\/#organization"},"potentialAction":[{"@type":"SearchAction","target":{"@type":"EntryPoint","urlTemplate":"https:\/\/degrados.es\/de\/?s={search_term_string}"},"query-input":{"@type":"PropertyValueSpecification","valueRequired":true,"valueName":"search_term_string"}}],"inLanguage":"de"},{"@type":"Organization","@id":"https:\/\/degrados.es\/de\/#organization","name":"DeGrados","url":"https:\/\/degrados.es\/de\/","logo":{"@type":"ImageObject","inLanguage":"de","@id":"https:\/\/degrados.es\/de\/#\/schema\/logo\/image\/","url":"https:\/\/degrados.es\/wp-content\/uploads\/2021\/02\/Logo-degrados.png","contentUrl":"https:\/\/degrados.es\/wp-content\/uploads\/2021\/02\/Logo-degrados.png","width":350,"height":86,"caption":"DeGrados"},"image":{"@id":"https:\/\/degrados.es\/de\/#\/schema\/logo\/image\/"}}]}},"_links":{"self":[{"href":"https:\/\/degrados.es\/de\/wp-json\/wp\/v2\/product\/2734","targetHints":{"allow":["GET"]}}],"collection":[{"href":"https:\/\/degrados.es\/de\/wp-json\/wp\/v2\/product"}],"about":[{"href":"https:\/\/degrados.es\/de\/wp-json\/wp\/v2\/types\/product"}],"replies":[{"embeddable":true,"href":"https:\/\/degrados.es\/de\/wp-json\/wp\/v2\/comments?post=2734"}],"wp:featuredmedia":[{"embeddable":true,"href":"https:\/\/degrados.es\/de\/wp-json\/wp\/v2\/media\/2695"}],"wp:attachment":[{"href":"https:\/\/degrados.es\/de\/wp-json\/wp\/v2\/media?parent=2734"}],"wp:term":[{"taxonomy":"product_cat","embeddable":true,"href":"https:\/\/degrados.es\/de\/wp-json\/wp\/v2\/product_cat?post=2734"},{"taxonomy":"product_tag","embeddable":true,"href":"https:\/\/degrados.es\/de\/wp-json\/wp\/v2\/product_tag?post=2734"}],"curies":[{"name":"wp","href":"https:\/\/api.w.org\/{rel}","templated":true}]}}