{"id":2735,"date":"2022-02-25T13:19:15","date_gmt":"2022-02-25T12:19:15","guid":{"rendered":"https:\/\/degrados.es\/producto\/likoer-cantueso\/"},"modified":"2023-12-19T13:02:21","modified_gmt":"2023-12-19T12:02:21","slug":"likoer-cantueso","status":"publish","type":"product","link":"https:\/\/degrados.es\/de\/producto\/likoer-cantueso\/","title":{"rendered":"Lik\u00f6r Cantueso"},"content":{"rendered":"<p style=\"text-align: left;\" align=\"center\">Der genaue Ursprung des Lavendels ist nicht bekannt, aber er k\u00f6nnte auf die arabischen Alchemisten zur\u00fcckgehen, die sich eingehend mit der Gewinnung nat\u00fcrlicher Aromastoffe befassten. Sp\u00e4ter, Mitte des 19. Jahrhunderts, wurde durch Destillation von St\u00e4ngel und Bl\u00fcte der Lavendelpflanze in kupfernen Destillierapparaten ein Lik\u00f6r hergestellt, der zur Reifung in Eichenf\u00e4sser gef\u00fcllt wurde.<\/p>\n<p style=\"text-align: left;\" align=\"center\">Unser Cantueso Serpis wird vom Consejo Regulador de las Bebidas Espirituosas Tradicionales de Alicante unter der Bezeichnung Cantueso Alicantino anerkannt. Er wird durch Destillation und Mazeration der Bl\u00fcte und des St\u00e4ngels der Cantueso-Pflanze in neutralem Alkohol landwirtschaftlichen Ursprungs gewonnen, hat einen Alkoholgehalt von 30 % vol, einen Mindestzuckergehalt von 100 g\/l, ausgedr\u00fcckt als Invertzucker, und eine dunkle, transparente Farbe.<\/p>\n<p style=\"text-align: left;\" align=\"center\">Der Cantueso oder &#8222;Thymus moroderi&#8220;, der f\u00fcr die Herstellung des Cantueso Serpis verwendet wird, stammt aus den Bergen von Alicante und w\u00e4chst in den trockensten Gebieten der Thymianhaine auf salzhaltigen B\u00f6den, insbesondere auf Calciumsulfat und Natriumchlorid. Sie wird zur Zeit der gr\u00f6\u00dften Bl\u00fcte, im Mai und Juni, geerntet und so beschnitten, dass die Bl\u00fcten und ihre St\u00e4ngel, nicht aber die holzigen Teile, gesammelt werden.<\/p>\n<p style=\"text-align: left;\" align=\"center\">Anschlie\u00dfend wird es gewaschen, bei wenig Licht an der Luft getrocknet und bis zur Verwendung k\u00fchl, trocken und lichtarm gelagert.<\/p>\n<p style=\"text-align: left;\" align=\"center\">All dies verleiht dem Cantueso Serpis jenen charakteristischen Geschmack, der f\u00fcr die Destillation des Cantueso typisch ist, samtig und gleichzeitig warm, mit einem sehr ausgepr\u00e4gten wilden Aroma, typisch f\u00fcr die Bl\u00fcte des Cantueso, der in einem kleinen Glas bei einer Temperatur von 2\u00ba bis 4\u00ba serviert wird.<\/p>\n","protected":false},"excerpt":{"rendered":"<p>Der genaue Ursprung des Lavendels ist nicht bekannt, aber er k\u00f6nnte auf die arabischen Alchemisten zur\u00fcckgehen, die sich eingehend mit der Gewinnung nat\u00fcrlicher Aromastoffe befassten. Sp\u00e4ter, Mitte des 19. Jahrhunderts, wurde durch Destillation von St\u00e4ngel und Bl\u00fcte der Lavendelpflanze in kupfernen Destillierapparaten ein Lik\u00f6r hergestellt, der zur Reifung in Eichenf\u00e4sser gef\u00fcllt wurde. Anschlie\u00dfend wird es gewaschen, bei wenig Licht an der Luft getrocknet und bis zur Verwendung k\u00fchl, trocken und lichtarm gelagert.<\/p>\n","protected":false},"featured_media":2568,"comment_status":"open","ping_status":"closed","template":"","meta":{"inline_featured_image":false},"product_cat":[933,530],"product_tag":[553,554,531],"class_list":{"0":"post-2735","1":"product","2":"type-product","3":"status-publish","4":"has-post-thumbnail","6":"product_cat-andere-spirituosen","7":"product_cat-spirituosen","8":"product_tag-cantueso-de","9":"product_tag-serpis-de","10":"product_tag-spirituosen","12":"first","13":"instock","14":"sale","15":"taxable","16":"shipping-taxable","17":"purchasable","18":"product-type-simple"},"yoast_head":"<!-- This site is optimized with the Yoast SEO plugin v27.4 - https:\/\/yoast.com\/product\/yoast-seo-wordpress\/ -->\n<title>Lik\u00f6r Cantueso Serpis kaufen - Licoreria Online Degrados<\/title>\n<meta name=\"description\" content=\"Entdecken Sie den Cantueso-Lik\u00f6r mit seinem wilden Geschmack und Aroma. Kaufen Liquor Cantueso Serpis in Licorer\u00eda Online Degrados.\" \/>\n<meta name=\"robots\" content=\"index, follow, max-snippet:-1, max-image-preview:large, max-video-preview:-1\" \/>\n<link rel=\"canonical\" href=\"https:\/\/degrados.es\/producto\/comprar-licor-cantueso\/\" \/>\n<meta property=\"og:locale\" content=\"de_DE\" \/>\n<meta property=\"og:type\" content=\"article\" \/>\n<meta property=\"og:title\" content=\"Lik\u00f6r Cantueso Serpis kaufen - Licoreria Online Degrados\" \/>\n<meta property=\"og:description\" content=\"Entdecken Sie den Cantueso-Lik\u00f6r mit seinem wilden Geschmack und Aroma. Kaufen Liquor Cantueso Serpis in Licorer\u00eda Online Degrados.\" \/>\n<meta property=\"og:url\" content=\"https:\/\/degrados.es\/producto\/comprar-licor-cantueso\/\" \/>\n<meta property=\"og:site_name\" content=\"Online Spirituosengesch\u00e4ft\" \/>\n<meta property=\"article:modified_time\" content=\"2023-12-19T12:02:21+00:00\" \/>\n<meta property=\"og:image\" content=\"https:\/\/degrados.es\/wp-content\/uploads\/2022\/02\/Herbero-cantueso-100cl.webp\" \/>\n\t<meta property=\"og:image:width\" content=\"430\" \/>\n\t<meta property=\"og:image:height\" content=\"430\" \/>\n\t<meta property=\"og:image:type\" content=\"image\/webp\" \/>\n<meta name=\"twitter:card\" content=\"summary_large_image\" \/>\n<meta name=\"twitter:label1\" content=\"Preis\" \/>\n\t<meta name=\"twitter:data1\" content=\"11,29&euro; IVA Incluido\" \/>\n\t<meta name=\"twitter:label2\" content=\"Verf\u00fcgbarkeit\" \/>\n\t<meta name=\"twitter:data2\" content=\"Auf Lager\" \/>\n<script type=\"application\/ld+json\" class=\"yoast-schema-graph\">{\"@context\":\"https:\\\/\\\/schema.org\",\"@graph\":[{\"@type\":\"WebPage\",\"@id\":\"https:\\\/\\\/degrados.es\\\/producto\\\/comprar-licor-cantueso\\\/\",\"url\":\"https:\\\/\\\/degrados.es\\\/producto\\\/comprar-licor-cantueso\\\/\",\"name\":\"Lik\u00f6r Cantueso Serpis kaufen - Licoreria Online Degrados\",\"isPartOf\":{\"@id\":\"https:\\\/\\\/degrados.es\\\/#website\"},\"primaryImageOfPage\":{\"@id\":\"https:\\\/\\\/degrados.es\\\/producto\\\/comprar-licor-cantueso\\\/#primaryimage\"},\"image\":{\"@id\":\"https:\\\/\\\/degrados.es\\\/producto\\\/comprar-licor-cantueso\\\/#primaryimage\"},\"thumbnailUrl\":\"https:\\\/\\\/degrados.es\\\/wp-content\\\/uploads\\\/2022\\\/02\\\/Herbero-cantueso-100cl.webp\",\"datePublished\":\"2022-02-25T12:19:15+00:00\",\"dateModified\":\"2023-12-19T12:02:21+00:00\",\"description\":\"Entdecken Sie den Cantueso-Lik\u00f6r mit seinem wilden Geschmack und Aroma. Kaufen Liquor Cantueso Serpis in Licorer\u00eda Online Degrados.\",\"breadcrumb\":{\"@id\":\"https:\\\/\\\/degrados.es\\\/producto\\\/comprar-licor-cantueso\\\/#breadcrumb\"},\"inLanguage\":\"de\",\"potentialAction\":[{\"@type\":\"ReadAction\",\"target\":[\"https:\\\/\\\/degrados.es\\\/producto\\\/comprar-licor-cantueso\\\/\"]}]},{\"@type\":\"ImageObject\",\"inLanguage\":\"de\",\"@id\":\"https:\\\/\\\/degrados.es\\\/producto\\\/comprar-licor-cantueso\\\/#primaryimage\",\"url\":\"https:\\\/\\\/degrados.es\\\/wp-content\\\/uploads\\\/2022\\\/02\\\/Herbero-cantueso-100cl.webp\",\"contentUrl\":\"https:\\\/\\\/degrados.es\\\/wp-content\\\/uploads\\\/2022\\\/02\\\/Herbero-cantueso-100cl.webp\",\"width\":430,\"height\":430,\"caption\":\"Cantueso kaufen\"},{\"@type\":\"BreadcrumbList\",\"@id\":\"https:\\\/\\\/degrados.es\\\/producto\\\/comprar-licor-cantueso\\\/#breadcrumb\",\"itemListElement\":[{\"@type\":\"ListItem\",\"position\":1,\"name\":\"Home\",\"item\":\"https:\\\/\\\/degrados.es\\\/de\\\/startseite\\\/\"},{\"@type\":\"ListItem\",\"position\":2,\"name\":\"Shop\",\"item\":\"https:\\\/\\\/degrados.es\\\/de\\\/?page_id=2821\"},{\"@type\":\"ListItem\",\"position\":3,\"name\":\"Lik\u00f6r Cantueso\"}]},{\"@type\":\"WebSite\",\"@id\":\"https:\\\/\\\/degrados.es\\\/#website\",\"url\":\"https:\\\/\\\/degrados.es\\\/\",\"name\":\"Degrados\",\"description\":\"Spirituosen online kaufen\",\"publisher\":{\"@id\":\"https:\\\/\\\/degrados.es\\\/#organization\"},\"alternateName\":\"Licorer\u00eda online\",\"potentialAction\":[{\"@type\":\"SearchAction\",\"target\":{\"@type\":\"EntryPoint\",\"urlTemplate\":\"https:\\\/\\\/degrados.es\\\/?s={search_term_string}\"},\"query-input\":{\"@type\":\"PropertyValueSpecification\",\"valueRequired\":true,\"valueName\":\"search_term_string\"}}],\"inLanguage\":\"de\"},{\"@type\":\"Organization\",\"@id\":\"https:\\\/\\\/degrados.es\\\/#organization\",\"name\":\"DeGrados\",\"url\":\"https:\\\/\\\/degrados.es\\\/\",\"logo\":{\"@type\":\"ImageObject\",\"inLanguage\":\"de\",\"@id\":\"https:\\\/\\\/degrados.es\\\/#\\\/schema\\\/logo\\\/image\\\/\",\"url\":\"https:\\\/\\\/degrados.es\\\/wp-content\\\/uploads\\\/2021\\\/02\\\/Logo-degrados.png\",\"contentUrl\":\"https:\\\/\\\/degrados.es\\\/wp-content\\\/uploads\\\/2021\\\/02\\\/Logo-degrados.png\",\"width\":350,\"height\":86,\"caption\":\"DeGrados\"},\"image\":{\"@id\":\"https:\\\/\\\/degrados.es\\\/#\\\/schema\\\/logo\\\/image\\\/\"}}]}<\/script>\n<meta property=\"product:price:amount\" content=\"11.29\" \/>\n<meta property=\"product:price:currency\" content=\"EUR\" \/>\n<meta property=\"og:availability\" content=\"instock\" \/>\n<meta property=\"product:availability\" content=\"instock\" \/>\n<meta property=\"product:retailer_item_id\" content=\"D1G49\" \/>\n<meta property=\"product:condition\" content=\"new\" \/>\n<!-- \/ Yoast SEO plugin. -->","yoast_head_json":{"title":"Lik\u00f6r Cantueso Serpis kaufen - Licoreria Online Degrados","description":"Entdecken Sie den Cantueso-Lik\u00f6r mit seinem wilden Geschmack und Aroma. Kaufen Liquor Cantueso Serpis in Licorer\u00eda Online Degrados.","robots":{"index":"index","follow":"follow","max-snippet":"max-snippet:-1","max-image-preview":"max-image-preview:large","max-video-preview":"max-video-preview:-1"},"canonical":"https:\/\/degrados.es\/producto\/comprar-licor-cantueso\/","og_locale":"de_DE","og_type":"article","og_title":"Lik\u00f6r Cantueso Serpis kaufen - Licoreria Online Degrados","og_description":"Entdecken Sie den Cantueso-Lik\u00f6r mit seinem wilden Geschmack und Aroma. Kaufen Liquor Cantueso Serpis in Licorer\u00eda Online Degrados.","og_url":"https:\/\/degrados.es\/producto\/comprar-licor-cantueso\/","og_site_name":"Online Spirituosengesch\u00e4ft","article_modified_time":"2023-12-19T12:02:21+00:00","og_image":[{"width":430,"height":430,"url":"https:\/\/degrados.es\/wp-content\/uploads\/2022\/02\/Herbero-cantueso-100cl.webp","type":"image\/webp"}],"twitter_card":"summary_large_image","twitter_misc":{"Preis":"11,29&euro; IVA Incluido","Verf\u00fcgbarkeit":"Auf Lager"},"schema":{"@context":"https:\/\/schema.org","@graph":[{"@type":"WebPage","@id":"https:\/\/degrados.es\/producto\/comprar-licor-cantueso\/","url":"https:\/\/degrados.es\/producto\/comprar-licor-cantueso\/","name":"Lik\u00f6r Cantueso Serpis kaufen - Licoreria Online Degrados","isPartOf":{"@id":"https:\/\/degrados.es\/#website"},"primaryImageOfPage":{"@id":"https:\/\/degrados.es\/producto\/comprar-licor-cantueso\/#primaryimage"},"image":{"@id":"https:\/\/degrados.es\/producto\/comprar-licor-cantueso\/#primaryimage"},"thumbnailUrl":"https:\/\/degrados.es\/wp-content\/uploads\/2022\/02\/Herbero-cantueso-100cl.webp","datePublished":"2022-02-25T12:19:15+00:00","dateModified":"2023-12-19T12:02:21+00:00","description":"Entdecken Sie den Cantueso-Lik\u00f6r mit seinem wilden Geschmack und Aroma. Kaufen Liquor Cantueso Serpis in Licorer\u00eda Online Degrados.","breadcrumb":{"@id":"https:\/\/degrados.es\/producto\/comprar-licor-cantueso\/#breadcrumb"},"inLanguage":"de","potentialAction":[{"@type":"ReadAction","target":["https:\/\/degrados.es\/producto\/comprar-licor-cantueso\/"]}]},{"@type":"ImageObject","inLanguage":"de","@id":"https:\/\/degrados.es\/producto\/comprar-licor-cantueso\/#primaryimage","url":"https:\/\/degrados.es\/wp-content\/uploads\/2022\/02\/Herbero-cantueso-100cl.webp","contentUrl":"https:\/\/degrados.es\/wp-content\/uploads\/2022\/02\/Herbero-cantueso-100cl.webp","width":430,"height":430,"caption":"Cantueso kaufen"},{"@type":"BreadcrumbList","@id":"https:\/\/degrados.es\/producto\/comprar-licor-cantueso\/#breadcrumb","itemListElement":[{"@type":"ListItem","position":1,"name":"Home","item":"https:\/\/degrados.es\/de\/startseite\/"},{"@type":"ListItem","position":2,"name":"Shop","item":"https:\/\/degrados.es\/de\/?page_id=2821"},{"@type":"ListItem","position":3,"name":"Lik\u00f6r Cantueso"}]},{"@type":"WebSite","@id":"https:\/\/degrados.es\/#website","url":"https:\/\/degrados.es\/","name":"Degrados","description":"Spirituosen online kaufen","publisher":{"@id":"https:\/\/degrados.es\/#organization"},"alternateName":"Licorer\u00eda online","potentialAction":[{"@type":"SearchAction","target":{"@type":"EntryPoint","urlTemplate":"https:\/\/degrados.es\/?s={search_term_string}"},"query-input":{"@type":"PropertyValueSpecification","valueRequired":true,"valueName":"search_term_string"}}],"inLanguage":"de"},{"@type":"Organization","@id":"https:\/\/degrados.es\/#organization","name":"DeGrados","url":"https:\/\/degrados.es\/","logo":{"@type":"ImageObject","inLanguage":"de","@id":"https:\/\/degrados.es\/#\/schema\/logo\/image\/","url":"https:\/\/degrados.es\/wp-content\/uploads\/2021\/02\/Logo-degrados.png","contentUrl":"https:\/\/degrados.es\/wp-content\/uploads\/2021\/02\/Logo-degrados.png","width":350,"height":86,"caption":"DeGrados"},"image":{"@id":"https:\/\/degrados.es\/#\/schema\/logo\/image\/"}}]},"product_price_amount":"11.29","product_price_currency":"EUR","og_availability":"instock","product_availability":"instock","product_retailer_item_id":"D1G49","product_condition":"new"},"_links":{"self":[{"href":"https:\/\/degrados.es\/de\/wp-json\/wp\/v2\/product\/2735","targetHints":{"allow":["GET"]}}],"collection":[{"href":"https:\/\/degrados.es\/de\/wp-json\/wp\/v2\/product"}],"about":[{"href":"https:\/\/degrados.es\/de\/wp-json\/wp\/v2\/types\/product"}],"replies":[{"embeddable":true,"href":"https:\/\/degrados.es\/de\/wp-json\/wp\/v2\/comments?post=2735"}],"wp:featuredmedia":[{"embeddable":true,"href":"https:\/\/degrados.es\/de\/wp-json\/wp\/v2\/media\/2568"}],"wp:attachment":[{"href":"https:\/\/degrados.es\/de\/wp-json\/wp\/v2\/media?parent=2735"}],"wp:term":[{"taxonomy":"product_cat","embeddable":true,"href":"https:\/\/degrados.es\/de\/wp-json\/wp\/v2\/product_cat?post=2735"},{"taxonomy":"product_tag","embeddable":true,"href":"https:\/\/degrados.es\/de\/wp-json\/wp\/v2\/product_tag?post=2735"}],"curies":[{"name":"wp","href":"https:\/\/api.w.org\/{rel}","templated":true}]}}