{"id":2739,"date":"2022-02-25T12:50:15","date_gmt":"2022-02-25T11:50:15","guid":{"rendered":"https:\/\/degrados.es\/producto\/grenadine-sirup\/"},"modified":"2023-12-19T13:02:22","modified_gmt":"2023-12-19T12:02:22","slug":"grenadine-sirup","status":"publish","type":"product","link":"https:\/\/degrados.es\/de\/producto\/grenadine-sirup\/","title":{"rendered":"Grenadine-Sirup"},"content":{"rendered":"<p style=\"text-align: left;\" align=\"center\">Die traditionellen Aromen von Cocktails, erneuert und aus bestem Rohrzucker hergestellt, bilden unseren Grenadinesirup.<\/p>\n<p style=\"text-align: left;\" align=\"center\">Es ist so einfach, wie ein Teil Grenadine-Sirup mit drei Teilen sehr kaltem Wasser zu verd\u00fcnnen, oder wenn Sie es mit Kohlens\u00e4ure bevorzugen, mit Soda oder kohlens\u00e4urehaltigen Getr\u00e4nken.<\/p>\n<p style=\"text-align: left;\" align=\"center\">In der Welt der Cocktails spielt er eine wichtige Rolle, denn er verleiht vielen Cocktails die charakteristische rote Farbe, das exquisite und charakteristische Aroma und den s\u00fc\u00dfen Geschmack. Ein Beispiel f\u00fcr die ber\u00fchmtesten alkoholfreien Cocktails ist der San Francisco, der mit Zitronensaft, Ananassaft, Orangensaft und Grenadinesirup zubereitet wird.<\/p>\n<p style=\"text-align: left;\" align=\"center\">Der k\u00f6stliche s\u00fc\u00dfe Geschmack von Grenadine-Sirup erm\u00f6glicht au\u00dferdem die Verwendung in einer Vielzahl von kulinarischen Rezepten sowie in verschiedenen Desserts oder als Beilage zu Eis und Geb\u00e4ck.<\/p>\n","protected":false},"excerpt":{"rendered":"<p>Die traditionellen Geschmacksrichtungen von Cocktails erneuert und aus bestem Rohrzucker hergestellt.<\/p>\n","protected":false},"featured_media":2607,"comment_status":"open","ping_status":"closed","template":"","meta":{"inline_featured_image":false},"product_cat":[536],"product_tag":[544,558,539],"class_list":{"0":"post-2739","1":"product","2":"type-product","3":"status-publish","4":"has-post-thumbnail","6":"product_cat-sirupe","7":"product_tag-aromatisierter-sirup","8":"product_tag-grenadine-sirup","9":"product_tag-sirup","11":"first","12":"instock","13":"sale","14":"taxable","15":"shipping-taxable","16":"purchasable","17":"product-type-simple"},"yoast_head":"<!-- This site is optimized with the Yoast SEO plugin v27.4 - https:\/\/yoast.com\/product\/yoast-seo-wordpress\/ -->\n<title>Grenadine Sirup kaufen - Licorer\u00eda Online Degrados<\/title>\n<meta name=\"description\" content=\"Entdecken Sie den Grenadinesirup, der beim S\u00fc\u00dfen einen Hauch von Grenadine-Geschmack und Farbe verleiht. Degrados Online Spirituosengesch\u00e4ft.\" \/>\n<meta name=\"robots\" content=\"index, follow, max-snippet:-1, max-image-preview:large, max-video-preview:-1\" \/>\n<link rel=\"canonical\" href=\"https:\/\/degrados.es\/de\/?post_type=product&p=2739\" \/>\n<meta property=\"og:locale\" content=\"de_DE\" \/>\n<meta property=\"og:type\" content=\"article\" \/>\n<meta property=\"og:title\" content=\"Grenadine Sirup kaufen - Licorer\u00eda Online Degrados\" \/>\n<meta property=\"og:description\" content=\"Entdecken Sie den Grenadinesirup, der beim S\u00fc\u00dfen einen Hauch von Grenadine-Geschmack und Farbe verleiht. Degrados Online Spirituosengesch\u00e4ft.\" \/>\n<meta property=\"og:url\" content=\"https:\/\/degrados.es\/de\/?post_type=product&amp;p=2739\" \/>\n<meta property=\"og:site_name\" content=\"Online Spirituosengesch\u00e4ft\" \/>\n<meta property=\"article:modified_time\" content=\"2023-12-19T12:02:22+00:00\" \/>\n<meta property=\"og:image\" content=\"https:\/\/degrados.es\/wp-content\/uploads\/2022\/02\/jarabe-de-granadina-acoplado-960x480-1.webp\" \/>\n\t<meta property=\"og:image:width\" content=\"960\" \/>\n\t<meta property=\"og:image:height\" content=\"480\" \/>\n\t<meta property=\"og:image:type\" content=\"image\/webp\" \/>\n<meta name=\"twitter:card\" content=\"summary_large_image\" \/>\n<meta name=\"twitter:label1\" content=\"Preis\" \/>\n\t<meta name=\"twitter:data1\" content=\"6,16&euro; IVA Incluido\" \/>\n\t<meta name=\"twitter:label2\" content=\"Verf\u00fcgbarkeit\" \/>\n\t<meta name=\"twitter:data2\" content=\"Auf Lager\" \/>\n<script type=\"application\/ld+json\" class=\"yoast-schema-graph\">{\"@context\":\"https:\\\/\\\/schema.org\",\"@graph\":[{\"@type\":\"WebPage\",\"@id\":\"https:\\\/\\\/degrados.es\\\/de\\\/?post_type=product&p=2739\",\"url\":\"https:\\\/\\\/degrados.es\\\/de\\\/?post_type=product&p=2739\",\"name\":\"Grenadine Sirup kaufen - Licorer\u00eda Online Degrados\",\"isPartOf\":{\"@id\":\"https:\\\/\\\/degrados.es\\\/#website\"},\"primaryImageOfPage\":{\"@id\":\"https:\\\/\\\/degrados.es\\\/de\\\/?post_type=product&p=2739#primaryimage\"},\"image\":{\"@id\":\"https:\\\/\\\/degrados.es\\\/de\\\/?post_type=product&p=2739#primaryimage\"},\"thumbnailUrl\":\"https:\\\/\\\/degrados.es\\\/wp-content\\\/uploads\\\/2022\\\/02\\\/jarabe-de-granadina-acoplado-960x480-1.webp\",\"datePublished\":\"2022-02-25T11:50:15+00:00\",\"dateModified\":\"2023-12-19T12:02:22+00:00\",\"description\":\"Entdecken Sie den Grenadinesirup, der beim S\u00fc\u00dfen einen Hauch von Grenadine-Geschmack und Farbe verleiht. Degrados Online Spirituosengesch\u00e4ft.\",\"breadcrumb\":{\"@id\":\"https:\\\/\\\/degrados.es\\\/de\\\/?post_type=product&p=2739#breadcrumb\"},\"inLanguage\":\"de\",\"potentialAction\":[{\"@type\":\"ReadAction\",\"target\":[\"https:\\\/\\\/degrados.es\\\/de\\\/?post_type=product&p=2739\"]}]},{\"@type\":\"ImageObject\",\"inLanguage\":\"de\",\"@id\":\"https:\\\/\\\/degrados.es\\\/de\\\/?post_type=product&p=2739#primaryimage\",\"url\":\"https:\\\/\\\/degrados.es\\\/wp-content\\\/uploads\\\/2022\\\/02\\\/jarabe-de-granadina-acoplado-960x480-1.webp\",\"contentUrl\":\"https:\\\/\\\/degrados.es\\\/wp-content\\\/uploads\\\/2022\\\/02\\\/jarabe-de-granadina-acoplado-960x480-1.webp\",\"width\":960,\"height\":480,\"caption\":\"Grenadine-Sirup\"},{\"@type\":\"BreadcrumbList\",\"@id\":\"https:\\\/\\\/degrados.es\\\/de\\\/?post_type=product&p=2739#breadcrumb\",\"itemListElement\":[{\"@type\":\"ListItem\",\"position\":1,\"name\":\"Home\",\"item\":\"https:\\\/\\\/degrados.es\\\/de\\\/startseite\\\/\"},{\"@type\":\"ListItem\",\"position\":2,\"name\":\"Shop\",\"item\":\"https:\\\/\\\/degrados.es\\\/de\\\/?page_id=2821\"},{\"@type\":\"ListItem\",\"position\":3,\"name\":\"Grenadine-Sirup\"}]},{\"@type\":\"WebSite\",\"@id\":\"https:\\\/\\\/degrados.es\\\/#website\",\"url\":\"https:\\\/\\\/degrados.es\\\/\",\"name\":\"Degrados\",\"description\":\"Spirituosen online kaufen\",\"publisher\":{\"@id\":\"https:\\\/\\\/degrados.es\\\/#organization\"},\"alternateName\":\"Licorer\u00eda online\",\"potentialAction\":[{\"@type\":\"SearchAction\",\"target\":{\"@type\":\"EntryPoint\",\"urlTemplate\":\"https:\\\/\\\/degrados.es\\\/?s={search_term_string}\"},\"query-input\":{\"@type\":\"PropertyValueSpecification\",\"valueRequired\":true,\"valueName\":\"search_term_string\"}}],\"inLanguage\":\"de\"},{\"@type\":\"Organization\",\"@id\":\"https:\\\/\\\/degrados.es\\\/#organization\",\"name\":\"DeGrados\",\"url\":\"https:\\\/\\\/degrados.es\\\/\",\"logo\":{\"@type\":\"ImageObject\",\"inLanguage\":\"de\",\"@id\":\"https:\\\/\\\/degrados.es\\\/#\\\/schema\\\/logo\\\/image\\\/\",\"url\":\"https:\\\/\\\/degrados.es\\\/wp-content\\\/uploads\\\/2021\\\/02\\\/Logo-degrados.png\",\"contentUrl\":\"https:\\\/\\\/degrados.es\\\/wp-content\\\/uploads\\\/2021\\\/02\\\/Logo-degrados.png\",\"width\":350,\"height\":86,\"caption\":\"DeGrados\"},\"image\":{\"@id\":\"https:\\\/\\\/degrados.es\\\/#\\\/schema\\\/logo\\\/image\\\/\"}}]}<\/script>\n<meta property=\"product:price:amount\" content=\"6.16\" \/>\n<meta property=\"product:price:currency\" content=\"EUR\" \/>\n<meta property=\"og:availability\" content=\"instock\" \/>\n<meta property=\"product:availability\" content=\"instock\" \/>\n<meta property=\"product:retailer_item_id\" content=\"D1G44\" \/>\n<meta property=\"product:condition\" content=\"new\" \/>\n<!-- \/ Yoast SEO plugin. -->","yoast_head_json":{"title":"Grenadine Sirup kaufen - Licorer\u00eda Online Degrados","description":"Entdecken Sie den Grenadinesirup, der beim S\u00fc\u00dfen einen Hauch von Grenadine-Geschmack und Farbe verleiht. Degrados Online Spirituosengesch\u00e4ft.","robots":{"index":"index","follow":"follow","max-snippet":"max-snippet:-1","max-image-preview":"max-image-preview:large","max-video-preview":"max-video-preview:-1"},"canonical":"https:\/\/degrados.es\/de\/?post_type=product&p=2739","og_locale":"de_DE","og_type":"article","og_title":"Grenadine Sirup kaufen - Licorer\u00eda Online Degrados","og_description":"Entdecken Sie den Grenadinesirup, der beim S\u00fc\u00dfen einen Hauch von Grenadine-Geschmack und Farbe verleiht. Degrados Online Spirituosengesch\u00e4ft.","og_url":"https:\/\/degrados.es\/de\/?post_type=product&p=2739","og_site_name":"Online Spirituosengesch\u00e4ft","article_modified_time":"2023-12-19T12:02:22+00:00","og_image":[{"width":960,"height":480,"url":"https:\/\/degrados.es\/wp-content\/uploads\/2022\/02\/jarabe-de-granadina-acoplado-960x480-1.webp","type":"image\/webp"}],"twitter_card":"summary_large_image","twitter_misc":{"Preis":"6,16&euro; IVA Incluido","Verf\u00fcgbarkeit":"Auf Lager"},"schema":{"@context":"https:\/\/schema.org","@graph":[{"@type":"WebPage","@id":"https:\/\/degrados.es\/de\/?post_type=product&p=2739","url":"https:\/\/degrados.es\/de\/?post_type=product&p=2739","name":"Grenadine Sirup kaufen - Licorer\u00eda Online Degrados","isPartOf":{"@id":"https:\/\/degrados.es\/#website"},"primaryImageOfPage":{"@id":"https:\/\/degrados.es\/de\/?post_type=product&p=2739#primaryimage"},"image":{"@id":"https:\/\/degrados.es\/de\/?post_type=product&p=2739#primaryimage"},"thumbnailUrl":"https:\/\/degrados.es\/wp-content\/uploads\/2022\/02\/jarabe-de-granadina-acoplado-960x480-1.webp","datePublished":"2022-02-25T11:50:15+00:00","dateModified":"2023-12-19T12:02:22+00:00","description":"Entdecken Sie den Grenadinesirup, der beim S\u00fc\u00dfen einen Hauch von Grenadine-Geschmack und Farbe verleiht. Degrados Online Spirituosengesch\u00e4ft.","breadcrumb":{"@id":"https:\/\/degrados.es\/de\/?post_type=product&p=2739#breadcrumb"},"inLanguage":"de","potentialAction":[{"@type":"ReadAction","target":["https:\/\/degrados.es\/de\/?post_type=product&p=2739"]}]},{"@type":"ImageObject","inLanguage":"de","@id":"https:\/\/degrados.es\/de\/?post_type=product&p=2739#primaryimage","url":"https:\/\/degrados.es\/wp-content\/uploads\/2022\/02\/jarabe-de-granadina-acoplado-960x480-1.webp","contentUrl":"https:\/\/degrados.es\/wp-content\/uploads\/2022\/02\/jarabe-de-granadina-acoplado-960x480-1.webp","width":960,"height":480,"caption":"Grenadine-Sirup"},{"@type":"BreadcrumbList","@id":"https:\/\/degrados.es\/de\/?post_type=product&p=2739#breadcrumb","itemListElement":[{"@type":"ListItem","position":1,"name":"Home","item":"https:\/\/degrados.es\/de\/startseite\/"},{"@type":"ListItem","position":2,"name":"Shop","item":"https:\/\/degrados.es\/de\/?page_id=2821"},{"@type":"ListItem","position":3,"name":"Grenadine-Sirup"}]},{"@type":"WebSite","@id":"https:\/\/degrados.es\/#website","url":"https:\/\/degrados.es\/","name":"Degrados","description":"Spirituosen online kaufen","publisher":{"@id":"https:\/\/degrados.es\/#organization"},"alternateName":"Licorer\u00eda online","potentialAction":[{"@type":"SearchAction","target":{"@type":"EntryPoint","urlTemplate":"https:\/\/degrados.es\/?s={search_term_string}"},"query-input":{"@type":"PropertyValueSpecification","valueRequired":true,"valueName":"search_term_string"}}],"inLanguage":"de"},{"@type":"Organization","@id":"https:\/\/degrados.es\/#organization","name":"DeGrados","url":"https:\/\/degrados.es\/","logo":{"@type":"ImageObject","inLanguage":"de","@id":"https:\/\/degrados.es\/#\/schema\/logo\/image\/","url":"https:\/\/degrados.es\/wp-content\/uploads\/2021\/02\/Logo-degrados.png","contentUrl":"https:\/\/degrados.es\/wp-content\/uploads\/2021\/02\/Logo-degrados.png","width":350,"height":86,"caption":"DeGrados"},"image":{"@id":"https:\/\/degrados.es\/#\/schema\/logo\/image\/"}}]},"product_price_amount":"6.16","product_price_currency":"EUR","og_availability":"instock","product_availability":"instock","product_retailer_item_id":"D1G44","product_condition":"new"},"_links":{"self":[{"href":"https:\/\/degrados.es\/de\/wp-json\/wp\/v2\/product\/2739","targetHints":{"allow":["GET"]}}],"collection":[{"href":"https:\/\/degrados.es\/de\/wp-json\/wp\/v2\/product"}],"about":[{"href":"https:\/\/degrados.es\/de\/wp-json\/wp\/v2\/types\/product"}],"replies":[{"embeddable":true,"href":"https:\/\/degrados.es\/de\/wp-json\/wp\/v2\/comments?post=2739"}],"wp:featuredmedia":[{"embeddable":true,"href":"https:\/\/degrados.es\/de\/wp-json\/wp\/v2\/media\/2607"}],"wp:attachment":[{"href":"https:\/\/degrados.es\/de\/wp-json\/wp\/v2\/media?parent=2739"}],"wp:term":[{"taxonomy":"product_cat","embeddable":true,"href":"https:\/\/degrados.es\/de\/wp-json\/wp\/v2\/product_cat?post=2739"},{"taxonomy":"product_tag","embeddable":true,"href":"https:\/\/degrados.es\/de\/wp-json\/wp\/v2\/product_tag?post=2739"}],"curies":[{"name":"wp","href":"https:\/\/api.w.org\/{rel}","templated":true}]}}