{"id":2741,"date":"2022-02-24T11:51:03","date_gmt":"2022-02-24T10:51:03","guid":{"rendered":"https:\/\/degrados.es\/producto\/anis-kcalla\/"},"modified":"2023-12-19T13:02:22","modified_gmt":"2023-12-19T12:02:22","slug":"anis-kcalla","status":"publish","type":"product","link":"https:\/\/degrados.es\/de\/producto\/anis-kcalla\/","title":{"rendered":"Anis K\u00e7alla"},"content":{"rendered":"<p>Wir haben ein v\u00f6llig neues und innovatives Image f\u00fcr ein Produkt geschaffen, das auf sehr traditionelle Weise hergestellt wird. Dies ist K\u00e7alla, ein neuer kaltgetrockneter Anis, der Sie nicht gleichg\u00fcltig lassen wird.<\/p>\n<p>Anis ist direkt nach der Frucht der Pflanze benannt, aus der er normalerweise hergestellt wird, aber K\u00e7alla hat eine Reihe von Eigenschaften, die ihn zu einem einzigartigen und exklusiven Anis machen. Die Auswahl der besten Anissamen. K\u00e7alla bietet Ihnen einen intensiven Geschmack bei jedem Schluck und ein gleichbleibendes Aroma vom Anfang bis zum Ende.<\/p>\n<p>K\u00e7alla ist ein trockener Anis mit intensivem Geschmack. Wenn Sie ein Anisliebhaber sind, d\u00fcrfen Sie sich den urspr\u00fcnglichsten Anis, K\u00e7alla, nicht entgehen lassen und m\u00fcssen ihn sehr kalt trinken.<\/p>\n<p>Spanien hat sich zu einem der weltweit f\u00fchrenden Produzenten entwickelt. Dies garantiert, dass wir \u00fcber ein hochwertiges Produkt verf\u00fcgen, das auf eine langj\u00e4hrige Geschichte zur\u00fcckblicken kann.<\/p>\n<p>Es ist zu bedenken, dass Anis immer mit Bedacht konsumiert werden sollte. Der Grund daf\u00fcr ist der 45-prozentige Alkoholgehalt des Getr\u00e4nks. Bei m\u00e4\u00dfigem Konsum k\u00f6nnen Sie ein einzigartiges Getr\u00e4nk mit einem sehr ausgepr\u00e4gten Geschmack voll genie\u00dfen. Nicht alle Getr\u00e4nke k\u00f6nnen mit K\u00e7alla auf eine Stufe gestellt werden. Wir garantieren Ihnen, dass Sie nicht entt\u00e4uscht sein werden.<\/p>\n","protected":false},"excerpt":{"rendered":"<div class=\"references\">Ein neues und innovatives Image f\u00fcr ein so traditionelles Produkt wie die valencianische Cazalla, die nach traditioneller Art hergestellt wird.<\/div>\n","protected":false},"featured_media":3710,"comment_status":"open","ping_status":"closed","template":"","meta":{"inline_featured_image":false},"product_cat":[106,100],"product_tag":[472,426,479,269],"class_list":{"0":"post-2741","1":"product","2":"type-product","3":"status-publish","4":"has-post-thumbnail","6":"product_cat-spanish-cazalla","7":"product_cat-liqueurs","8":"product_tag-anise-liqueur","9":"product_tag-cazalla-en","10":"product_tag-kcalla-en","11":"product_tag-liqueur","13":"first","14":"instock","15":"sale","16":"taxable","17":"shipping-taxable","18":"purchasable","19":"product-type-simple"},"yoast_head":"<!-- This site is optimized with the Yoast SEO plugin v26.9 - https:\/\/yoast.com\/product\/yoast-seo-wordpress\/ -->\n<title>Anislik\u00f6r kaufen - K\u00e7alla kaufen - Degrados Online-Liquor Store<\/title>\n<meta name=\"description\" content=\"Entdecken Sie den erfrischenden Anis-Lik\u00f6r. Kaufen Sie K\u00e7alla, einen exklusiven Anislik\u00f6r bei Licorer\u00eda Online. Abgebaut.\" \/>\n<meta name=\"robots\" content=\"index, follow, max-snippet:-1, max-image-preview:large, max-video-preview:-1\" \/>\n<link rel=\"canonical\" href=\"https:\/\/degrados.es\/de\/producto\/anis-kcalla\/\" \/>\n<meta property=\"og:locale\" content=\"de_DE\" \/>\n<meta property=\"og:type\" content=\"article\" \/>\n<meta property=\"og:title\" content=\"Anislik\u00f6r kaufen - K\u00e7alla kaufen - Degrados Online-Liquor Store\" \/>\n<meta property=\"og:description\" content=\"Entdecken Sie den erfrischenden Anis-Lik\u00f6r. Kaufen Sie K\u00e7alla, einen exklusiven Anislik\u00f6r bei Licorer\u00eda Online. Abgebaut.\" \/>\n<meta property=\"og:url\" content=\"https:\/\/degrados.es\/de\/producto\/anis-kcalla\/\" \/>\n<meta property=\"og:site_name\" content=\"Online Spirituosengesch\u00e4ft\" \/>\n<meta property=\"article:modified_time\" content=\"2023-12-19T12:02:22+00:00\" \/>\n<meta property=\"og:image\" content=\"https:\/\/degrados.es\/wp-content\/uploads\/2022\/02\/Comprar-anis-casalla.webp\" \/>\n\t<meta property=\"og:image:width\" content=\"430\" \/>\n\t<meta property=\"og:image:height\" content=\"430\" \/>\n\t<meta property=\"og:image:type\" content=\"image\/webp\" \/>\n<meta name=\"twitter:card\" content=\"summary_large_image\" \/>\n<meta name=\"twitter:label1\" content=\"Gesch\u00e4tzte Lesezeit\" \/>\n\t<meta name=\"twitter:data1\" content=\"1\u00a0Minute\" \/>\n<script type=\"application\/ld+json\" class=\"yoast-schema-graph\">{\"@context\":\"https:\/\/schema.org\",\"@graph\":[{\"@type\":\"WebPage\",\"@id\":\"https:\/\/degrados.es\/de\/producto\/anis-kcalla\/\",\"url\":\"https:\/\/degrados.es\/de\/producto\/anis-kcalla\/\",\"name\":\"Anislik\u00f6r kaufen - K\u00e7alla kaufen - Degrados Online-Liquor Store\",\"isPartOf\":{\"@id\":\"https:\/\/degrados.es\/de\/#website\"},\"primaryImageOfPage\":{\"@id\":\"https:\/\/degrados.es\/de\/producto\/anis-kcalla\/#primaryimage\"},\"image\":{\"@id\":\"https:\/\/degrados.es\/de\/producto\/anis-kcalla\/#primaryimage\"},\"thumbnailUrl\":\"https:\/\/degrados.es\/wp-content\/uploads\/2022\/02\/28.webp\",\"datePublished\":\"2022-02-24T10:51:03+00:00\",\"dateModified\":\"2023-12-19T12:02:22+00:00\",\"description\":\"Entdecken Sie den erfrischenden Anis-Lik\u00f6r. Kaufen Sie K\u00e7alla, einen exklusiven Anislik\u00f6r bei Licorer\u00eda Online. Abgebaut.\",\"breadcrumb\":{\"@id\":\"https:\/\/degrados.es\/de\/producto\/anis-kcalla\/#breadcrumb\"},\"inLanguage\":\"de\",\"potentialAction\":[{\"@type\":\"ReadAction\",\"target\":[\"https:\/\/degrados.es\/de\/producto\/anis-kcalla\/\"]}]},{\"@type\":\"ImageObject\",\"inLanguage\":\"de\",\"@id\":\"https:\/\/degrados.es\/de\/producto\/anis-kcalla\/#primaryimage\",\"url\":\"https:\/\/degrados.es\/wp-content\/uploads\/2022\/02\/28.webp\",\"contentUrl\":\"https:\/\/degrados.es\/wp-content\/uploads\/2022\/02\/28.webp\",\"width\":1000,\"height\":1000,\"caption\":\"An\u00eds seco K\u00e7alla\"},{\"@type\":\"BreadcrumbList\",\"@id\":\"https:\/\/degrados.es\/de\/producto\/anis-kcalla\/#breadcrumb\",\"itemListElement\":[{\"@type\":\"ListItem\",\"position\":1,\"name\":\"Home\",\"item\":\"https:\/\/degrados.es\/de\/startseite\/\"},{\"@type\":\"ListItem\",\"position\":2,\"name\":\"Shop\",\"item\":\"https:\/\/degrados.es\/de\/?page_id=2821\"},{\"@type\":\"ListItem\",\"position\":3,\"name\":\"Anis K\u00e7alla\"}]},{\"@type\":\"WebSite\",\"@id\":\"https:\/\/degrados.es\/de\/#website\",\"url\":\"https:\/\/degrados.es\/de\/\",\"name\":\"Online Spirituosengesch\u00e4ft\",\"description\":\"Spirituosen online kaufen\",\"publisher\":{\"@id\":\"https:\/\/degrados.es\/de\/#organization\"},\"potentialAction\":[{\"@type\":\"SearchAction\",\"target\":{\"@type\":\"EntryPoint\",\"urlTemplate\":\"https:\/\/degrados.es\/de\/?s={search_term_string}\"},\"query-input\":{\"@type\":\"PropertyValueSpecification\",\"valueRequired\":true,\"valueName\":\"search_term_string\"}}],\"inLanguage\":\"de\"},{\"@type\":\"Organization\",\"@id\":\"https:\/\/degrados.es\/de\/#organization\",\"name\":\"DeGrados\",\"url\":\"https:\/\/degrados.es\/de\/\",\"logo\":{\"@type\":\"ImageObject\",\"inLanguage\":\"de\",\"@id\":\"https:\/\/degrados.es\/de\/#\/schema\/logo\/image\/\",\"url\":\"https:\/\/degrados.es\/wp-content\/uploads\/2021\/02\/Logo-degrados.png\",\"contentUrl\":\"https:\/\/degrados.es\/wp-content\/uploads\/2021\/02\/Logo-degrados.png\",\"width\":350,\"height\":86,\"caption\":\"DeGrados\"},\"image\":{\"@id\":\"https:\/\/degrados.es\/de\/#\/schema\/logo\/image\/\"}}]}<\/script>\n<!-- \/ Yoast SEO plugin. -->","yoast_head_json":{"title":"Anislik\u00f6r kaufen - K\u00e7alla kaufen - Degrados Online-Liquor Store","description":"Entdecken Sie den erfrischenden Anis-Lik\u00f6r. Kaufen Sie K\u00e7alla, einen exklusiven Anislik\u00f6r bei Licorer\u00eda Online. Abgebaut.","robots":{"index":"index","follow":"follow","max-snippet":"max-snippet:-1","max-image-preview":"max-image-preview:large","max-video-preview":"max-video-preview:-1"},"canonical":"https:\/\/degrados.es\/de\/producto\/anis-kcalla\/","og_locale":"de_DE","og_type":"article","og_title":"Anislik\u00f6r kaufen - K\u00e7alla kaufen - Degrados Online-Liquor Store","og_description":"Entdecken Sie den erfrischenden Anis-Lik\u00f6r. Kaufen Sie K\u00e7alla, einen exklusiven Anislik\u00f6r bei Licorer\u00eda Online. Abgebaut.","og_url":"https:\/\/degrados.es\/de\/producto\/anis-kcalla\/","og_site_name":"Online Spirituosengesch\u00e4ft","article_modified_time":"2023-12-19T12:02:22+00:00","og_image":[{"width":430,"height":430,"url":"https:\/\/degrados.es\/wp-content\/uploads\/2022\/02\/Comprar-anis-casalla.webp","type":"image\/webp"}],"twitter_card":"summary_large_image","twitter_misc":{"Gesch\u00e4tzte Lesezeit":"1\u00a0Minute"},"schema":{"@context":"https:\/\/schema.org","@graph":[{"@type":"WebPage","@id":"https:\/\/degrados.es\/de\/producto\/anis-kcalla\/","url":"https:\/\/degrados.es\/de\/producto\/anis-kcalla\/","name":"Anislik\u00f6r kaufen - K\u00e7alla kaufen - Degrados Online-Liquor Store","isPartOf":{"@id":"https:\/\/degrados.es\/de\/#website"},"primaryImageOfPage":{"@id":"https:\/\/degrados.es\/de\/producto\/anis-kcalla\/#primaryimage"},"image":{"@id":"https:\/\/degrados.es\/de\/producto\/anis-kcalla\/#primaryimage"},"thumbnailUrl":"https:\/\/degrados.es\/wp-content\/uploads\/2022\/02\/28.webp","datePublished":"2022-02-24T10:51:03+00:00","dateModified":"2023-12-19T12:02:22+00:00","description":"Entdecken Sie den erfrischenden Anis-Lik\u00f6r. Kaufen Sie K\u00e7alla, einen exklusiven Anislik\u00f6r bei Licorer\u00eda Online. Abgebaut.","breadcrumb":{"@id":"https:\/\/degrados.es\/de\/producto\/anis-kcalla\/#breadcrumb"},"inLanguage":"de","potentialAction":[{"@type":"ReadAction","target":["https:\/\/degrados.es\/de\/producto\/anis-kcalla\/"]}]},{"@type":"ImageObject","inLanguage":"de","@id":"https:\/\/degrados.es\/de\/producto\/anis-kcalla\/#primaryimage","url":"https:\/\/degrados.es\/wp-content\/uploads\/2022\/02\/28.webp","contentUrl":"https:\/\/degrados.es\/wp-content\/uploads\/2022\/02\/28.webp","width":1000,"height":1000,"caption":"An\u00eds seco K\u00e7alla"},{"@type":"BreadcrumbList","@id":"https:\/\/degrados.es\/de\/producto\/anis-kcalla\/#breadcrumb","itemListElement":[{"@type":"ListItem","position":1,"name":"Home","item":"https:\/\/degrados.es\/de\/startseite\/"},{"@type":"ListItem","position":2,"name":"Shop","item":"https:\/\/degrados.es\/de\/?page_id=2821"},{"@type":"ListItem","position":3,"name":"Anis K\u00e7alla"}]},{"@type":"WebSite","@id":"https:\/\/degrados.es\/de\/#website","url":"https:\/\/degrados.es\/de\/","name":"Online Spirituosengesch\u00e4ft","description":"Spirituosen online kaufen","publisher":{"@id":"https:\/\/degrados.es\/de\/#organization"},"potentialAction":[{"@type":"SearchAction","target":{"@type":"EntryPoint","urlTemplate":"https:\/\/degrados.es\/de\/?s={search_term_string}"},"query-input":{"@type":"PropertyValueSpecification","valueRequired":true,"valueName":"search_term_string"}}],"inLanguage":"de"},{"@type":"Organization","@id":"https:\/\/degrados.es\/de\/#organization","name":"DeGrados","url":"https:\/\/degrados.es\/de\/","logo":{"@type":"ImageObject","inLanguage":"de","@id":"https:\/\/degrados.es\/de\/#\/schema\/logo\/image\/","url":"https:\/\/degrados.es\/wp-content\/uploads\/2021\/02\/Logo-degrados.png","contentUrl":"https:\/\/degrados.es\/wp-content\/uploads\/2021\/02\/Logo-degrados.png","width":350,"height":86,"caption":"DeGrados"},"image":{"@id":"https:\/\/degrados.es\/de\/#\/schema\/logo\/image\/"}}]}},"_links":{"self":[{"href":"https:\/\/degrados.es\/de\/wp-json\/wp\/v2\/product\/2741","targetHints":{"allow":["GET"]}}],"collection":[{"href":"https:\/\/degrados.es\/de\/wp-json\/wp\/v2\/product"}],"about":[{"href":"https:\/\/degrados.es\/de\/wp-json\/wp\/v2\/types\/product"}],"replies":[{"embeddable":true,"href":"https:\/\/degrados.es\/de\/wp-json\/wp\/v2\/comments?post=2741"}],"wp:featuredmedia":[{"embeddable":true,"href":"https:\/\/degrados.es\/de\/wp-json\/wp\/v2\/media\/3710"}],"wp:attachment":[{"href":"https:\/\/degrados.es\/de\/wp-json\/wp\/v2\/media?parent=2741"}],"wp:term":[{"taxonomy":"product_cat","embeddable":true,"href":"https:\/\/degrados.es\/de\/wp-json\/wp\/v2\/product_cat?post=2741"},{"taxonomy":"product_tag","embeddable":true,"href":"https:\/\/degrados.es\/de\/wp-json\/wp\/v2\/product_tag?post=2741"}],"curies":[{"name":"wp","href":"https:\/\/api.w.org\/{rel}","templated":true}]}}