{"id":2743,"date":"2022-02-25T13:11:07","date_gmt":"2022-02-25T12:11:07","guid":{"rendered":"https:\/\/degrados.es\/producto\/kerans-irish-cream-kaffeelikoer\/"},"modified":"2023-12-19T13:02:23","modified_gmt":"2023-12-19T12:02:23","slug":"kerans-irish-cream-kaffeelikoer","status":"publish","type":"product","link":"https:\/\/degrados.es\/de\/producto\/kerans-irish-cream-kaffeelikoer\/","title":{"rendered":"Keran&#8217;s Irish Cream Kaffeelik\u00f6r"},"content":{"rendered":"<p>Um einen ausgezeichneten Kaffeegeschmack zu erhalten, nimmt Keran&#8217;s nur die ausgesuchtesten Sorten von 100% Arabica-Kaffee in seine Rezeptur auf: Brasilien, Kolumbien Pico Cristobal, Kenia und Papua Guinea sind die Auserw\u00e4hlten.<\/p>\n<p>Um den besten Geschmack jeder Sorte zu erhalten, wird jede Bohne einzeln ger\u00f6stet, wobei die Temperatur an die Eigenschaften der Kaffeesorte angepasst wird.<\/p>\n<p>Um Keran&#8217;s den Geschmack und die Tradition Irlands zu verleihen, werden nur Whisky und Malz irischen Ursprungs verwendet.<\/p>\n<p>Die Kombination aus einem Verfahren, das auf die kleinsten Details achtet, und hochwertigen Zutaten kann nur zu einem au\u00dfergew\u00f6hnlichen Ergebnis f\u00fchren. Ein sehr cremiges Getr\u00e4nk, mit sanften Noten von Schokolade, Eiche und Whisky in der Nase, Noten von Holz und einem Hauch von Sahne, Schokolade und Vanille am Gaumen.<\/p>\n","protected":false},"excerpt":{"rendered":"<p>Aus den besten Rohstoffen haben wir einen exquisiten s\u00fc\u00dfen Lik\u00f6r mit intensivem Kaffeearoma hergestellt.<\/p>\n<p>Dank unserer Erfahrung in der Welt des Kaffees werden die besten 100% Arabica-Bohnen ausgew\u00e4hlt, ger\u00f6stet und mazeriert. Das Ergebnis dieser Mazeration wird mit Milchcreme, Whisky und einem leichten Hauch von Schokolade und Sahne vermischt.<\/p>\n","protected":false},"featured_media":2573,"comment_status":"open","ping_status":"closed","template":"","meta":{"inline_featured_image":false},"product_cat":[899,530],"product_tag":[566,531,568,567],"class_list":{"0":"post-2743","1":"product","2":"type-product","3":"status-publish","4":"has-post-thumbnail","6":"product_cat-likor-cremes","7":"product_cat-spirituosen","8":"product_tag-creme","9":"product_tag-spirituosen","10":"product_tag-whisky-und-kaffeesahne","11":"product_tag-whiskycreme","13":"first","14":"instock","15":"sale","16":"taxable","17":"shipping-taxable","18":"purchasable","19":"product-type-simple"},"yoast_head":"<!-- This site is optimized with the Yoast SEO plugin v26.9 - https:\/\/yoast.com\/product\/yoast-seo-wordpress\/ -->\n<title>Whisky-Sahne-Lik\u00f6r mit Kaffee kaufen - Degrados Online Liquor Store<\/title>\n<meta name=\"description\" content=\"Entdecken Sie den Whisky-Sahne-Lik\u00f6r mit Kaffee, einen sehr cremigen Lik\u00f6r. Whisky-Sahne-Lik\u00f6r mit Kaffee bei Degrados kaufen.\" \/>\n<meta name=\"robots\" content=\"index, follow, max-snippet:-1, max-image-preview:large, max-video-preview:-1\" \/>\n<link rel=\"canonical\" href=\"https:\/\/degrados.es\/de\/producto\/kerans-irish-cream-kaffeelikoer\/\" \/>\n<meta property=\"og:locale\" content=\"de_DE\" \/>\n<meta property=\"og:type\" content=\"article\" \/>\n<meta property=\"og:title\" content=\"Whisky-Sahne-Lik\u00f6r mit Kaffee kaufen - Degrados Online Liquor Store\" \/>\n<meta property=\"og:description\" content=\"Entdecken Sie den Whisky-Sahne-Lik\u00f6r mit Kaffee, einen sehr cremigen Lik\u00f6r. Whisky-Sahne-Lik\u00f6r mit Kaffee bei Degrados kaufen.\" \/>\n<meta property=\"og:url\" content=\"https:\/\/degrados.es\/de\/producto\/kerans-irish-cream-kaffeelikoer\/\" \/>\n<meta property=\"og:site_name\" content=\"Online Spirituosengesch\u00e4ft\" \/>\n<meta property=\"article:modified_time\" content=\"2023-12-19T12:02:23+00:00\" \/>\n<meta property=\"og:image\" content=\"https:\/\/degrados.es\/wp-content\/uploads\/2022\/02\/Licor-crema-irlandesa.webp\" \/>\n\t<meta property=\"og:image:width\" content=\"430\" \/>\n\t<meta property=\"og:image:height\" content=\"430\" \/>\n\t<meta property=\"og:image:type\" content=\"image\/webp\" \/>\n<meta name=\"twitter:card\" content=\"summary_large_image\" \/>\n<meta name=\"twitter:label1\" content=\"Gesch\u00e4tzte Lesezeit\" \/>\n\t<meta name=\"twitter:data1\" content=\"1\u00a0Minute\" \/>\n<script type=\"application\/ld+json\" class=\"yoast-schema-graph\">{\"@context\":\"https:\/\/schema.org\",\"@graph\":[{\"@type\":\"WebPage\",\"@id\":\"https:\/\/degrados.es\/de\/producto\/kerans-irish-cream-kaffeelikoer\/\",\"url\":\"https:\/\/degrados.es\/de\/producto\/kerans-irish-cream-kaffeelikoer\/\",\"name\":\"Whisky-Sahne-Lik\u00f6r mit Kaffee kaufen - Degrados Online Liquor Store\",\"isPartOf\":{\"@id\":\"https:\/\/degrados.es\/de\/#website\"},\"primaryImageOfPage\":{\"@id\":\"https:\/\/degrados.es\/de\/producto\/kerans-irish-cream-kaffeelikoer\/#primaryimage\"},\"image\":{\"@id\":\"https:\/\/degrados.es\/de\/producto\/kerans-irish-cream-kaffeelikoer\/#primaryimage\"},\"thumbnailUrl\":\"https:\/\/degrados.es\/wp-content\/uploads\/2022\/02\/Licor-crema-irlandesa.webp\",\"datePublished\":\"2022-02-25T12:11:07+00:00\",\"dateModified\":\"2023-12-19T12:02:23+00:00\",\"description\":\"Entdecken Sie den Whisky-Sahne-Lik\u00f6r mit Kaffee, einen sehr cremigen Lik\u00f6r. Whisky-Sahne-Lik\u00f6r mit Kaffee bei Degrados kaufen.\",\"breadcrumb\":{\"@id\":\"https:\/\/degrados.es\/de\/producto\/kerans-irish-cream-kaffeelikoer\/#breadcrumb\"},\"inLanguage\":\"de\",\"potentialAction\":[{\"@type\":\"ReadAction\",\"target\":[\"https:\/\/degrados.es\/de\/producto\/kerans-irish-cream-kaffeelikoer\/\"]}]},{\"@type\":\"ImageObject\",\"inLanguage\":\"de\",\"@id\":\"https:\/\/degrados.es\/de\/producto\/kerans-irish-cream-kaffeelikoer\/#primaryimage\",\"url\":\"https:\/\/degrados.es\/wp-content\/uploads\/2022\/02\/Licor-crema-irlandesa.webp\",\"contentUrl\":\"https:\/\/degrados.es\/wp-content\/uploads\/2022\/02\/Licor-crema-irlandesa.webp\",\"width\":430,\"height\":430,\"caption\":\"Kaffee-Sahne-Lik\u00f6r\"},{\"@type\":\"BreadcrumbList\",\"@id\":\"https:\/\/degrados.es\/de\/producto\/kerans-irish-cream-kaffeelikoer\/#breadcrumb\",\"itemListElement\":[{\"@type\":\"ListItem\",\"position\":1,\"name\":\"Home\",\"item\":\"https:\/\/degrados.es\/de\/startseite\/\"},{\"@type\":\"ListItem\",\"position\":2,\"name\":\"Shop\",\"item\":\"https:\/\/degrados.es\/de\/?page_id=2821\"},{\"@type\":\"ListItem\",\"position\":3,\"name\":\"Keran&#8217;s Irish Cream Kaffeelik\u00f6r\"}]},{\"@type\":\"WebSite\",\"@id\":\"https:\/\/degrados.es\/de\/#website\",\"url\":\"https:\/\/degrados.es\/de\/\",\"name\":\"Online Spirituosengesch\u00e4ft\",\"description\":\"Spirituosen online kaufen\",\"publisher\":{\"@id\":\"https:\/\/degrados.es\/de\/#organization\"},\"potentialAction\":[{\"@type\":\"SearchAction\",\"target\":{\"@type\":\"EntryPoint\",\"urlTemplate\":\"https:\/\/degrados.es\/de\/?s={search_term_string}\"},\"query-input\":{\"@type\":\"PropertyValueSpecification\",\"valueRequired\":true,\"valueName\":\"search_term_string\"}}],\"inLanguage\":\"de\"},{\"@type\":\"Organization\",\"@id\":\"https:\/\/degrados.es\/de\/#organization\",\"name\":\"DeGrados\",\"url\":\"https:\/\/degrados.es\/de\/\",\"logo\":{\"@type\":\"ImageObject\",\"inLanguage\":\"de\",\"@id\":\"https:\/\/degrados.es\/de\/#\/schema\/logo\/image\/\",\"url\":\"https:\/\/degrados.es\/wp-content\/uploads\/2021\/02\/Logo-degrados.png\",\"contentUrl\":\"https:\/\/degrados.es\/wp-content\/uploads\/2021\/02\/Logo-degrados.png\",\"width\":350,\"height\":86,\"caption\":\"DeGrados\"},\"image\":{\"@id\":\"https:\/\/degrados.es\/de\/#\/schema\/logo\/image\/\"}}]}<\/script>\n<!-- \/ Yoast SEO plugin. -->","yoast_head_json":{"title":"Whisky-Sahne-Lik\u00f6r mit Kaffee kaufen - Degrados Online Liquor Store","description":"Entdecken Sie den Whisky-Sahne-Lik\u00f6r mit Kaffee, einen sehr cremigen Lik\u00f6r. Whisky-Sahne-Lik\u00f6r mit Kaffee bei Degrados kaufen.","robots":{"index":"index","follow":"follow","max-snippet":"max-snippet:-1","max-image-preview":"max-image-preview:large","max-video-preview":"max-video-preview:-1"},"canonical":"https:\/\/degrados.es\/de\/producto\/kerans-irish-cream-kaffeelikoer\/","og_locale":"de_DE","og_type":"article","og_title":"Whisky-Sahne-Lik\u00f6r mit Kaffee kaufen - Degrados Online Liquor Store","og_description":"Entdecken Sie den Whisky-Sahne-Lik\u00f6r mit Kaffee, einen sehr cremigen Lik\u00f6r. Whisky-Sahne-Lik\u00f6r mit Kaffee bei Degrados kaufen.","og_url":"https:\/\/degrados.es\/de\/producto\/kerans-irish-cream-kaffeelikoer\/","og_site_name":"Online Spirituosengesch\u00e4ft","article_modified_time":"2023-12-19T12:02:23+00:00","og_image":[{"width":430,"height":430,"url":"https:\/\/degrados.es\/wp-content\/uploads\/2022\/02\/Licor-crema-irlandesa.webp","type":"image\/webp"}],"twitter_card":"summary_large_image","twitter_misc":{"Gesch\u00e4tzte Lesezeit":"1\u00a0Minute"},"schema":{"@context":"https:\/\/schema.org","@graph":[{"@type":"WebPage","@id":"https:\/\/degrados.es\/de\/producto\/kerans-irish-cream-kaffeelikoer\/","url":"https:\/\/degrados.es\/de\/producto\/kerans-irish-cream-kaffeelikoer\/","name":"Whisky-Sahne-Lik\u00f6r mit Kaffee kaufen - Degrados Online Liquor Store","isPartOf":{"@id":"https:\/\/degrados.es\/de\/#website"},"primaryImageOfPage":{"@id":"https:\/\/degrados.es\/de\/producto\/kerans-irish-cream-kaffeelikoer\/#primaryimage"},"image":{"@id":"https:\/\/degrados.es\/de\/producto\/kerans-irish-cream-kaffeelikoer\/#primaryimage"},"thumbnailUrl":"https:\/\/degrados.es\/wp-content\/uploads\/2022\/02\/Licor-crema-irlandesa.webp","datePublished":"2022-02-25T12:11:07+00:00","dateModified":"2023-12-19T12:02:23+00:00","description":"Entdecken Sie den Whisky-Sahne-Lik\u00f6r mit Kaffee, einen sehr cremigen Lik\u00f6r. Whisky-Sahne-Lik\u00f6r mit Kaffee bei Degrados kaufen.","breadcrumb":{"@id":"https:\/\/degrados.es\/de\/producto\/kerans-irish-cream-kaffeelikoer\/#breadcrumb"},"inLanguage":"de","potentialAction":[{"@type":"ReadAction","target":["https:\/\/degrados.es\/de\/producto\/kerans-irish-cream-kaffeelikoer\/"]}]},{"@type":"ImageObject","inLanguage":"de","@id":"https:\/\/degrados.es\/de\/producto\/kerans-irish-cream-kaffeelikoer\/#primaryimage","url":"https:\/\/degrados.es\/wp-content\/uploads\/2022\/02\/Licor-crema-irlandesa.webp","contentUrl":"https:\/\/degrados.es\/wp-content\/uploads\/2022\/02\/Licor-crema-irlandesa.webp","width":430,"height":430,"caption":"Kaffee-Sahne-Lik\u00f6r"},{"@type":"BreadcrumbList","@id":"https:\/\/degrados.es\/de\/producto\/kerans-irish-cream-kaffeelikoer\/#breadcrumb","itemListElement":[{"@type":"ListItem","position":1,"name":"Home","item":"https:\/\/degrados.es\/de\/startseite\/"},{"@type":"ListItem","position":2,"name":"Shop","item":"https:\/\/degrados.es\/de\/?page_id=2821"},{"@type":"ListItem","position":3,"name":"Keran&#8217;s Irish Cream Kaffeelik\u00f6r"}]},{"@type":"WebSite","@id":"https:\/\/degrados.es\/de\/#website","url":"https:\/\/degrados.es\/de\/","name":"Online Spirituosengesch\u00e4ft","description":"Spirituosen online kaufen","publisher":{"@id":"https:\/\/degrados.es\/de\/#organization"},"potentialAction":[{"@type":"SearchAction","target":{"@type":"EntryPoint","urlTemplate":"https:\/\/degrados.es\/de\/?s={search_term_string}"},"query-input":{"@type":"PropertyValueSpecification","valueRequired":true,"valueName":"search_term_string"}}],"inLanguage":"de"},{"@type":"Organization","@id":"https:\/\/degrados.es\/de\/#organization","name":"DeGrados","url":"https:\/\/degrados.es\/de\/","logo":{"@type":"ImageObject","inLanguage":"de","@id":"https:\/\/degrados.es\/de\/#\/schema\/logo\/image\/","url":"https:\/\/degrados.es\/wp-content\/uploads\/2021\/02\/Logo-degrados.png","contentUrl":"https:\/\/degrados.es\/wp-content\/uploads\/2021\/02\/Logo-degrados.png","width":350,"height":86,"caption":"DeGrados"},"image":{"@id":"https:\/\/degrados.es\/de\/#\/schema\/logo\/image\/"}}]}},"_links":{"self":[{"href":"https:\/\/degrados.es\/de\/wp-json\/wp\/v2\/product\/2743","targetHints":{"allow":["GET"]}}],"collection":[{"href":"https:\/\/degrados.es\/de\/wp-json\/wp\/v2\/product"}],"about":[{"href":"https:\/\/degrados.es\/de\/wp-json\/wp\/v2\/types\/product"}],"replies":[{"embeddable":true,"href":"https:\/\/degrados.es\/de\/wp-json\/wp\/v2\/comments?post=2743"}],"wp:featuredmedia":[{"embeddable":true,"href":"https:\/\/degrados.es\/de\/wp-json\/wp\/v2\/media\/2573"}],"wp:attachment":[{"href":"https:\/\/degrados.es\/de\/wp-json\/wp\/v2\/media?parent=2743"}],"wp:term":[{"taxonomy":"product_cat","embeddable":true,"href":"https:\/\/degrados.es\/de\/wp-json\/wp\/v2\/product_cat?post=2743"},{"taxonomy":"product_tag","embeddable":true,"href":"https:\/\/degrados.es\/de\/wp-json\/wp\/v2\/product_tag?post=2743"}],"curies":[{"name":"wp","href":"https:\/\/api.w.org\/{rel}","templated":true}]}}