{"id":2744,"date":"2022-02-25T11:53:33","date_gmt":"2022-02-25T10:53:33","guid":{"rendered":"https:\/\/degrados.es\/producto\/whisky-zimt-und-chili-likoer\/"},"modified":"2023-12-19T13:02:23","modified_gmt":"2023-12-19T12:02:23","slug":"whisky-zimt-und-chili-likoer","status":"publish","type":"product","link":"https:\/\/degrados.es\/de\/producto\/whisky-zimt-und-chili-likoer\/","title":{"rendered":"Whisky, Zimt und Chili-Lik\u00f6r"},"content":{"rendered":"<p>Mouth Vulcan Hot ist unser <strong>Whisky-Lik\u00f6r<\/strong>. Ein <strong>Zimtlik\u00f6r mit Whisky<\/strong> und einem Hauch von <strong>Chili<\/strong>, der dank des <strong>Zimts<\/strong> ein mildes Aroma hat. Dieser Whisky-Lik\u00f6r von <strong>Degrados<\/strong> hat einen <strong>Alkoholgehalt von 30\u00ba<\/strong> und wird haupts\u00e4chlich pur getrunken. Zur Freude. Zum einen durch sein intensives Aroma und zum anderen durch seinen milderen Geschmack, der dem Zimt zu verdanken ist.<\/p>\n<p>Diese <strong>Geschmackskombination<\/strong> bietet eine <strong>Ekstase des Geschmacks<\/strong>. Sie entfesselt die ganze <strong>Leidenschaft und Intensit\u00e4t<\/strong> des Whiskys in Kombination mit der <strong>Sch\u00e4rfe des Chilis<\/strong>. Danach l\u00e4sst die<strong> sanfte Zimtnote<\/strong> unsere Kehle sich von einer intensiven und unwiederholbaren Erfahrung erholen. <strong>Whisky, Zimt und Chili<\/strong>, die explosivste Kombination f\u00fcr den Gaumen.<\/p>\n<p>Ein <strong>Whisky<\/strong> f\u00fcr die Mutigen. F\u00fcr alle, die gerne <strong>neue Erfahrungen machen<\/strong> und <strong>neue Geschmacksrichtungen<\/strong> ausprobieren m\u00f6chten. F\u00fcr <strong>Whisky-Liebhaber<\/strong>, die jeden Tag neue Geschmacksrichtungen und neue Varianten suchen. Mouth Vulcan Hot, <strong>stark und w\u00fcrzig<\/strong>, hat die Essenz des Feuers eingebaut, als<strong>&#8222;abgef\u00fclltes Feuer<\/strong>&#8222;.<\/p>\n","protected":false},"excerpt":{"rendered":"<p>Mouth Vulcan Hot ist Feuer in Flaschen. Ein Zimtlik\u00f6r mit Whisky und einem Hauch von Chili. Dieser mild duftende Lik\u00f6r entfaltet mit seinem w\u00fcrzigen Kick seine ganze Leidenschaft und Intensit\u00e4t.<\/p>\n","protected":false},"featured_media":3921,"comment_status":"open","ping_status":"closed","template":"","meta":{"inline_featured_image":false},"product_cat":[72,145],"product_tag":[209,208,36,205,207,210],"class_list":{"0":"post-2744","1":"product","2":"type-product","3":"status-publish","4":"has-post-thumbnail","6":"product_cat-destilados","7":"product_cat-whisky","8":"product_tag-licor-de-guindilla","9":"product_tag-licor-picante","10":"product_tag-licor","11":"product_tag-licores","12":"product_tag-licor-de-whisky","13":"product_tag-licor-de-canela","15":"first","16":"instock","17":"sale","18":"taxable","19":"shipping-taxable","20":"purchasable","21":"product-type-simple"},"yoast_head":"<!-- This site is optimized with the Yoast SEO plugin v27.4 - https:\/\/yoast.com\/product\/yoast-seo-wordpress\/ -->\n<title>Whisky und Chili Lik\u00f6r - Pikanter Lik\u00f6r online kaufen Degrados<\/title>\n<meta name=\"description\" content=\"Entdecken Sie die Geschmacksrichtungen Whisky und Chili-Lik\u00f6r, Malz und Zimt. Pikante Whisky-Lik\u00f6re bei Licorer\u00eda online kaufen. Abgebaut.\" \/>\n<meta name=\"robots\" content=\"index, follow, max-snippet:-1, max-image-preview:large, max-video-preview:-1\" \/>\n<link rel=\"canonical\" href=\"https:\/\/degrados.es\/producto\/licor-whisky-guindilla-picante\/\" \/>\n<meta property=\"og:locale\" content=\"de_DE\" \/>\n<meta property=\"og:type\" content=\"article\" \/>\n<meta property=\"og:title\" content=\"Whisky und Chili Lik\u00f6r - Pikanter Lik\u00f6r online kaufen Degrados\" \/>\n<meta property=\"og:description\" content=\"Entdecken Sie die Geschmacksrichtungen Whisky und Chili-Lik\u00f6r, Malz und Zimt. Pikante Whisky-Lik\u00f6re bei Licorer\u00eda online kaufen. Abgebaut.\" \/>\n<meta property=\"og:url\" content=\"https:\/\/degrados.es\/producto\/licor-whisky-guindilla-picante\/\" \/>\n<meta property=\"og:site_name\" content=\"Online Spirituosengesch\u00e4ft\" \/>\n<meta property=\"article:modified_time\" content=\"2023-12-19T12:02:23+00:00\" \/>\n<meta property=\"og:image\" content=\"https:\/\/degrados.es\/wp-content\/uploads\/2022\/02\/Licor-Whisky-guindilla-picante.webp\" \/>\n\t<meta property=\"og:image:width\" content=\"300\" \/>\n\t<meta property=\"og:image:height\" content=\"300\" \/>\n\t<meta property=\"og:image:type\" content=\"image\/webp\" \/>\n<meta name=\"twitter:card\" content=\"summary_large_image\" \/>\n<meta name=\"twitter:label1\" content=\"Preis\" \/>\n\t<meta name=\"twitter:data1\" content=\"13,25&euro; IVA Incluido\" \/>\n\t<meta name=\"twitter:label2\" content=\"Verf\u00fcgbarkeit\" \/>\n\t<meta name=\"twitter:data2\" content=\"Auf Lager\" \/>\n<script type=\"application\/ld+json\" class=\"yoast-schema-graph\">{\"@context\":\"https:\\\/\\\/schema.org\",\"@graph\":[{\"@type\":\"WebPage\",\"@id\":\"https:\\\/\\\/degrados.es\\\/producto\\\/licor-whisky-guindilla-picante\\\/\",\"url\":\"https:\\\/\\\/degrados.es\\\/producto\\\/licor-whisky-guindilla-picante\\\/\",\"name\":\"Whisky und Chili Lik\u00f6r - Pikanter Lik\u00f6r online kaufen Degrados\",\"isPartOf\":{\"@id\":\"https:\\\/\\\/degrados.es\\\/#website\"},\"primaryImageOfPage\":{\"@id\":\"https:\\\/\\\/degrados.es\\\/producto\\\/licor-whisky-guindilla-picante\\\/#primaryimage\"},\"image\":{\"@id\":\"https:\\\/\\\/degrados.es\\\/producto\\\/licor-whisky-guindilla-picante\\\/#primaryimage\"},\"thumbnailUrl\":\"https:\\\/\\\/degrados.es\\\/wp-content\\\/uploads\\\/2022\\\/02\\\/Licor-de-Whisky-Canela-y-Guindilla-1.webp\",\"datePublished\":\"2022-02-25T10:53:33+00:00\",\"dateModified\":\"2023-12-19T12:02:23+00:00\",\"description\":\"Entdecken Sie die Geschmacksrichtungen Whisky und Chili-Lik\u00f6r, Malz und Zimt. Pikante Whisky-Lik\u00f6re bei Licorer\u00eda online kaufen. Abgebaut.\",\"breadcrumb\":{\"@id\":\"https:\\\/\\\/degrados.es\\\/producto\\\/licor-whisky-guindilla-picante\\\/#breadcrumb\"},\"inLanguage\":\"de\",\"potentialAction\":[{\"@type\":\"ReadAction\",\"target\":[\"https:\\\/\\\/degrados.es\\\/producto\\\/licor-whisky-guindilla-picante\\\/\"]}]},{\"@type\":\"ImageObject\",\"inLanguage\":\"de\",\"@id\":\"https:\\\/\\\/degrados.es\\\/producto\\\/licor-whisky-guindilla-picante\\\/#primaryimage\",\"url\":\"https:\\\/\\\/degrados.es\\\/wp-content\\\/uploads\\\/2022\\\/02\\\/Licor-de-Whisky-Canela-y-Guindilla-1.webp\",\"contentUrl\":\"https:\\\/\\\/degrados.es\\\/wp-content\\\/uploads\\\/2022\\\/02\\\/Licor-de-Whisky-Canela-y-Guindilla-1.webp\",\"width\":1000,\"height\":1000,\"caption\":\"Licor de Whisky, Canela y Guindilla\"},{\"@type\":\"BreadcrumbList\",\"@id\":\"https:\\\/\\\/degrados.es\\\/producto\\\/licor-whisky-guindilla-picante\\\/#breadcrumb\",\"itemListElement\":[{\"@type\":\"ListItem\",\"position\":1,\"name\":\"Home\",\"item\":\"https:\\\/\\\/degrados.es\\\/de\\\/startseite\\\/\"},{\"@type\":\"ListItem\",\"position\":2,\"name\":\"Shop\",\"item\":\"https:\\\/\\\/degrados.es\\\/de\\\/?page_id=2821\"},{\"@type\":\"ListItem\",\"position\":3,\"name\":\"Whisky, Zimt und Chili-Lik\u00f6r\"}]},{\"@type\":\"WebSite\",\"@id\":\"https:\\\/\\\/degrados.es\\\/#website\",\"url\":\"https:\\\/\\\/degrados.es\\\/\",\"name\":\"Degrados\",\"description\":\"Spirituosen online kaufen\",\"publisher\":{\"@id\":\"https:\\\/\\\/degrados.es\\\/#organization\"},\"alternateName\":\"Licorer\u00eda online\",\"potentialAction\":[{\"@type\":\"SearchAction\",\"target\":{\"@type\":\"EntryPoint\",\"urlTemplate\":\"https:\\\/\\\/degrados.es\\\/?s={search_term_string}\"},\"query-input\":{\"@type\":\"PropertyValueSpecification\",\"valueRequired\":true,\"valueName\":\"search_term_string\"}}],\"inLanguage\":\"de\"},{\"@type\":\"Organization\",\"@id\":\"https:\\\/\\\/degrados.es\\\/#organization\",\"name\":\"DeGrados\",\"url\":\"https:\\\/\\\/degrados.es\\\/\",\"logo\":{\"@type\":\"ImageObject\",\"inLanguage\":\"de\",\"@id\":\"https:\\\/\\\/degrados.es\\\/#\\\/schema\\\/logo\\\/image\\\/\",\"url\":\"https:\\\/\\\/degrados.es\\\/wp-content\\\/uploads\\\/2021\\\/02\\\/Logo-degrados.png\",\"contentUrl\":\"https:\\\/\\\/degrados.es\\\/wp-content\\\/uploads\\\/2021\\\/02\\\/Logo-degrados.png\",\"width\":350,\"height\":86,\"caption\":\"DeGrados\"},\"image\":{\"@id\":\"https:\\\/\\\/degrados.es\\\/#\\\/schema\\\/logo\\\/image\\\/\"}}]}<\/script>\n<meta property=\"product:price:amount\" content=\"13.25\" \/>\n<meta property=\"product:price:currency\" content=\"EUR\" \/>\n<meta property=\"og:availability\" content=\"instock\" \/>\n<meta property=\"product:availability\" content=\"instock\" \/>\n<meta property=\"product:retailer_item_id\" content=\"D1G38\" \/>\n<meta property=\"product:condition\" content=\"new\" \/>\n<!-- \/ Yoast SEO plugin. -->","yoast_head_json":{"title":"Whisky und Chili Lik\u00f6r - Pikanter Lik\u00f6r online kaufen Degrados","description":"Entdecken Sie die Geschmacksrichtungen Whisky und Chili-Lik\u00f6r, Malz und Zimt. Pikante Whisky-Lik\u00f6re bei Licorer\u00eda online kaufen. Abgebaut.","robots":{"index":"index","follow":"follow","max-snippet":"max-snippet:-1","max-image-preview":"max-image-preview:large","max-video-preview":"max-video-preview:-1"},"canonical":"https:\/\/degrados.es\/producto\/licor-whisky-guindilla-picante\/","og_locale":"de_DE","og_type":"article","og_title":"Whisky und Chili Lik\u00f6r - Pikanter Lik\u00f6r online kaufen Degrados","og_description":"Entdecken Sie die Geschmacksrichtungen Whisky und Chili-Lik\u00f6r, Malz und Zimt. Pikante Whisky-Lik\u00f6re bei Licorer\u00eda online kaufen. Abgebaut.","og_url":"https:\/\/degrados.es\/producto\/licor-whisky-guindilla-picante\/","og_site_name":"Online Spirituosengesch\u00e4ft","article_modified_time":"2023-12-19T12:02:23+00:00","og_image":[{"width":300,"height":300,"url":"https:\/\/degrados.es\/wp-content\/uploads\/2022\/02\/Licor-Whisky-guindilla-picante.webp","type":"image\/webp"}],"twitter_card":"summary_large_image","twitter_misc":{"Preis":"13,25&euro; IVA Incluido","Verf\u00fcgbarkeit":"Auf Lager"},"schema":{"@context":"https:\/\/schema.org","@graph":[{"@type":"WebPage","@id":"https:\/\/degrados.es\/producto\/licor-whisky-guindilla-picante\/","url":"https:\/\/degrados.es\/producto\/licor-whisky-guindilla-picante\/","name":"Whisky und Chili Lik\u00f6r - Pikanter Lik\u00f6r online kaufen Degrados","isPartOf":{"@id":"https:\/\/degrados.es\/#website"},"primaryImageOfPage":{"@id":"https:\/\/degrados.es\/producto\/licor-whisky-guindilla-picante\/#primaryimage"},"image":{"@id":"https:\/\/degrados.es\/producto\/licor-whisky-guindilla-picante\/#primaryimage"},"thumbnailUrl":"https:\/\/degrados.es\/wp-content\/uploads\/2022\/02\/Licor-de-Whisky-Canela-y-Guindilla-1.webp","datePublished":"2022-02-25T10:53:33+00:00","dateModified":"2023-12-19T12:02:23+00:00","description":"Entdecken Sie die Geschmacksrichtungen Whisky und Chili-Lik\u00f6r, Malz und Zimt. Pikante Whisky-Lik\u00f6re bei Licorer\u00eda online kaufen. Abgebaut.","breadcrumb":{"@id":"https:\/\/degrados.es\/producto\/licor-whisky-guindilla-picante\/#breadcrumb"},"inLanguage":"de","potentialAction":[{"@type":"ReadAction","target":["https:\/\/degrados.es\/producto\/licor-whisky-guindilla-picante\/"]}]},{"@type":"ImageObject","inLanguage":"de","@id":"https:\/\/degrados.es\/producto\/licor-whisky-guindilla-picante\/#primaryimage","url":"https:\/\/degrados.es\/wp-content\/uploads\/2022\/02\/Licor-de-Whisky-Canela-y-Guindilla-1.webp","contentUrl":"https:\/\/degrados.es\/wp-content\/uploads\/2022\/02\/Licor-de-Whisky-Canela-y-Guindilla-1.webp","width":1000,"height":1000,"caption":"Licor de Whisky, Canela y Guindilla"},{"@type":"BreadcrumbList","@id":"https:\/\/degrados.es\/producto\/licor-whisky-guindilla-picante\/#breadcrumb","itemListElement":[{"@type":"ListItem","position":1,"name":"Home","item":"https:\/\/degrados.es\/de\/startseite\/"},{"@type":"ListItem","position":2,"name":"Shop","item":"https:\/\/degrados.es\/de\/?page_id=2821"},{"@type":"ListItem","position":3,"name":"Whisky, Zimt und Chili-Lik\u00f6r"}]},{"@type":"WebSite","@id":"https:\/\/degrados.es\/#website","url":"https:\/\/degrados.es\/","name":"Degrados","description":"Spirituosen online kaufen","publisher":{"@id":"https:\/\/degrados.es\/#organization"},"alternateName":"Licorer\u00eda online","potentialAction":[{"@type":"SearchAction","target":{"@type":"EntryPoint","urlTemplate":"https:\/\/degrados.es\/?s={search_term_string}"},"query-input":{"@type":"PropertyValueSpecification","valueRequired":true,"valueName":"search_term_string"}}],"inLanguage":"de"},{"@type":"Organization","@id":"https:\/\/degrados.es\/#organization","name":"DeGrados","url":"https:\/\/degrados.es\/","logo":{"@type":"ImageObject","inLanguage":"de","@id":"https:\/\/degrados.es\/#\/schema\/logo\/image\/","url":"https:\/\/degrados.es\/wp-content\/uploads\/2021\/02\/Logo-degrados.png","contentUrl":"https:\/\/degrados.es\/wp-content\/uploads\/2021\/02\/Logo-degrados.png","width":350,"height":86,"caption":"DeGrados"},"image":{"@id":"https:\/\/degrados.es\/#\/schema\/logo\/image\/"}}]},"product_price_amount":"13.25","product_price_currency":"EUR","og_availability":"instock","product_availability":"instock","product_retailer_item_id":"D1G38","product_condition":"new"},"_links":{"self":[{"href":"https:\/\/degrados.es\/de\/wp-json\/wp\/v2\/product\/2744","targetHints":{"allow":["GET"]}}],"collection":[{"href":"https:\/\/degrados.es\/de\/wp-json\/wp\/v2\/product"}],"about":[{"href":"https:\/\/degrados.es\/de\/wp-json\/wp\/v2\/types\/product"}],"replies":[{"embeddable":true,"href":"https:\/\/degrados.es\/de\/wp-json\/wp\/v2\/comments?post=2744"}],"wp:featuredmedia":[{"embeddable":true,"href":"https:\/\/degrados.es\/de\/wp-json\/wp\/v2\/media\/3921"}],"wp:attachment":[{"href":"https:\/\/degrados.es\/de\/wp-json\/wp\/v2\/media?parent=2744"}],"wp:term":[{"taxonomy":"product_cat","embeddable":true,"href":"https:\/\/degrados.es\/de\/wp-json\/wp\/v2\/product_cat?post=2744"},{"taxonomy":"product_tag","embeddable":true,"href":"https:\/\/degrados.es\/de\/wp-json\/wp\/v2\/product_tag?post=2744"}],"curies":[{"name":"wp","href":"https:\/\/api.w.org\/{rel}","templated":true}]}}