{"id":2746,"date":"2022-02-24T12:26:31","date_gmt":"2022-02-24T11:26:31","guid":{"rendered":"https:\/\/degrados.es\/producto\/brandy-prestige\/"},"modified":"2024-04-24T10:06:54","modified_gmt":"2024-04-24T08:06:54","slug":"brandy-prestige","status":"publish","type":"product","link":"https:\/\/degrados.es\/de\/producto\/brandy-prestige\/","title":{"rendered":"Brandy Prestige"},"content":{"rendered":"<p>Der ber\u00fchmte Brandy kommt mit Brandy Prestigio 50. Diese besondere Art von Brandy ist das Ergebnis einer langen Tradition in der Herstellung dieses ber\u00fchmten Getr\u00e4nks. Au\u00dferdem stammt er aus einer Solera, die aus einem ganz besonderen Jahrgang stammt, einer Reserve aus dem Jahr 1946, aus der jedes Jahr eine sehr begrenzte, nummerierte, kontrollierte und exklusive Serie von Flaschen des Brandy Prestigio hergestellt wird.<\/p>\n<p>Wie wird sie erreicht? Er wird durch die Destillation von Wein mit einem Alkoholgehalt von 40 % gewonnen und nach der traditionellen Solera-Methode gereift, bei der der Brandy Prestigio mindestens 5 Jahre lang in F\u00e4ssern aus amerikanischer Eiche gelagert wird. Diese F\u00e4sser m\u00fcssen mindestens drei Jahre lang einige der Sherryweinsorten enthalten haben.<\/p>\n<p>Die Destillation erfolgt mit den Weinen ohne ihren Trub und durch einfache Destillation, wobei Kopf und Schwanz getrennt werden und nur die zentrale Fraktion der Branntweine ausgew\u00e4hlt wird.<\/p>\n<p>Dieses Solera-Verfahren verleiht dem Brandy Prestigio 50 im Laufe der Zeit organoleptische Eigenschaften. Das liegt an der Art des Holzes, aus dem die Stiefel gefertigt sind, und an der Fl\u00fcssigkeit, die sie zuvor enthalten haben. Etwa \u00bc des Gesamtinhalts wird aus jedem Stiefel extrahiert. Anschlie\u00dfend wird das in den einzelnen Soleras erzeugte Vakuum mit Branntwein aus den auf der n\u00e4chsth\u00f6heren Ebene befindlichen F\u00e4ssern aufgef\u00fcllt. Dieser fraktionierte Reifungsprozess verleiht dem Brandy Prestigio eine gro\u00dfe Homogenit\u00e4t und bew\u00e4hrte Qualit\u00e4t.<\/p>\n<p>Das Ergebnis ist ein Destillat mit einem intensiven Aroma und einer kristallinen braunen Farbe mit sanften Noten von Lakritz und Holz. Zweifelsohne ist es ein Gaumenschmaus. Es \u00fcbertrifft die Erwartungen der Anspruchsvollsten. Sie werden keinen anderen Brandy wie diesen finden. Kein anderer ist so exklusiv wie die begrenzte Anzahl, die jedes Jahr abgef\u00fcllt wird.<\/p>\n","protected":false},"excerpt":{"rendered":"<div class=\"references\">Ein Genuss f\u00fcr den Gaumen. Prestige Brandy ist das Ergebnis einer langen Tradition in der Herstellung dieses ber\u00fchmten Getr\u00e4nks. Er stammt aus einem ganz besonderen Jahrgang, einer Reserve von 1946, von der eine sehr begrenzte und kontrollierte Serie produziert wird. Es handelt sich um einen Brandy, der nach dem traditionellen Solera-Verfahren gereift ist.<\/div>\n","protected":false},"featured_media":3815,"comment_status":"open","ping_status":"closed","template":"","meta":{"inline_featured_image":false},"product_cat":[952,530],"product_tag":[579],"class_list":{"0":"post-2746","1":"product","2":"type-product","3":"status-publish","4":"has-post-thumbnail","6":"product_cat-cognac-und-brandy","7":"product_cat-spirituosen","8":"product_tag-brandy-de","10":"first","11":"instock","12":"sale","13":"taxable","14":"shipping-taxable","15":"purchasable","16":"product-type-simple"},"yoast_head":"<!-- This site is optimized with the Yoast SEO plugin v27.4 - https:\/\/yoast.com\/product\/yoast-seo-wordpress\/ -->\n<title>Brandy Prestigio 5 Jahre in F\u00e4ssern kaufen: Liquorer\u00eda Online<\/title>\n<meta name=\"description\" content=\"Entdecken Sie Prestige Brandy. Kaufen Sie den besten Brandy mit Noten von Lakritz und Holz exklusiv bei Licorer\u00eda Online. Abgebaut.\" \/>\n<meta name=\"robots\" content=\"index, follow, max-snippet:-1, max-image-preview:large, max-video-preview:-1\" \/>\n<link rel=\"canonical\" href=\"https:\/\/degrados.es\/de\/producto\/brandy-prestige\/\" \/>\n<meta property=\"og:locale\" content=\"de_DE\" \/>\n<meta property=\"og:type\" content=\"article\" \/>\n<meta property=\"og:title\" content=\"Brandy Prestigio 5 Jahre in F\u00e4ssern kaufen: Liquorer\u00eda Online\" \/>\n<meta property=\"og:description\" content=\"Entdecken Sie Prestige Brandy. Kaufen Sie den besten Brandy mit Noten von Lakritz und Holz exklusiv bei Licorer\u00eda Online. Abgebaut.\" \/>\n<meta property=\"og:url\" content=\"https:\/\/degrados.es\/de\/producto\/brandy-prestige\/\" \/>\n<meta property=\"og:site_name\" content=\"Online Spirituosengesch\u00e4ft\" \/>\n<meta property=\"article:modified_time\" content=\"2024-04-24T08:06:54+00:00\" \/>\n<meta property=\"og:image\" content=\"https:\/\/degrados.es\/wp-content\/uploads\/2022\/02\/Brandy-50-Prestigio.webp\" \/>\n\t<meta property=\"og:image:width\" content=\"1000\" \/>\n\t<meta property=\"og:image:height\" content=\"1000\" \/>\n\t<meta property=\"og:image:type\" content=\"image\/webp\" \/>\n<meta name=\"twitter:card\" content=\"summary_large_image\" \/>\n<meta name=\"twitter:label1\" content=\"Preis\" \/>\n\t<meta name=\"twitter:data1\" content=\"31,82&euro; IVA Incluido\" \/>\n\t<meta name=\"twitter:label2\" content=\"Verf\u00fcgbarkeit\" \/>\n\t<meta name=\"twitter:data2\" content=\"Auf Lager\" \/>\n<script type=\"application\/ld+json\" class=\"yoast-schema-graph\">{\"@context\":\"https:\\\/\\\/schema.org\",\"@graph\":[{\"@type\":\"WebPage\",\"@id\":\"https:\\\/\\\/degrados.es\\\/de\\\/producto\\\/brandy-prestige\\\/\",\"url\":\"https:\\\/\\\/degrados.es\\\/de\\\/producto\\\/brandy-prestige\\\/\",\"name\":\"Brandy Prestigio 5 Jahre in F\u00e4ssern kaufen: Liquorer\u00eda Online\",\"isPartOf\":{\"@id\":\"https:\\\/\\\/degrados.es\\\/#website\"},\"primaryImageOfPage\":{\"@id\":\"https:\\\/\\\/degrados.es\\\/de\\\/producto\\\/brandy-prestige\\\/#primaryimage\"},\"image\":{\"@id\":\"https:\\\/\\\/degrados.es\\\/de\\\/producto\\\/brandy-prestige\\\/#primaryimage\"},\"thumbnailUrl\":\"https:\\\/\\\/degrados.es\\\/wp-content\\\/uploads\\\/2022\\\/02\\\/Brandy-50-Prestigio.webp\",\"datePublished\":\"2022-02-24T11:26:31+00:00\",\"dateModified\":\"2024-04-24T08:06:54+00:00\",\"description\":\"Entdecken Sie Prestige Brandy. Kaufen Sie den besten Brandy mit Noten von Lakritz und Holz exklusiv bei Licorer\u00eda Online. Abgebaut.\",\"breadcrumb\":{\"@id\":\"https:\\\/\\\/degrados.es\\\/de\\\/producto\\\/brandy-prestige\\\/#breadcrumb\"},\"inLanguage\":\"de\",\"potentialAction\":[{\"@type\":\"ReadAction\",\"target\":[\"https:\\\/\\\/degrados.es\\\/de\\\/producto\\\/brandy-prestige\\\/\"]}]},{\"@type\":\"ImageObject\",\"inLanguage\":\"de\",\"@id\":\"https:\\\/\\\/degrados.es\\\/de\\\/producto\\\/brandy-prestige\\\/#primaryimage\",\"url\":\"https:\\\/\\\/degrados.es\\\/wp-content\\\/uploads\\\/2022\\\/02\\\/Brandy-50-Prestigio.webp\",\"contentUrl\":\"https:\\\/\\\/degrados.es\\\/wp-content\\\/uploads\\\/2022\\\/02\\\/Brandy-50-Prestigio.webp\",\"width\":1000,\"height\":1000,\"caption\":\"brandy Prestigio 5 a\u00f1os\"},{\"@type\":\"BreadcrumbList\",\"@id\":\"https:\\\/\\\/degrados.es\\\/de\\\/producto\\\/brandy-prestige\\\/#breadcrumb\",\"itemListElement\":[{\"@type\":\"ListItem\",\"position\":1,\"name\":\"Home\",\"item\":\"https:\\\/\\\/degrados.es\\\/de\\\/startseite\\\/\"},{\"@type\":\"ListItem\",\"position\":2,\"name\":\"Shop\",\"item\":\"https:\\\/\\\/degrados.es\\\/de\\\/?page_id=2821\"},{\"@type\":\"ListItem\",\"position\":3,\"name\":\"Brandy Prestige\"}]},{\"@type\":\"WebSite\",\"@id\":\"https:\\\/\\\/degrados.es\\\/#website\",\"url\":\"https:\\\/\\\/degrados.es\\\/\",\"name\":\"Degrados\",\"description\":\"Spirituosen online kaufen\",\"publisher\":{\"@id\":\"https:\\\/\\\/degrados.es\\\/#organization\"},\"alternateName\":\"Licorer\u00eda online\",\"potentialAction\":[{\"@type\":\"SearchAction\",\"target\":{\"@type\":\"EntryPoint\",\"urlTemplate\":\"https:\\\/\\\/degrados.es\\\/?s={search_term_string}\"},\"query-input\":{\"@type\":\"PropertyValueSpecification\",\"valueRequired\":true,\"valueName\":\"search_term_string\"}}],\"inLanguage\":\"de\"},{\"@type\":\"Organization\",\"@id\":\"https:\\\/\\\/degrados.es\\\/#organization\",\"name\":\"DeGrados\",\"url\":\"https:\\\/\\\/degrados.es\\\/\",\"logo\":{\"@type\":\"ImageObject\",\"inLanguage\":\"de\",\"@id\":\"https:\\\/\\\/degrados.es\\\/#\\\/schema\\\/logo\\\/image\\\/\",\"url\":\"https:\\\/\\\/degrados.es\\\/wp-content\\\/uploads\\\/2021\\\/02\\\/Logo-degrados.png\",\"contentUrl\":\"https:\\\/\\\/degrados.es\\\/wp-content\\\/uploads\\\/2021\\\/02\\\/Logo-degrados.png\",\"width\":350,\"height\":86,\"caption\":\"DeGrados\"},\"image\":{\"@id\":\"https:\\\/\\\/degrados.es\\\/#\\\/schema\\\/logo\\\/image\\\/\"}}]}<\/script>\n<meta property=\"product:price:amount\" content=\"31.82\" \/>\n<meta property=\"product:price:currency\" content=\"EUR\" \/>\n<meta property=\"og:availability\" content=\"instock\" \/>\n<meta property=\"product:availability\" content=\"instock\" \/>\n<meta property=\"product:retailer_item_id\" content=\"D1G59\" \/>\n<meta property=\"product:condition\" content=\"new\" \/>\n<!-- \/ Yoast SEO plugin. -->","yoast_head_json":{"title":"Brandy Prestigio 5 Jahre in F\u00e4ssern kaufen: Liquorer\u00eda Online","description":"Entdecken Sie Prestige Brandy. Kaufen Sie den besten Brandy mit Noten von Lakritz und Holz exklusiv bei Licorer\u00eda Online. Abgebaut.","robots":{"index":"index","follow":"follow","max-snippet":"max-snippet:-1","max-image-preview":"max-image-preview:large","max-video-preview":"max-video-preview:-1"},"canonical":"https:\/\/degrados.es\/de\/producto\/brandy-prestige\/","og_locale":"de_DE","og_type":"article","og_title":"Brandy Prestigio 5 Jahre in F\u00e4ssern kaufen: Liquorer\u00eda Online","og_description":"Entdecken Sie Prestige Brandy. Kaufen Sie den besten Brandy mit Noten von Lakritz und Holz exklusiv bei Licorer\u00eda Online. Abgebaut.","og_url":"https:\/\/degrados.es\/de\/producto\/brandy-prestige\/","og_site_name":"Online Spirituosengesch\u00e4ft","article_modified_time":"2024-04-24T08:06:54+00:00","og_image":[{"width":1000,"height":1000,"url":"https:\/\/degrados.es\/wp-content\/uploads\/2022\/02\/Brandy-50-Prestigio.webp","type":"image\/webp"}],"twitter_card":"summary_large_image","twitter_misc":{"Preis":"31,82&euro; IVA Incluido","Verf\u00fcgbarkeit":"Auf Lager"},"schema":{"@context":"https:\/\/schema.org","@graph":[{"@type":"WebPage","@id":"https:\/\/degrados.es\/de\/producto\/brandy-prestige\/","url":"https:\/\/degrados.es\/de\/producto\/brandy-prestige\/","name":"Brandy Prestigio 5 Jahre in F\u00e4ssern kaufen: Liquorer\u00eda Online","isPartOf":{"@id":"https:\/\/degrados.es\/#website"},"primaryImageOfPage":{"@id":"https:\/\/degrados.es\/de\/producto\/brandy-prestige\/#primaryimage"},"image":{"@id":"https:\/\/degrados.es\/de\/producto\/brandy-prestige\/#primaryimage"},"thumbnailUrl":"https:\/\/degrados.es\/wp-content\/uploads\/2022\/02\/Brandy-50-Prestigio.webp","datePublished":"2022-02-24T11:26:31+00:00","dateModified":"2024-04-24T08:06:54+00:00","description":"Entdecken Sie Prestige Brandy. Kaufen Sie den besten Brandy mit Noten von Lakritz und Holz exklusiv bei Licorer\u00eda Online. Abgebaut.","breadcrumb":{"@id":"https:\/\/degrados.es\/de\/producto\/brandy-prestige\/#breadcrumb"},"inLanguage":"de","potentialAction":[{"@type":"ReadAction","target":["https:\/\/degrados.es\/de\/producto\/brandy-prestige\/"]}]},{"@type":"ImageObject","inLanguage":"de","@id":"https:\/\/degrados.es\/de\/producto\/brandy-prestige\/#primaryimage","url":"https:\/\/degrados.es\/wp-content\/uploads\/2022\/02\/Brandy-50-Prestigio.webp","contentUrl":"https:\/\/degrados.es\/wp-content\/uploads\/2022\/02\/Brandy-50-Prestigio.webp","width":1000,"height":1000,"caption":"brandy Prestigio 5 a\u00f1os"},{"@type":"BreadcrumbList","@id":"https:\/\/degrados.es\/de\/producto\/brandy-prestige\/#breadcrumb","itemListElement":[{"@type":"ListItem","position":1,"name":"Home","item":"https:\/\/degrados.es\/de\/startseite\/"},{"@type":"ListItem","position":2,"name":"Shop","item":"https:\/\/degrados.es\/de\/?page_id=2821"},{"@type":"ListItem","position":3,"name":"Brandy Prestige"}]},{"@type":"WebSite","@id":"https:\/\/degrados.es\/#website","url":"https:\/\/degrados.es\/","name":"Degrados","description":"Spirituosen online kaufen","publisher":{"@id":"https:\/\/degrados.es\/#organization"},"alternateName":"Licorer\u00eda online","potentialAction":[{"@type":"SearchAction","target":{"@type":"EntryPoint","urlTemplate":"https:\/\/degrados.es\/?s={search_term_string}"},"query-input":{"@type":"PropertyValueSpecification","valueRequired":true,"valueName":"search_term_string"}}],"inLanguage":"de"},{"@type":"Organization","@id":"https:\/\/degrados.es\/#organization","name":"DeGrados","url":"https:\/\/degrados.es\/","logo":{"@type":"ImageObject","inLanguage":"de","@id":"https:\/\/degrados.es\/#\/schema\/logo\/image\/","url":"https:\/\/degrados.es\/wp-content\/uploads\/2021\/02\/Logo-degrados.png","contentUrl":"https:\/\/degrados.es\/wp-content\/uploads\/2021\/02\/Logo-degrados.png","width":350,"height":86,"caption":"DeGrados"},"image":{"@id":"https:\/\/degrados.es\/#\/schema\/logo\/image\/"}}]},"product_price_amount":"31.82","product_price_currency":"EUR","og_availability":"instock","product_availability":"instock","product_retailer_item_id":"D1G59","product_condition":"new"},"_links":{"self":[{"href":"https:\/\/degrados.es\/de\/wp-json\/wp\/v2\/product\/2746","targetHints":{"allow":["GET"]}}],"collection":[{"href":"https:\/\/degrados.es\/de\/wp-json\/wp\/v2\/product"}],"about":[{"href":"https:\/\/degrados.es\/de\/wp-json\/wp\/v2\/types\/product"}],"replies":[{"embeddable":true,"href":"https:\/\/degrados.es\/de\/wp-json\/wp\/v2\/comments?post=2746"}],"wp:featuredmedia":[{"embeddable":true,"href":"https:\/\/degrados.es\/de\/wp-json\/wp\/v2\/media\/3815"}],"wp:attachment":[{"href":"https:\/\/degrados.es\/de\/wp-json\/wp\/v2\/media?parent=2746"}],"wp:term":[{"taxonomy":"product_cat","embeddable":true,"href":"https:\/\/degrados.es\/de\/wp-json\/wp\/v2\/product_cat?post=2746"},{"taxonomy":"product_tag","embeddable":true,"href":"https:\/\/degrados.es\/de\/wp-json\/wp\/v2\/product_tag?post=2746"}],"curies":[{"name":"wp","href":"https:\/\/api.w.org\/{rel}","templated":true}]}}