{"id":2747,"date":"2022-02-25T11:11:08","date_gmt":"2022-02-25T10:11:08","guid":{"rendered":"https:\/\/degrados.es\/producto\/islaendischer-premium-wodka\/"},"modified":"2023-12-19T13:02:23","modified_gmt":"2023-12-19T12:02:23","slug":"islaendischer-premium-wodka","status":"publish","type":"product","link":"https:\/\/degrados.es\/de\/producto\/islaendischer-premium-wodka\/","title":{"rendered":"Isl\u00e4ndischer Premium-Wodka"},"content":{"rendered":"<p>Nur durch die Auswahl von raffiniertem Getreide und kristallklarem Wasser entsteht ein so neutrales und reines Produkt. Premium Icelandic Selected Vodka hat das Gl\u00fcck, dass er nach einem handwerklichen Verfahren hergestellt wird, das ihm den besten Geschmack verleiht. Mit gr\u00f6\u00dfter Sorgfalt und einer dreifachen Destillation hergestellt, zeigt er die enorme Qualit\u00e4t dieses Premium-Vodkas.<\/p>\n<p>Von den h\u00f6chsten Bergen kommt der k\u00e4lteste Schnee, der durch den Kalkstein sickert und reine Quellen schafft, die die Grundlage f\u00fcr die unverwechselbare Kristallinit\u00e4t von Premium Icelandic Selected Vodka sind.<\/p>\n<p>Premium Icelandic Selected Vodka ist perfekt f\u00fcr die gro\u00dfen Wodka-Liebhaber und Kenner. Probieren Sie ihn und genie\u00dfen Sie die Textur und die besondere K\u00f6stlichkeit, die kein anderer Wodka je geboten hat.<\/p>\n<p>Unser Premium Icelandic Selected Vodka ist ein erlesenes Produkt, das Sie pur, on the rocks oder in jeder beliebigen Kombination trinken k\u00f6nnen. Es gibt viele M\u00f6glichkeiten, passen Sie es an Ihren pers\u00f6nlichen Geschmack an, und wenn Sie es sehr kalt servieren, ist es ein sicherer Erfolg.<\/p>\n<p>Diese Art von Destillat ist eine der begehrtesten und kommt nie aus der Mode. Isl\u00e4ndischer Wodka wird von nun an die perfekte Basis f\u00fcr die raffiniertesten Cocktails sein.<\/p>\n","protected":false},"excerpt":{"rendered":"<p>Unser exzellenter isl\u00e4ndischer Wodka erh\u00e4lt mit Premium Icelandic Selected Vodka eine erlesene Qualit\u00e4t. Hergestellt nach der handwerklichen Wodka-Methode und mit dreifacher Destillation ist er ein Wodka mit einem weichen und intensiven Geschmack im Mund und einem unglaublichen Aroma.<\/p>\n","protected":false},"featured_media":2594,"comment_status":"open","ping_status":"closed","template":"","meta":{"inline_featured_image":false},"product_cat":[564,578],"product_tag":[584,586,581],"class_list":{"0":"post-2747","1":"product","2":"type-product","3":"status-publish","4":"has-post-thumbnail","6":"product_cat-destillate","7":"product_cat-wodka","8":"product_tag-gourmet-wodka","9":"product_tag-premium-wodka","10":"product_tag-wodka","12":"first","13":"instock","14":"sale","15":"taxable","16":"shipping-taxable","17":"purchasable","18":"product-type-simple"},"yoast_head":"<!-- This site is optimized with the Yoast SEO plugin v27.4 - https:\/\/yoast.com\/product\/yoast-seo-wordpress\/ -->\n<title>Premium Vodka Online Isl\u00e4ndisch: Gourmet-Spirituosen und destillierte Spirituosen<\/title>\n<meta name=\"description\" content=\"Entdecken Sie Icelandic Premium Vodka, einen dreifach destillierten Gourmet-Vodka. Wodka online kaufen bei Licorer\u00eda Online. Abgebaut.\" \/>\n<meta name=\"robots\" content=\"index, follow, max-snippet:-1, max-image-preview:large, max-video-preview:-1\" \/>\n<link rel=\"canonical\" href=\"https:\/\/degrados.es\/de\/?post_type=product&p=2747\" \/>\n<meta property=\"og:locale\" content=\"de_DE\" \/>\n<meta property=\"og:type\" content=\"article\" \/>\n<meta property=\"og:title\" content=\"Premium Vodka Online Isl\u00e4ndisch: Gourmet-Spirituosen und destillierte Spirituosen\" \/>\n<meta property=\"og:description\" content=\"Entdecken Sie Icelandic Premium Vodka, einen dreifach destillierten Gourmet-Vodka. Wodka online kaufen bei Licorer\u00eda Online. Abgebaut.\" \/>\n<meta property=\"og:url\" content=\"https:\/\/degrados.es\/de\/?post_type=product&amp;p=2747\" \/>\n<meta property=\"og:site_name\" content=\"Online Spirituosengesch\u00e4ft\" \/>\n<meta property=\"article:modified_time\" content=\"2023-12-19T12:02:23+00:00\" \/>\n<meta property=\"og:image\" content=\"https:\/\/degrados.es\/wp-content\/uploads\/2022\/02\/Vodka-gourmet.webp\" \/>\n\t<meta property=\"og:image:width\" content=\"430\" \/>\n\t<meta property=\"og:image:height\" content=\"430\" \/>\n\t<meta property=\"og:image:type\" content=\"image\/webp\" \/>\n<meta name=\"twitter:card\" content=\"summary_large_image\" \/>\n<meta name=\"twitter:label1\" content=\"Preis\" \/>\n\t<meta name=\"twitter:data1\" content=\"30,40&euro; IVA Incluido\" \/>\n\t<meta name=\"twitter:label2\" content=\"Verf\u00fcgbarkeit\" \/>\n\t<meta name=\"twitter:data2\" content=\"Auf Lager\" \/>\n<script type=\"application\/ld+json\" class=\"yoast-schema-graph\">{\"@context\":\"https:\\\/\\\/schema.org\",\"@graph\":[{\"@type\":\"WebPage\",\"@id\":\"https:\\\/\\\/degrados.es\\\/de\\\/?post_type=product&p=2747\",\"url\":\"https:\\\/\\\/degrados.es\\\/de\\\/?post_type=product&p=2747\",\"name\":\"Premium Vodka Online Isl\u00e4ndisch: Gourmet-Spirituosen und destillierte Spirituosen\",\"isPartOf\":{\"@id\":\"https:\\\/\\\/degrados.es\\\/#website\"},\"primaryImageOfPage\":{\"@id\":\"https:\\\/\\\/degrados.es\\\/de\\\/?post_type=product&p=2747#primaryimage\"},\"image\":{\"@id\":\"https:\\\/\\\/degrados.es\\\/de\\\/?post_type=product&p=2747#primaryimage\"},\"thumbnailUrl\":\"https:\\\/\\\/degrados.es\\\/wp-content\\\/uploads\\\/2022\\\/02\\\/Vodka-gourmet.webp\",\"datePublished\":\"2022-02-25T10:11:08+00:00\",\"dateModified\":\"2023-12-19T12:02:23+00:00\",\"description\":\"Entdecken Sie Icelandic Premium Vodka, einen dreifach destillierten Gourmet-Vodka. Wodka online kaufen bei Licorer\u00eda Online. Abgebaut.\",\"breadcrumb\":{\"@id\":\"https:\\\/\\\/degrados.es\\\/de\\\/?post_type=product&p=2747#breadcrumb\"},\"inLanguage\":\"de\",\"potentialAction\":[{\"@type\":\"ReadAction\",\"target\":[\"https:\\\/\\\/degrados.es\\\/de\\\/?post_type=product&p=2747\"]}]},{\"@type\":\"ImageObject\",\"inLanguage\":\"de\",\"@id\":\"https:\\\/\\\/degrados.es\\\/de\\\/?post_type=product&p=2747#primaryimage\",\"url\":\"https:\\\/\\\/degrados.es\\\/wp-content\\\/uploads\\\/2022\\\/02\\\/Vodka-gourmet.webp\",\"contentUrl\":\"https:\\\/\\\/degrados.es\\\/wp-content\\\/uploads\\\/2022\\\/02\\\/Vodka-gourmet.webp\",\"width\":430,\"height\":430,\"caption\":\"Gourmet-Wodka kaufen\"},{\"@type\":\"BreadcrumbList\",\"@id\":\"https:\\\/\\\/degrados.es\\\/de\\\/?post_type=product&p=2747#breadcrumb\",\"itemListElement\":[{\"@type\":\"ListItem\",\"position\":1,\"name\":\"Home\",\"item\":\"https:\\\/\\\/degrados.es\\\/de\\\/startseite\\\/\"},{\"@type\":\"ListItem\",\"position\":2,\"name\":\"Shop\",\"item\":\"https:\\\/\\\/degrados.es\\\/de\\\/?page_id=2821\"},{\"@type\":\"ListItem\",\"position\":3,\"name\":\"Isl\u00e4ndischer Premium-Wodka\"}]},{\"@type\":\"WebSite\",\"@id\":\"https:\\\/\\\/degrados.es\\\/#website\",\"url\":\"https:\\\/\\\/degrados.es\\\/\",\"name\":\"Degrados\",\"description\":\"Spirituosen online kaufen\",\"publisher\":{\"@id\":\"https:\\\/\\\/degrados.es\\\/#organization\"},\"alternateName\":\"Licorer\u00eda online\",\"potentialAction\":[{\"@type\":\"SearchAction\",\"target\":{\"@type\":\"EntryPoint\",\"urlTemplate\":\"https:\\\/\\\/degrados.es\\\/?s={search_term_string}\"},\"query-input\":{\"@type\":\"PropertyValueSpecification\",\"valueRequired\":true,\"valueName\":\"search_term_string\"}}],\"inLanguage\":\"de\"},{\"@type\":\"Organization\",\"@id\":\"https:\\\/\\\/degrados.es\\\/#organization\",\"name\":\"DeGrados\",\"url\":\"https:\\\/\\\/degrados.es\\\/\",\"logo\":{\"@type\":\"ImageObject\",\"inLanguage\":\"de\",\"@id\":\"https:\\\/\\\/degrados.es\\\/#\\\/schema\\\/logo\\\/image\\\/\",\"url\":\"https:\\\/\\\/degrados.es\\\/wp-content\\\/uploads\\\/2021\\\/02\\\/Logo-degrados.png\",\"contentUrl\":\"https:\\\/\\\/degrados.es\\\/wp-content\\\/uploads\\\/2021\\\/02\\\/Logo-degrados.png\",\"width\":350,\"height\":86,\"caption\":\"DeGrados\"},\"image\":{\"@id\":\"https:\\\/\\\/degrados.es\\\/#\\\/schema\\\/logo\\\/image\\\/\"}}]}<\/script>\n<meta property=\"product:price:amount\" content=\"30.40\" \/>\n<meta property=\"product:price:currency\" content=\"EUR\" \/>\n<meta property=\"og:availability\" content=\"instock\" \/>\n<meta property=\"product:availability\" content=\"instock\" \/>\n<meta property=\"product:retailer_item_id\" content=\"D1G70\" \/>\n<meta property=\"product:condition\" content=\"new\" \/>\n<!-- \/ Yoast SEO plugin. -->","yoast_head_json":{"title":"Premium Vodka Online Isl\u00e4ndisch: Gourmet-Spirituosen und destillierte Spirituosen","description":"Entdecken Sie Icelandic Premium Vodka, einen dreifach destillierten Gourmet-Vodka. Wodka online kaufen bei Licorer\u00eda Online. Abgebaut.","robots":{"index":"index","follow":"follow","max-snippet":"max-snippet:-1","max-image-preview":"max-image-preview:large","max-video-preview":"max-video-preview:-1"},"canonical":"https:\/\/degrados.es\/de\/?post_type=product&p=2747","og_locale":"de_DE","og_type":"article","og_title":"Premium Vodka Online Isl\u00e4ndisch: Gourmet-Spirituosen und destillierte Spirituosen","og_description":"Entdecken Sie Icelandic Premium Vodka, einen dreifach destillierten Gourmet-Vodka. Wodka online kaufen bei Licorer\u00eda Online. Abgebaut.","og_url":"https:\/\/degrados.es\/de\/?post_type=product&p=2747","og_site_name":"Online Spirituosengesch\u00e4ft","article_modified_time":"2023-12-19T12:02:23+00:00","og_image":[{"width":430,"height":430,"url":"https:\/\/degrados.es\/wp-content\/uploads\/2022\/02\/Vodka-gourmet.webp","type":"image\/webp"}],"twitter_card":"summary_large_image","twitter_misc":{"Preis":"30,40&euro; IVA Incluido","Verf\u00fcgbarkeit":"Auf Lager"},"schema":{"@context":"https:\/\/schema.org","@graph":[{"@type":"WebPage","@id":"https:\/\/degrados.es\/de\/?post_type=product&p=2747","url":"https:\/\/degrados.es\/de\/?post_type=product&p=2747","name":"Premium Vodka Online Isl\u00e4ndisch: Gourmet-Spirituosen und destillierte Spirituosen","isPartOf":{"@id":"https:\/\/degrados.es\/#website"},"primaryImageOfPage":{"@id":"https:\/\/degrados.es\/de\/?post_type=product&p=2747#primaryimage"},"image":{"@id":"https:\/\/degrados.es\/de\/?post_type=product&p=2747#primaryimage"},"thumbnailUrl":"https:\/\/degrados.es\/wp-content\/uploads\/2022\/02\/Vodka-gourmet.webp","datePublished":"2022-02-25T10:11:08+00:00","dateModified":"2023-12-19T12:02:23+00:00","description":"Entdecken Sie Icelandic Premium Vodka, einen dreifach destillierten Gourmet-Vodka. Wodka online kaufen bei Licorer\u00eda Online. Abgebaut.","breadcrumb":{"@id":"https:\/\/degrados.es\/de\/?post_type=product&p=2747#breadcrumb"},"inLanguage":"de","potentialAction":[{"@type":"ReadAction","target":["https:\/\/degrados.es\/de\/?post_type=product&p=2747"]}]},{"@type":"ImageObject","inLanguage":"de","@id":"https:\/\/degrados.es\/de\/?post_type=product&p=2747#primaryimage","url":"https:\/\/degrados.es\/wp-content\/uploads\/2022\/02\/Vodka-gourmet.webp","contentUrl":"https:\/\/degrados.es\/wp-content\/uploads\/2022\/02\/Vodka-gourmet.webp","width":430,"height":430,"caption":"Gourmet-Wodka kaufen"},{"@type":"BreadcrumbList","@id":"https:\/\/degrados.es\/de\/?post_type=product&p=2747#breadcrumb","itemListElement":[{"@type":"ListItem","position":1,"name":"Home","item":"https:\/\/degrados.es\/de\/startseite\/"},{"@type":"ListItem","position":2,"name":"Shop","item":"https:\/\/degrados.es\/de\/?page_id=2821"},{"@type":"ListItem","position":3,"name":"Isl\u00e4ndischer Premium-Wodka"}]},{"@type":"WebSite","@id":"https:\/\/degrados.es\/#website","url":"https:\/\/degrados.es\/","name":"Degrados","description":"Spirituosen online kaufen","publisher":{"@id":"https:\/\/degrados.es\/#organization"},"alternateName":"Licorer\u00eda online","potentialAction":[{"@type":"SearchAction","target":{"@type":"EntryPoint","urlTemplate":"https:\/\/degrados.es\/?s={search_term_string}"},"query-input":{"@type":"PropertyValueSpecification","valueRequired":true,"valueName":"search_term_string"}}],"inLanguage":"de"},{"@type":"Organization","@id":"https:\/\/degrados.es\/#organization","name":"DeGrados","url":"https:\/\/degrados.es\/","logo":{"@type":"ImageObject","inLanguage":"de","@id":"https:\/\/degrados.es\/#\/schema\/logo\/image\/","url":"https:\/\/degrados.es\/wp-content\/uploads\/2021\/02\/Logo-degrados.png","contentUrl":"https:\/\/degrados.es\/wp-content\/uploads\/2021\/02\/Logo-degrados.png","width":350,"height":86,"caption":"DeGrados"},"image":{"@id":"https:\/\/degrados.es\/#\/schema\/logo\/image\/"}}]},"product_price_amount":"30.40","product_price_currency":"EUR","og_availability":"instock","product_availability":"instock","product_retailer_item_id":"D1G70","product_condition":"new"},"_links":{"self":[{"href":"https:\/\/degrados.es\/de\/wp-json\/wp\/v2\/product\/2747","targetHints":{"allow":["GET"]}}],"collection":[{"href":"https:\/\/degrados.es\/de\/wp-json\/wp\/v2\/product"}],"about":[{"href":"https:\/\/degrados.es\/de\/wp-json\/wp\/v2\/types\/product"}],"replies":[{"embeddable":true,"href":"https:\/\/degrados.es\/de\/wp-json\/wp\/v2\/comments?post=2747"}],"wp:featuredmedia":[{"embeddable":true,"href":"https:\/\/degrados.es\/de\/wp-json\/wp\/v2\/media\/2594"}],"wp:attachment":[{"href":"https:\/\/degrados.es\/de\/wp-json\/wp\/v2\/media?parent=2747"}],"wp:term":[{"taxonomy":"product_cat","embeddable":true,"href":"https:\/\/degrados.es\/de\/wp-json\/wp\/v2\/product_cat?post=2747"},{"taxonomy":"product_tag","embeddable":true,"href":"https:\/\/degrados.es\/de\/wp-json\/wp\/v2\/product_tag?post=2747"}],"curies":[{"name":"wp","href":"https:\/\/api.w.org\/{rel}","templated":true}]}}