{"id":2751,"date":"2022-02-25T13:02:05","date_gmt":"2022-02-25T12:02:05","guid":{"rendered":"https:\/\/degrados.es\/producto\/kcalla-aniscreme\/"},"modified":"2023-12-19T13:02:23","modified_gmt":"2023-12-19T12:02:23","slug":"kcalla-aniscreme","status":"publish","type":"product","link":"https:\/\/degrados.es\/de\/producto\/kcalla-aniscreme\/","title":{"rendered":"K\u00e7alla-Aniscreme"},"content":{"rendered":"<p>Die beste K\u00e7alla der Valencianischen Gemeinschaft wird in Form von Aniscreme neu erfunden. Die K\u00e7alla Aniscreme ist ein traditionelles und zugleich modernes Produkt, das das traditionelle Getr\u00e4nk mit modernen Akzenten wie dem Geschmack der Creme mit intensiven und erfrischenden Anisnoten verbindet.<\/p>\n<p>Die Auswahl der besten Anisk\u00f6rner aus dem Mittelmeerraum wird mit einem sorgf\u00e4ltigen Destillationsverfahren kombiniert. Mit K\u00e7alla Crema de An\u00eds haben wir uns neu erfunden, um einen intensiven und angenehmen Geschmack und ein angenehmes Aroma zu bieten. Wir empfehlen K\u00e7alla Crema de An\u00eds als Aperitif nach dem Mittag- oder Abendessen, als H\u00f6hepunkt eines unglaublichen Abends.<\/p>\n","protected":false},"excerpt":{"rendered":"<p>Der Anislik\u00f6r wird mit K\u00e7alla Crema de an\u00eds neu erfunden, das Getr\u00e4nk des Lebens mit modernen Akzenten wie dem Geschmack der Sahne mit intensiven und erfrischenden Anisnoten.<\/p>\n","protected":false},"featured_media":3893,"comment_status":"open","ping_status":"closed","template":"","meta":{"inline_featured_image":false},"product_cat":[540,530],"product_tag":[589,590,547],"class_list":{"0":"post-2751","1":"product","2":"type-product","3":"status-publish","4":"has-post-thumbnail","6":"product_cat-cazalla-de","7":"product_cat-spirituosen","8":"product_tag-anis-de","9":"product_tag-anis-creme","10":"product_tag-cazalla-de","12":"first","13":"instock","14":"sale","15":"taxable","16":"shipping-taxable","17":"purchasable","18":"product-type-simple"},"yoast_head":"<!-- This site is optimized with the Yoast SEO plugin v27.4 - https:\/\/yoast.com\/product\/yoast-seo-wordpress\/ -->\n<title>Aniscreme kaufen - K\u00e7alla Aniscreme - Licorer\u00eda Degrados<\/title>\n<meta name=\"description\" content=\"Entdecken Sie die Aniscreme von K\u00e7alla, mit intensiven und erfrischenden Anisnoten. K\u00e7alla Aniscreme bei Degrados kaufen.\" \/>\n<meta name=\"robots\" content=\"index, follow, max-snippet:-1, max-image-preview:large, max-video-preview:-1\" \/>\n<link rel=\"canonical\" href=\"https:\/\/degrados.es\/de\/?post_type=product&p=2751\" \/>\n<meta property=\"og:locale\" content=\"de_DE\" \/>\n<meta property=\"og:type\" content=\"article\" \/>\n<meta property=\"og:title\" content=\"Aniscreme kaufen - K\u00e7alla Aniscreme - Licorer\u00eda Degrados\" \/>\n<meta property=\"og:description\" content=\"Entdecken Sie die Aniscreme von K\u00e7alla, mit intensiven und erfrischenden Anisnoten. K\u00e7alla Aniscreme bei Degrados kaufen.\" \/>\n<meta property=\"og:url\" content=\"https:\/\/degrados.es\/de\/?post_type=product&amp;p=2751\" \/>\n<meta property=\"og:site_name\" content=\"Online Spirituosengesch\u00e4ft\" \/>\n<meta property=\"article:modified_time\" content=\"2023-12-19T12:02:23+00:00\" \/>\n<meta property=\"og:image\" content=\"https:\/\/degrados.es\/wp-content\/uploads\/2022\/02\/Licor-crema-de-anis.webp\" \/>\n\t<meta property=\"og:image:width\" content=\"300\" \/>\n\t<meta property=\"og:image:height\" content=\"300\" \/>\n\t<meta property=\"og:image:type\" content=\"image\/webp\" \/>\n<meta name=\"twitter:card\" content=\"summary_large_image\" \/>\n<meta name=\"twitter:label1\" content=\"Preis\" \/>\n\t<meta name=\"twitter:data1\" content=\"10,62&euro; IVA Incluido\" \/>\n\t<meta name=\"twitter:label2\" content=\"Verf\u00fcgbarkeit\" \/>\n\t<meta name=\"twitter:data2\" content=\"Auf Lager\" \/>\n<script type=\"application\/ld+json\" class=\"yoast-schema-graph\">{\"@context\":\"https:\\\/\\\/schema.org\",\"@graph\":[{\"@type\":\"WebPage\",\"@id\":\"https:\\\/\\\/degrados.es\\\/de\\\/?post_type=product&p=2751\",\"url\":\"https:\\\/\\\/degrados.es\\\/de\\\/?post_type=product&p=2751\",\"name\":\"Aniscreme kaufen - K\u00e7alla Aniscreme - Licorer\u00eda Degrados\",\"isPartOf\":{\"@id\":\"https:\\\/\\\/degrados.es\\\/#website\"},\"primaryImageOfPage\":{\"@id\":\"https:\\\/\\\/degrados.es\\\/de\\\/?post_type=product&p=2751#primaryimage\"},\"image\":{\"@id\":\"https:\\\/\\\/degrados.es\\\/de\\\/?post_type=product&p=2751#primaryimage\"},\"thumbnailUrl\":\"https:\\\/\\\/degrados.es\\\/wp-content\\\/uploads\\\/2022\\\/02\\\/Licor-de-crema-con-anis.webp\",\"datePublished\":\"2022-02-25T12:02:05+00:00\",\"dateModified\":\"2023-12-19T12:02:23+00:00\",\"description\":\"Entdecken Sie die Aniscreme von K\u00e7alla, mit intensiven und erfrischenden Anisnoten. K\u00e7alla Aniscreme bei Degrados kaufen.\",\"breadcrumb\":{\"@id\":\"https:\\\/\\\/degrados.es\\\/de\\\/?post_type=product&p=2751#breadcrumb\"},\"inLanguage\":\"de\",\"potentialAction\":[{\"@type\":\"ReadAction\",\"target\":[\"https:\\\/\\\/degrados.es\\\/de\\\/?post_type=product&p=2751\"]}]},{\"@type\":\"ImageObject\",\"inLanguage\":\"de\",\"@id\":\"https:\\\/\\\/degrados.es\\\/de\\\/?post_type=product&p=2751#primaryimage\",\"url\":\"https:\\\/\\\/degrados.es\\\/wp-content\\\/uploads\\\/2022\\\/02\\\/Licor-de-crema-con-anis.webp\",\"contentUrl\":\"https:\\\/\\\/degrados.es\\\/wp-content\\\/uploads\\\/2022\\\/02\\\/Licor-de-crema-con-anis.webp\",\"width\":1000,\"height\":1000,\"caption\":\"Crema de an\u00eds K\u00e7alla\"},{\"@type\":\"BreadcrumbList\",\"@id\":\"https:\\\/\\\/degrados.es\\\/de\\\/?post_type=product&p=2751#breadcrumb\",\"itemListElement\":[{\"@type\":\"ListItem\",\"position\":1,\"name\":\"Home\",\"item\":\"https:\\\/\\\/degrados.es\\\/de\\\/startseite\\\/\"},{\"@type\":\"ListItem\",\"position\":2,\"name\":\"Shop\",\"item\":\"https:\\\/\\\/degrados.es\\\/de\\\/?page_id=2821\"},{\"@type\":\"ListItem\",\"position\":3,\"name\":\"K\u00e7alla-Aniscreme\"}]},{\"@type\":\"WebSite\",\"@id\":\"https:\\\/\\\/degrados.es\\\/#website\",\"url\":\"https:\\\/\\\/degrados.es\\\/\",\"name\":\"Degrados\",\"description\":\"Spirituosen online kaufen\",\"publisher\":{\"@id\":\"https:\\\/\\\/degrados.es\\\/#organization\"},\"alternateName\":\"Licorer\u00eda online\",\"potentialAction\":[{\"@type\":\"SearchAction\",\"target\":{\"@type\":\"EntryPoint\",\"urlTemplate\":\"https:\\\/\\\/degrados.es\\\/?s={search_term_string}\"},\"query-input\":{\"@type\":\"PropertyValueSpecification\",\"valueRequired\":true,\"valueName\":\"search_term_string\"}}],\"inLanguage\":\"de\"},{\"@type\":\"Organization\",\"@id\":\"https:\\\/\\\/degrados.es\\\/#organization\",\"name\":\"DeGrados\",\"url\":\"https:\\\/\\\/degrados.es\\\/\",\"logo\":{\"@type\":\"ImageObject\",\"inLanguage\":\"de\",\"@id\":\"https:\\\/\\\/degrados.es\\\/#\\\/schema\\\/logo\\\/image\\\/\",\"url\":\"https:\\\/\\\/degrados.es\\\/wp-content\\\/uploads\\\/2021\\\/02\\\/Logo-degrados.png\",\"contentUrl\":\"https:\\\/\\\/degrados.es\\\/wp-content\\\/uploads\\\/2021\\\/02\\\/Logo-degrados.png\",\"width\":350,\"height\":86,\"caption\":\"DeGrados\"},\"image\":{\"@id\":\"https:\\\/\\\/degrados.es\\\/#\\\/schema\\\/logo\\\/image\\\/\"}}]}<\/script>\n<meta property=\"product:price:amount\" content=\"10.62\" \/>\n<meta property=\"product:price:currency\" content=\"EUR\" \/>\n<meta property=\"og:availability\" content=\"instock\" \/>\n<meta property=\"product:availability\" content=\"instock\" \/>\n<meta property=\"product:retailer_item_id\" content=\"D1G47\" \/>\n<meta property=\"product:condition\" content=\"new\" \/>\n<!-- \/ Yoast SEO plugin. -->","yoast_head_json":{"title":"Aniscreme kaufen - K\u00e7alla Aniscreme - Licorer\u00eda Degrados","description":"Entdecken Sie die Aniscreme von K\u00e7alla, mit intensiven und erfrischenden Anisnoten. K\u00e7alla Aniscreme bei Degrados kaufen.","robots":{"index":"index","follow":"follow","max-snippet":"max-snippet:-1","max-image-preview":"max-image-preview:large","max-video-preview":"max-video-preview:-1"},"canonical":"https:\/\/degrados.es\/de\/?post_type=product&p=2751","og_locale":"de_DE","og_type":"article","og_title":"Aniscreme kaufen - K\u00e7alla Aniscreme - Licorer\u00eda Degrados","og_description":"Entdecken Sie die Aniscreme von K\u00e7alla, mit intensiven und erfrischenden Anisnoten. K\u00e7alla Aniscreme bei Degrados kaufen.","og_url":"https:\/\/degrados.es\/de\/?post_type=product&p=2751","og_site_name":"Online Spirituosengesch\u00e4ft","article_modified_time":"2023-12-19T12:02:23+00:00","og_image":[{"width":300,"height":300,"url":"https:\/\/degrados.es\/wp-content\/uploads\/2022\/02\/Licor-crema-de-anis.webp","type":"image\/webp"}],"twitter_card":"summary_large_image","twitter_misc":{"Preis":"10,62&euro; IVA Incluido","Verf\u00fcgbarkeit":"Auf Lager"},"schema":{"@context":"https:\/\/schema.org","@graph":[{"@type":"WebPage","@id":"https:\/\/degrados.es\/de\/?post_type=product&p=2751","url":"https:\/\/degrados.es\/de\/?post_type=product&p=2751","name":"Aniscreme kaufen - K\u00e7alla Aniscreme - Licorer\u00eda Degrados","isPartOf":{"@id":"https:\/\/degrados.es\/#website"},"primaryImageOfPage":{"@id":"https:\/\/degrados.es\/de\/?post_type=product&p=2751#primaryimage"},"image":{"@id":"https:\/\/degrados.es\/de\/?post_type=product&p=2751#primaryimage"},"thumbnailUrl":"https:\/\/degrados.es\/wp-content\/uploads\/2022\/02\/Licor-de-crema-con-anis.webp","datePublished":"2022-02-25T12:02:05+00:00","dateModified":"2023-12-19T12:02:23+00:00","description":"Entdecken Sie die Aniscreme von K\u00e7alla, mit intensiven und erfrischenden Anisnoten. K\u00e7alla Aniscreme bei Degrados kaufen.","breadcrumb":{"@id":"https:\/\/degrados.es\/de\/?post_type=product&p=2751#breadcrumb"},"inLanguage":"de","potentialAction":[{"@type":"ReadAction","target":["https:\/\/degrados.es\/de\/?post_type=product&p=2751"]}]},{"@type":"ImageObject","inLanguage":"de","@id":"https:\/\/degrados.es\/de\/?post_type=product&p=2751#primaryimage","url":"https:\/\/degrados.es\/wp-content\/uploads\/2022\/02\/Licor-de-crema-con-anis.webp","contentUrl":"https:\/\/degrados.es\/wp-content\/uploads\/2022\/02\/Licor-de-crema-con-anis.webp","width":1000,"height":1000,"caption":"Crema de an\u00eds K\u00e7alla"},{"@type":"BreadcrumbList","@id":"https:\/\/degrados.es\/de\/?post_type=product&p=2751#breadcrumb","itemListElement":[{"@type":"ListItem","position":1,"name":"Home","item":"https:\/\/degrados.es\/de\/startseite\/"},{"@type":"ListItem","position":2,"name":"Shop","item":"https:\/\/degrados.es\/de\/?page_id=2821"},{"@type":"ListItem","position":3,"name":"K\u00e7alla-Aniscreme"}]},{"@type":"WebSite","@id":"https:\/\/degrados.es\/#website","url":"https:\/\/degrados.es\/","name":"Degrados","description":"Spirituosen online kaufen","publisher":{"@id":"https:\/\/degrados.es\/#organization"},"alternateName":"Licorer\u00eda online","potentialAction":[{"@type":"SearchAction","target":{"@type":"EntryPoint","urlTemplate":"https:\/\/degrados.es\/?s={search_term_string}"},"query-input":{"@type":"PropertyValueSpecification","valueRequired":true,"valueName":"search_term_string"}}],"inLanguage":"de"},{"@type":"Organization","@id":"https:\/\/degrados.es\/#organization","name":"DeGrados","url":"https:\/\/degrados.es\/","logo":{"@type":"ImageObject","inLanguage":"de","@id":"https:\/\/degrados.es\/#\/schema\/logo\/image\/","url":"https:\/\/degrados.es\/wp-content\/uploads\/2021\/02\/Logo-degrados.png","contentUrl":"https:\/\/degrados.es\/wp-content\/uploads\/2021\/02\/Logo-degrados.png","width":350,"height":86,"caption":"DeGrados"},"image":{"@id":"https:\/\/degrados.es\/#\/schema\/logo\/image\/"}}]},"product_price_amount":"10.62","product_price_currency":"EUR","og_availability":"instock","product_availability":"instock","product_retailer_item_id":"D1G47","product_condition":"new"},"_links":{"self":[{"href":"https:\/\/degrados.es\/de\/wp-json\/wp\/v2\/product\/2751","targetHints":{"allow":["GET"]}}],"collection":[{"href":"https:\/\/degrados.es\/de\/wp-json\/wp\/v2\/product"}],"about":[{"href":"https:\/\/degrados.es\/de\/wp-json\/wp\/v2\/types\/product"}],"replies":[{"embeddable":true,"href":"https:\/\/degrados.es\/de\/wp-json\/wp\/v2\/comments?post=2751"}],"wp:featuredmedia":[{"embeddable":true,"href":"https:\/\/degrados.es\/de\/wp-json\/wp\/v2\/media\/3893"}],"wp:attachment":[{"href":"https:\/\/degrados.es\/de\/wp-json\/wp\/v2\/media?parent=2751"}],"wp:term":[{"taxonomy":"product_cat","embeddable":true,"href":"https:\/\/degrados.es\/de\/wp-json\/wp\/v2\/product_cat?post=2751"},{"taxonomy":"product_tag","embeddable":true,"href":"https:\/\/degrados.es\/de\/wp-json\/wp\/v2\/product_tag?post=2751"}],"curies":[{"name":"wp","href":"https:\/\/api.w.org\/{rel}","templated":true}]}}