{"id":2752,"date":"2022-02-25T11:44:29","date_gmt":"2022-02-25T10:44:29","guid":{"rendered":"https:\/\/degrados.es\/producto\/pfirsich-whisky-likoer\/"},"modified":"2023-12-19T13:02:24","modified_gmt":"2023-12-19T12:02:24","slug":"pfirsich-whisky-likoer","status":"publish","type":"product","link":"https:\/\/degrados.es\/de\/producto\/pfirsich-whisky-likoer\/","title":{"rendered":"Pfirsich-Whisky-Lik\u00f6r"},"content":{"rendered":"<p>In unserem Online Liquor Store finden Sie North Glens Whisky Peach, einen der wenigen Lik\u00f6re, dessen Pfirsicharoma durch einen Destillationsprozess in traditionellen Kupferbrennblasen gewonnen wird, wobei eine Auswahl der besten Pfirsiche aus unseren Mittelmeerl\u00e4ndern mit den f\u00fcr Malz typischen R\u00f6stnoten verwendet wird.<\/p>\n<p>Durch dieses Brauverfahren erh\u00e4lt der North Glens Whisky Peach ein intensives Pfirsicharoma mit kr\u00e4ftigen Whiskynoten, was ihm einen unverwechselbaren Geschmack verleiht, der die s\u00fc\u00dfen Pfirsichnoten mit dem exquisiten, vollmundigen Malzgeschmack verbindet.<\/p>\n<p>North Glens Whisky Peach hat aufgrund seiner Bestandteile eine energische kristalline braune Farbe.<\/p>\n<p>North Glens Whisky Peach ist ein niedrigprozentiger Lik\u00f6r, der sich ideal f\u00fcr einen gek\u00fchlten Shot oder ein Longdrinkglas mit Eisw\u00fcrfeln eignet.<\/p>\n<p>Auch in der Welt der Cocktails eignet er sich hervorragend, um Kombinationen eine besondere Note zu verleihen.<\/p>\n<p>North Glens Whisky Peach ist ein Lik\u00f6r mit einer anderen S\u00fc\u00dfe, der sich ideal f\u00fcr ein Getr\u00e4nk nach dem Essen oder als k\u00fchler Schlummertrunk eignet.<\/p>\n","protected":false},"excerpt":{"rendered":"<p>North Glens Whisky Peach ist eine klassische Kombination aus Pfirsich- und Malzaromen, die den samtigen, zarten Geschmack von Pfirsich mit den R\u00f6stnoten von Malz verbindet.<\/p>\n","protected":false},"featured_media":2583,"comment_status":"open","ping_status":"closed","template":"","meta":{"inline_featured_image":false},"product_cat":[933,530],"product_tag":[591,537,531,569],"class_list":{"0":"post-2752","1":"product","2":"type-product","3":"status-publish","4":"has-post-thumbnail","6":"product_cat-andere-spirituosen","7":"product_cat-spirituosen","8":"product_tag-pfirsichlikor","9":"product_tag-spirituosen-de","10":"product_tag-spirituosen","11":"product_tag-whisky-likor","13":"first","14":"outofstock","15":"sale","16":"taxable","17":"shipping-taxable","18":"purchasable","19":"product-type-simple"},"yoast_head":"<!-- This site is optimized with the Yoast SEO plugin v26.9 - https:\/\/yoast.com\/product\/yoast-seo-wordpress\/ -->\n<title>Pfirsich-Whisky-Lik\u00f6r kaufen - Degrados Online-Liquor-Shop<\/title>\n<meta name=\"description\" content=\"Entdecken Sie den Pfirsich-Whisky-Lik\u00f6r mit seinen fruchtigen und malzigen Aromen. Kaufen Sie einzigartige Lik\u00f6re bei Licorer\u00eda Online. Abgebaut.\" \/>\n<meta name=\"robots\" content=\"index, follow, max-snippet:-1, max-image-preview:large, max-video-preview:-1\" \/>\n<link rel=\"canonical\" href=\"https:\/\/degrados.es\/de\/producto\/pfirsich-whisky-likoer\/\" \/>\n<meta property=\"og:locale\" content=\"de_DE\" \/>\n<meta property=\"og:type\" content=\"article\" \/>\n<meta property=\"og:title\" content=\"Pfirsich-Whisky-Lik\u00f6r kaufen - Degrados Online-Liquor-Shop\" \/>\n<meta property=\"og:description\" content=\"Entdecken Sie den Pfirsich-Whisky-Lik\u00f6r mit seinen fruchtigen und malzigen Aromen. Kaufen Sie einzigartige Lik\u00f6re bei Licorer\u00eda Online. Abgebaut.\" \/>\n<meta property=\"og:url\" content=\"https:\/\/degrados.es\/de\/producto\/pfirsich-whisky-likoer\/\" \/>\n<meta property=\"og:site_name\" content=\"Online Spirituosengesch\u00e4ft\" \/>\n<meta property=\"article:modified_time\" content=\"2023-12-19T12:02:24+00:00\" \/>\n<meta property=\"og:image\" content=\"https:\/\/degrados.es\/wp-content\/uploads\/2022\/02\/licor-whisky-melocoton.webp\" \/>\n\t<meta property=\"og:image:width\" content=\"430\" \/>\n\t<meta property=\"og:image:height\" content=\"430\" \/>\n\t<meta property=\"og:image:type\" content=\"image\/webp\" \/>\n<meta name=\"twitter:card\" content=\"summary_large_image\" \/>\n<meta name=\"twitter:label1\" content=\"Gesch\u00e4tzte Lesezeit\" \/>\n\t<meta name=\"twitter:data1\" content=\"1\u00a0Minute\" \/>\n<script type=\"application\/ld+json\" class=\"yoast-schema-graph\">{\"@context\":\"https:\/\/schema.org\",\"@graph\":[{\"@type\":\"WebPage\",\"@id\":\"https:\/\/degrados.es\/de\/producto\/pfirsich-whisky-likoer\/\",\"url\":\"https:\/\/degrados.es\/de\/producto\/pfirsich-whisky-likoer\/\",\"name\":\"Pfirsich-Whisky-Lik\u00f6r kaufen - Degrados Online-Liquor-Shop\",\"isPartOf\":{\"@id\":\"https:\/\/degrados.es\/de\/#website\"},\"primaryImageOfPage\":{\"@id\":\"https:\/\/degrados.es\/de\/producto\/pfirsich-whisky-likoer\/#primaryimage\"},\"image\":{\"@id\":\"https:\/\/degrados.es\/de\/producto\/pfirsich-whisky-likoer\/#primaryimage\"},\"thumbnailUrl\":\"https:\/\/degrados.es\/wp-content\/uploads\/2022\/02\/licor-whisky-melocoton.webp\",\"datePublished\":\"2022-02-25T10:44:29+00:00\",\"dateModified\":\"2023-12-19T12:02:24+00:00\",\"description\":\"Entdecken Sie den Pfirsich-Whisky-Lik\u00f6r mit seinen fruchtigen und malzigen Aromen. Kaufen Sie einzigartige Lik\u00f6re bei Licorer\u00eda Online. Abgebaut.\",\"breadcrumb\":{\"@id\":\"https:\/\/degrados.es\/de\/producto\/pfirsich-whisky-likoer\/#breadcrumb\"},\"inLanguage\":\"de\",\"potentialAction\":[{\"@type\":\"ReadAction\",\"target\":[\"https:\/\/degrados.es\/de\/producto\/pfirsich-whisky-likoer\/\"]}]},{\"@type\":\"ImageObject\",\"inLanguage\":\"de\",\"@id\":\"https:\/\/degrados.es\/de\/producto\/pfirsich-whisky-likoer\/#primaryimage\",\"url\":\"https:\/\/degrados.es\/wp-content\/uploads\/2022\/02\/licor-whisky-melocoton.webp\",\"contentUrl\":\"https:\/\/degrados.es\/wp-content\/uploads\/2022\/02\/licor-whisky-melocoton.webp\",\"width\":430,\"height\":430,\"caption\":\"Pfirsich-Whisky-Lik\u00f6r\"},{\"@type\":\"BreadcrumbList\",\"@id\":\"https:\/\/degrados.es\/de\/producto\/pfirsich-whisky-likoer\/#breadcrumb\",\"itemListElement\":[{\"@type\":\"ListItem\",\"position\":1,\"name\":\"Home\",\"item\":\"https:\/\/degrados.es\/de\/startseite\/\"},{\"@type\":\"ListItem\",\"position\":2,\"name\":\"Shop\",\"item\":\"https:\/\/degrados.es\/de\/?page_id=2821\"},{\"@type\":\"ListItem\",\"position\":3,\"name\":\"Pfirsich-Whisky-Lik\u00f6r\"}]},{\"@type\":\"WebSite\",\"@id\":\"https:\/\/degrados.es\/de\/#website\",\"url\":\"https:\/\/degrados.es\/de\/\",\"name\":\"Online Spirituosengesch\u00e4ft\",\"description\":\"Spirituosen online kaufen\",\"publisher\":{\"@id\":\"https:\/\/degrados.es\/de\/#organization\"},\"potentialAction\":[{\"@type\":\"SearchAction\",\"target\":{\"@type\":\"EntryPoint\",\"urlTemplate\":\"https:\/\/degrados.es\/de\/?s={search_term_string}\"},\"query-input\":{\"@type\":\"PropertyValueSpecification\",\"valueRequired\":true,\"valueName\":\"search_term_string\"}}],\"inLanguage\":\"de\"},{\"@type\":\"Organization\",\"@id\":\"https:\/\/degrados.es\/de\/#organization\",\"name\":\"DeGrados\",\"url\":\"https:\/\/degrados.es\/de\/\",\"logo\":{\"@type\":\"ImageObject\",\"inLanguage\":\"de\",\"@id\":\"https:\/\/degrados.es\/de\/#\/schema\/logo\/image\/\",\"url\":\"https:\/\/degrados.es\/wp-content\/uploads\/2021\/02\/Logo-degrados.png\",\"contentUrl\":\"https:\/\/degrados.es\/wp-content\/uploads\/2021\/02\/Logo-degrados.png\",\"width\":350,\"height\":86,\"caption\":\"DeGrados\"},\"image\":{\"@id\":\"https:\/\/degrados.es\/de\/#\/schema\/logo\/image\/\"}}]}<\/script>\n<!-- \/ Yoast SEO plugin. -->","yoast_head_json":{"title":"Pfirsich-Whisky-Lik\u00f6r kaufen - Degrados Online-Liquor-Shop","description":"Entdecken Sie den Pfirsich-Whisky-Lik\u00f6r mit seinen fruchtigen und malzigen Aromen. Kaufen Sie einzigartige Lik\u00f6re bei Licorer\u00eda Online. Abgebaut.","robots":{"index":"index","follow":"follow","max-snippet":"max-snippet:-1","max-image-preview":"max-image-preview:large","max-video-preview":"max-video-preview:-1"},"canonical":"https:\/\/degrados.es\/de\/producto\/pfirsich-whisky-likoer\/","og_locale":"de_DE","og_type":"article","og_title":"Pfirsich-Whisky-Lik\u00f6r kaufen - Degrados Online-Liquor-Shop","og_description":"Entdecken Sie den Pfirsich-Whisky-Lik\u00f6r mit seinen fruchtigen und malzigen Aromen. Kaufen Sie einzigartige Lik\u00f6re bei Licorer\u00eda Online. Abgebaut.","og_url":"https:\/\/degrados.es\/de\/producto\/pfirsich-whisky-likoer\/","og_site_name":"Online Spirituosengesch\u00e4ft","article_modified_time":"2023-12-19T12:02:24+00:00","og_image":[{"width":430,"height":430,"url":"https:\/\/degrados.es\/wp-content\/uploads\/2022\/02\/licor-whisky-melocoton.webp","type":"image\/webp"}],"twitter_card":"summary_large_image","twitter_misc":{"Gesch\u00e4tzte Lesezeit":"1\u00a0Minute"},"schema":{"@context":"https:\/\/schema.org","@graph":[{"@type":"WebPage","@id":"https:\/\/degrados.es\/de\/producto\/pfirsich-whisky-likoer\/","url":"https:\/\/degrados.es\/de\/producto\/pfirsich-whisky-likoer\/","name":"Pfirsich-Whisky-Lik\u00f6r kaufen - Degrados Online-Liquor-Shop","isPartOf":{"@id":"https:\/\/degrados.es\/de\/#website"},"primaryImageOfPage":{"@id":"https:\/\/degrados.es\/de\/producto\/pfirsich-whisky-likoer\/#primaryimage"},"image":{"@id":"https:\/\/degrados.es\/de\/producto\/pfirsich-whisky-likoer\/#primaryimage"},"thumbnailUrl":"https:\/\/degrados.es\/wp-content\/uploads\/2022\/02\/licor-whisky-melocoton.webp","datePublished":"2022-02-25T10:44:29+00:00","dateModified":"2023-12-19T12:02:24+00:00","description":"Entdecken Sie den Pfirsich-Whisky-Lik\u00f6r mit seinen fruchtigen und malzigen Aromen. Kaufen Sie einzigartige Lik\u00f6re bei Licorer\u00eda Online. Abgebaut.","breadcrumb":{"@id":"https:\/\/degrados.es\/de\/producto\/pfirsich-whisky-likoer\/#breadcrumb"},"inLanguage":"de","potentialAction":[{"@type":"ReadAction","target":["https:\/\/degrados.es\/de\/producto\/pfirsich-whisky-likoer\/"]}]},{"@type":"ImageObject","inLanguage":"de","@id":"https:\/\/degrados.es\/de\/producto\/pfirsich-whisky-likoer\/#primaryimage","url":"https:\/\/degrados.es\/wp-content\/uploads\/2022\/02\/licor-whisky-melocoton.webp","contentUrl":"https:\/\/degrados.es\/wp-content\/uploads\/2022\/02\/licor-whisky-melocoton.webp","width":430,"height":430,"caption":"Pfirsich-Whisky-Lik\u00f6r"},{"@type":"BreadcrumbList","@id":"https:\/\/degrados.es\/de\/producto\/pfirsich-whisky-likoer\/#breadcrumb","itemListElement":[{"@type":"ListItem","position":1,"name":"Home","item":"https:\/\/degrados.es\/de\/startseite\/"},{"@type":"ListItem","position":2,"name":"Shop","item":"https:\/\/degrados.es\/de\/?page_id=2821"},{"@type":"ListItem","position":3,"name":"Pfirsich-Whisky-Lik\u00f6r"}]},{"@type":"WebSite","@id":"https:\/\/degrados.es\/de\/#website","url":"https:\/\/degrados.es\/de\/","name":"Online Spirituosengesch\u00e4ft","description":"Spirituosen online kaufen","publisher":{"@id":"https:\/\/degrados.es\/de\/#organization"},"potentialAction":[{"@type":"SearchAction","target":{"@type":"EntryPoint","urlTemplate":"https:\/\/degrados.es\/de\/?s={search_term_string}"},"query-input":{"@type":"PropertyValueSpecification","valueRequired":true,"valueName":"search_term_string"}}],"inLanguage":"de"},{"@type":"Organization","@id":"https:\/\/degrados.es\/de\/#organization","name":"DeGrados","url":"https:\/\/degrados.es\/de\/","logo":{"@type":"ImageObject","inLanguage":"de","@id":"https:\/\/degrados.es\/de\/#\/schema\/logo\/image\/","url":"https:\/\/degrados.es\/wp-content\/uploads\/2021\/02\/Logo-degrados.png","contentUrl":"https:\/\/degrados.es\/wp-content\/uploads\/2021\/02\/Logo-degrados.png","width":350,"height":86,"caption":"DeGrados"},"image":{"@id":"https:\/\/degrados.es\/de\/#\/schema\/logo\/image\/"}}]}},"_links":{"self":[{"href":"https:\/\/degrados.es\/de\/wp-json\/wp\/v2\/product\/2752","targetHints":{"allow":["GET"]}}],"collection":[{"href":"https:\/\/degrados.es\/de\/wp-json\/wp\/v2\/product"}],"about":[{"href":"https:\/\/degrados.es\/de\/wp-json\/wp\/v2\/types\/product"}],"replies":[{"embeddable":true,"href":"https:\/\/degrados.es\/de\/wp-json\/wp\/v2\/comments?post=2752"}],"wp:featuredmedia":[{"embeddable":true,"href":"https:\/\/degrados.es\/de\/wp-json\/wp\/v2\/media\/2583"}],"wp:attachment":[{"href":"https:\/\/degrados.es\/de\/wp-json\/wp\/v2\/media?parent=2752"}],"wp:term":[{"taxonomy":"product_cat","embeddable":true,"href":"https:\/\/degrados.es\/de\/wp-json\/wp\/v2\/product_cat?post=2752"},{"taxonomy":"product_tag","embeddable":true,"href":"https:\/\/degrados.es\/de\/wp-json\/wp\/v2\/product_tag?post=2752"}],"curies":[{"name":"wp","href":"https:\/\/api.w.org\/{rel}","templated":true}]}}