{"id":2753,"date":"2022-02-25T16:18:36","date_gmt":"2022-02-25T15:18:36","guid":{"rendered":"https:\/\/degrados.es\/producto\/prestixio-artisan-trestersahne\/"},"modified":"2023-12-19T13:02:24","modified_gmt":"2023-12-19T12:02:24","slug":"prestixio-artisan-trestersahne","status":"publish","type":"product","link":"https:\/\/degrados.es\/de\/producto\/prestixio-artisan-trestersahne\/","title":{"rendered":"Prestixio Artisan-Trestersahne"},"content":{"rendered":"<p>Die Tradition der Destillation des galicischen Orujo Prestixio erreicht mit Orujo Prestixio den Sahnelik\u00f6r.<\/p>\n<p>Mit einer handwerklichen Mazeration und einer sorgf\u00e4ltigen Auswahl des besten Orujos bringt Degrados die Prestixio Orujo Creme. Eine weiche Lik\u00f6rsahne mit exquisitem Geschmack und einer F\u00fclle von Aromen und Geschmackserlebnissen f\u00fcr den Gaumen.<\/p>\n<p>Wir empfehlen, ihn gek\u00fchlt zu servieren, vorzugsweise in einem gek\u00fchlten Glas.<\/p>\n<p>Wenn Sie Sahne und Orujo m\u00f6gen und mal etwas anderes probieren m\u00f6chten, sollten Sie unbedingt unseren Prestixio Sahne-Lik\u00f6r mit Orujo probieren. Sie werden von seinem k\u00f6stlichen Geschmack, seiner Cremigkeit und seinem Aroma begeistert sein.<\/p>\n","protected":false},"excerpt":{"rendered":"<p>Mit einer handwerklichen Mazeration und einer sorgf\u00e4ltigen Auswahl des besten Orujos bringt Degrados die Prestixio Orujo Creme. Eine weiche Lik\u00f6rsahne mit exquisitem Geschmack und einer F\u00fclle von Aromen und Geschmackserlebnissen f\u00fcr den Gaumen.<\/p>\n","protected":false},"featured_media":2564,"comment_status":"open","ping_status":"closed","template":"","meta":{"inline_featured_image":false},"product_cat":[899,530],"product_tag":[566,593,549,531,592],"class_list":{"0":"post-2753","1":"product","2":"type-product","3":"status-publish","4":"has-post-thumbnail","6":"product_cat-likor-cremes","7":"product_cat-spirituosen","8":"product_tag-creme","9":"product_tag-galizischer-likor","10":"product_tag-orujo-de","11":"product_tag-spirituosen","12":"product_tag-trestercreme","14":"first","15":"instock","16":"sale","17":"taxable","18":"shipping-taxable","19":"purchasable","20":"product-type-simple"},"yoast_head":"<!-- This site is optimized with the Yoast SEO plugin v26.9 - https:\/\/yoast.com\/product\/yoast-seo-wordpress\/ -->\n<title>Handgemachte Trestercreme - Galicischer Lik\u00f6r online kaufen - Degrados<\/title>\n<meta name=\"description\" content=\"Entdecken Sie den galicischen Sahnelik\u00f6r Orujo. Handgemachte Trestercreme aus Galicien in der Licorer\u00eda Online Degrados kaufen.\" \/>\n<meta name=\"robots\" content=\"index, follow, max-snippet:-1, max-image-preview:large, max-video-preview:-1\" \/>\n<link rel=\"canonical\" href=\"https:\/\/degrados.es\/de\/producto\/prestixio-artisan-trestersahne\/\" \/>\n<meta property=\"og:locale\" content=\"de_DE\" \/>\n<meta property=\"og:type\" content=\"article\" \/>\n<meta property=\"og:title\" content=\"Handgemachte Trestercreme - Galicischer Lik\u00f6r online kaufen - Degrados\" \/>\n<meta property=\"og:description\" content=\"Entdecken Sie den galicischen Sahnelik\u00f6r Orujo. Handgemachte Trestercreme aus Galicien in der Licorer\u00eda Online Degrados kaufen.\" \/>\n<meta property=\"og:url\" content=\"https:\/\/degrados.es\/de\/producto\/prestixio-artisan-trestersahne\/\" \/>\n<meta property=\"og:site_name\" content=\"Online Spirituosengesch\u00e4ft\" \/>\n<meta property=\"article:modified_time\" content=\"2023-12-19T12:02:24+00:00\" \/>\n<meta property=\"og:image\" content=\"https:\/\/degrados.es\/wp-content\/uploads\/2022\/02\/Crema-con-orujo-prestixio.webp\" \/>\n\t<meta property=\"og:image:width\" content=\"300\" \/>\n\t<meta property=\"og:image:height\" content=\"300\" \/>\n\t<meta property=\"og:image:type\" content=\"image\/webp\" \/>\n<meta name=\"twitter:card\" content=\"summary_large_image\" \/>\n<meta name=\"twitter:label1\" content=\"Gesch\u00e4tzte Lesezeit\" \/>\n\t<meta name=\"twitter:data1\" content=\"1\u00a0Minute\" \/>\n<script type=\"application\/ld+json\" class=\"yoast-schema-graph\">{\"@context\":\"https:\/\/schema.org\",\"@graph\":[{\"@type\":\"WebPage\",\"@id\":\"https:\/\/degrados.es\/de\/producto\/prestixio-artisan-trestersahne\/\",\"url\":\"https:\/\/degrados.es\/de\/producto\/prestixio-artisan-trestersahne\/\",\"name\":\"Handgemachte Trestercreme - Galicischer Lik\u00f6r online kaufen - Degrados\",\"isPartOf\":{\"@id\":\"https:\/\/degrados.es\/de\/#website\"},\"primaryImageOfPage\":{\"@id\":\"https:\/\/degrados.es\/de\/producto\/prestixio-artisan-trestersahne\/#primaryimage\"},\"image\":{\"@id\":\"https:\/\/degrados.es\/de\/producto\/prestixio-artisan-trestersahne\/#primaryimage\"},\"thumbnailUrl\":\"https:\/\/degrados.es\/wp-content\/uploads\/2022\/02\/Crema-con-orujo-prestixio.webp\",\"datePublished\":\"2022-02-25T15:18:36+00:00\",\"dateModified\":\"2023-12-19T12:02:24+00:00\",\"description\":\"Entdecken Sie den galicischen Sahnelik\u00f6r Orujo. Handgemachte Trestercreme aus Galicien in der Licorer\u00eda Online Degrados kaufen.\",\"breadcrumb\":{\"@id\":\"https:\/\/degrados.es\/de\/producto\/prestixio-artisan-trestersahne\/#breadcrumb\"},\"inLanguage\":\"de\",\"potentialAction\":[{\"@type\":\"ReadAction\",\"target\":[\"https:\/\/degrados.es\/de\/producto\/prestixio-artisan-trestersahne\/\"]}]},{\"@type\":\"ImageObject\",\"inLanguage\":\"de\",\"@id\":\"https:\/\/degrados.es\/de\/producto\/prestixio-artisan-trestersahne\/#primaryimage\",\"url\":\"https:\/\/degrados.es\/wp-content\/uploads\/2022\/02\/Crema-con-orujo-prestixio.webp\",\"contentUrl\":\"https:\/\/degrados.es\/wp-content\/uploads\/2022\/02\/Crema-con-orujo-prestixio.webp\",\"width\":300,\"height\":300,\"caption\":\"Galicische Trestercreme kaufen\"},{\"@type\":\"BreadcrumbList\",\"@id\":\"https:\/\/degrados.es\/de\/producto\/prestixio-artisan-trestersahne\/#breadcrumb\",\"itemListElement\":[{\"@type\":\"ListItem\",\"position\":1,\"name\":\"Home\",\"item\":\"https:\/\/degrados.es\/de\/startseite\/\"},{\"@type\":\"ListItem\",\"position\":2,\"name\":\"Shop\",\"item\":\"https:\/\/degrados.es\/de\/?page_id=2821\"},{\"@type\":\"ListItem\",\"position\":3,\"name\":\"Prestixio Artisan-Trestersahne\"}]},{\"@type\":\"WebSite\",\"@id\":\"https:\/\/degrados.es\/de\/#website\",\"url\":\"https:\/\/degrados.es\/de\/\",\"name\":\"Online Spirituosengesch\u00e4ft\",\"description\":\"Spirituosen online kaufen\",\"publisher\":{\"@id\":\"https:\/\/degrados.es\/de\/#organization\"},\"potentialAction\":[{\"@type\":\"SearchAction\",\"target\":{\"@type\":\"EntryPoint\",\"urlTemplate\":\"https:\/\/degrados.es\/de\/?s={search_term_string}\"},\"query-input\":{\"@type\":\"PropertyValueSpecification\",\"valueRequired\":true,\"valueName\":\"search_term_string\"}}],\"inLanguage\":\"de\"},{\"@type\":\"Organization\",\"@id\":\"https:\/\/degrados.es\/de\/#organization\",\"name\":\"DeGrados\",\"url\":\"https:\/\/degrados.es\/de\/\",\"logo\":{\"@type\":\"ImageObject\",\"inLanguage\":\"de\",\"@id\":\"https:\/\/degrados.es\/de\/#\/schema\/logo\/image\/\",\"url\":\"https:\/\/degrados.es\/wp-content\/uploads\/2021\/02\/Logo-degrados.png\",\"contentUrl\":\"https:\/\/degrados.es\/wp-content\/uploads\/2021\/02\/Logo-degrados.png\",\"width\":350,\"height\":86,\"caption\":\"DeGrados\"},\"image\":{\"@id\":\"https:\/\/degrados.es\/de\/#\/schema\/logo\/image\/\"}}]}<\/script>\n<!-- \/ Yoast SEO plugin. -->","yoast_head_json":{"title":"Handgemachte Trestercreme - Galicischer Lik\u00f6r online kaufen - Degrados","description":"Entdecken Sie den galicischen Sahnelik\u00f6r Orujo. Handgemachte Trestercreme aus Galicien in der Licorer\u00eda Online Degrados kaufen.","robots":{"index":"index","follow":"follow","max-snippet":"max-snippet:-1","max-image-preview":"max-image-preview:large","max-video-preview":"max-video-preview:-1"},"canonical":"https:\/\/degrados.es\/de\/producto\/prestixio-artisan-trestersahne\/","og_locale":"de_DE","og_type":"article","og_title":"Handgemachte Trestercreme - Galicischer Lik\u00f6r online kaufen - Degrados","og_description":"Entdecken Sie den galicischen Sahnelik\u00f6r Orujo. Handgemachte Trestercreme aus Galicien in der Licorer\u00eda Online Degrados kaufen.","og_url":"https:\/\/degrados.es\/de\/producto\/prestixio-artisan-trestersahne\/","og_site_name":"Online Spirituosengesch\u00e4ft","article_modified_time":"2023-12-19T12:02:24+00:00","og_image":[{"width":300,"height":300,"url":"https:\/\/degrados.es\/wp-content\/uploads\/2022\/02\/Crema-con-orujo-prestixio.webp","type":"image\/webp"}],"twitter_card":"summary_large_image","twitter_misc":{"Gesch\u00e4tzte Lesezeit":"1\u00a0Minute"},"schema":{"@context":"https:\/\/schema.org","@graph":[{"@type":"WebPage","@id":"https:\/\/degrados.es\/de\/producto\/prestixio-artisan-trestersahne\/","url":"https:\/\/degrados.es\/de\/producto\/prestixio-artisan-trestersahne\/","name":"Handgemachte Trestercreme - Galicischer Lik\u00f6r online kaufen - Degrados","isPartOf":{"@id":"https:\/\/degrados.es\/de\/#website"},"primaryImageOfPage":{"@id":"https:\/\/degrados.es\/de\/producto\/prestixio-artisan-trestersahne\/#primaryimage"},"image":{"@id":"https:\/\/degrados.es\/de\/producto\/prestixio-artisan-trestersahne\/#primaryimage"},"thumbnailUrl":"https:\/\/degrados.es\/wp-content\/uploads\/2022\/02\/Crema-con-orujo-prestixio.webp","datePublished":"2022-02-25T15:18:36+00:00","dateModified":"2023-12-19T12:02:24+00:00","description":"Entdecken Sie den galicischen Sahnelik\u00f6r Orujo. Handgemachte Trestercreme aus Galicien in der Licorer\u00eda Online Degrados kaufen.","breadcrumb":{"@id":"https:\/\/degrados.es\/de\/producto\/prestixio-artisan-trestersahne\/#breadcrumb"},"inLanguage":"de","potentialAction":[{"@type":"ReadAction","target":["https:\/\/degrados.es\/de\/producto\/prestixio-artisan-trestersahne\/"]}]},{"@type":"ImageObject","inLanguage":"de","@id":"https:\/\/degrados.es\/de\/producto\/prestixio-artisan-trestersahne\/#primaryimage","url":"https:\/\/degrados.es\/wp-content\/uploads\/2022\/02\/Crema-con-orujo-prestixio.webp","contentUrl":"https:\/\/degrados.es\/wp-content\/uploads\/2022\/02\/Crema-con-orujo-prestixio.webp","width":300,"height":300,"caption":"Galicische Trestercreme kaufen"},{"@type":"BreadcrumbList","@id":"https:\/\/degrados.es\/de\/producto\/prestixio-artisan-trestersahne\/#breadcrumb","itemListElement":[{"@type":"ListItem","position":1,"name":"Home","item":"https:\/\/degrados.es\/de\/startseite\/"},{"@type":"ListItem","position":2,"name":"Shop","item":"https:\/\/degrados.es\/de\/?page_id=2821"},{"@type":"ListItem","position":3,"name":"Prestixio Artisan-Trestersahne"}]},{"@type":"WebSite","@id":"https:\/\/degrados.es\/de\/#website","url":"https:\/\/degrados.es\/de\/","name":"Online Spirituosengesch\u00e4ft","description":"Spirituosen online kaufen","publisher":{"@id":"https:\/\/degrados.es\/de\/#organization"},"potentialAction":[{"@type":"SearchAction","target":{"@type":"EntryPoint","urlTemplate":"https:\/\/degrados.es\/de\/?s={search_term_string}"},"query-input":{"@type":"PropertyValueSpecification","valueRequired":true,"valueName":"search_term_string"}}],"inLanguage":"de"},{"@type":"Organization","@id":"https:\/\/degrados.es\/de\/#organization","name":"DeGrados","url":"https:\/\/degrados.es\/de\/","logo":{"@type":"ImageObject","inLanguage":"de","@id":"https:\/\/degrados.es\/de\/#\/schema\/logo\/image\/","url":"https:\/\/degrados.es\/wp-content\/uploads\/2021\/02\/Logo-degrados.png","contentUrl":"https:\/\/degrados.es\/wp-content\/uploads\/2021\/02\/Logo-degrados.png","width":350,"height":86,"caption":"DeGrados"},"image":{"@id":"https:\/\/degrados.es\/de\/#\/schema\/logo\/image\/"}}]}},"_links":{"self":[{"href":"https:\/\/degrados.es\/de\/wp-json\/wp\/v2\/product\/2753","targetHints":{"allow":["GET"]}}],"collection":[{"href":"https:\/\/degrados.es\/de\/wp-json\/wp\/v2\/product"}],"about":[{"href":"https:\/\/degrados.es\/de\/wp-json\/wp\/v2\/types\/product"}],"replies":[{"embeddable":true,"href":"https:\/\/degrados.es\/de\/wp-json\/wp\/v2\/comments?post=2753"}],"wp:featuredmedia":[{"embeddable":true,"href":"https:\/\/degrados.es\/de\/wp-json\/wp\/v2\/media\/2564"}],"wp:attachment":[{"href":"https:\/\/degrados.es\/de\/wp-json\/wp\/v2\/media?parent=2753"}],"wp:term":[{"taxonomy":"product_cat","embeddable":true,"href":"https:\/\/degrados.es\/de\/wp-json\/wp\/v2\/product_cat?post=2753"},{"taxonomy":"product_tag","embeddable":true,"href":"https:\/\/degrados.es\/de\/wp-json\/wp\/v2\/product_tag?post=2753"}],"curies":[{"name":"wp","href":"https:\/\/api.w.org\/{rel}","templated":true}]}}