{"id":2756,"date":"2022-02-25T10:24:49","date_gmt":"2022-02-25T09:24:49","guid":{"rendered":"https:\/\/degrados.es\/producto\/wasseraufbereitungsanlage-prestige\/"},"modified":"2023-12-19T13:02:24","modified_gmt":"2023-12-19T12:02:24","slug":"wasseraufbereitungsanlage-prestige","status":"publish","type":"product","link":"https:\/\/degrados.es\/de\/producto\/wasseraufbereitungsanlage-prestige\/","title":{"rendered":"Wasseraufbereitungsanlage Prestige"},"content":{"rendered":"<p>Aguardiente de Orujo Prestigio wird durch G\u00e4rung und Destillation ausgew\u00e4hlter Traubentrester und -trub, d.h. der festen Teile der Weinlese, wie z.B. der Schalen der Trauben, der Kerne und der Enden der Trauben, gewonnen. Die Destillation erfolgt in traditionellen Kupferbrennblasen mit entsprechender Trennung von Kopf und Schwanz, langsam und gleichm\u00e4\u00dfig, um eine selektive Extraktion der aromatischen Bestandteile des Tresters zu erm\u00f6glichen.<\/p>\n<p>All dies macht Prestigio zu einem sehr hochwertigen Aguardiente de Orujo, sehr sauber, kristallin und hell, mit einem intensiven Aroma, das von der Traube kommt, mit pflanzlichen und fruchtigen Noten in Harmonie, im Mund nach einem ansprechenden Gef\u00fchl von W\u00e4rme l\u00e4sst es einen Strom von k\u00f6stlichen Empfindungen und Aromen erscheinen.<\/p>\n<p>Aguardiente de orujo Prestigio eignet sich perfekt f\u00fcr einen Drink nach dem Essen, gek\u00fchlt in einem Glas nach einer guten Mahlzeit.<\/p>\n<p>&nbsp;<\/p>\n<p>&nbsp;<\/p>\n","protected":false},"excerpt":{"rendered":"<p>Die Tradition der handwerklichen Destillation erm\u00f6glicht es, die aromatischen Bestandteile selektiv aus dem Trester zu extrahieren, was dem Produkt eine Intensit\u00e4t und ein Aroma verleiht, das auch f\u00fcr die anspruchsvollsten Gaumen unverwechselbar ist. Aus diesem Grund eignet sich der Aguardiente de Orujo hervorragend, um nach dem Essen gek\u00fchlt getrunken zu werden.<\/p>\n","protected":false},"featured_media":2554,"comment_status":"open","ping_status":"closed","template":"","meta":{"inline_featured_image":false},"product_cat":[950,530],"product_tag":[595,549,596],"class_list":{"0":"post-2756","1":"product","2":"type-product","3":"status-publish","4":"has-post-thumbnail","6":"product_cat-orujo-spirituosen","7":"product_cat-spirituosen","8":"product_tag-aguardiente-de","9":"product_tag-orujo-de","10":"product_tag-orujo-aguardiente","12":"first","13":"instock","14":"sale","15":"taxable","16":"shipping-taxable","17":"purchasable","18":"product-type-simple"},"yoast_head":"<!-- This site is optimized with the Yoast SEO plugin v27.4 - https:\/\/yoast.com\/product\/yoast-seo-wordpress\/ -->\n<title>Aguardiente de Orujo - Prestige Orujo kaufen - Licorer\u00eda Degrados<\/title>\n<meta name=\"description\" content=\"Entdecken Sie Aguardiente Prestigio, einen Trester mit Charakter und Nuancen. Aguardiente de Orujo bei Licorer\u00eda Online kaufen. Abgebaut.\" \/>\n<meta name=\"robots\" content=\"index, follow, max-snippet:-1, max-image-preview:large, max-video-preview:-1\" \/>\n<link rel=\"canonical\" href=\"https:\/\/degrados.es\/producto\/aguardiente-orujo-premium\/\" \/>\n<meta property=\"og:locale\" content=\"de_DE\" \/>\n<meta property=\"og:type\" content=\"article\" \/>\n<meta property=\"og:title\" content=\"Aguardiente de Orujo - Prestige Orujo kaufen - Licorer\u00eda Degrados\" \/>\n<meta property=\"og:description\" content=\"Entdecken Sie Aguardiente Prestigio, einen Trester mit Charakter und Nuancen. Aguardiente de Orujo bei Licorer\u00eda Online kaufen. Abgebaut.\" \/>\n<meta property=\"og:url\" content=\"https:\/\/degrados.es\/producto\/aguardiente-orujo-premium\/\" \/>\n<meta property=\"og:site_name\" content=\"Online Spirituosengesch\u00e4ft\" \/>\n<meta property=\"article:modified_time\" content=\"2023-12-19T12:02:24+00:00\" \/>\n<meta property=\"og:image\" content=\"https:\/\/degrados.es\/wp-content\/uploads\/2022\/02\/Aguardiente-prestigio-licor.webp\" \/>\n\t<meta property=\"og:image:width\" content=\"430\" \/>\n\t<meta property=\"og:image:height\" content=\"430\" \/>\n\t<meta property=\"og:image:type\" content=\"image\/webp\" \/>\n<meta name=\"twitter:card\" content=\"summary_large_image\" \/>\n<meta name=\"twitter:label1\" content=\"Preis\" \/>\n\t<meta name=\"twitter:data1\" content=\"15,20&euro; IVA Incluido\" \/>\n\t<meta name=\"twitter:label2\" content=\"Verf\u00fcgbarkeit\" \/>\n\t<meta name=\"twitter:data2\" content=\"Auf Lager\" \/>\n<script type=\"application\/ld+json\" class=\"yoast-schema-graph\">{\"@context\":\"https:\\\/\\\/schema.org\",\"@graph\":[{\"@type\":\"WebPage\",\"@id\":\"https:\\\/\\\/degrados.es\\\/producto\\\/aguardiente-orujo-premium\\\/\",\"url\":\"https:\\\/\\\/degrados.es\\\/producto\\\/aguardiente-orujo-premium\\\/\",\"name\":\"Aguardiente de Orujo - Prestige Orujo kaufen - Licorer\u00eda Degrados\",\"isPartOf\":{\"@id\":\"https:\\\/\\\/degrados.es\\\/#website\"},\"primaryImageOfPage\":{\"@id\":\"https:\\\/\\\/degrados.es\\\/producto\\\/aguardiente-orujo-premium\\\/#primaryimage\"},\"image\":{\"@id\":\"https:\\\/\\\/degrados.es\\\/producto\\\/aguardiente-orujo-premium\\\/#primaryimage\"},\"thumbnailUrl\":\"https:\\\/\\\/degrados.es\\\/wp-content\\\/uploads\\\/2022\\\/02\\\/Aguardiente-prestigio-licor.webp\",\"datePublished\":\"2022-02-25T09:24:49+00:00\",\"dateModified\":\"2023-12-19T12:02:24+00:00\",\"description\":\"Entdecken Sie Aguardiente Prestigio, einen Trester mit Charakter und Nuancen. Aguardiente de Orujo bei Licorer\u00eda Online kaufen. Abgebaut.\",\"breadcrumb\":{\"@id\":\"https:\\\/\\\/degrados.es\\\/producto\\\/aguardiente-orujo-premium\\\/#breadcrumb\"},\"inLanguage\":\"de\",\"potentialAction\":[{\"@type\":\"ReadAction\",\"target\":[\"https:\\\/\\\/degrados.es\\\/producto\\\/aguardiente-orujo-premium\\\/\"]}]},{\"@type\":\"ImageObject\",\"inLanguage\":\"de\",\"@id\":\"https:\\\/\\\/degrados.es\\\/producto\\\/aguardiente-orujo-premium\\\/#primaryimage\",\"url\":\"https:\\\/\\\/degrados.es\\\/wp-content\\\/uploads\\\/2022\\\/02\\\/Aguardiente-prestigio-licor.webp\",\"contentUrl\":\"https:\\\/\\\/degrados.es\\\/wp-content\\\/uploads\\\/2022\\\/02\\\/Aguardiente-prestigio-licor.webp\",\"width\":430,\"height\":430,\"caption\":\"Weinbrand online kaufen\"},{\"@type\":\"BreadcrumbList\",\"@id\":\"https:\\\/\\\/degrados.es\\\/producto\\\/aguardiente-orujo-premium\\\/#breadcrumb\",\"itemListElement\":[{\"@type\":\"ListItem\",\"position\":1,\"name\":\"Home\",\"item\":\"https:\\\/\\\/degrados.es\\\/de\\\/startseite\\\/\"},{\"@type\":\"ListItem\",\"position\":2,\"name\":\"Shop\",\"item\":\"https:\\\/\\\/degrados.es\\\/de\\\/?page_id=2821\"},{\"@type\":\"ListItem\",\"position\":3,\"name\":\"Wasseraufbereitungsanlage Prestige\"}]},{\"@type\":\"WebSite\",\"@id\":\"https:\\\/\\\/degrados.es\\\/#website\",\"url\":\"https:\\\/\\\/degrados.es\\\/\",\"name\":\"Degrados\",\"description\":\"Spirituosen online kaufen\",\"publisher\":{\"@id\":\"https:\\\/\\\/degrados.es\\\/#organization\"},\"alternateName\":\"Licorer\u00eda online\",\"potentialAction\":[{\"@type\":\"SearchAction\",\"target\":{\"@type\":\"EntryPoint\",\"urlTemplate\":\"https:\\\/\\\/degrados.es\\\/?s={search_term_string}\"},\"query-input\":{\"@type\":\"PropertyValueSpecification\",\"valueRequired\":true,\"valueName\":\"search_term_string\"}}],\"inLanguage\":\"de\"},{\"@type\":\"Organization\",\"@id\":\"https:\\\/\\\/degrados.es\\\/#organization\",\"name\":\"DeGrados\",\"url\":\"https:\\\/\\\/degrados.es\\\/\",\"logo\":{\"@type\":\"ImageObject\",\"inLanguage\":\"de\",\"@id\":\"https:\\\/\\\/degrados.es\\\/#\\\/schema\\\/logo\\\/image\\\/\",\"url\":\"https:\\\/\\\/degrados.es\\\/wp-content\\\/uploads\\\/2021\\\/02\\\/Logo-degrados.png\",\"contentUrl\":\"https:\\\/\\\/degrados.es\\\/wp-content\\\/uploads\\\/2021\\\/02\\\/Logo-degrados.png\",\"width\":350,\"height\":86,\"caption\":\"DeGrados\"},\"image\":{\"@id\":\"https:\\\/\\\/degrados.es\\\/#\\\/schema\\\/logo\\\/image\\\/\"}}]}<\/script>\n<meta property=\"product:price:amount\" content=\"15.20\" \/>\n<meta property=\"product:price:currency\" content=\"EUR\" \/>\n<meta property=\"og:availability\" content=\"instock\" \/>\n<meta property=\"product:availability\" content=\"instock\" \/>\n<meta property=\"product:retailer_item_id\" content=\"D1G69\" \/>\n<meta property=\"product:condition\" content=\"new\" \/>\n<!-- \/ Yoast SEO plugin. -->","yoast_head_json":{"title":"Aguardiente de Orujo - Prestige Orujo kaufen - Licorer\u00eda Degrados","description":"Entdecken Sie Aguardiente Prestigio, einen Trester mit Charakter und Nuancen. Aguardiente de Orujo bei Licorer\u00eda Online kaufen. Abgebaut.","robots":{"index":"index","follow":"follow","max-snippet":"max-snippet:-1","max-image-preview":"max-image-preview:large","max-video-preview":"max-video-preview:-1"},"canonical":"https:\/\/degrados.es\/producto\/aguardiente-orujo-premium\/","og_locale":"de_DE","og_type":"article","og_title":"Aguardiente de Orujo - Prestige Orujo kaufen - Licorer\u00eda Degrados","og_description":"Entdecken Sie Aguardiente Prestigio, einen Trester mit Charakter und Nuancen. Aguardiente de Orujo bei Licorer\u00eda Online kaufen. Abgebaut.","og_url":"https:\/\/degrados.es\/producto\/aguardiente-orujo-premium\/","og_site_name":"Online Spirituosengesch\u00e4ft","article_modified_time":"2023-12-19T12:02:24+00:00","og_image":[{"width":430,"height":430,"url":"https:\/\/degrados.es\/wp-content\/uploads\/2022\/02\/Aguardiente-prestigio-licor.webp","type":"image\/webp"}],"twitter_card":"summary_large_image","twitter_misc":{"Preis":"15,20&euro; IVA Incluido","Verf\u00fcgbarkeit":"Auf Lager"},"schema":{"@context":"https:\/\/schema.org","@graph":[{"@type":"WebPage","@id":"https:\/\/degrados.es\/producto\/aguardiente-orujo-premium\/","url":"https:\/\/degrados.es\/producto\/aguardiente-orujo-premium\/","name":"Aguardiente de Orujo - Prestige Orujo kaufen - Licorer\u00eda Degrados","isPartOf":{"@id":"https:\/\/degrados.es\/#website"},"primaryImageOfPage":{"@id":"https:\/\/degrados.es\/producto\/aguardiente-orujo-premium\/#primaryimage"},"image":{"@id":"https:\/\/degrados.es\/producto\/aguardiente-orujo-premium\/#primaryimage"},"thumbnailUrl":"https:\/\/degrados.es\/wp-content\/uploads\/2022\/02\/Aguardiente-prestigio-licor.webp","datePublished":"2022-02-25T09:24:49+00:00","dateModified":"2023-12-19T12:02:24+00:00","description":"Entdecken Sie Aguardiente Prestigio, einen Trester mit Charakter und Nuancen. Aguardiente de Orujo bei Licorer\u00eda Online kaufen. Abgebaut.","breadcrumb":{"@id":"https:\/\/degrados.es\/producto\/aguardiente-orujo-premium\/#breadcrumb"},"inLanguage":"de","potentialAction":[{"@type":"ReadAction","target":["https:\/\/degrados.es\/producto\/aguardiente-orujo-premium\/"]}]},{"@type":"ImageObject","inLanguage":"de","@id":"https:\/\/degrados.es\/producto\/aguardiente-orujo-premium\/#primaryimage","url":"https:\/\/degrados.es\/wp-content\/uploads\/2022\/02\/Aguardiente-prestigio-licor.webp","contentUrl":"https:\/\/degrados.es\/wp-content\/uploads\/2022\/02\/Aguardiente-prestigio-licor.webp","width":430,"height":430,"caption":"Weinbrand online kaufen"},{"@type":"BreadcrumbList","@id":"https:\/\/degrados.es\/producto\/aguardiente-orujo-premium\/#breadcrumb","itemListElement":[{"@type":"ListItem","position":1,"name":"Home","item":"https:\/\/degrados.es\/de\/startseite\/"},{"@type":"ListItem","position":2,"name":"Shop","item":"https:\/\/degrados.es\/de\/?page_id=2821"},{"@type":"ListItem","position":3,"name":"Wasseraufbereitungsanlage Prestige"}]},{"@type":"WebSite","@id":"https:\/\/degrados.es\/#website","url":"https:\/\/degrados.es\/","name":"Degrados","description":"Spirituosen online kaufen","publisher":{"@id":"https:\/\/degrados.es\/#organization"},"alternateName":"Licorer\u00eda online","potentialAction":[{"@type":"SearchAction","target":{"@type":"EntryPoint","urlTemplate":"https:\/\/degrados.es\/?s={search_term_string}"},"query-input":{"@type":"PropertyValueSpecification","valueRequired":true,"valueName":"search_term_string"}}],"inLanguage":"de"},{"@type":"Organization","@id":"https:\/\/degrados.es\/#organization","name":"DeGrados","url":"https:\/\/degrados.es\/","logo":{"@type":"ImageObject","inLanguage":"de","@id":"https:\/\/degrados.es\/#\/schema\/logo\/image\/","url":"https:\/\/degrados.es\/wp-content\/uploads\/2021\/02\/Logo-degrados.png","contentUrl":"https:\/\/degrados.es\/wp-content\/uploads\/2021\/02\/Logo-degrados.png","width":350,"height":86,"caption":"DeGrados"},"image":{"@id":"https:\/\/degrados.es\/#\/schema\/logo\/image\/"}}]},"product_price_amount":"15.20","product_price_currency":"EUR","og_availability":"instock","product_availability":"instock","product_retailer_item_id":"D1G69","product_condition":"new"},"_links":{"self":[{"href":"https:\/\/degrados.es\/de\/wp-json\/wp\/v2\/product\/2756","targetHints":{"allow":["GET"]}}],"collection":[{"href":"https:\/\/degrados.es\/de\/wp-json\/wp\/v2\/product"}],"about":[{"href":"https:\/\/degrados.es\/de\/wp-json\/wp\/v2\/types\/product"}],"replies":[{"embeddable":true,"href":"https:\/\/degrados.es\/de\/wp-json\/wp\/v2\/comments?post=2756"}],"wp:featuredmedia":[{"embeddable":true,"href":"https:\/\/degrados.es\/de\/wp-json\/wp\/v2\/media\/2554"}],"wp:attachment":[{"href":"https:\/\/degrados.es\/de\/wp-json\/wp\/v2\/media?parent=2756"}],"wp:term":[{"taxonomy":"product_cat","embeddable":true,"href":"https:\/\/degrados.es\/de\/wp-json\/wp\/v2\/product_cat?post=2756"},{"taxonomy":"product_tag","embeddable":true,"href":"https:\/\/degrados.es\/de\/wp-json\/wp\/v2\/product_tag?post=2756"}],"curies":[{"name":"wp","href":"https:\/\/api.w.org\/{rel}","templated":true}]}}