{"id":2757,"date":"2022-02-24T12:13:46","date_gmt":"2022-02-24T11:13:46","guid":{"rendered":"https:\/\/degrados.es\/producto\/brandy-maximiliano\/"},"modified":"2023-12-19T13:02:24","modified_gmt":"2023-12-19T12:02:24","slug":"brandy-maximiliano","status":"publish","type":"product","link":"https:\/\/degrados.es\/de\/producto\/brandy-maximiliano\/","title":{"rendered":"Brandy Maximiliano"},"content":{"rendered":"<p>Brandy ist eine Art Branntwein, der durch Destillation von Wein gewonnen wird. Er stammt aus dem 12. und wurde im 14. Die Niederl\u00e4nder, die wahren Meister des Seeverkehrs, verteilten ihre Waren praktisch in ganz Europa. Daher erhielt das Getr\u00e4nk den Namen &#8218;brandewijn&#8216; oder &#8218;gebrannter Wein&#8216;. Es hei\u00dft, dass dieser besondere Lik\u00f6r entstand, als ein holl\u00e4ndischer H\u00e4ndler seine Bestellung stornierte, was zu Problemen bei der Lagerung f\u00fchrte. Er beschloss, ihn in Sherryf\u00e4ssern zu lagern, die mehrere Jahre lang aufbewahrt wurden. Durch den Kontakt mit dem Holz verwandelte sich der Wein allm\u00e4hlich in einen Alkohol von herrlicher Farbe und sehr aromatisch und wurde zu dem, was wir heute Brandy nennen.<i> <\/i>Er ist eines der Destillate mit der gr\u00f6\u00dften Geschichte und dem gr\u00f6\u00dften Ansehen. Deshalb m\u00f6chten wir Ihnen unseren Brandy Maximiliano vorstellen, einen Brandy, der aus unserer breiten Palette von Destillaten herausragt.<\/p>\n<p>Der Maximilian-Branntwein ist aufgrund seiner Herstellungsweise einer der renommiertesten. Er wird aus den feinsten Holanda- und Weindestillaten hergestellt und sorgf\u00e4ltig in speziell ausgew\u00e4hlten Eichenf\u00e4ssern gelagert. Am Ende dieses langen Prozesses steht ein lang erwartetes Produkt. Ein Destillat mit einem intensiven Aroma und einem besonders gleichm\u00e4\u00dfigen Geschmack.<\/p>\n<p>Eines der Merkmale des Brandy Maximiliano ist, dass man ihn nach Belieben trinken kann, da er zu jeder Zeit serviert werden kann.<\/p>\n<p>Um seinen Geschmack voll genie\u00dfen zu k\u00f6nnen, empfiehlt es sich, feine, klare Kristallballongl\u00e4ser zu verwenden. Und nat\u00fcrlich immer mit einem verantwortungsvollen Konsum aufgrund seines hohen Alkoholgehalts.<\/p>\n<p>Exzellenz und Prestige werden zu einem Weinbrand, der auch die anspruchsvollsten Gaumen zufrieden stellt. Genie\u00dfen Sie mit jedem Schluck ein Gef\u00fchl, das Sie nicht mehr losl\u00e4sst. Der Brandy Maximiliano ist die beste Wahl f\u00fcr die Homogenit\u00e4t seiner Textur und f\u00fcr seine hohe und unbestreitbare Qualit\u00e4t. Wenn Sie zu denjenigen geh\u00f6ren, die immer nur das Beste wollen, fragen Sie nach Brandy Maximiliano. Wir versichern Ihnen, dass dieses karamellfarbene Getr\u00e4nk Sie nicht gleichg\u00fcltig lassen wird. Z\u00f6gern Sie nicht, Brandy Maximiliano ist wie f\u00fcr Sie gemacht. Wenn Sie es noch nicht ausprobiert haben, worauf warten Sie dann noch?<\/p>\n","protected":false},"excerpt":{"rendered":"<div class=\"references\">Die besten Holanda- und Weindestillate und die sorgf\u00e4ltige Reifung in speziell ausgew\u00e4hlten Eichenf\u00e4ssern ergeben ein Produkt mit intensivem Aroma und gleichbleibendem Geschmack.<\/div>\n","protected":false},"featured_media":3824,"comment_status":"open","ping_status":"closed","template":"","meta":{"inline_featured_image":false},"product_cat":[952,530],"product_tag":[579,598,577,580],"class_list":{"0":"post-2757","1":"product","2":"type-product","3":"status-publish","4":"has-post-thumbnail","6":"product_cat-cognac-und-brandy","7":"product_cat-spirituosen","8":"product_tag-brandy-de","9":"product_tag-brandy-maximiliano-de","10":"product_tag-pramie","11":"product_tag-weinbrandlikor","13":"first","14":"instock","15":"sale","16":"taxable","17":"shipping-taxable","18":"purchasable","19":"product-type-simple"},"yoast_head":"<!-- This site is optimized with the Yoast SEO plugin v27.4 - https:\/\/yoast.com\/product\/yoast-seo-wordpress\/ -->\n<title>Brandy online kaufen Maximiliano: Liquorer\u00eda Online Degrados<\/title>\n<meta name=\"description\" content=\"Entdecken Sie Brandy Maximiliano und kaufen Sie online den besten Brandy mit Textur und exklusiver Qualit\u00e4t in Liquorer\u00eda Online. Abgebaut.\" \/>\n<meta name=\"robots\" content=\"index, follow, max-snippet:-1, max-image-preview:large, max-video-preview:-1\" \/>\n<link rel=\"canonical\" href=\"https:\/\/degrados.es\/de\/producto\/brandy-maximiliano\/\" \/>\n<meta property=\"og:locale\" content=\"de_DE\" \/>\n<meta property=\"og:type\" content=\"article\" \/>\n<meta property=\"og:title\" content=\"Brandy online kaufen Maximiliano: Liquorer\u00eda Online Degrados\" \/>\n<meta property=\"og:description\" content=\"Entdecken Sie Brandy Maximiliano und kaufen Sie online den besten Brandy mit Textur und exklusiver Qualit\u00e4t in Liquorer\u00eda Online. Abgebaut.\" \/>\n<meta property=\"og:url\" content=\"https:\/\/degrados.es\/de\/producto\/brandy-maximiliano\/\" \/>\n<meta property=\"og:site_name\" content=\"Online Spirituosengesch\u00e4ft\" \/>\n<meta property=\"article:modified_time\" content=\"2023-12-19T12:02:24+00:00\" \/>\n<meta property=\"og:image\" content=\"https:\/\/degrados.es\/wp-content\/uploads\/2022\/02\/brandy-maximiliano-70cl.webp\" \/>\n\t<meta property=\"og:image:width\" content=\"430\" \/>\n\t<meta property=\"og:image:height\" content=\"430\" \/>\n\t<meta property=\"og:image:type\" content=\"image\/webp\" \/>\n<meta name=\"twitter:card\" content=\"summary_large_image\" \/>\n<meta name=\"twitter:label1\" content=\"Preis\" \/>\n\t<meta name=\"twitter:data1\" content=\"10,40&euro; IVA Incluido\" \/>\n\t<meta name=\"twitter:label2\" content=\"Verf\u00fcgbarkeit\" \/>\n\t<meta name=\"twitter:data2\" content=\"Auf Lager\" \/>\n<script type=\"application\/ld+json\" class=\"yoast-schema-graph\">{\"@context\":\"https:\\\/\\\/schema.org\",\"@graph\":[{\"@type\":\"WebPage\",\"@id\":\"https:\\\/\\\/degrados.es\\\/de\\\/producto\\\/brandy-maximiliano\\\/\",\"url\":\"https:\\\/\\\/degrados.es\\\/de\\\/producto\\\/brandy-maximiliano\\\/\",\"name\":\"Brandy online kaufen Maximiliano: Liquorer\u00eda Online Degrados\",\"isPartOf\":{\"@id\":\"https:\\\/\\\/degrados.es\\\/#website\"},\"primaryImageOfPage\":{\"@id\":\"https:\\\/\\\/degrados.es\\\/de\\\/producto\\\/brandy-maximiliano\\\/#primaryimage\"},\"image\":{\"@id\":\"https:\\\/\\\/degrados.es\\\/de\\\/producto\\\/brandy-maximiliano\\\/#primaryimage\"},\"thumbnailUrl\":\"https:\\\/\\\/degrados.es\\\/wp-content\\\/uploads\\\/2022\\\/02\\\/Brandy-Maximiliano.webp\",\"datePublished\":\"2022-02-24T11:13:46+00:00\",\"dateModified\":\"2023-12-19T12:02:24+00:00\",\"description\":\"Entdecken Sie Brandy Maximiliano und kaufen Sie online den besten Brandy mit Textur und exklusiver Qualit\u00e4t in Liquorer\u00eda Online. Abgebaut.\",\"breadcrumb\":{\"@id\":\"https:\\\/\\\/degrados.es\\\/de\\\/producto\\\/brandy-maximiliano\\\/#breadcrumb\"},\"inLanguage\":\"de\",\"potentialAction\":[{\"@type\":\"ReadAction\",\"target\":[\"https:\\\/\\\/degrados.es\\\/de\\\/producto\\\/brandy-maximiliano\\\/\"]}]},{\"@type\":\"ImageObject\",\"inLanguage\":\"de\",\"@id\":\"https:\\\/\\\/degrados.es\\\/de\\\/producto\\\/brandy-maximiliano\\\/#primaryimage\",\"url\":\"https:\\\/\\\/degrados.es\\\/wp-content\\\/uploads\\\/2022\\\/02\\\/Brandy-Maximiliano.webp\",\"contentUrl\":\"https:\\\/\\\/degrados.es\\\/wp-content\\\/uploads\\\/2022\\\/02\\\/Brandy-Maximiliano.webp\",\"width\":1000,\"height\":1000,\"caption\":\"Brandy Maximiliano\"},{\"@type\":\"BreadcrumbList\",\"@id\":\"https:\\\/\\\/degrados.es\\\/de\\\/producto\\\/brandy-maximiliano\\\/#breadcrumb\",\"itemListElement\":[{\"@type\":\"ListItem\",\"position\":1,\"name\":\"Home\",\"item\":\"https:\\\/\\\/degrados.es\\\/de\\\/startseite\\\/\"},{\"@type\":\"ListItem\",\"position\":2,\"name\":\"Shop\",\"item\":\"https:\\\/\\\/degrados.es\\\/de\\\/?page_id=2821\"},{\"@type\":\"ListItem\",\"position\":3,\"name\":\"Brandy Maximiliano\"}]},{\"@type\":\"WebSite\",\"@id\":\"https:\\\/\\\/degrados.es\\\/#website\",\"url\":\"https:\\\/\\\/degrados.es\\\/\",\"name\":\"Degrados\",\"description\":\"Spirituosen online kaufen\",\"publisher\":{\"@id\":\"https:\\\/\\\/degrados.es\\\/#organization\"},\"alternateName\":\"Licorer\u00eda online\",\"potentialAction\":[{\"@type\":\"SearchAction\",\"target\":{\"@type\":\"EntryPoint\",\"urlTemplate\":\"https:\\\/\\\/degrados.es\\\/?s={search_term_string}\"},\"query-input\":{\"@type\":\"PropertyValueSpecification\",\"valueRequired\":true,\"valueName\":\"search_term_string\"}}],\"inLanguage\":\"de\"},{\"@type\":\"Organization\",\"@id\":\"https:\\\/\\\/degrados.es\\\/#organization\",\"name\":\"DeGrados\",\"url\":\"https:\\\/\\\/degrados.es\\\/\",\"logo\":{\"@type\":\"ImageObject\",\"inLanguage\":\"de\",\"@id\":\"https:\\\/\\\/degrados.es\\\/#\\\/schema\\\/logo\\\/image\\\/\",\"url\":\"https:\\\/\\\/degrados.es\\\/wp-content\\\/uploads\\\/2021\\\/02\\\/Logo-degrados.png\",\"contentUrl\":\"https:\\\/\\\/degrados.es\\\/wp-content\\\/uploads\\\/2021\\\/02\\\/Logo-degrados.png\",\"width\":350,\"height\":86,\"caption\":\"DeGrados\"},\"image\":{\"@id\":\"https:\\\/\\\/degrados.es\\\/#\\\/schema\\\/logo\\\/image\\\/\"}}]}<\/script>\n<meta property=\"product:price:amount\" content=\"10.40\" \/>\n<meta property=\"product:price:currency\" content=\"EUR\" \/>\n<meta property=\"og:availability\" content=\"instock\" \/>\n<meta property=\"product:availability\" content=\"instock\" \/>\n<meta property=\"product:retailer_item_id\" content=\"D1G58\" \/>\n<meta property=\"product:condition\" content=\"new\" \/>\n<!-- \/ Yoast SEO plugin. -->","yoast_head_json":{"title":"Brandy online kaufen Maximiliano: Liquorer\u00eda Online Degrados","description":"Entdecken Sie Brandy Maximiliano und kaufen Sie online den besten Brandy mit Textur und exklusiver Qualit\u00e4t in Liquorer\u00eda Online. Abgebaut.","robots":{"index":"index","follow":"follow","max-snippet":"max-snippet:-1","max-image-preview":"max-image-preview:large","max-video-preview":"max-video-preview:-1"},"canonical":"https:\/\/degrados.es\/de\/producto\/brandy-maximiliano\/","og_locale":"de_DE","og_type":"article","og_title":"Brandy online kaufen Maximiliano: Liquorer\u00eda Online Degrados","og_description":"Entdecken Sie Brandy Maximiliano und kaufen Sie online den besten Brandy mit Textur und exklusiver Qualit\u00e4t in Liquorer\u00eda Online. Abgebaut.","og_url":"https:\/\/degrados.es\/de\/producto\/brandy-maximiliano\/","og_site_name":"Online Spirituosengesch\u00e4ft","article_modified_time":"2023-12-19T12:02:24+00:00","og_image":[{"width":430,"height":430,"url":"https:\/\/degrados.es\/wp-content\/uploads\/2022\/02\/brandy-maximiliano-70cl.webp","type":"image\/webp"}],"twitter_card":"summary_large_image","twitter_misc":{"Preis":"10,40&euro; IVA Incluido","Verf\u00fcgbarkeit":"Auf Lager"},"schema":{"@context":"https:\/\/schema.org","@graph":[{"@type":"WebPage","@id":"https:\/\/degrados.es\/de\/producto\/brandy-maximiliano\/","url":"https:\/\/degrados.es\/de\/producto\/brandy-maximiliano\/","name":"Brandy online kaufen Maximiliano: Liquorer\u00eda Online Degrados","isPartOf":{"@id":"https:\/\/degrados.es\/#website"},"primaryImageOfPage":{"@id":"https:\/\/degrados.es\/de\/producto\/brandy-maximiliano\/#primaryimage"},"image":{"@id":"https:\/\/degrados.es\/de\/producto\/brandy-maximiliano\/#primaryimage"},"thumbnailUrl":"https:\/\/degrados.es\/wp-content\/uploads\/2022\/02\/Brandy-Maximiliano.webp","datePublished":"2022-02-24T11:13:46+00:00","dateModified":"2023-12-19T12:02:24+00:00","description":"Entdecken Sie Brandy Maximiliano und kaufen Sie online den besten Brandy mit Textur und exklusiver Qualit\u00e4t in Liquorer\u00eda Online. Abgebaut.","breadcrumb":{"@id":"https:\/\/degrados.es\/de\/producto\/brandy-maximiliano\/#breadcrumb"},"inLanguage":"de","potentialAction":[{"@type":"ReadAction","target":["https:\/\/degrados.es\/de\/producto\/brandy-maximiliano\/"]}]},{"@type":"ImageObject","inLanguage":"de","@id":"https:\/\/degrados.es\/de\/producto\/brandy-maximiliano\/#primaryimage","url":"https:\/\/degrados.es\/wp-content\/uploads\/2022\/02\/Brandy-Maximiliano.webp","contentUrl":"https:\/\/degrados.es\/wp-content\/uploads\/2022\/02\/Brandy-Maximiliano.webp","width":1000,"height":1000,"caption":"Brandy Maximiliano"},{"@type":"BreadcrumbList","@id":"https:\/\/degrados.es\/de\/producto\/brandy-maximiliano\/#breadcrumb","itemListElement":[{"@type":"ListItem","position":1,"name":"Home","item":"https:\/\/degrados.es\/de\/startseite\/"},{"@type":"ListItem","position":2,"name":"Shop","item":"https:\/\/degrados.es\/de\/?page_id=2821"},{"@type":"ListItem","position":3,"name":"Brandy Maximiliano"}]},{"@type":"WebSite","@id":"https:\/\/degrados.es\/#website","url":"https:\/\/degrados.es\/","name":"Degrados","description":"Spirituosen online kaufen","publisher":{"@id":"https:\/\/degrados.es\/#organization"},"alternateName":"Licorer\u00eda online","potentialAction":[{"@type":"SearchAction","target":{"@type":"EntryPoint","urlTemplate":"https:\/\/degrados.es\/?s={search_term_string}"},"query-input":{"@type":"PropertyValueSpecification","valueRequired":true,"valueName":"search_term_string"}}],"inLanguage":"de"},{"@type":"Organization","@id":"https:\/\/degrados.es\/#organization","name":"DeGrados","url":"https:\/\/degrados.es\/","logo":{"@type":"ImageObject","inLanguage":"de","@id":"https:\/\/degrados.es\/#\/schema\/logo\/image\/","url":"https:\/\/degrados.es\/wp-content\/uploads\/2021\/02\/Logo-degrados.png","contentUrl":"https:\/\/degrados.es\/wp-content\/uploads\/2021\/02\/Logo-degrados.png","width":350,"height":86,"caption":"DeGrados"},"image":{"@id":"https:\/\/degrados.es\/#\/schema\/logo\/image\/"}}]},"product_price_amount":"10.40","product_price_currency":"EUR","og_availability":"instock","product_availability":"instock","product_retailer_item_id":"D1G58","product_condition":"new"},"_links":{"self":[{"href":"https:\/\/degrados.es\/de\/wp-json\/wp\/v2\/product\/2757","targetHints":{"allow":["GET"]}}],"collection":[{"href":"https:\/\/degrados.es\/de\/wp-json\/wp\/v2\/product"}],"about":[{"href":"https:\/\/degrados.es\/de\/wp-json\/wp\/v2\/types\/product"}],"replies":[{"embeddable":true,"href":"https:\/\/degrados.es\/de\/wp-json\/wp\/v2\/comments?post=2757"}],"wp:featuredmedia":[{"embeddable":true,"href":"https:\/\/degrados.es\/de\/wp-json\/wp\/v2\/media\/3824"}],"wp:attachment":[{"href":"https:\/\/degrados.es\/de\/wp-json\/wp\/v2\/media?parent=2757"}],"wp:term":[{"taxonomy":"product_cat","embeddable":true,"href":"https:\/\/degrados.es\/de\/wp-json\/wp\/v2\/product_cat?post=2757"},{"taxonomy":"product_tag","embeddable":true,"href":"https:\/\/degrados.es\/de\/wp-json\/wp\/v2\/product_tag?post=2757"}],"curies":[{"name":"wp","href":"https:\/\/api.w.org\/{rel}","templated":true}]}}