{"id":2760,"date":"2022-02-25T11:37:36","date_gmt":"2022-02-25T10:37:36","guid":{"rendered":"https:\/\/degrados.es\/producto\/kaffee-trester\/"},"modified":"2023-12-19T13:02:25","modified_gmt":"2023-12-19T12:02:25","slug":"kaffee-trester","status":"publish","type":"product","link":"https:\/\/degrados.es\/de\/producto\/kaffee-trester\/","title":{"rendered":"Kaffee-Trester"},"content":{"rendered":"<p>Der Gran Orujo Prestige Kaffeelik\u00f6r ist das Ergebnis einer perfekten Kombination aus unserem Orujo, der durch G\u00e4rung und Destillation ausgew\u00e4hlter Trester und Traubentrester gewonnen und in traditionellen Kupferbrennblasen destilliert wird, und dem Aufguss von Kaffee, der das Ergebnis einer sorgf\u00e4ltigen Mischung der besten Arabica-Kaffees der Welt ist, von denen die Rohkaffeebohnen zu uns kommen. Unsere Kaffeemeister r\u00f6sten sie langsam und nach traditioneller Art, um ihren maximalen Geschmack und ihr Aroma zu erhalten.<\/p>\n<p>All dies macht den Prestigio zu einem unverwechselbaren Tresterkaffee mit intensiver und leuchtender schwarzer Farbe, mit einem exquisiten Aroma der Arabica-Kaffeemischung, das die Nase mit fruchtigen Erinnerungen an den Trester \u00fcberflutet, und im Mund ist der vornehme Geschmack der guten Kaffeesorten klar und \u00fcberflutet den Gaumen, der sich mit dem attraktiven Gef\u00fchl der W\u00e4rme des Tresters vermischt.<\/p>\n<p>Prestigio Kaffeetrester ist ideal, um ihn gek\u00fchlt nach dem Essen zu trinken.<\/p>\n","protected":false},"excerpt":{"rendered":"<p>Wenn wir den ausgezeichneten Geschmack der besten Arabica-Kaffees mit unserem au\u00dfergew\u00f6hnlichen Prestige-Trestergeist kombinieren, ist das Ergebnis ein hervorragender Kaffeetrester. Eine gro\u00dfartige Quelle f\u00fcr Drinks nach dem Essen.<\/p>\n","protected":false},"featured_media":2604,"comment_status":"open","ping_status":"closed","template":"","meta":{"inline_featured_image":false},"product_cat":[718,29],"product_tag":[204,196],"class_list":{"0":"post-2760","1":"product","2":"type-product","3":"status-publish","4":"has-post-thumbnail","6":"product_cat-orujo","7":"product_cat-licores","8":"product_tag-orujo-de-cafe","9":"product_tag-orujo","11":"first","12":"instock","13":"sale","14":"taxable","15":"shipping-taxable","16":"purchasable","17":"product-type-simple"},"yoast_head":"<!-- This site is optimized with the Yoast SEO plugin v26.9 - https:\/\/yoast.com\/product\/yoast-seo-wordpress\/ -->\n<title>Orujo de caf\u00e9 - Orujo Caf\u00e9 Lik\u00f6r kaufen - Degrados Online Liquor Store<\/title>\n<meta name=\"description\" content=\"Entdecken Sie Orujo de Caf\u00e9, einen Lik\u00f6r, der auf traditionelle Weise hergestellt wird. Orujo de Caf\u00e9 bei Licorer\u00eda Online kaufen. Abgebaut.\" \/>\n<meta name=\"robots\" content=\"index, follow, max-snippet:-1, max-image-preview:large, max-video-preview:-1\" \/>\n<link rel=\"canonical\" href=\"https:\/\/degrados.es\/de\/producto\/kaffee-trester\/\" \/>\n<meta property=\"og:locale\" content=\"de_DE\" \/>\n<meta property=\"og:type\" content=\"article\" \/>\n<meta property=\"og:title\" content=\"Orujo de caf\u00e9 - Orujo Caf\u00e9 Lik\u00f6r kaufen - Degrados Online Liquor Store\" \/>\n<meta property=\"og:description\" content=\"Entdecken Sie Orujo de Caf\u00e9, einen Lik\u00f6r, der auf traditionelle Weise hergestellt wird. Orujo de Caf\u00e9 bei Licorer\u00eda Online kaufen. Abgebaut.\" \/>\n<meta property=\"og:url\" content=\"https:\/\/degrados.es\/de\/producto\/kaffee-trester\/\" \/>\n<meta property=\"og:site_name\" content=\"Online Spirituosengesch\u00e4ft\" \/>\n<meta property=\"article:modified_time\" content=\"2023-12-19T12:02:25+00:00\" \/>\n<meta property=\"og:image\" content=\"https:\/\/degrados.es\/wp-content\/uploads\/2022\/02\/Orujo-de-Cafe.webp\" \/>\n\t<meta property=\"og:image:width\" content=\"960\" \/>\n\t<meta property=\"og:image:height\" content=\"480\" \/>\n\t<meta property=\"og:image:type\" content=\"image\/webp\" \/>\n<meta name=\"twitter:card\" content=\"summary_large_image\" \/>\n<meta name=\"twitter:label1\" content=\"Gesch\u00e4tzte Lesezeit\" \/>\n\t<meta name=\"twitter:data1\" content=\"1\u00a0Minute\" \/>\n<script type=\"application\/ld+json\" class=\"yoast-schema-graph\">{\"@context\":\"https:\/\/schema.org\",\"@graph\":[{\"@type\":\"WebPage\",\"@id\":\"https:\/\/degrados.es\/de\/producto\/kaffee-trester\/\",\"url\":\"https:\/\/degrados.es\/de\/producto\/kaffee-trester\/\",\"name\":\"Orujo de caf\u00e9 - Orujo Caf\u00e9 Lik\u00f6r kaufen - Degrados Online Liquor Store\",\"isPartOf\":{\"@id\":\"https:\/\/degrados.es\/de\/#website\"},\"primaryImageOfPage\":{\"@id\":\"https:\/\/degrados.es\/de\/producto\/kaffee-trester\/#primaryimage\"},\"image\":{\"@id\":\"https:\/\/degrados.es\/de\/producto\/kaffee-trester\/#primaryimage\"},\"thumbnailUrl\":\"https:\/\/degrados.es\/wp-content\/uploads\/2022\/02\/Orujo-de-Cafe.webp\",\"datePublished\":\"2022-02-25T10:37:36+00:00\",\"dateModified\":\"2023-12-19T12:02:25+00:00\",\"description\":\"Entdecken Sie Orujo de Caf\u00e9, einen Lik\u00f6r, der auf traditionelle Weise hergestellt wird. Orujo de Caf\u00e9 bei Licorer\u00eda Online kaufen. Abgebaut.\",\"breadcrumb\":{\"@id\":\"https:\/\/degrados.es\/de\/producto\/kaffee-trester\/#breadcrumb\"},\"inLanguage\":\"de\",\"potentialAction\":[{\"@type\":\"ReadAction\",\"target\":[\"https:\/\/degrados.es\/de\/producto\/kaffee-trester\/\"]}]},{\"@type\":\"ImageObject\",\"inLanguage\":\"de\",\"@id\":\"https:\/\/degrados.es\/de\/producto\/kaffee-trester\/#primaryimage\",\"url\":\"https:\/\/degrados.es\/wp-content\/uploads\/2022\/02\/Orujo-de-Cafe.webp\",\"contentUrl\":\"https:\/\/degrados.es\/wp-content\/uploads\/2022\/02\/Orujo-de-Cafe.webp\",\"width\":960,\"height\":480,\"caption\":\"Kaffee-Trester\"},{\"@type\":\"BreadcrumbList\",\"@id\":\"https:\/\/degrados.es\/de\/producto\/kaffee-trester\/#breadcrumb\",\"itemListElement\":[{\"@type\":\"ListItem\",\"position\":1,\"name\":\"Home\",\"item\":\"https:\/\/degrados.es\/de\/startseite\/\"},{\"@type\":\"ListItem\",\"position\":2,\"name\":\"Shop\",\"item\":\"https:\/\/degrados.es\/de\/?page_id=2821\"},{\"@type\":\"ListItem\",\"position\":3,\"name\":\"Kaffee-Trester\"}]},{\"@type\":\"WebSite\",\"@id\":\"https:\/\/degrados.es\/de\/#website\",\"url\":\"https:\/\/degrados.es\/de\/\",\"name\":\"Online Spirituosengesch\u00e4ft\",\"description\":\"Spirituosen online kaufen\",\"publisher\":{\"@id\":\"https:\/\/degrados.es\/de\/#organization\"},\"potentialAction\":[{\"@type\":\"SearchAction\",\"target\":{\"@type\":\"EntryPoint\",\"urlTemplate\":\"https:\/\/degrados.es\/de\/?s={search_term_string}\"},\"query-input\":{\"@type\":\"PropertyValueSpecification\",\"valueRequired\":true,\"valueName\":\"search_term_string\"}}],\"inLanguage\":\"de\"},{\"@type\":\"Organization\",\"@id\":\"https:\/\/degrados.es\/de\/#organization\",\"name\":\"DeGrados\",\"url\":\"https:\/\/degrados.es\/de\/\",\"logo\":{\"@type\":\"ImageObject\",\"inLanguage\":\"de\",\"@id\":\"https:\/\/degrados.es\/de\/#\/schema\/logo\/image\/\",\"url\":\"https:\/\/degrados.es\/wp-content\/uploads\/2021\/02\/Logo-degrados.png\",\"contentUrl\":\"https:\/\/degrados.es\/wp-content\/uploads\/2021\/02\/Logo-degrados.png\",\"width\":350,\"height\":86,\"caption\":\"DeGrados\"},\"image\":{\"@id\":\"https:\/\/degrados.es\/de\/#\/schema\/logo\/image\/\"}}]}<\/script>\n<!-- \/ Yoast SEO plugin. -->","yoast_head_json":{"title":"Orujo de caf\u00e9 - Orujo Caf\u00e9 Lik\u00f6r kaufen - Degrados Online Liquor Store","description":"Entdecken Sie Orujo de Caf\u00e9, einen Lik\u00f6r, der auf traditionelle Weise hergestellt wird. Orujo de Caf\u00e9 bei Licorer\u00eda Online kaufen. Abgebaut.","robots":{"index":"index","follow":"follow","max-snippet":"max-snippet:-1","max-image-preview":"max-image-preview:large","max-video-preview":"max-video-preview:-1"},"canonical":"https:\/\/degrados.es\/de\/producto\/kaffee-trester\/","og_locale":"de_DE","og_type":"article","og_title":"Orujo de caf\u00e9 - Orujo Caf\u00e9 Lik\u00f6r kaufen - Degrados Online Liquor Store","og_description":"Entdecken Sie Orujo de Caf\u00e9, einen Lik\u00f6r, der auf traditionelle Weise hergestellt wird. Orujo de Caf\u00e9 bei Licorer\u00eda Online kaufen. Abgebaut.","og_url":"https:\/\/degrados.es\/de\/producto\/kaffee-trester\/","og_site_name":"Online Spirituosengesch\u00e4ft","article_modified_time":"2023-12-19T12:02:25+00:00","og_image":[{"width":960,"height":480,"url":"https:\/\/degrados.es\/wp-content\/uploads\/2022\/02\/Orujo-de-Cafe.webp","type":"image\/webp"}],"twitter_card":"summary_large_image","twitter_misc":{"Gesch\u00e4tzte Lesezeit":"1\u00a0Minute"},"schema":{"@context":"https:\/\/schema.org","@graph":[{"@type":"WebPage","@id":"https:\/\/degrados.es\/de\/producto\/kaffee-trester\/","url":"https:\/\/degrados.es\/de\/producto\/kaffee-trester\/","name":"Orujo de caf\u00e9 - Orujo Caf\u00e9 Lik\u00f6r kaufen - Degrados Online Liquor Store","isPartOf":{"@id":"https:\/\/degrados.es\/de\/#website"},"primaryImageOfPage":{"@id":"https:\/\/degrados.es\/de\/producto\/kaffee-trester\/#primaryimage"},"image":{"@id":"https:\/\/degrados.es\/de\/producto\/kaffee-trester\/#primaryimage"},"thumbnailUrl":"https:\/\/degrados.es\/wp-content\/uploads\/2022\/02\/Orujo-de-Cafe.webp","datePublished":"2022-02-25T10:37:36+00:00","dateModified":"2023-12-19T12:02:25+00:00","description":"Entdecken Sie Orujo de Caf\u00e9, einen Lik\u00f6r, der auf traditionelle Weise hergestellt wird. Orujo de Caf\u00e9 bei Licorer\u00eda Online kaufen. Abgebaut.","breadcrumb":{"@id":"https:\/\/degrados.es\/de\/producto\/kaffee-trester\/#breadcrumb"},"inLanguage":"de","potentialAction":[{"@type":"ReadAction","target":["https:\/\/degrados.es\/de\/producto\/kaffee-trester\/"]}]},{"@type":"ImageObject","inLanguage":"de","@id":"https:\/\/degrados.es\/de\/producto\/kaffee-trester\/#primaryimage","url":"https:\/\/degrados.es\/wp-content\/uploads\/2022\/02\/Orujo-de-Cafe.webp","contentUrl":"https:\/\/degrados.es\/wp-content\/uploads\/2022\/02\/Orujo-de-Cafe.webp","width":960,"height":480,"caption":"Kaffee-Trester"},{"@type":"BreadcrumbList","@id":"https:\/\/degrados.es\/de\/producto\/kaffee-trester\/#breadcrumb","itemListElement":[{"@type":"ListItem","position":1,"name":"Home","item":"https:\/\/degrados.es\/de\/startseite\/"},{"@type":"ListItem","position":2,"name":"Shop","item":"https:\/\/degrados.es\/de\/?page_id=2821"},{"@type":"ListItem","position":3,"name":"Kaffee-Trester"}]},{"@type":"WebSite","@id":"https:\/\/degrados.es\/de\/#website","url":"https:\/\/degrados.es\/de\/","name":"Online Spirituosengesch\u00e4ft","description":"Spirituosen online kaufen","publisher":{"@id":"https:\/\/degrados.es\/de\/#organization"},"potentialAction":[{"@type":"SearchAction","target":{"@type":"EntryPoint","urlTemplate":"https:\/\/degrados.es\/de\/?s={search_term_string}"},"query-input":{"@type":"PropertyValueSpecification","valueRequired":true,"valueName":"search_term_string"}}],"inLanguage":"de"},{"@type":"Organization","@id":"https:\/\/degrados.es\/de\/#organization","name":"DeGrados","url":"https:\/\/degrados.es\/de\/","logo":{"@type":"ImageObject","inLanguage":"de","@id":"https:\/\/degrados.es\/de\/#\/schema\/logo\/image\/","url":"https:\/\/degrados.es\/wp-content\/uploads\/2021\/02\/Logo-degrados.png","contentUrl":"https:\/\/degrados.es\/wp-content\/uploads\/2021\/02\/Logo-degrados.png","width":350,"height":86,"caption":"DeGrados"},"image":{"@id":"https:\/\/degrados.es\/de\/#\/schema\/logo\/image\/"}}]}},"_links":{"self":[{"href":"https:\/\/degrados.es\/de\/wp-json\/wp\/v2\/product\/2760","targetHints":{"allow":["GET"]}}],"collection":[{"href":"https:\/\/degrados.es\/de\/wp-json\/wp\/v2\/product"}],"about":[{"href":"https:\/\/degrados.es\/de\/wp-json\/wp\/v2\/types\/product"}],"replies":[{"embeddable":true,"href":"https:\/\/degrados.es\/de\/wp-json\/wp\/v2\/comments?post=2760"}],"wp:featuredmedia":[{"embeddable":true,"href":"https:\/\/degrados.es\/de\/wp-json\/wp\/v2\/media\/2604"}],"wp:attachment":[{"href":"https:\/\/degrados.es\/de\/wp-json\/wp\/v2\/media?parent=2760"}],"wp:term":[{"taxonomy":"product_cat","embeddable":true,"href":"https:\/\/degrados.es\/de\/wp-json\/wp\/v2\/product_cat?post=2760"},{"taxonomy":"product_tag","embeddable":true,"href":"https:\/\/degrados.es\/de\/wp-json\/wp\/v2\/product_tag?post=2760"}],"curies":[{"name":"wp","href":"https:\/\/api.w.org\/{rel}","templated":true}]}}