{"id":2761,"date":"2022-02-25T12:34:51","date_gmt":"2022-02-25T11:34:51","guid":{"rendered":"https:\/\/degrados.es\/producto\/herbero-de-la-sierra-de-mariola\/"},"modified":"2023-12-19T13:02:25","modified_gmt":"2023-12-19T12:02:25","slug":"herbero-de-la-sierra-de-mariola","status":"publish","type":"product","link":"https:\/\/degrados.es\/de\/producto\/herbero-de-la-sierra-de-mariola\/","title":{"rendered":"Herbero de la Sierra de Mariola"},"content":{"rendered":"<p style=\"text-align: left;\" align=\"center\">Der Herbero entstammt der Weisheit und dem Verm\u00e4chtnis unserer Vorfahren, die sich die \u00fcppige botanische Vielfalt der Sierra de Mariola zunutze machten, wo in den trockenen Gebieten der Wald durch Pflanzen ersetzt wird, die an die Trockenheit und Kargheit des Gel\u00e4ndes angepasst sind. Urspr\u00fcnglich wurden diese aromatischen Pflanzen f\u00fcr medizinische Zwecke verwendet und sp\u00e4ter mazeriert und destilliert, um den Herbero de la Sierra de Mariola zu erhalten.<\/p>\n<p style=\"text-align: left;\" align=\"center\">Der <strong>Herbero der Sierra de Mariola<\/strong>  ist eine Spirituose mit Anisgeschmack, die durch Destillation und Mazeration von Kr\u00e4utern und Pflanzen wie Fenchel, Salbei, Kamille, Pennyroyal und bis zu 15 aromatischen Sorten, die im Gebiet der Sierra de Mariola in der Provinz Alicante geerntet werden, mit neutralem Alkohol landwirtschaftlichen Ursprungs und einem Alkoholgehalt von 30 % gewonnen wird.<\/p>\n<p style=\"text-align: left;\" align=\"center\">Mit der spezifischen Bezeichnung Herbero de la Sierra de Mariola des Consejo Regulador de las Bebidas Espirituosas Tradicionales de Alicante.<\/p>\n<p style=\"text-align: left;\" align=\"center\">Der Herbero hat ein kristallklares, gr\u00fcnlich-gelbes Aussehen und ein exquisites Aroma, das von der gro\u00dfen Vielfalt an Kr\u00e4utern und aromatischen Pflanzen herr\u00fchrt, aus denen er sich zusammensetzt, mit einem k\u00f6stlichen botanischen Geschmack, trocken im Mund und mit einem Anis-Hintergrund.<\/p>\n<p style=\"text-align: left;\" align=\"center\">Herbero wird am besten bei Zimmertemperatur oder gek\u00fchlt in einem kleinen Glas oder Shot-Glas serviert, er passt auch sehr gut zu gek\u00fchlter Zitronenlimonade.<\/p>\n","protected":false},"excerpt":{"rendered":"<p>Der Herbero entstammt der Weisheit und dem Verm\u00e4chtnis unserer Vorfahren, die sich die \u00fcppige botanische Vielfalt der Sierra de Mariola zunutze machten, wo in den trockenen Gebieten der Wald durch Pflanzen ersetzt wird, die an die Trockenheit und Kargheit des Gel\u00e4ndes angepasst sind. Urspr\u00fcnglich wurden diese aromatischen Pflanzen f\u00fcr medizinische Zwecke verwendet und sp\u00e4ter mazeriert und destilliert, um den Herbero de la Sierra de Mariola zu erhalten.<\/p>\n","protected":false},"featured_media":2562,"comment_status":"open","ping_status":"closed","template":"","meta":{"inline_featured_image":false},"product_cat":[30,29],"product_tag":[212,211,213],"class_list":{"0":"post-2761","1":"product","2":"type-product","3":"status-publish","4":"has-post-thumbnail","6":"product_cat-herbero-mistela","7":"product_cat-licores","8":"product_tag-hierbas-aromaticas","9":"product_tag-herbero","10":"product_tag-sierra-de-mariola","12":"first","13":"instock","14":"sale","15":"taxable","16":"shipping-taxable","17":"purchasable","18":"product-type-simple"},"yoast_head":"<!-- This site is optimized with the Yoast SEO plugin v27.4 - https:\/\/yoast.com\/product\/yoast-seo-wordpress\/ -->\n<title>Herbero Sierra Mariola kaufen - Liquorer\u00eda Online Degrados<\/title>\n<meta name=\"description\" content=\"Entdecken Sie Herbero Sierra de Mariola, einen exquisiten Lik\u00f6r, der aus aromatischen Pflanzen hergestellt wird. Kaufen Sie Herbero Sierra de Mariola in Degrados.\" \/>\n<meta name=\"robots\" content=\"index, follow, max-snippet:-1, max-image-preview:large, max-video-preview:-1\" \/>\n<link rel=\"canonical\" href=\"https:\/\/degrados.es\/de\/?post_type=product&p=2761\" \/>\n<meta property=\"og:locale\" content=\"de_DE\" \/>\n<meta property=\"og:type\" content=\"article\" \/>\n<meta property=\"og:title\" content=\"Herbero Sierra Mariola kaufen - Liquorer\u00eda Online Degrados\" \/>\n<meta property=\"og:description\" content=\"Entdecken Sie Herbero Sierra de Mariola, einen exquisiten Lik\u00f6r, der aus aromatischen Pflanzen hergestellt wird. Kaufen Sie Herbero Sierra de Mariola in Degrados.\" \/>\n<meta property=\"og:url\" content=\"https:\/\/degrados.es\/de\/?post_type=product&amp;p=2761\" \/>\n<meta property=\"og:site_name\" content=\"Online Spirituosengesch\u00e4ft\" \/>\n<meta property=\"article:modified_time\" content=\"2023-12-19T12:02:25+00:00\" \/>\n<meta property=\"og:image\" content=\"https:\/\/degrados.es\/wp-content\/uploads\/2022\/02\/Comprar-herbero.webp\" \/>\n\t<meta property=\"og:image:width\" content=\"430\" \/>\n\t<meta property=\"og:image:height\" content=\"430\" \/>\n\t<meta property=\"og:image:type\" content=\"image\/webp\" \/>\n<meta name=\"twitter:card\" content=\"summary_large_image\" \/>\n<meta name=\"twitter:label1\" content=\"Price\" \/>\n\t<meta name=\"twitter:data1\" content=\"10,92&euro; IVA Incluido\" \/>\n\t<meta name=\"twitter:label2\" content=\"Availability\" \/>\n\t<meta name=\"twitter:data2\" content=\"In stock\" \/>\n<script type=\"application\/ld+json\" class=\"yoast-schema-graph\">{\"@context\":\"https:\\\/\\\/schema.org\",\"@graph\":[{\"@type\":\"WebPage\",\"@id\":\"https:\\\/\\\/degrados.es\\\/de\\\/?post_type=product&p=2761\",\"url\":\"https:\\\/\\\/degrados.es\\\/de\\\/?post_type=product&p=2761\",\"name\":\"Herbero Sierra Mariola kaufen - Liquorer\u00eda Online Degrados\",\"isPartOf\":{\"@id\":\"https:\\\/\\\/degrados.es\\\/#website\"},\"primaryImageOfPage\":{\"@id\":\"https:\\\/\\\/degrados.es\\\/de\\\/?post_type=product&p=2761#primaryimage\"},\"image\":{\"@id\":\"https:\\\/\\\/degrados.es\\\/de\\\/?post_type=product&p=2761#primaryimage\"},\"thumbnailUrl\":\"https:\\\/\\\/degrados.es\\\/wp-content\\\/uploads\\\/2022\\\/02\\\/Comprar-herbero.webp\",\"datePublished\":\"2022-02-25T11:34:51+00:00\",\"dateModified\":\"2023-12-19T12:02:25+00:00\",\"description\":\"Entdecken Sie Herbero Sierra de Mariola, einen exquisiten Lik\u00f6r, der aus aromatischen Pflanzen hergestellt wird. Kaufen Sie Herbero Sierra de Mariola in Degrados.\",\"breadcrumb\":{\"@id\":\"https:\\\/\\\/degrados.es\\\/de\\\/?post_type=product&p=2761#breadcrumb\"},\"inLanguage\":\"de\",\"potentialAction\":[{\"@type\":\"ReadAction\",\"target\":[\"https:\\\/\\\/degrados.es\\\/de\\\/?post_type=product&p=2761\"]}]},{\"@type\":\"ImageObject\",\"inLanguage\":\"de\",\"@id\":\"https:\\\/\\\/degrados.es\\\/de\\\/?post_type=product&p=2761#primaryimage\",\"url\":\"https:\\\/\\\/degrados.es\\\/wp-content\\\/uploads\\\/2022\\\/02\\\/Comprar-herbero.webp\",\"contentUrl\":\"https:\\\/\\\/degrados.es\\\/wp-content\\\/uploads\\\/2022\\\/02\\\/Comprar-herbero.webp\",\"width\":430,\"height\":430,\"caption\":\"Herbero online kaufen\"},{\"@type\":\"BreadcrumbList\",\"@id\":\"https:\\\/\\\/degrados.es\\\/de\\\/?post_type=product&p=2761#breadcrumb\",\"itemListElement\":[{\"@type\":\"ListItem\",\"position\":1,\"name\":\"Home\",\"item\":\"https:\\\/\\\/degrados.es\\\/de\\\/startseite\\\/\"},{\"@type\":\"ListItem\",\"position\":2,\"name\":\"Shop\",\"item\":\"https:\\\/\\\/degrados.es\\\/de\\\/?page_id=2821\"},{\"@type\":\"ListItem\",\"position\":3,\"name\":\"Herbero de la Sierra de Mariola\"}]},{\"@type\":\"WebSite\",\"@id\":\"https:\\\/\\\/degrados.es\\\/#website\",\"url\":\"https:\\\/\\\/degrados.es\\\/\",\"name\":\"Degrados\",\"description\":\"Spirituosen online kaufen\",\"publisher\":{\"@id\":\"https:\\\/\\\/degrados.es\\\/#organization\"},\"alternateName\":\"Licorer\u00eda online\",\"potentialAction\":[{\"@type\":\"SearchAction\",\"target\":{\"@type\":\"EntryPoint\",\"urlTemplate\":\"https:\\\/\\\/degrados.es\\\/?s={search_term_string}\"},\"query-input\":{\"@type\":\"PropertyValueSpecification\",\"valueRequired\":true,\"valueName\":\"search_term_string\"}}],\"inLanguage\":\"de\"},{\"@type\":\"Organization\",\"@id\":\"https:\\\/\\\/degrados.es\\\/#organization\",\"name\":\"DeGrados\",\"url\":\"https:\\\/\\\/degrados.es\\\/\",\"logo\":{\"@type\":\"ImageObject\",\"inLanguage\":\"de\",\"@id\":\"https:\\\/\\\/degrados.es\\\/#\\\/schema\\\/logo\\\/image\\\/\",\"url\":\"https:\\\/\\\/degrados.es\\\/wp-content\\\/uploads\\\/2021\\\/02\\\/Logo-degrados.png\",\"contentUrl\":\"https:\\\/\\\/degrados.es\\\/wp-content\\\/uploads\\\/2021\\\/02\\\/Logo-degrados.png\",\"width\":350,\"height\":86,\"caption\":\"DeGrados\"},\"image\":{\"@id\":\"https:\\\/\\\/degrados.es\\\/#\\\/schema\\\/logo\\\/image\\\/\"}}]}<\/script>\n<meta property=\"product:price:amount\" content=\"10.92\" \/>\n<meta property=\"product:price:currency\" content=\"EUR\" \/>\n<meta property=\"og:availability\" content=\"instock\" \/>\n<meta property=\"product:availability\" content=\"instock\" \/>\n<meta property=\"product:retailer_item_id\" content=\"D1G41\" \/>\n<meta property=\"product:condition\" content=\"new\" \/>\n<!-- \/ Yoast SEO plugin. -->","yoast_head_json":{"title":"Herbero Sierra Mariola kaufen - Liquorer\u00eda Online Degrados","description":"Entdecken Sie Herbero Sierra de Mariola, einen exquisiten Lik\u00f6r, der aus aromatischen Pflanzen hergestellt wird. Kaufen Sie Herbero Sierra de Mariola in Degrados.","robots":{"index":"index","follow":"follow","max-snippet":"max-snippet:-1","max-image-preview":"max-image-preview:large","max-video-preview":"max-video-preview:-1"},"canonical":"https:\/\/degrados.es\/de\/?post_type=product&p=2761","og_locale":"de_DE","og_type":"article","og_title":"Herbero Sierra Mariola kaufen - Liquorer\u00eda Online Degrados","og_description":"Entdecken Sie Herbero Sierra de Mariola, einen exquisiten Lik\u00f6r, der aus aromatischen Pflanzen hergestellt wird. Kaufen Sie Herbero Sierra de Mariola in Degrados.","og_url":"https:\/\/degrados.es\/de\/?post_type=product&p=2761","og_site_name":"Online Spirituosengesch\u00e4ft","article_modified_time":"2023-12-19T12:02:25+00:00","og_image":[{"width":430,"height":430,"url":"https:\/\/degrados.es\/wp-content\/uploads\/2022\/02\/Comprar-herbero.webp","type":"image\/webp"}],"twitter_card":"summary_large_image","twitter_misc":{"Price":"10,92&euro; IVA Incluido","Availability":"In stock"},"schema":{"@context":"https:\/\/schema.org","@graph":[{"@type":"WebPage","@id":"https:\/\/degrados.es\/de\/?post_type=product&p=2761","url":"https:\/\/degrados.es\/de\/?post_type=product&p=2761","name":"Herbero Sierra Mariola kaufen - Liquorer\u00eda Online Degrados","isPartOf":{"@id":"https:\/\/degrados.es\/#website"},"primaryImageOfPage":{"@id":"https:\/\/degrados.es\/de\/?post_type=product&p=2761#primaryimage"},"image":{"@id":"https:\/\/degrados.es\/de\/?post_type=product&p=2761#primaryimage"},"thumbnailUrl":"https:\/\/degrados.es\/wp-content\/uploads\/2022\/02\/Comprar-herbero.webp","datePublished":"2022-02-25T11:34:51+00:00","dateModified":"2023-12-19T12:02:25+00:00","description":"Entdecken Sie Herbero Sierra de Mariola, einen exquisiten Lik\u00f6r, der aus aromatischen Pflanzen hergestellt wird. Kaufen Sie Herbero Sierra de Mariola in Degrados.","breadcrumb":{"@id":"https:\/\/degrados.es\/de\/?post_type=product&p=2761#breadcrumb"},"inLanguage":"de","potentialAction":[{"@type":"ReadAction","target":["https:\/\/degrados.es\/de\/?post_type=product&p=2761"]}]},{"@type":"ImageObject","inLanguage":"de","@id":"https:\/\/degrados.es\/de\/?post_type=product&p=2761#primaryimage","url":"https:\/\/degrados.es\/wp-content\/uploads\/2022\/02\/Comprar-herbero.webp","contentUrl":"https:\/\/degrados.es\/wp-content\/uploads\/2022\/02\/Comprar-herbero.webp","width":430,"height":430,"caption":"Herbero online kaufen"},{"@type":"BreadcrumbList","@id":"https:\/\/degrados.es\/de\/?post_type=product&p=2761#breadcrumb","itemListElement":[{"@type":"ListItem","position":1,"name":"Home","item":"https:\/\/degrados.es\/de\/startseite\/"},{"@type":"ListItem","position":2,"name":"Shop","item":"https:\/\/degrados.es\/de\/?page_id=2821"},{"@type":"ListItem","position":3,"name":"Herbero de la Sierra de Mariola"}]},{"@type":"WebSite","@id":"https:\/\/degrados.es\/#website","url":"https:\/\/degrados.es\/","name":"Degrados","description":"Spirituosen online kaufen","publisher":{"@id":"https:\/\/degrados.es\/#organization"},"alternateName":"Licorer\u00eda online","potentialAction":[{"@type":"SearchAction","target":{"@type":"EntryPoint","urlTemplate":"https:\/\/degrados.es\/?s={search_term_string}"},"query-input":{"@type":"PropertyValueSpecification","valueRequired":true,"valueName":"search_term_string"}}],"inLanguage":"de"},{"@type":"Organization","@id":"https:\/\/degrados.es\/#organization","name":"DeGrados","url":"https:\/\/degrados.es\/","logo":{"@type":"ImageObject","inLanguage":"de","@id":"https:\/\/degrados.es\/#\/schema\/logo\/image\/","url":"https:\/\/degrados.es\/wp-content\/uploads\/2021\/02\/Logo-degrados.png","contentUrl":"https:\/\/degrados.es\/wp-content\/uploads\/2021\/02\/Logo-degrados.png","width":350,"height":86,"caption":"DeGrados"},"image":{"@id":"https:\/\/degrados.es\/#\/schema\/logo\/image\/"}}]},"product_price_amount":"10.92","product_price_currency":"EUR","og_availability":"instock","product_availability":"instock","product_retailer_item_id":"D1G41","product_condition":"new"},"_links":{"self":[{"href":"https:\/\/degrados.es\/de\/wp-json\/wp\/v2\/product\/2761","targetHints":{"allow":["GET"]}}],"collection":[{"href":"https:\/\/degrados.es\/de\/wp-json\/wp\/v2\/product"}],"about":[{"href":"https:\/\/degrados.es\/de\/wp-json\/wp\/v2\/types\/product"}],"replies":[{"embeddable":true,"href":"https:\/\/degrados.es\/de\/wp-json\/wp\/v2\/comments?post=2761"}],"wp:featuredmedia":[{"embeddable":true,"href":"https:\/\/degrados.es\/de\/wp-json\/wp\/v2\/media\/2562"}],"wp:attachment":[{"href":"https:\/\/degrados.es\/de\/wp-json\/wp\/v2\/media?parent=2761"}],"wp:term":[{"taxonomy":"product_cat","embeddable":true,"href":"https:\/\/degrados.es\/de\/wp-json\/wp\/v2\/product_cat?post=2761"},{"taxonomy":"product_tag","embeddable":true,"href":"https:\/\/degrados.es\/de\/wp-json\/wp\/v2\/product_tag?post=2761"}],"curies":[{"name":"wp","href":"https:\/\/api.w.org\/{rel}","templated":true}]}}