{"id":2762,"date":"2022-02-25T13:32:45","date_gmt":"2022-02-25T12:32:45","guid":{"rendered":"https:\/\/degrados.es\/producto\/reis-sahne-likoer\/"},"modified":"2023-12-19T13:02:25","modified_gmt":"2023-12-19T12:02:25","slug":"reis-sahne-likoer","status":"publish","type":"product","link":"https:\/\/degrados.es\/de\/producto\/reis-sahne-likoer\/","title":{"rendered":"Reis-Sahne-Lik\u00f6r"},"content":{"rendered":"<p>Licor Crema de arroz Punta de Sant Pere hat ein klares Reisaroma mit Noten von Zimt und Zitrusfr\u00fcchten, eine typische cremige Textur und eine perlwei\u00dfe Farbe. Am Gaumen ist er s\u00fc\u00df und zart mit leichten Zitronen-Zimt- und Milch-Noten, die den Reisgeschmack \u00fcberlagern. Eine unverwechselbare Creme, wie Sie sie noch nie probiert haben.<\/p>\n<p>In unserer Region, der Comunidad Valenciana, war und ist der Reis seit jeher eines der wichtigsten Elemente unserer Gastronomie, weshalb wir in Degrados ein Getr\u00e4nk auf den Markt bringen mussten, in dem er die Hauptrolle spielt. Auch der Name sollte etwas repr\u00e4sentieren, das uns sehr am Herzen liegt und mit dem wir in Verbindung stehen, und so entstand Licor Crema de arroz Punta de Sant Pere. Punta Sant Pere ist eine Landzunge im Naturpark L&#8217;Albufera, ein historisches Wahrzeichen des Reisanbaus in unserem Land.<\/p>\n<p>Licor Crema de arroz Punta de Sant Pere ist aufgrund seiner cremigen Konsistenz und seines s\u00fc\u00dfen Geschmacks ein ideales Getr\u00e4nk zum Nachtisch und sollte sehr kalt serviert werden.<\/p>\n<p>Licor Crema de Arroz Punta de Sant Pere ist ein s\u00fc\u00dfes Getr\u00e4nk, sehr weich im Mund, von perlwei\u00dfer Farbe und mit einer typischen cremigen Textur.<\/p>\n<p>Im Mund ist er sehr delikat, mit einer bemerkenswerten W\u00fcrdigung des Reises, mit feinen und subtilen Noten von Milch, Zimt und Zitrusfr\u00fcchten, die unseren Gaumen mit einem exquisiten Geschmack impr\u00e4gnieren.<\/p>\n<p>Licor Crema de Arroz Punta de Sant Pere ist ein ideales Getr\u00e4nk, das sehr kalt als Nachspeise oder als s\u00fc\u00dfes Getr\u00e4nk mit Eis serviert werden kann.<\/p>\n<p>Licor Crema de arroz Punta de Sant Pere sollte vor dem Servieren gesch\u00fcttelt werden und wir empfehlen, ihn nicht mit zitrischen oder s\u00e4urehaltigen Getr\u00e4nken zu kombinieren.<\/p>\n<p>Wenn Sie s\u00fc\u00dfe Cremes und Lik\u00f6re m\u00f6gen und einmal etwas anderes probieren m\u00f6chten, sollten Sie unbedingt Licor Crema de arroz Punta de Sant Pere probieren. Sie werden von seinem k\u00f6stlichen Geschmack, seinem Aroma und seiner Konsistenz begeistert sein.<\/p>\n","protected":false},"excerpt":{"rendered":"<p>Licor Crema de Arroz Punta de Sant Pere ist ein s\u00fc\u00dfes Getr\u00e4nk, sehr weich im Mund, bei dem wir neben dem Reis nat\u00fcrlich auch sehr feine und subtile Noten von Milch, Zimt und Zitrone wahrnehmen, die unseren Gaumen impr\u00e4gnieren.<\/p>\n","protected":false},"featured_media":3827,"comment_status":"open","ping_status":"closed","template":"","meta":{"inline_featured_image":false},"product_cat":[899,530],"product_tag":[566,601,531],"class_list":{"0":"post-2762","1":"product","2":"type-product","3":"status-publish","4":"has-post-thumbnail","6":"product_cat-likor-cremes","7":"product_cat-spirituosen","8":"product_tag-creme","9":"product_tag-reisbrei","10":"product_tag-spirituosen","12":"first","13":"instock","14":"sale","15":"taxable","16":"shipping-taxable","17":"purchasable","18":"product-type-simple"},"yoast_head":"<!-- This site is optimized with the Yoast SEO plugin v27.4 - https:\/\/yoast.com\/product\/yoast-seo-wordpress\/ -->\n<title>Reiscremelik\u00f6r kaufen - Reiscremelik\u00f6r Sant Pere - Degrados<\/title>\n<meta name=\"description\" content=\"Entdecken Sie den Reiscremelik\u00f6r Sant Pere. Kaufen Sie k\u00f6stliche Lik\u00f6r, Aroma und Textur auf Licorer\u00eda Online Degrados.\" \/>\n<meta name=\"robots\" content=\"index, follow, max-snippet:-1, max-image-preview:large, max-video-preview:-1\" \/>\n<link rel=\"canonical\" href=\"https:\/\/degrados.es\/producto\/licor-crema-arroz\/\" \/>\n<meta property=\"og:locale\" content=\"de_DE\" \/>\n<meta property=\"og:type\" content=\"article\" \/>\n<meta property=\"og:title\" content=\"Reiscremelik\u00f6r kaufen - Reiscremelik\u00f6r Sant Pere - Degrados\" \/>\n<meta property=\"og:description\" content=\"Entdecken Sie den Reiscremelik\u00f6r Sant Pere. Kaufen Sie k\u00f6stliche Lik\u00f6r, Aroma und Textur auf Licorer\u00eda Online Degrados.\" \/>\n<meta property=\"og:url\" content=\"https:\/\/degrados.es\/producto\/licor-crema-arroz\/\" \/>\n<meta property=\"og:site_name\" content=\"Online Spirituosengesch\u00e4ft\" \/>\n<meta property=\"article:modified_time\" content=\"2023-12-19T12:02:25+00:00\" \/>\n<meta property=\"og:image\" content=\"https:\/\/degrados.es\/wp-content\/uploads\/2022\/02\/licor-arroz-web.webp\" \/>\n\t<meta property=\"og:image:width\" content=\"960\" \/>\n\t<meta property=\"og:image:height\" content=\"480\" \/>\n\t<meta property=\"og:image:type\" content=\"image\/webp\" \/>\n<meta name=\"twitter:card\" content=\"summary_large_image\" \/>\n<meta name=\"twitter:label1\" content=\"Preis\" \/>\n\t<meta name=\"twitter:data1\" content=\"16,30&euro; IVA Incluido\" \/>\n\t<meta name=\"twitter:label2\" content=\"Verf\u00fcgbarkeit\" \/>\n\t<meta name=\"twitter:data2\" content=\"Auf Lager\" \/>\n<script type=\"application\/ld+json\" class=\"yoast-schema-graph\">{\"@context\":\"https:\\\/\\\/schema.org\",\"@graph\":[{\"@type\":\"WebPage\",\"@id\":\"https:\\\/\\\/degrados.es\\\/producto\\\/licor-crema-arroz\\\/\",\"url\":\"https:\\\/\\\/degrados.es\\\/producto\\\/licor-crema-arroz\\\/\",\"name\":\"Reiscremelik\u00f6r kaufen - Reiscremelik\u00f6r Sant Pere - Degrados\",\"isPartOf\":{\"@id\":\"https:\\\/\\\/degrados.es\\\/#website\"},\"primaryImageOfPage\":{\"@id\":\"https:\\\/\\\/degrados.es\\\/producto\\\/licor-crema-arroz\\\/#primaryimage\"},\"image\":{\"@id\":\"https:\\\/\\\/degrados.es\\\/producto\\\/licor-crema-arroz\\\/#primaryimage\"},\"thumbnailUrl\":\"https:\\\/\\\/degrados.es\\\/wp-content\\\/uploads\\\/2022\\\/02\\\/Licor-crema-de-arroz.webp\",\"datePublished\":\"2022-02-25T12:32:45+00:00\",\"dateModified\":\"2023-12-19T12:02:25+00:00\",\"description\":\"Entdecken Sie den Reiscremelik\u00f6r Sant Pere. Kaufen Sie k\u00f6stliche Lik\u00f6r, Aroma und Textur auf Licorer\u00eda Online Degrados.\",\"breadcrumb\":{\"@id\":\"https:\\\/\\\/degrados.es\\\/producto\\\/licor-crema-arroz\\\/#breadcrumb\"},\"inLanguage\":\"de\",\"potentialAction\":[{\"@type\":\"ReadAction\",\"target\":[\"https:\\\/\\\/degrados.es\\\/producto\\\/licor-crema-arroz\\\/\"]}]},{\"@type\":\"ImageObject\",\"inLanguage\":\"de\",\"@id\":\"https:\\\/\\\/degrados.es\\\/producto\\\/licor-crema-arroz\\\/#primaryimage\",\"url\":\"https:\\\/\\\/degrados.es\\\/wp-content\\\/uploads\\\/2022\\\/02\\\/Licor-crema-de-arroz.webp\",\"contentUrl\":\"https:\\\/\\\/degrados.es\\\/wp-content\\\/uploads\\\/2022\\\/02\\\/Licor-crema-de-arroz.webp\",\"width\":1000,\"height\":1000,\"caption\":\"Licor crema de arroz\"},{\"@type\":\"BreadcrumbList\",\"@id\":\"https:\\\/\\\/degrados.es\\\/producto\\\/licor-crema-arroz\\\/#breadcrumb\",\"itemListElement\":[{\"@type\":\"ListItem\",\"position\":1,\"name\":\"Home\",\"item\":\"https:\\\/\\\/degrados.es\\\/de\\\/startseite\\\/\"},{\"@type\":\"ListItem\",\"position\":2,\"name\":\"Shop\",\"item\":\"https:\\\/\\\/degrados.es\\\/de\\\/?page_id=2821\"},{\"@type\":\"ListItem\",\"position\":3,\"name\":\"Reis-Sahne-Lik\u00f6r\"}]},{\"@type\":\"WebSite\",\"@id\":\"https:\\\/\\\/degrados.es\\\/#website\",\"url\":\"https:\\\/\\\/degrados.es\\\/\",\"name\":\"Degrados\",\"description\":\"Spirituosen online kaufen\",\"publisher\":{\"@id\":\"https:\\\/\\\/degrados.es\\\/#organization\"},\"alternateName\":\"Licorer\u00eda online\",\"potentialAction\":[{\"@type\":\"SearchAction\",\"target\":{\"@type\":\"EntryPoint\",\"urlTemplate\":\"https:\\\/\\\/degrados.es\\\/?s={search_term_string}\"},\"query-input\":{\"@type\":\"PropertyValueSpecification\",\"valueRequired\":true,\"valueName\":\"search_term_string\"}}],\"inLanguage\":\"de\"},{\"@type\":\"Organization\",\"@id\":\"https:\\\/\\\/degrados.es\\\/#organization\",\"name\":\"DeGrados\",\"url\":\"https:\\\/\\\/degrados.es\\\/\",\"logo\":{\"@type\":\"ImageObject\",\"inLanguage\":\"de\",\"@id\":\"https:\\\/\\\/degrados.es\\\/#\\\/schema\\\/logo\\\/image\\\/\",\"url\":\"https:\\\/\\\/degrados.es\\\/wp-content\\\/uploads\\\/2021\\\/02\\\/Logo-degrados.png\",\"contentUrl\":\"https:\\\/\\\/degrados.es\\\/wp-content\\\/uploads\\\/2021\\\/02\\\/Logo-degrados.png\",\"width\":350,\"height\":86,\"caption\":\"DeGrados\"},\"image\":{\"@id\":\"https:\\\/\\\/degrados.es\\\/#\\\/schema\\\/logo\\\/image\\\/\"}}]}<\/script>\n<meta property=\"product:price:amount\" content=\"16.30\" \/>\n<meta property=\"product:price:currency\" content=\"EUR\" \/>\n<meta property=\"og:availability\" content=\"instock\" \/>\n<meta property=\"product:availability\" content=\"instock\" \/>\n<meta property=\"product:retailer_item_id\" content=\"D1G51\" \/>\n<meta property=\"product:condition\" content=\"new\" \/>\n<!-- \/ Yoast SEO plugin. -->","yoast_head_json":{"title":"Reiscremelik\u00f6r kaufen - Reiscremelik\u00f6r Sant Pere - Degrados","description":"Entdecken Sie den Reiscremelik\u00f6r Sant Pere. Kaufen Sie k\u00f6stliche Lik\u00f6r, Aroma und Textur auf Licorer\u00eda Online Degrados.","robots":{"index":"index","follow":"follow","max-snippet":"max-snippet:-1","max-image-preview":"max-image-preview:large","max-video-preview":"max-video-preview:-1"},"canonical":"https:\/\/degrados.es\/producto\/licor-crema-arroz\/","og_locale":"de_DE","og_type":"article","og_title":"Reiscremelik\u00f6r kaufen - Reiscremelik\u00f6r Sant Pere - Degrados","og_description":"Entdecken Sie den Reiscremelik\u00f6r Sant Pere. Kaufen Sie k\u00f6stliche Lik\u00f6r, Aroma und Textur auf Licorer\u00eda Online Degrados.","og_url":"https:\/\/degrados.es\/producto\/licor-crema-arroz\/","og_site_name":"Online Spirituosengesch\u00e4ft","article_modified_time":"2023-12-19T12:02:25+00:00","og_image":[{"width":960,"height":480,"url":"https:\/\/degrados.es\/wp-content\/uploads\/2022\/02\/licor-arroz-web.webp","type":"image\/webp"}],"twitter_card":"summary_large_image","twitter_misc":{"Preis":"16,30&euro; IVA Incluido","Verf\u00fcgbarkeit":"Auf Lager"},"schema":{"@context":"https:\/\/schema.org","@graph":[{"@type":"WebPage","@id":"https:\/\/degrados.es\/producto\/licor-crema-arroz\/","url":"https:\/\/degrados.es\/producto\/licor-crema-arroz\/","name":"Reiscremelik\u00f6r kaufen - Reiscremelik\u00f6r Sant Pere - Degrados","isPartOf":{"@id":"https:\/\/degrados.es\/#website"},"primaryImageOfPage":{"@id":"https:\/\/degrados.es\/producto\/licor-crema-arroz\/#primaryimage"},"image":{"@id":"https:\/\/degrados.es\/producto\/licor-crema-arroz\/#primaryimage"},"thumbnailUrl":"https:\/\/degrados.es\/wp-content\/uploads\/2022\/02\/Licor-crema-de-arroz.webp","datePublished":"2022-02-25T12:32:45+00:00","dateModified":"2023-12-19T12:02:25+00:00","description":"Entdecken Sie den Reiscremelik\u00f6r Sant Pere. Kaufen Sie k\u00f6stliche Lik\u00f6r, Aroma und Textur auf Licorer\u00eda Online Degrados.","breadcrumb":{"@id":"https:\/\/degrados.es\/producto\/licor-crema-arroz\/#breadcrumb"},"inLanguage":"de","potentialAction":[{"@type":"ReadAction","target":["https:\/\/degrados.es\/producto\/licor-crema-arroz\/"]}]},{"@type":"ImageObject","inLanguage":"de","@id":"https:\/\/degrados.es\/producto\/licor-crema-arroz\/#primaryimage","url":"https:\/\/degrados.es\/wp-content\/uploads\/2022\/02\/Licor-crema-de-arroz.webp","contentUrl":"https:\/\/degrados.es\/wp-content\/uploads\/2022\/02\/Licor-crema-de-arroz.webp","width":1000,"height":1000,"caption":"Licor crema de arroz"},{"@type":"BreadcrumbList","@id":"https:\/\/degrados.es\/producto\/licor-crema-arroz\/#breadcrumb","itemListElement":[{"@type":"ListItem","position":1,"name":"Home","item":"https:\/\/degrados.es\/de\/startseite\/"},{"@type":"ListItem","position":2,"name":"Shop","item":"https:\/\/degrados.es\/de\/?page_id=2821"},{"@type":"ListItem","position":3,"name":"Reis-Sahne-Lik\u00f6r"}]},{"@type":"WebSite","@id":"https:\/\/degrados.es\/#website","url":"https:\/\/degrados.es\/","name":"Degrados","description":"Spirituosen online kaufen","publisher":{"@id":"https:\/\/degrados.es\/#organization"},"alternateName":"Licorer\u00eda online","potentialAction":[{"@type":"SearchAction","target":{"@type":"EntryPoint","urlTemplate":"https:\/\/degrados.es\/?s={search_term_string}"},"query-input":{"@type":"PropertyValueSpecification","valueRequired":true,"valueName":"search_term_string"}}],"inLanguage":"de"},{"@type":"Organization","@id":"https:\/\/degrados.es\/#organization","name":"DeGrados","url":"https:\/\/degrados.es\/","logo":{"@type":"ImageObject","inLanguage":"de","@id":"https:\/\/degrados.es\/#\/schema\/logo\/image\/","url":"https:\/\/degrados.es\/wp-content\/uploads\/2021\/02\/Logo-degrados.png","contentUrl":"https:\/\/degrados.es\/wp-content\/uploads\/2021\/02\/Logo-degrados.png","width":350,"height":86,"caption":"DeGrados"},"image":{"@id":"https:\/\/degrados.es\/#\/schema\/logo\/image\/"}}]},"product_price_amount":"16.30","product_price_currency":"EUR","og_availability":"instock","product_availability":"instock","product_retailer_item_id":"D1G51","product_condition":"new"},"_links":{"self":[{"href":"https:\/\/degrados.es\/de\/wp-json\/wp\/v2\/product\/2762","targetHints":{"allow":["GET"]}}],"collection":[{"href":"https:\/\/degrados.es\/de\/wp-json\/wp\/v2\/product"}],"about":[{"href":"https:\/\/degrados.es\/de\/wp-json\/wp\/v2\/types\/product"}],"replies":[{"embeddable":true,"href":"https:\/\/degrados.es\/de\/wp-json\/wp\/v2\/comments?post=2762"}],"wp:featuredmedia":[{"embeddable":true,"href":"https:\/\/degrados.es\/de\/wp-json\/wp\/v2\/media\/3827"}],"wp:attachment":[{"href":"https:\/\/degrados.es\/de\/wp-json\/wp\/v2\/media?parent=2762"}],"wp:term":[{"taxonomy":"product_cat","embeddable":true,"href":"https:\/\/degrados.es\/de\/wp-json\/wp\/v2\/product_cat?post=2762"},{"taxonomy":"product_tag","embeddable":true,"href":"https:\/\/degrados.es\/de\/wp-json\/wp\/v2\/product_tag?post=2762"}],"curies":[{"name":"wp","href":"https:\/\/api.w.org\/{rel}","templated":true}]}}