{"id":2763,"date":"2022-02-25T10:18:13","date_gmt":"2022-02-25T09:18:13","guid":{"rendered":"https:\/\/degrados.es\/producto\/ned-barrels\/"},"modified":"2023-12-19T13:02:26","modified_gmt":"2023-12-19T12:02:26","slug":"ned-barrels","status":"publish","type":"product","link":"https:\/\/degrados.es\/de\/producto\/ned-barrels\/","title":{"rendered":"Ned Barrel&#8217;s"},"content":{"rendered":"<p>Der 40-prozentige Ned Barrels Gin eignet sich hervorragend auf Eis, um seine komplexen Noten zu genie\u00dfen. Durch den Kontakt mit dem Fass wird der K\u00f6rper des Gins runder und weicher, was zu einem angenehmen, weniger scharfen Geschmack am Gaumen f\u00fchrt. Wir bei Degrados wissen, dass ein guter Gin einerseits durch den K\u00f6rper des Wacholders und andererseits durch die pflanzlichen Stoffe, mit denen er destilliert wird, definiert wird. Aus diesem Grund wird der Ned Barrels Gin gerade so lange in F\u00e4ssern gereift, dass er den Charakter der Botanicals nicht verliert, sondern immer den Geschmack des Holzes beibeh\u00e4lt.<\/p>\n<p>Ned Barrels Gin genie\u00dft man am besten in einem Ballonglas mit zwei Eisw\u00fcrfeln, Zitronenschale und gek\u00fchltem Tonic. Halten Sie den geflochtenen L\u00f6ffel so, dass die Spitze des L\u00f6ffels den Boden des Glases ber\u00fchrt, und geben Sie das Tonic nach und nach durch den L\u00f6ffel hinzu, so dass die Bl\u00e4schen erhalten bleiben. Dann vorsichtig umr\u00fchren und einen neuen, nuancenreichen Geschmack genie\u00dfen.<\/p>\n<p>&nbsp;<\/p>\n","protected":false},"excerpt":{"rendered":"<p>Der 40-prozentige Ned Barrels Gin eignet sich hervorragend auf Eis, um seine komplexen Noten zu genie\u00dfen. Durch den Kontakt mit dem Fass wird der K\u00f6rper des Gins runder und weicher, was zu einem angenehmen, weniger scharfen Geschmack am Gaumen f\u00fchrt.<\/p>\n","protected":false},"featured_media":2561,"comment_status":"open","ping_status":"closed","template":"","meta":{"inline_featured_image":false},"product_cat":[72,148],"product_tag":[193,73],"class_list":{"0":"post-2763","1":"product","2":"type-product","3":"status-publish","4":"has-post-thumbnail","6":"product_cat-destilados","7":"product_cat-ginebra","8":"product_tag-ginebra-botanica","9":"product_tag-ginebra","11":"first","12":"instock","13":"sale","14":"taxable","15":"shipping-taxable","16":"purchasable","17":"product-type-simple"},"yoast_head":"<!-- This site is optimized with the Yoast SEO plugin v26.9 - https:\/\/yoast.com\/product\/yoast-seo-wordpress\/ -->\n<title>Ned Barrels Gin - Gin kaufen - Degrados Online-Liquor Store<\/title>\n<meta name=\"description\" content=\"Entdecken Sie Ned Barrel&#039;s, einen botanischen und holzigen Gin. Botanischer Gin kaufen bei Licorer\u00eda Online. Abgebaut.\" \/>\n<meta name=\"robots\" content=\"index, follow, max-snippet:-1, max-image-preview:large, max-video-preview:-1\" \/>\n<link rel=\"canonical\" href=\"https:\/\/degrados.es\/de\/producto\/ned-barrels\/\" \/>\n<meta property=\"og:locale\" content=\"de_DE\" \/>\n<meta property=\"og:type\" content=\"article\" \/>\n<meta property=\"og:title\" content=\"Ned Barrels Gin - Gin kaufen - Degrados Online-Liquor Store\" \/>\n<meta property=\"og:description\" content=\"Entdecken Sie Ned Barrel&#039;s, einen botanischen und holzigen Gin. Botanischer Gin kaufen bei Licorer\u00eda Online. Abgebaut.\" \/>\n<meta property=\"og:url\" content=\"https:\/\/degrados.es\/de\/producto\/ned-barrels\/\" \/>\n<meta property=\"og:site_name\" content=\"Online Spirituosengesch\u00e4ft\" \/>\n<meta property=\"article:modified_time\" content=\"2023-12-19T12:02:26+00:00\" \/>\n<meta property=\"og:image\" content=\"https:\/\/degrados.es\/wp-content\/uploads\/2022\/02\/Comprar-Ginebra-inglesa.webp\" \/>\n\t<meta property=\"og:image:width\" content=\"430\" \/>\n\t<meta property=\"og:image:height\" content=\"430\" \/>\n\t<meta property=\"og:image:type\" content=\"image\/webp\" \/>\n<meta name=\"twitter:card\" content=\"summary_large_image\" \/>\n<meta name=\"twitter:label1\" content=\"Gesch\u00e4tzte Lesezeit\" \/>\n\t<meta name=\"twitter:data1\" content=\"1\u00a0Minute\" \/>\n<script type=\"application\/ld+json\" class=\"yoast-schema-graph\">{\"@context\":\"https:\/\/schema.org\",\"@graph\":[{\"@type\":\"WebPage\",\"@id\":\"https:\/\/degrados.es\/de\/producto\/ned-barrels\/\",\"url\":\"https:\/\/degrados.es\/de\/producto\/ned-barrels\/\",\"name\":\"Ned Barrels Gin - Gin kaufen - Degrados Online-Liquor Store\",\"isPartOf\":{\"@id\":\"https:\/\/degrados.es\/de\/#website\"},\"primaryImageOfPage\":{\"@id\":\"https:\/\/degrados.es\/de\/producto\/ned-barrels\/#primaryimage\"},\"image\":{\"@id\":\"https:\/\/degrados.es\/de\/producto\/ned-barrels\/#primaryimage\"},\"thumbnailUrl\":\"https:\/\/degrados.es\/wp-content\/uploads\/2022\/02\/Comprar-Ginebra-inglesa.webp\",\"datePublished\":\"2022-02-25T09:18:13+00:00\",\"dateModified\":\"2023-12-19T12:02:26+00:00\",\"description\":\"Entdecken Sie Ned Barrel's, einen botanischen und holzigen Gin. Botanischer Gin kaufen bei Licorer\u00eda Online. Abgebaut.\",\"breadcrumb\":{\"@id\":\"https:\/\/degrados.es\/de\/producto\/ned-barrels\/#breadcrumb\"},\"inLanguage\":\"de\",\"potentialAction\":[{\"@type\":\"ReadAction\",\"target\":[\"https:\/\/degrados.es\/de\/producto\/ned-barrels\/\"]}]},{\"@type\":\"ImageObject\",\"inLanguage\":\"de\",\"@id\":\"https:\/\/degrados.es\/de\/producto\/ned-barrels\/#primaryimage\",\"url\":\"https:\/\/degrados.es\/wp-content\/uploads\/2022\/02\/Comprar-Ginebra-inglesa.webp\",\"contentUrl\":\"https:\/\/degrados.es\/wp-content\/uploads\/2022\/02\/Comprar-Ginebra-inglesa.webp\",\"width\":430,\"height\":430,\"caption\":\"Englischer Gin\"},{\"@type\":\"BreadcrumbList\",\"@id\":\"https:\/\/degrados.es\/de\/producto\/ned-barrels\/#breadcrumb\",\"itemListElement\":[{\"@type\":\"ListItem\",\"position\":1,\"name\":\"Home\",\"item\":\"https:\/\/degrados.es\/de\/startseite\/\"},{\"@type\":\"ListItem\",\"position\":2,\"name\":\"Shop\",\"item\":\"https:\/\/degrados.es\/de\/?page_id=2821\"},{\"@type\":\"ListItem\",\"position\":3,\"name\":\"Ned Barrel&#8217;s\"}]},{\"@type\":\"WebSite\",\"@id\":\"https:\/\/degrados.es\/de\/#website\",\"url\":\"https:\/\/degrados.es\/de\/\",\"name\":\"Online Spirituosengesch\u00e4ft\",\"description\":\"Spirituosen online kaufen\",\"publisher\":{\"@id\":\"https:\/\/degrados.es\/de\/#organization\"},\"potentialAction\":[{\"@type\":\"SearchAction\",\"target\":{\"@type\":\"EntryPoint\",\"urlTemplate\":\"https:\/\/degrados.es\/de\/?s={search_term_string}\"},\"query-input\":{\"@type\":\"PropertyValueSpecification\",\"valueRequired\":true,\"valueName\":\"search_term_string\"}}],\"inLanguage\":\"de\"},{\"@type\":\"Organization\",\"@id\":\"https:\/\/degrados.es\/de\/#organization\",\"name\":\"DeGrados\",\"url\":\"https:\/\/degrados.es\/de\/\",\"logo\":{\"@type\":\"ImageObject\",\"inLanguage\":\"de\",\"@id\":\"https:\/\/degrados.es\/de\/#\/schema\/logo\/image\/\",\"url\":\"https:\/\/degrados.es\/wp-content\/uploads\/2021\/02\/Logo-degrados.png\",\"contentUrl\":\"https:\/\/degrados.es\/wp-content\/uploads\/2021\/02\/Logo-degrados.png\",\"width\":350,\"height\":86,\"caption\":\"DeGrados\"},\"image\":{\"@id\":\"https:\/\/degrados.es\/de\/#\/schema\/logo\/image\/\"}}]}<\/script>\n<!-- \/ Yoast SEO plugin. -->","yoast_head_json":{"title":"Ned Barrels Gin - Gin kaufen - Degrados Online-Liquor Store","description":"Entdecken Sie Ned Barrel's, einen botanischen und holzigen Gin. Botanischer Gin kaufen bei Licorer\u00eda Online. Abgebaut.","robots":{"index":"index","follow":"follow","max-snippet":"max-snippet:-1","max-image-preview":"max-image-preview:large","max-video-preview":"max-video-preview:-1"},"canonical":"https:\/\/degrados.es\/de\/producto\/ned-barrels\/","og_locale":"de_DE","og_type":"article","og_title":"Ned Barrels Gin - Gin kaufen - Degrados Online-Liquor Store","og_description":"Entdecken Sie Ned Barrel's, einen botanischen und holzigen Gin. Botanischer Gin kaufen bei Licorer\u00eda Online. Abgebaut.","og_url":"https:\/\/degrados.es\/de\/producto\/ned-barrels\/","og_site_name":"Online Spirituosengesch\u00e4ft","article_modified_time":"2023-12-19T12:02:26+00:00","og_image":[{"width":430,"height":430,"url":"https:\/\/degrados.es\/wp-content\/uploads\/2022\/02\/Comprar-Ginebra-inglesa.webp","type":"image\/webp"}],"twitter_card":"summary_large_image","twitter_misc":{"Gesch\u00e4tzte Lesezeit":"1\u00a0Minute"},"schema":{"@context":"https:\/\/schema.org","@graph":[{"@type":"WebPage","@id":"https:\/\/degrados.es\/de\/producto\/ned-barrels\/","url":"https:\/\/degrados.es\/de\/producto\/ned-barrels\/","name":"Ned Barrels Gin - Gin kaufen - Degrados Online-Liquor Store","isPartOf":{"@id":"https:\/\/degrados.es\/de\/#website"},"primaryImageOfPage":{"@id":"https:\/\/degrados.es\/de\/producto\/ned-barrels\/#primaryimage"},"image":{"@id":"https:\/\/degrados.es\/de\/producto\/ned-barrels\/#primaryimage"},"thumbnailUrl":"https:\/\/degrados.es\/wp-content\/uploads\/2022\/02\/Comprar-Ginebra-inglesa.webp","datePublished":"2022-02-25T09:18:13+00:00","dateModified":"2023-12-19T12:02:26+00:00","description":"Entdecken Sie Ned Barrel's, einen botanischen und holzigen Gin. Botanischer Gin kaufen bei Licorer\u00eda Online. Abgebaut.","breadcrumb":{"@id":"https:\/\/degrados.es\/de\/producto\/ned-barrels\/#breadcrumb"},"inLanguage":"de","potentialAction":[{"@type":"ReadAction","target":["https:\/\/degrados.es\/de\/producto\/ned-barrels\/"]}]},{"@type":"ImageObject","inLanguage":"de","@id":"https:\/\/degrados.es\/de\/producto\/ned-barrels\/#primaryimage","url":"https:\/\/degrados.es\/wp-content\/uploads\/2022\/02\/Comprar-Ginebra-inglesa.webp","contentUrl":"https:\/\/degrados.es\/wp-content\/uploads\/2022\/02\/Comprar-Ginebra-inglesa.webp","width":430,"height":430,"caption":"Englischer Gin"},{"@type":"BreadcrumbList","@id":"https:\/\/degrados.es\/de\/producto\/ned-barrels\/#breadcrumb","itemListElement":[{"@type":"ListItem","position":1,"name":"Home","item":"https:\/\/degrados.es\/de\/startseite\/"},{"@type":"ListItem","position":2,"name":"Shop","item":"https:\/\/degrados.es\/de\/?page_id=2821"},{"@type":"ListItem","position":3,"name":"Ned Barrel&#8217;s"}]},{"@type":"WebSite","@id":"https:\/\/degrados.es\/de\/#website","url":"https:\/\/degrados.es\/de\/","name":"Online Spirituosengesch\u00e4ft","description":"Spirituosen online kaufen","publisher":{"@id":"https:\/\/degrados.es\/de\/#organization"},"potentialAction":[{"@type":"SearchAction","target":{"@type":"EntryPoint","urlTemplate":"https:\/\/degrados.es\/de\/?s={search_term_string}"},"query-input":{"@type":"PropertyValueSpecification","valueRequired":true,"valueName":"search_term_string"}}],"inLanguage":"de"},{"@type":"Organization","@id":"https:\/\/degrados.es\/de\/#organization","name":"DeGrados","url":"https:\/\/degrados.es\/de\/","logo":{"@type":"ImageObject","inLanguage":"de","@id":"https:\/\/degrados.es\/de\/#\/schema\/logo\/image\/","url":"https:\/\/degrados.es\/wp-content\/uploads\/2021\/02\/Logo-degrados.png","contentUrl":"https:\/\/degrados.es\/wp-content\/uploads\/2021\/02\/Logo-degrados.png","width":350,"height":86,"caption":"DeGrados"},"image":{"@id":"https:\/\/degrados.es\/de\/#\/schema\/logo\/image\/"}}]}},"_links":{"self":[{"href":"https:\/\/degrados.es\/de\/wp-json\/wp\/v2\/product\/2763","targetHints":{"allow":["GET"]}}],"collection":[{"href":"https:\/\/degrados.es\/de\/wp-json\/wp\/v2\/product"}],"about":[{"href":"https:\/\/degrados.es\/de\/wp-json\/wp\/v2\/types\/product"}],"replies":[{"embeddable":true,"href":"https:\/\/degrados.es\/de\/wp-json\/wp\/v2\/comments?post=2763"}],"wp:featuredmedia":[{"embeddable":true,"href":"https:\/\/degrados.es\/de\/wp-json\/wp\/v2\/media\/2561"}],"wp:attachment":[{"href":"https:\/\/degrados.es\/de\/wp-json\/wp\/v2\/media?parent=2763"}],"wp:term":[{"taxonomy":"product_cat","embeddable":true,"href":"https:\/\/degrados.es\/de\/wp-json\/wp\/v2\/product_cat?post=2763"},{"taxonomy":"product_tag","embeddable":true,"href":"https:\/\/degrados.es\/de\/wp-json\/wp\/v2\/product_tag?post=2763"}],"curies":[{"name":"wp","href":"https:\/\/api.w.org\/{rel}","templated":true}]}}