{"id":2773,"date":"2022-02-24T13:31:19","date_gmt":"2022-02-24T12:31:19","guid":{"rendered":"https:\/\/degrados.es\/producto\/feta-kaffee\/"},"modified":"2023-12-19T13:02:39","modified_gmt":"2023-12-19T12:02:39","slug":"feta-kaffee","status":"publish","type":"product","link":"https:\/\/degrados.es\/de\/producto\/feta-kaffee\/","title":{"rendered":"Feta-Kaffee"},"content":{"rendered":"<p>Die Tradition unseres Kaffeelik\u00f6rs und das Erbe unserer Kaffeevorfahren ist dank Caf\u00e9 de Feta noch heute lebendig. Er verwendet sein Geheimrezept, nach dem diese herrliche Vorspeise hergestellt wird.<\/p>\n<p>Obwohl er der speziellste Kaffeelik\u00f6r in seinem Sortiment ist, folgt er der Linie dieser Spirituose. Ganz in der Tradition dieser ikonischen Spirituose, dem Kaffeelik\u00f6r, beginnt der Herstellungsprozess von Caf\u00e9 de Feta mit der Mazeration verschiedener Sorten von nat\u00fcrlich ger\u00f6stetem Arabica-Kaffee in neutralem Alkohol. Diese Mazeration dauert in der Regel etwa zehn Tage und sein Alkoholgehalt liegt bei 14 %. Er ist ein Kaffeelik\u00f6r mit einzigartigen und au\u00dfergew\u00f6hnlichen Eigenschaften.<\/p>\n<p>Sein k\u00f6stlicher Geschmack und sein Aroma sowie die Tatsache, dass er entkoffeiniert ist, unterscheiden ihn von anderen Lik\u00f6rkaffeesorten. Das Produkt zeichnet sich durch die hervorragende Kombination seiner einzigartigen Intensit\u00e4t und seines Geschmacks aus, in perfekter Harmonie mit der Sanftheit seines Alkoholgehalts.<\/p>\n<p>Dabei handelt es sich nicht um irgendeinen Kaffeelik\u00f6r, sondern um ein sorgf\u00e4ltig hergestelltes Produkt mit exquisitem Geschmack, sowohl allein als auch in Kombination mit verschiedenen Erfrischungsgetr\u00e4nken.<i><\/i><\/p>\n<p>Wenn Sie den Geschmack des \u00fcblichen Kaffeelik\u00f6rs m\u00f6gen, ihn aber in seiner milderen Variante bevorzugen, ist Caf\u00e9 de Feta Ihre perfekte Wahl.<\/p>\n<p><b>Empfehlungen.  <\/b>Feta-Kaffee<b> <\/b>ist ideal, um allein getrunken zu werden oder um verschiedene Kombinationen herzustellen, von denen einige unten aufgef\u00fchrt sind:<\/p>\n<p>&#8211; Anzeige. Caf\u00e9 de Feta kombiniert mit Cola, in einem R\u00f6hrenglas 40% Kaffeelik\u00f6r Caf\u00e9 de Feta und 60% Cola. Ideal als Aperitif oder als Getr\u00e4nk.<\/p>\n<p>&#8211; Burret. Caf\u00e9 de Feta kombiniert mit Cola und Eis, in einem R\u00f6hrenglas, ein paar Eisw\u00fcrfel, 40% Caf\u00e9 de Feta Lik\u00f6rkaffee und 60% Cola. Ideal als Aperitif oder als Getr\u00e4nk.<\/p>\n<p>&#8211; Bl\u00f6dsinn. Caf\u00e9 de Feta kombiniert mit Zitronengranita, 1\/3 Lik\u00f6rkaffee Caf\u00e9 de Feta und 2\/3 Zitronengranita. Das erfrischendste und leckerste Getr\u00e4nk.<\/p>\n<p>&#8211; Caf\u00e9 de Feta kombiniert mit Soda, 40% Kaffeelik\u00f6r Caf\u00e9 de Feta und 60% Soda. Ideal als Aperitif.<\/p>\n","protected":false},"excerpt":{"rendered":"<div class=\"references\">Das Erbe unserer Kaffeevorfahren in diesem traditionellen Geist. Durch ein aufw\u00e4ndiges und sorgf\u00e4ltiges Verfahren der handwerklichen R\u00f6stung und anschlie\u00dfenden Mazeration, das von Generation zu Generation weitergegeben wird, entsteht dieses Produkt von hervorragender Qualit\u00e4t. Der Caf\u00e9 de feta basiert auf dem geheimen und unber\u00fchrten Rezept der Kaffeemeister, aus dem dieser herrliche Aperitif hervorgeht.<\/div>\n","protected":false},"featured_media":3812,"comment_status":"open","ping_status":"closed","template":"","meta":{"inline_featured_image":false},"product_cat":[101,100],"product_tag":[452,451,448,450,449],"class_list":{"0":"post-2773","1":"product","2":"type-product","3":"status-publish","4":"has-post-thumbnail","6":"product_cat-coffe-liqueur","7":"product_cat-liqueurs","8":"product_tag-feta-coffee","9":"product_tag-feta-liquor","10":"product_tag-coffee","11":"product_tag-coffee-liqueur-en","12":"product_tag-coffee-liqueur","14":"first","15":"instock","16":"sale","17":"taxable","18":"shipping-taxable","19":"purchasable","20":"product-type-simple"},"yoast_head":"<!-- This site is optimized with the Yoast SEO plugin v26.9 - https:\/\/yoast.com\/product\/yoast-seo-wordpress\/ -->\n<title>Feta-Kaffee-Lik\u00f6r kaufen - Feta-Kaffee kaufen - Degrados<\/title>\n<meta name=\"description\" content=\"Entdecken Sie den Kaffeelik\u00f6r von Feta. Kaufen Sie Feta-Lik\u00f6r-Kaffee mit einem sanfteren und exklusiveren Geschmack bei Licorer\u00eda Online Degrados.\" \/>\n<meta name=\"robots\" content=\"index, follow, max-snippet:-1, max-image-preview:large, max-video-preview:-1\" \/>\n<link rel=\"canonical\" href=\"https:\/\/degrados.es\/de\/producto\/feta-kaffee\/\" \/>\n<meta property=\"og:locale\" content=\"de_DE\" \/>\n<meta property=\"og:type\" content=\"article\" \/>\n<meta property=\"og:title\" content=\"Feta-Kaffee-Lik\u00f6r kaufen - Feta-Kaffee kaufen - Degrados\" \/>\n<meta property=\"og:description\" content=\"Entdecken Sie den Kaffeelik\u00f6r von Feta. Kaufen Sie Feta-Lik\u00f6r-Kaffee mit einem sanfteren und exklusiveren Geschmack bei Licorer\u00eda Online Degrados.\" \/>\n<meta property=\"og:url\" content=\"https:\/\/degrados.es\/de\/producto\/feta-kaffee\/\" \/>\n<meta property=\"og:site_name\" content=\"Online Spirituosengesch\u00e4ft\" \/>\n<meta property=\"article:modified_time\" content=\"2023-12-19T12:02:39+00:00\" \/>\n<meta property=\"og:image\" content=\"https:\/\/degrados.es\/wp-content\/uploads\/2022\/02\/feta-gran.webp\" \/>\n\t<meta property=\"og:image:width\" content=\"960\" \/>\n\t<meta property=\"og:image:height\" content=\"480\" \/>\n\t<meta property=\"og:image:type\" content=\"image\/webp\" \/>\n<meta name=\"twitter:card\" content=\"summary_large_image\" \/>\n<meta name=\"twitter:label1\" content=\"Gesch\u00e4tzte Lesezeit\" \/>\n\t<meta name=\"twitter:data1\" content=\"2\u00a0Minuten\" \/>\n<script type=\"application\/ld+json\" class=\"yoast-schema-graph\">{\"@context\":\"https:\/\/schema.org\",\"@graph\":[{\"@type\":\"WebPage\",\"@id\":\"https:\/\/degrados.es\/de\/producto\/feta-kaffee\/\",\"url\":\"https:\/\/degrados.es\/de\/producto\/feta-kaffee\/\",\"name\":\"Feta-Kaffee-Lik\u00f6r kaufen - Feta-Kaffee kaufen - Degrados\",\"isPartOf\":{\"@id\":\"https:\/\/degrados.es\/de\/#website\"},\"primaryImageOfPage\":{\"@id\":\"https:\/\/degrados.es\/de\/producto\/feta-kaffee\/#primaryimage\"},\"image\":{\"@id\":\"https:\/\/degrados.es\/de\/producto\/feta-kaffee\/#primaryimage\"},\"thumbnailUrl\":\"https:\/\/degrados.es\/wp-content\/uploads\/2022\/02\/Cafe-licor-de-feta.webp\",\"datePublished\":\"2022-02-24T12:31:19+00:00\",\"dateModified\":\"2023-12-19T12:02:39+00:00\",\"description\":\"Entdecken Sie den Kaffeelik\u00f6r von Feta. Kaufen Sie Feta-Lik\u00f6r-Kaffee mit einem sanfteren und exklusiveren Geschmack bei Licorer\u00eda Online Degrados.\",\"breadcrumb\":{\"@id\":\"https:\/\/degrados.es\/de\/producto\/feta-kaffee\/#breadcrumb\"},\"inLanguage\":\"de\",\"potentialAction\":[{\"@type\":\"ReadAction\",\"target\":[\"https:\/\/degrados.es\/de\/producto\/feta-kaffee\/\"]}]},{\"@type\":\"ImageObject\",\"inLanguage\":\"de\",\"@id\":\"https:\/\/degrados.es\/de\/producto\/feta-kaffee\/#primaryimage\",\"url\":\"https:\/\/degrados.es\/wp-content\/uploads\/2022\/02\/Cafe-licor-de-feta.webp\",\"contentUrl\":\"https:\/\/degrados.es\/wp-content\/uploads\/2022\/02\/Cafe-licor-de-feta.webp\",\"width\":1000,\"height\":1000,\"caption\":\"Caf\u00e9 Licor de Feta\"},{\"@type\":\"BreadcrumbList\",\"@id\":\"https:\/\/degrados.es\/de\/producto\/feta-kaffee\/#breadcrumb\",\"itemListElement\":[{\"@type\":\"ListItem\",\"position\":1,\"name\":\"Home\",\"item\":\"https:\/\/degrados.es\/de\/startseite\/\"},{\"@type\":\"ListItem\",\"position\":2,\"name\":\"Shop\",\"item\":\"https:\/\/degrados.es\/de\/?page_id=2821\"},{\"@type\":\"ListItem\",\"position\":3,\"name\":\"Feta-Kaffee\"}]},{\"@type\":\"WebSite\",\"@id\":\"https:\/\/degrados.es\/de\/#website\",\"url\":\"https:\/\/degrados.es\/de\/\",\"name\":\"Online Spirituosengesch\u00e4ft\",\"description\":\"Spirituosen online kaufen\",\"publisher\":{\"@id\":\"https:\/\/degrados.es\/de\/#organization\"},\"potentialAction\":[{\"@type\":\"SearchAction\",\"target\":{\"@type\":\"EntryPoint\",\"urlTemplate\":\"https:\/\/degrados.es\/de\/?s={search_term_string}\"},\"query-input\":{\"@type\":\"PropertyValueSpecification\",\"valueRequired\":true,\"valueName\":\"search_term_string\"}}],\"inLanguage\":\"de\"},{\"@type\":\"Organization\",\"@id\":\"https:\/\/degrados.es\/de\/#organization\",\"name\":\"DeGrados\",\"url\":\"https:\/\/degrados.es\/de\/\",\"logo\":{\"@type\":\"ImageObject\",\"inLanguage\":\"de\",\"@id\":\"https:\/\/degrados.es\/de\/#\/schema\/logo\/image\/\",\"url\":\"https:\/\/degrados.es\/wp-content\/uploads\/2021\/02\/Logo-degrados.png\",\"contentUrl\":\"https:\/\/degrados.es\/wp-content\/uploads\/2021\/02\/Logo-degrados.png\",\"width\":350,\"height\":86,\"caption\":\"DeGrados\"},\"image\":{\"@id\":\"https:\/\/degrados.es\/de\/#\/schema\/logo\/image\/\"}}]}<\/script>\n<!-- \/ Yoast SEO plugin. -->","yoast_head_json":{"title":"Feta-Kaffee-Lik\u00f6r kaufen - Feta-Kaffee kaufen - Degrados","description":"Entdecken Sie den Kaffeelik\u00f6r von Feta. Kaufen Sie Feta-Lik\u00f6r-Kaffee mit einem sanfteren und exklusiveren Geschmack bei Licorer\u00eda Online Degrados.","robots":{"index":"index","follow":"follow","max-snippet":"max-snippet:-1","max-image-preview":"max-image-preview:large","max-video-preview":"max-video-preview:-1"},"canonical":"https:\/\/degrados.es\/de\/producto\/feta-kaffee\/","og_locale":"de_DE","og_type":"article","og_title":"Feta-Kaffee-Lik\u00f6r kaufen - Feta-Kaffee kaufen - Degrados","og_description":"Entdecken Sie den Kaffeelik\u00f6r von Feta. Kaufen Sie Feta-Lik\u00f6r-Kaffee mit einem sanfteren und exklusiveren Geschmack bei Licorer\u00eda Online Degrados.","og_url":"https:\/\/degrados.es\/de\/producto\/feta-kaffee\/","og_site_name":"Online Spirituosengesch\u00e4ft","article_modified_time":"2023-12-19T12:02:39+00:00","og_image":[{"width":960,"height":480,"url":"https:\/\/degrados.es\/wp-content\/uploads\/2022\/02\/feta-gran.webp","type":"image\/webp"}],"twitter_card":"summary_large_image","twitter_misc":{"Gesch\u00e4tzte Lesezeit":"2\u00a0Minuten"},"schema":{"@context":"https:\/\/schema.org","@graph":[{"@type":"WebPage","@id":"https:\/\/degrados.es\/de\/producto\/feta-kaffee\/","url":"https:\/\/degrados.es\/de\/producto\/feta-kaffee\/","name":"Feta-Kaffee-Lik\u00f6r kaufen - Feta-Kaffee kaufen - Degrados","isPartOf":{"@id":"https:\/\/degrados.es\/de\/#website"},"primaryImageOfPage":{"@id":"https:\/\/degrados.es\/de\/producto\/feta-kaffee\/#primaryimage"},"image":{"@id":"https:\/\/degrados.es\/de\/producto\/feta-kaffee\/#primaryimage"},"thumbnailUrl":"https:\/\/degrados.es\/wp-content\/uploads\/2022\/02\/Cafe-licor-de-feta.webp","datePublished":"2022-02-24T12:31:19+00:00","dateModified":"2023-12-19T12:02:39+00:00","description":"Entdecken Sie den Kaffeelik\u00f6r von Feta. Kaufen Sie Feta-Lik\u00f6r-Kaffee mit einem sanfteren und exklusiveren Geschmack bei Licorer\u00eda Online Degrados.","breadcrumb":{"@id":"https:\/\/degrados.es\/de\/producto\/feta-kaffee\/#breadcrumb"},"inLanguage":"de","potentialAction":[{"@type":"ReadAction","target":["https:\/\/degrados.es\/de\/producto\/feta-kaffee\/"]}]},{"@type":"ImageObject","inLanguage":"de","@id":"https:\/\/degrados.es\/de\/producto\/feta-kaffee\/#primaryimage","url":"https:\/\/degrados.es\/wp-content\/uploads\/2022\/02\/Cafe-licor-de-feta.webp","contentUrl":"https:\/\/degrados.es\/wp-content\/uploads\/2022\/02\/Cafe-licor-de-feta.webp","width":1000,"height":1000,"caption":"Caf\u00e9 Licor de Feta"},{"@type":"BreadcrumbList","@id":"https:\/\/degrados.es\/de\/producto\/feta-kaffee\/#breadcrumb","itemListElement":[{"@type":"ListItem","position":1,"name":"Home","item":"https:\/\/degrados.es\/de\/startseite\/"},{"@type":"ListItem","position":2,"name":"Shop","item":"https:\/\/degrados.es\/de\/?page_id=2821"},{"@type":"ListItem","position":3,"name":"Feta-Kaffee"}]},{"@type":"WebSite","@id":"https:\/\/degrados.es\/de\/#website","url":"https:\/\/degrados.es\/de\/","name":"Online Spirituosengesch\u00e4ft","description":"Spirituosen online kaufen","publisher":{"@id":"https:\/\/degrados.es\/de\/#organization"},"potentialAction":[{"@type":"SearchAction","target":{"@type":"EntryPoint","urlTemplate":"https:\/\/degrados.es\/de\/?s={search_term_string}"},"query-input":{"@type":"PropertyValueSpecification","valueRequired":true,"valueName":"search_term_string"}}],"inLanguage":"de"},{"@type":"Organization","@id":"https:\/\/degrados.es\/de\/#organization","name":"DeGrados","url":"https:\/\/degrados.es\/de\/","logo":{"@type":"ImageObject","inLanguage":"de","@id":"https:\/\/degrados.es\/de\/#\/schema\/logo\/image\/","url":"https:\/\/degrados.es\/wp-content\/uploads\/2021\/02\/Logo-degrados.png","contentUrl":"https:\/\/degrados.es\/wp-content\/uploads\/2021\/02\/Logo-degrados.png","width":350,"height":86,"caption":"DeGrados"},"image":{"@id":"https:\/\/degrados.es\/de\/#\/schema\/logo\/image\/"}}]}},"_links":{"self":[{"href":"https:\/\/degrados.es\/de\/wp-json\/wp\/v2\/product\/2773","targetHints":{"allow":["GET"]}}],"collection":[{"href":"https:\/\/degrados.es\/de\/wp-json\/wp\/v2\/product"}],"about":[{"href":"https:\/\/degrados.es\/de\/wp-json\/wp\/v2\/types\/product"}],"replies":[{"embeddable":true,"href":"https:\/\/degrados.es\/de\/wp-json\/wp\/v2\/comments?post=2773"}],"wp:featuredmedia":[{"embeddable":true,"href":"https:\/\/degrados.es\/de\/wp-json\/wp\/v2\/media\/3812"}],"wp:attachment":[{"href":"https:\/\/degrados.es\/de\/wp-json\/wp\/v2\/media?parent=2773"}],"wp:term":[{"taxonomy":"product_cat","embeddable":true,"href":"https:\/\/degrados.es\/de\/wp-json\/wp\/v2\/product_cat?post=2773"},{"taxonomy":"product_tag","embeddable":true,"href":"https:\/\/degrados.es\/de\/wp-json\/wp\/v2\/product_tag?post=2773"}],"curies":[{"name":"wp","href":"https:\/\/api.w.org\/{rel}","templated":true}]}}