{"id":2774,"date":"2022-02-24T13:25:29","date_gmt":"2022-02-24T12:25:29","guid":{"rendered":"https:\/\/degrados.es\/producto\/roter-cerol-kaffee\/"},"modified":"2023-12-19T13:02:40","modified_gmt":"2023-12-19T12:02:40","slug":"roter-cerol-kaffee","status":"publish","type":"product","link":"https:\/\/degrados.es\/de\/producto\/roter-cerol-kaffee\/","title":{"rendered":"Roter Cerol-Kaffee"},"content":{"rendered":"<p>Der rote Cerol ist eine der Sorten unseres Lik\u00f6rkaffees und eines unserer charakteristischsten Cerol-Produkte. Er wird auf traditionelle und exklusive Weise handwerklich hergestellt. Wie die anderen Kaffees der Serie wird er durch Mazeration von Arabica-Kaffees hergestellt, die von unseren R\u00f6stmeistern ausgew\u00e4hlt werden.<\/p>\n<p>Von der Verarbeitung der Rohstoffe bis zum verzehrfertigen Produkt setzt Degrados auf Tradition, Transparenz, Strenge und h\u00f6chste Qualit\u00e4t. Der Kaffeelik\u00f6r Cerol Rojo ist das Ergebnis eines unver\u00e4nderten Rezepts, das einzigartig und f\u00fcr dieses besondere Getr\u00e4nk reserviert ist.<\/p>\n<p>Die Intensit\u00e4t des Kaffeegeschmacks verbindet sich mit der charakteristischen Sanftheit des Lik\u00f6rkaffees Cerol Rojo. Exklusiv f\u00fcr den anspruchsvollen Gaumen derjenigen, die die sanfteste Variante unseres Lik\u00f6rkaffeesortiments genie\u00dfen. Genie\u00dfen Sie den Geschmack und die Qualit\u00e4t des traditionellen Cerol mit einem Grad weniger.<\/p>\n<p><b>Empfehlungen.  <\/b>Cerol<b> <\/b>Rot<b> <\/b>ist ideal f\u00fcr zahlreiche Kombinationen, von denen einige unten aufgef\u00fchrt sind:<\/p>\n<p>&#8211; Anzeige. Cerol Rojo kombiniert mit Cola, in einem R\u00f6hrenglas 40% Cerol Rojo Kaffeelik\u00f6r und 60% Cola. Ideal als Aperitif oder als Getr\u00e4nk.<\/p>\n<p>&#8211; Burret. Cerol Rojo kombiniert mit Cola und Eis, in einem R\u00f6hrenglas mit ein paar Eisw\u00fcrfeln, 40% Cerol Rojo Kaffeelik\u00f6r und 60% Cola. Ideal als Aperitif oder als Getr\u00e4nk.<\/p>\n<p>&#8211; Bl\u00f6dsinn. Cerol Rojo kombiniert mit Zitronengranita, 1\/3 Cerol Rojo Lik\u00f6rkaffee und 2\/3 Zitronengranita. Das erfrischendste und leckerste Getr\u00e4nk.<\/p>\n<p>&#8211; Cerol Rojo kombiniert mit Soda, 40% Cerol Rojo Kaffeelik\u00f6r und 60% Soda. Ideal als Aperitif.<\/p>\n","protected":false},"excerpt":{"rendered":"<div class=\"references\">Caf\u00e9 Cerol Rojo wird durch Einweichen von Arabica-Kaffeesorten hergestellt, die von unseren R\u00f6stmeistern nach einem unver\u00e4nderten Rezept ausgew\u00e4hlt werden.<\/div>\n","protected":false},"featured_media":2602,"comment_status":"open","ping_status":"closed","template":"","meta":{"inline_featured_image":false},"product_cat":[31,29],"product_tag":[184,35,183,182,189,188],"class_list":{"0":"post-2774","1":"product","2":"type-product","3":"status-publish","4":"has-post-thumbnail","6":"product_cat-cafe-licor","7":"product_cat-licores","8":"product_tag-cafe-cerol","9":"product_tag-cafe","10":"product_tag-cafe-licor","11":"product_tag-licor-de-cafe","12":"product_tag-licor-de-cafe-rojo","13":"product_tag-cafe-cerol-rojo","15":"first","16":"instock","17":"sale","18":"taxable","19":"shipping-taxable","20":"purchasable","21":"product-type-simple"},"yoast_head":"<!-- This site is optimized with the Yoast SEO plugin v26.9 - https:\/\/yoast.com\/product\/yoast-seo-wordpress\/ -->\n<title>Roten Kaffeelik\u00f6r kaufen - Roten Cerol Kaffee kaufen - Degrados<\/title>\n<meta name=\"description\" content=\"Entdecken Sie Cerol Gourmet Kaffeelik\u00f6r. Kaffeelik\u00f6r Cerol Gourmet exklusiv bei Licorer\u00eda Online Degrados kaufen.\" \/>\n<meta name=\"robots\" content=\"index, follow, max-snippet:-1, max-image-preview:large, max-video-preview:-1\" \/>\n<link rel=\"canonical\" href=\"https:\/\/degrados.es\/de\/producto\/roter-cerol-kaffee\/\" \/>\n<meta property=\"og:locale\" content=\"de_DE\" \/>\n<meta property=\"og:type\" content=\"article\" \/>\n<meta property=\"og:title\" content=\"Roten Kaffeelik\u00f6r kaufen - Roten Cerol Kaffee kaufen - Degrados\" \/>\n<meta property=\"og:description\" content=\"Entdecken Sie Cerol Gourmet Kaffeelik\u00f6r. Kaffeelik\u00f6r Cerol Gourmet exklusiv bei Licorer\u00eda Online Degrados kaufen.\" \/>\n<meta property=\"og:url\" content=\"https:\/\/degrados.es\/de\/producto\/roter-cerol-kaffee\/\" \/>\n<meta property=\"og:site_name\" content=\"Online Spirituosengesch\u00e4ft\" \/>\n<meta property=\"article:modified_time\" content=\"2023-12-19T12:02:40+00:00\" \/>\n<meta property=\"og:image\" content=\"https:\/\/degrados.es\/wp-content\/uploads\/2022\/02\/cerol-rojo-1L-2013-01-960x480-1.webp\" \/>\n\t<meta property=\"og:image:width\" content=\"960\" \/>\n\t<meta property=\"og:image:height\" content=\"480\" \/>\n\t<meta property=\"og:image:type\" content=\"image\/webp\" \/>\n<meta name=\"twitter:card\" content=\"summary_large_image\" \/>\n<meta name=\"twitter:label1\" content=\"Gesch\u00e4tzte Lesezeit\" \/>\n\t<meta name=\"twitter:data1\" content=\"1\u00a0Minute\" \/>\n<script type=\"application\/ld+json\" class=\"yoast-schema-graph\">{\"@context\":\"https:\/\/schema.org\",\"@graph\":[{\"@type\":\"WebPage\",\"@id\":\"https:\/\/degrados.es\/de\/producto\/roter-cerol-kaffee\/\",\"url\":\"https:\/\/degrados.es\/de\/producto\/roter-cerol-kaffee\/\",\"name\":\"Roten Kaffeelik\u00f6r kaufen - Roten Cerol Kaffee kaufen - Degrados\",\"isPartOf\":{\"@id\":\"https:\/\/degrados.es\/de\/#website\"},\"primaryImageOfPage\":{\"@id\":\"https:\/\/degrados.es\/de\/producto\/roter-cerol-kaffee\/#primaryimage\"},\"image\":{\"@id\":\"https:\/\/degrados.es\/de\/producto\/roter-cerol-kaffee\/#primaryimage\"},\"thumbnailUrl\":\"https:\/\/degrados.es\/wp-content\/uploads\/2022\/02\/cerol-rojo-1L-2013-01-960x480-1.webp\",\"datePublished\":\"2022-02-24T12:25:29+00:00\",\"dateModified\":\"2023-12-19T12:02:40+00:00\",\"description\":\"Entdecken Sie Cerol Gourmet Kaffeelik\u00f6r. Kaffeelik\u00f6r Cerol Gourmet exklusiv bei Licorer\u00eda Online Degrados kaufen.\",\"breadcrumb\":{\"@id\":\"https:\/\/degrados.es\/de\/producto\/roter-cerol-kaffee\/#breadcrumb\"},\"inLanguage\":\"de\",\"potentialAction\":[{\"@type\":\"ReadAction\",\"target\":[\"https:\/\/degrados.es\/de\/producto\/roter-cerol-kaffee\/\"]}]},{\"@type\":\"ImageObject\",\"inLanguage\":\"de\",\"@id\":\"https:\/\/degrados.es\/de\/producto\/roter-cerol-kaffee\/#primaryimage\",\"url\":\"https:\/\/degrados.es\/wp-content\/uploads\/2022\/02\/cerol-rojo-1L-2013-01-960x480-1.webp\",\"contentUrl\":\"https:\/\/degrados.es\/wp-content\/uploads\/2022\/02\/cerol-rojo-1L-2013-01-960x480-1.webp\",\"width\":960,\"height\":480,\"caption\":\"Cerol Kaffeelik\u00f6r\"},{\"@type\":\"BreadcrumbList\",\"@id\":\"https:\/\/degrados.es\/de\/producto\/roter-cerol-kaffee\/#breadcrumb\",\"itemListElement\":[{\"@type\":\"ListItem\",\"position\":1,\"name\":\"Home\",\"item\":\"https:\/\/degrados.es\/de\/startseite\/\"},{\"@type\":\"ListItem\",\"position\":2,\"name\":\"Shop\",\"item\":\"https:\/\/degrados.es\/de\/?page_id=2821\"},{\"@type\":\"ListItem\",\"position\":3,\"name\":\"Roter Cerol-Kaffee\"}]},{\"@type\":\"WebSite\",\"@id\":\"https:\/\/degrados.es\/de\/#website\",\"url\":\"https:\/\/degrados.es\/de\/\",\"name\":\"Online Spirituosengesch\u00e4ft\",\"description\":\"Spirituosen online kaufen\",\"publisher\":{\"@id\":\"https:\/\/degrados.es\/de\/#organization\"},\"potentialAction\":[{\"@type\":\"SearchAction\",\"target\":{\"@type\":\"EntryPoint\",\"urlTemplate\":\"https:\/\/degrados.es\/de\/?s={search_term_string}\"},\"query-input\":{\"@type\":\"PropertyValueSpecification\",\"valueRequired\":true,\"valueName\":\"search_term_string\"}}],\"inLanguage\":\"de\"},{\"@type\":\"Organization\",\"@id\":\"https:\/\/degrados.es\/de\/#organization\",\"name\":\"DeGrados\",\"url\":\"https:\/\/degrados.es\/de\/\",\"logo\":{\"@type\":\"ImageObject\",\"inLanguage\":\"de\",\"@id\":\"https:\/\/degrados.es\/de\/#\/schema\/logo\/image\/\",\"url\":\"https:\/\/degrados.es\/wp-content\/uploads\/2021\/02\/Logo-degrados.png\",\"contentUrl\":\"https:\/\/degrados.es\/wp-content\/uploads\/2021\/02\/Logo-degrados.png\",\"width\":350,\"height\":86,\"caption\":\"DeGrados\"},\"image\":{\"@id\":\"https:\/\/degrados.es\/de\/#\/schema\/logo\/image\/\"}}]}<\/script>\n<!-- \/ Yoast SEO plugin. -->","yoast_head_json":{"title":"Roten Kaffeelik\u00f6r kaufen - Roten Cerol Kaffee kaufen - Degrados","description":"Entdecken Sie Cerol Gourmet Kaffeelik\u00f6r. Kaffeelik\u00f6r Cerol Gourmet exklusiv bei Licorer\u00eda Online Degrados kaufen.","robots":{"index":"index","follow":"follow","max-snippet":"max-snippet:-1","max-image-preview":"max-image-preview:large","max-video-preview":"max-video-preview:-1"},"canonical":"https:\/\/degrados.es\/de\/producto\/roter-cerol-kaffee\/","og_locale":"de_DE","og_type":"article","og_title":"Roten Kaffeelik\u00f6r kaufen - Roten Cerol Kaffee kaufen - Degrados","og_description":"Entdecken Sie Cerol Gourmet Kaffeelik\u00f6r. Kaffeelik\u00f6r Cerol Gourmet exklusiv bei Licorer\u00eda Online Degrados kaufen.","og_url":"https:\/\/degrados.es\/de\/producto\/roter-cerol-kaffee\/","og_site_name":"Online Spirituosengesch\u00e4ft","article_modified_time":"2023-12-19T12:02:40+00:00","og_image":[{"width":960,"height":480,"url":"https:\/\/degrados.es\/wp-content\/uploads\/2022\/02\/cerol-rojo-1L-2013-01-960x480-1.webp","type":"image\/webp"}],"twitter_card":"summary_large_image","twitter_misc":{"Gesch\u00e4tzte Lesezeit":"1\u00a0Minute"},"schema":{"@context":"https:\/\/schema.org","@graph":[{"@type":"WebPage","@id":"https:\/\/degrados.es\/de\/producto\/roter-cerol-kaffee\/","url":"https:\/\/degrados.es\/de\/producto\/roter-cerol-kaffee\/","name":"Roten Kaffeelik\u00f6r kaufen - Roten Cerol Kaffee kaufen - Degrados","isPartOf":{"@id":"https:\/\/degrados.es\/de\/#website"},"primaryImageOfPage":{"@id":"https:\/\/degrados.es\/de\/producto\/roter-cerol-kaffee\/#primaryimage"},"image":{"@id":"https:\/\/degrados.es\/de\/producto\/roter-cerol-kaffee\/#primaryimage"},"thumbnailUrl":"https:\/\/degrados.es\/wp-content\/uploads\/2022\/02\/cerol-rojo-1L-2013-01-960x480-1.webp","datePublished":"2022-02-24T12:25:29+00:00","dateModified":"2023-12-19T12:02:40+00:00","description":"Entdecken Sie Cerol Gourmet Kaffeelik\u00f6r. Kaffeelik\u00f6r Cerol Gourmet exklusiv bei Licorer\u00eda Online Degrados kaufen.","breadcrumb":{"@id":"https:\/\/degrados.es\/de\/producto\/roter-cerol-kaffee\/#breadcrumb"},"inLanguage":"de","potentialAction":[{"@type":"ReadAction","target":["https:\/\/degrados.es\/de\/producto\/roter-cerol-kaffee\/"]}]},{"@type":"ImageObject","inLanguage":"de","@id":"https:\/\/degrados.es\/de\/producto\/roter-cerol-kaffee\/#primaryimage","url":"https:\/\/degrados.es\/wp-content\/uploads\/2022\/02\/cerol-rojo-1L-2013-01-960x480-1.webp","contentUrl":"https:\/\/degrados.es\/wp-content\/uploads\/2022\/02\/cerol-rojo-1L-2013-01-960x480-1.webp","width":960,"height":480,"caption":"Cerol Kaffeelik\u00f6r"},{"@type":"BreadcrumbList","@id":"https:\/\/degrados.es\/de\/producto\/roter-cerol-kaffee\/#breadcrumb","itemListElement":[{"@type":"ListItem","position":1,"name":"Home","item":"https:\/\/degrados.es\/de\/startseite\/"},{"@type":"ListItem","position":2,"name":"Shop","item":"https:\/\/degrados.es\/de\/?page_id=2821"},{"@type":"ListItem","position":3,"name":"Roter Cerol-Kaffee"}]},{"@type":"WebSite","@id":"https:\/\/degrados.es\/de\/#website","url":"https:\/\/degrados.es\/de\/","name":"Online Spirituosengesch\u00e4ft","description":"Spirituosen online kaufen","publisher":{"@id":"https:\/\/degrados.es\/de\/#organization"},"potentialAction":[{"@type":"SearchAction","target":{"@type":"EntryPoint","urlTemplate":"https:\/\/degrados.es\/de\/?s={search_term_string}"},"query-input":{"@type":"PropertyValueSpecification","valueRequired":true,"valueName":"search_term_string"}}],"inLanguage":"de"},{"@type":"Organization","@id":"https:\/\/degrados.es\/de\/#organization","name":"DeGrados","url":"https:\/\/degrados.es\/de\/","logo":{"@type":"ImageObject","inLanguage":"de","@id":"https:\/\/degrados.es\/de\/#\/schema\/logo\/image\/","url":"https:\/\/degrados.es\/wp-content\/uploads\/2021\/02\/Logo-degrados.png","contentUrl":"https:\/\/degrados.es\/wp-content\/uploads\/2021\/02\/Logo-degrados.png","width":350,"height":86,"caption":"DeGrados"},"image":{"@id":"https:\/\/degrados.es\/de\/#\/schema\/logo\/image\/"}}]}},"_links":{"self":[{"href":"https:\/\/degrados.es\/de\/wp-json\/wp\/v2\/product\/2774","targetHints":{"allow":["GET"]}}],"collection":[{"href":"https:\/\/degrados.es\/de\/wp-json\/wp\/v2\/product"}],"about":[{"href":"https:\/\/degrados.es\/de\/wp-json\/wp\/v2\/types\/product"}],"replies":[{"embeddable":true,"href":"https:\/\/degrados.es\/de\/wp-json\/wp\/v2\/comments?post=2774"}],"wp:featuredmedia":[{"embeddable":true,"href":"https:\/\/degrados.es\/de\/wp-json\/wp\/v2\/media\/2602"}],"wp:attachment":[{"href":"https:\/\/degrados.es\/de\/wp-json\/wp\/v2\/media?parent=2774"}],"wp:term":[{"taxonomy":"product_cat","embeddable":true,"href":"https:\/\/degrados.es\/de\/wp-json\/wp\/v2\/product_cat?post=2774"},{"taxonomy":"product_tag","embeddable":true,"href":"https:\/\/degrados.es\/de\/wp-json\/wp\/v2\/product_tag?post=2774"}],"curies":[{"name":"wp","href":"https:\/\/api.w.org\/{rel}","templated":true}]}}