{"id":2776,"date":"2022-02-23T13:08:08","date_gmt":"2022-02-23T12:08:08","guid":{"rendered":"https:\/\/degrados.es\/producto\/islaendischer-karamell-wodka\/"},"modified":"2023-12-19T13:03:44","modified_gmt":"2023-12-19T12:03:44","slug":"islaendischer-karamell-wodka","status":"publish","type":"product","link":"https:\/\/degrados.es\/de\/producto\/islaendischer-karamell-wodka\/","title":{"rendered":"Isl\u00e4ndischer Karamell-Wodka"},"content":{"rendered":"<p>Icelandic Caramel Vodka ist der Traum eines jeden Naschkatzen. F\u00fcr alle, die gerne Wodka trinken und ihn mit einer besonderen Note bevorzugen.<\/p>\n<p>Er wird durch langsames und aufw\u00e4ndiges Kochen von Zucker hergestellt, wodurch das Hauptelement dieses Lik\u00f6rs entsteht: Karamell. Wenn wir dann noch unsere \u00fcbliche isl\u00e4ndische Wodka-Basis hinzugeben, entsteht ein weicher und k\u00f6stlicher Lik\u00f6r, ein gro\u00dfartiges After-Dinner-Getr\u00e4nk in bester Gesellschaft.<\/p>\n<p>&nbsp;<\/p>\n<p>Sie k\u00f6nnen den isl\u00e4ndischen Karamell-Wodka auf viele verschiedene Arten trinken, denn er ist in all seinen Variationen hervorragend. On the rocks oder als Shot, aber auch in Smoothies und vielen anderen Kaltgetr\u00e4nken ist er k\u00f6stlich. Das Team von Licores Sinc m\u00f6chte mit Ihnen eines unserer wertvollsten und exklusivsten Rezepte f\u00fcr Mixgetr\u00e4nke teilen, damit auch Sie das Beste genie\u00dfen k\u00f6nnen. Es ist einfach und gewagt, verpassen Sie keinen der Schritte:<\/p>\n<p>Holen Sie sich eine Flasche Isl\u00e4ndisches Karamell. F\u00fcllen Sie 1 Teil des Glases mit dem Tee und den anderen Teil mit sehr kalter Milch. Dann f\u00fcgen Sie einige Kaffeebohnen hinzu, und um den Geschmack zu intensivieren, f\u00fcgen Sie eine Zimtstange und einen Spritzer Zitrone hinzu. Sie haben es geschafft! Als letztes Detail: Servieren Sie es sehr kalt und es wird ein sicherer Erfolg sein.<\/p>\n<p>&nbsp;<\/p>\n<p>Wenn Sie es einmal probiert haben, werden Sie sich der unverwechselbaren S\u00fc\u00dfe dieser Kombination nicht mehr entziehen k\u00f6nnen. Es ist ein Cocktail, der Sie an die Hand nimmt und Sie in die vollkommene Intimit\u00e4t f\u00fchrt. Lassen Sie sich fallen und genie\u00dfen Sie Icelandic Caramel Vodka in seiner ganzen Essenz. Genie\u00dfen Sie die unverwechselbare Textur des besten Karamells mit dem Original-Wodka aller Zeiten.<\/p>\n","protected":false},"excerpt":{"rendered":"<div class=\"references\"><\/div>\n<div class=\"shortdesc\">\n<p>Icelandic Caramel Vodka ist ein s\u00fc\u00dfer Wodka-Lik\u00f6r mit intensivem Karamellgeschmack, der durch langsames Kochen des Zuckers und anschlie\u00dfende Zugabe der ausgezeichneten isl\u00e4ndischen Wodka-Basis hergestellt wird. Das Endergebnis ist ein weicher und k\u00f6stlicher Lik\u00f6r.  <span style=\"font-size: 16px;\">70 cl.<\/span><\/p>\n<\/div>\n","protected":false},"featured_media":3911,"comment_status":"open","ping_status":"closed","template":"","meta":{"inline_featured_image":false},"product_cat":[72,149],"product_tag":[155,157,153],"class_list":{"0":"post-2776","1":"product","2":"type-product","3":"status-publish","4":"has-post-thumbnail","6":"product_cat-destilados","7":"product_cat-vodka","8":"product_tag-icelandic","9":"product_tag-vodka-caramelo","10":"product_tag-vodka","12":"first","13":"instock","14":"sale","15":"taxable","16":"shipping-taxable","17":"purchasable","18":"product-type-simple"},"yoast_head":"<!-- This site is optimized with the Yoast SEO plugin v26.9 - https:\/\/yoast.com\/product\/yoast-seo-wordpress\/ -->\n<title>Wodka Karamell - Wodka online kaufen - Degrados Online Schnapsladen<\/title>\n<meta name=\"description\" content=\"Entdecken Sie Icelandic Caramel Vodka, einen Wodka mit einem s\u00fc\u00dfen Karamellgeschmack. Kaufen Sie Wodka in einem auf Spirituosen spezialisierten Online-Gesch\u00e4ft. Abgebaut.\" \/>\n<meta name=\"robots\" content=\"index, follow, max-snippet:-1, max-image-preview:large, max-video-preview:-1\" \/>\n<link rel=\"canonical\" href=\"https:\/\/degrados.es\/de\/producto\/islaendischer-karamell-wodka\/\" \/>\n<meta property=\"og:locale\" content=\"de_DE\" \/>\n<meta property=\"og:type\" content=\"article\" \/>\n<meta property=\"og:title\" content=\"Wodka Karamell - Wodka online kaufen - Degrados Online Schnapsladen\" \/>\n<meta property=\"og:description\" content=\"Entdecken Sie Icelandic Caramel Vodka, einen Wodka mit einem s\u00fc\u00dfen Karamellgeschmack. Kaufen Sie Wodka in einem auf Spirituosen spezialisierten Online-Gesch\u00e4ft. Abgebaut.\" \/>\n<meta property=\"og:url\" content=\"https:\/\/degrados.es\/de\/producto\/islaendischer-karamell-wodka\/\" \/>\n<meta property=\"og:site_name\" content=\"Online Spirituosengesch\u00e4ft\" \/>\n<meta property=\"article:modified_time\" content=\"2023-12-19T12:03:44+00:00\" \/>\n<meta property=\"og:image\" content=\"https:\/\/degrados.es\/wp-content\/uploads\/2022\/02\/Vodka-caramelo.webp\" \/>\n\t<meta property=\"og:image:width\" content=\"430\" \/>\n\t<meta property=\"og:image:height\" content=\"430\" \/>\n\t<meta property=\"og:image:type\" content=\"image\/webp\" \/>\n<meta name=\"twitter:card\" content=\"summary_large_image\" \/>\n<meta name=\"twitter:label1\" content=\"Gesch\u00e4tzte Lesezeit\" \/>\n\t<meta name=\"twitter:data1\" content=\"1\u00a0Minute\" \/>\n<script type=\"application\/ld+json\" class=\"yoast-schema-graph\">{\"@context\":\"https:\/\/schema.org\",\"@graph\":[{\"@type\":\"WebPage\",\"@id\":\"https:\/\/degrados.es\/de\/producto\/islaendischer-karamell-wodka\/\",\"url\":\"https:\/\/degrados.es\/de\/producto\/islaendischer-karamell-wodka\/\",\"name\":\"Wodka Karamell - Wodka online kaufen - Degrados Online Schnapsladen\",\"isPartOf\":{\"@id\":\"https:\/\/degrados.es\/de\/#website\"},\"primaryImageOfPage\":{\"@id\":\"https:\/\/degrados.es\/de\/producto\/islaendischer-karamell-wodka\/#primaryimage\"},\"image\":{\"@id\":\"https:\/\/degrados.es\/de\/producto\/islaendischer-karamell-wodka\/#primaryimage\"},\"thumbnailUrl\":\"https:\/\/degrados.es\/wp-content\/uploads\/2022\/02\/Vodka-de-caramelo-Icelandic.webp\",\"datePublished\":\"2022-02-23T12:08:08+00:00\",\"dateModified\":\"2023-12-19T12:03:44+00:00\",\"description\":\"Entdecken Sie Icelandic Caramel Vodka, einen Wodka mit einem s\u00fc\u00dfen Karamellgeschmack. Kaufen Sie Wodka in einem auf Spirituosen spezialisierten Online-Gesch\u00e4ft. Abgebaut.\",\"breadcrumb\":{\"@id\":\"https:\/\/degrados.es\/de\/producto\/islaendischer-karamell-wodka\/#breadcrumb\"},\"inLanguage\":\"de\",\"potentialAction\":[{\"@type\":\"ReadAction\",\"target\":[\"https:\/\/degrados.es\/de\/producto\/islaendischer-karamell-wodka\/\"]}]},{\"@type\":\"ImageObject\",\"inLanguage\":\"de\",\"@id\":\"https:\/\/degrados.es\/de\/producto\/islaendischer-karamell-wodka\/#primaryimage\",\"url\":\"https:\/\/degrados.es\/wp-content\/uploads\/2022\/02\/Vodka-de-caramelo-Icelandic.webp\",\"contentUrl\":\"https:\/\/degrados.es\/wp-content\/uploads\/2022\/02\/Vodka-de-caramelo-Icelandic.webp\",\"width\":1000,\"height\":1000,\"caption\":\"Vodka de caramelo Icelandic\"},{\"@type\":\"BreadcrumbList\",\"@id\":\"https:\/\/degrados.es\/de\/producto\/islaendischer-karamell-wodka\/#breadcrumb\",\"itemListElement\":[{\"@type\":\"ListItem\",\"position\":1,\"name\":\"Home\",\"item\":\"https:\/\/degrados.es\/de\/startseite\/\"},{\"@type\":\"ListItem\",\"position\":2,\"name\":\"Shop\",\"item\":\"https:\/\/degrados.es\/de\/?page_id=2821\"},{\"@type\":\"ListItem\",\"position\":3,\"name\":\"Isl\u00e4ndischer Karamell-Wodka\"}]},{\"@type\":\"WebSite\",\"@id\":\"https:\/\/degrados.es\/de\/#website\",\"url\":\"https:\/\/degrados.es\/de\/\",\"name\":\"Online Spirituosengesch\u00e4ft\",\"description\":\"Spirituosen online kaufen\",\"publisher\":{\"@id\":\"https:\/\/degrados.es\/de\/#organization\"},\"potentialAction\":[{\"@type\":\"SearchAction\",\"target\":{\"@type\":\"EntryPoint\",\"urlTemplate\":\"https:\/\/degrados.es\/de\/?s={search_term_string}\"},\"query-input\":{\"@type\":\"PropertyValueSpecification\",\"valueRequired\":true,\"valueName\":\"search_term_string\"}}],\"inLanguage\":\"de\"},{\"@type\":\"Organization\",\"@id\":\"https:\/\/degrados.es\/de\/#organization\",\"name\":\"DeGrados\",\"url\":\"https:\/\/degrados.es\/de\/\",\"logo\":{\"@type\":\"ImageObject\",\"inLanguage\":\"de\",\"@id\":\"https:\/\/degrados.es\/de\/#\/schema\/logo\/image\/\",\"url\":\"https:\/\/degrados.es\/wp-content\/uploads\/2021\/02\/Logo-degrados.png\",\"contentUrl\":\"https:\/\/degrados.es\/wp-content\/uploads\/2021\/02\/Logo-degrados.png\",\"width\":350,\"height\":86,\"caption\":\"DeGrados\"},\"image\":{\"@id\":\"https:\/\/degrados.es\/de\/#\/schema\/logo\/image\/\"}}]}<\/script>\n<!-- \/ Yoast SEO plugin. -->","yoast_head_json":{"title":"Wodka Karamell - Wodka online kaufen - Degrados Online Schnapsladen","description":"Entdecken Sie Icelandic Caramel Vodka, einen Wodka mit einem s\u00fc\u00dfen Karamellgeschmack. Kaufen Sie Wodka in einem auf Spirituosen spezialisierten Online-Gesch\u00e4ft. Abgebaut.","robots":{"index":"index","follow":"follow","max-snippet":"max-snippet:-1","max-image-preview":"max-image-preview:large","max-video-preview":"max-video-preview:-1"},"canonical":"https:\/\/degrados.es\/de\/producto\/islaendischer-karamell-wodka\/","og_locale":"de_DE","og_type":"article","og_title":"Wodka Karamell - Wodka online kaufen - Degrados Online Schnapsladen","og_description":"Entdecken Sie Icelandic Caramel Vodka, einen Wodka mit einem s\u00fc\u00dfen Karamellgeschmack. Kaufen Sie Wodka in einem auf Spirituosen spezialisierten Online-Gesch\u00e4ft. Abgebaut.","og_url":"https:\/\/degrados.es\/de\/producto\/islaendischer-karamell-wodka\/","og_site_name":"Online Spirituosengesch\u00e4ft","article_modified_time":"2023-12-19T12:03:44+00:00","og_image":[{"width":430,"height":430,"url":"https:\/\/degrados.es\/wp-content\/uploads\/2022\/02\/Vodka-caramelo.webp","type":"image\/webp"}],"twitter_card":"summary_large_image","twitter_misc":{"Gesch\u00e4tzte Lesezeit":"1\u00a0Minute"},"schema":{"@context":"https:\/\/schema.org","@graph":[{"@type":"WebPage","@id":"https:\/\/degrados.es\/de\/producto\/islaendischer-karamell-wodka\/","url":"https:\/\/degrados.es\/de\/producto\/islaendischer-karamell-wodka\/","name":"Wodka Karamell - Wodka online kaufen - Degrados Online Schnapsladen","isPartOf":{"@id":"https:\/\/degrados.es\/de\/#website"},"primaryImageOfPage":{"@id":"https:\/\/degrados.es\/de\/producto\/islaendischer-karamell-wodka\/#primaryimage"},"image":{"@id":"https:\/\/degrados.es\/de\/producto\/islaendischer-karamell-wodka\/#primaryimage"},"thumbnailUrl":"https:\/\/degrados.es\/wp-content\/uploads\/2022\/02\/Vodka-de-caramelo-Icelandic.webp","datePublished":"2022-02-23T12:08:08+00:00","dateModified":"2023-12-19T12:03:44+00:00","description":"Entdecken Sie Icelandic Caramel Vodka, einen Wodka mit einem s\u00fc\u00dfen Karamellgeschmack. Kaufen Sie Wodka in einem auf Spirituosen spezialisierten Online-Gesch\u00e4ft. Abgebaut.","breadcrumb":{"@id":"https:\/\/degrados.es\/de\/producto\/islaendischer-karamell-wodka\/#breadcrumb"},"inLanguage":"de","potentialAction":[{"@type":"ReadAction","target":["https:\/\/degrados.es\/de\/producto\/islaendischer-karamell-wodka\/"]}]},{"@type":"ImageObject","inLanguage":"de","@id":"https:\/\/degrados.es\/de\/producto\/islaendischer-karamell-wodka\/#primaryimage","url":"https:\/\/degrados.es\/wp-content\/uploads\/2022\/02\/Vodka-de-caramelo-Icelandic.webp","contentUrl":"https:\/\/degrados.es\/wp-content\/uploads\/2022\/02\/Vodka-de-caramelo-Icelandic.webp","width":1000,"height":1000,"caption":"Vodka de caramelo Icelandic"},{"@type":"BreadcrumbList","@id":"https:\/\/degrados.es\/de\/producto\/islaendischer-karamell-wodka\/#breadcrumb","itemListElement":[{"@type":"ListItem","position":1,"name":"Home","item":"https:\/\/degrados.es\/de\/startseite\/"},{"@type":"ListItem","position":2,"name":"Shop","item":"https:\/\/degrados.es\/de\/?page_id=2821"},{"@type":"ListItem","position":3,"name":"Isl\u00e4ndischer Karamell-Wodka"}]},{"@type":"WebSite","@id":"https:\/\/degrados.es\/de\/#website","url":"https:\/\/degrados.es\/de\/","name":"Online Spirituosengesch\u00e4ft","description":"Spirituosen online kaufen","publisher":{"@id":"https:\/\/degrados.es\/de\/#organization"},"potentialAction":[{"@type":"SearchAction","target":{"@type":"EntryPoint","urlTemplate":"https:\/\/degrados.es\/de\/?s={search_term_string}"},"query-input":{"@type":"PropertyValueSpecification","valueRequired":true,"valueName":"search_term_string"}}],"inLanguage":"de"},{"@type":"Organization","@id":"https:\/\/degrados.es\/de\/#organization","name":"DeGrados","url":"https:\/\/degrados.es\/de\/","logo":{"@type":"ImageObject","inLanguage":"de","@id":"https:\/\/degrados.es\/de\/#\/schema\/logo\/image\/","url":"https:\/\/degrados.es\/wp-content\/uploads\/2021\/02\/Logo-degrados.png","contentUrl":"https:\/\/degrados.es\/wp-content\/uploads\/2021\/02\/Logo-degrados.png","width":350,"height":86,"caption":"DeGrados"},"image":{"@id":"https:\/\/degrados.es\/de\/#\/schema\/logo\/image\/"}}]}},"_links":{"self":[{"href":"https:\/\/degrados.es\/de\/wp-json\/wp\/v2\/product\/2776","targetHints":{"allow":["GET"]}}],"collection":[{"href":"https:\/\/degrados.es\/de\/wp-json\/wp\/v2\/product"}],"about":[{"href":"https:\/\/degrados.es\/de\/wp-json\/wp\/v2\/types\/product"}],"replies":[{"embeddable":true,"href":"https:\/\/degrados.es\/de\/wp-json\/wp\/v2\/comments?post=2776"}],"wp:featuredmedia":[{"embeddable":true,"href":"https:\/\/degrados.es\/de\/wp-json\/wp\/v2\/media\/3911"}],"wp:attachment":[{"href":"https:\/\/degrados.es\/de\/wp-json\/wp\/v2\/media?parent=2776"}],"wp:term":[{"taxonomy":"product_cat","embeddable":true,"href":"https:\/\/degrados.es\/de\/wp-json\/wp\/v2\/product_cat?post=2776"},{"taxonomy":"product_tag","embeddable":true,"href":"https:\/\/degrados.es\/de\/wp-json\/wp\/v2\/product_tag?post=2776"}],"curies":[{"name":"wp","href":"https:\/\/api.w.org\/{rel}","templated":true}]}}