{"id":2778,"date":"2022-02-23T21:45:49","date_gmt":"2022-02-23T20:45:49","guid":{"rendered":"https:\/\/degrados.es\/producto\/erdbeer-sahne-likoer\/"},"modified":"2023-12-19T13:03:45","modified_gmt":"2023-12-19T12:03:45","slug":"erdbeer-sahne-likoer","status":"publish","type":"product","link":"https:\/\/degrados.es\/de\/producto\/erdbeer-sahne-likoer\/","title":{"rendered":"Erdbeer-Sahne-Lik\u00f6r"},"content":{"rendered":"<p>Unser Sahnelik\u00f6r Que Chido de fresas con Agave wird nach dem traditionellen Modell hergestellt.<\/p>\n<p>Que Chido de fresas con Agave wird durch G\u00e4rung und Destillation des aus der Agave gewonnenen Saftes hergestellt. Ein Getr\u00e4nk, das Sie mit seinem intensiven und angenehmen Geschmack \u00fcberraschen wird und sich hervorragend zum Ausklang von Feiern aller Art eignet.<\/p>\n<p>Wenn Sie Lik\u00f6re und exotische Geschmacksrichtungen m\u00f6gen und mal etwas anderes ausprobieren m\u00f6chten, sollten Sie unbedingt die Que Chido Erdbeercreme mit Agavenlik\u00f6r probieren, denn Sie werden von ihrem k\u00f6stlichen Erdbeer- und Agavengeschmack begeistert sein.<\/p>\n","protected":false},"excerpt":{"rendered":"<div class=\"references\"><span style=\"font-size: 16px;\">Unser Sahnelik\u00f6r Que Chido de fresas con Agave wird nach dem traditionellen Modell hergestellt. Erdbeerlik\u00f6r ist ein weltber\u00fchmtes Lik\u00f6rgetr\u00e4nk, das Tequila mit Erdbeerlik\u00f6r kombiniert.<\/span><\/div>\n","protected":false},"featured_media":3924,"comment_status":"open","ping_status":"closed","template":"","meta":{"inline_featured_image":false},"product_cat":[564,899,530,623],"product_tag":[626,627,531,624],"class_list":{"0":"post-2778","1":"product","2":"type-product","3":"status-publish","4":"has-post-thumbnail","6":"product_cat-destillate","7":"product_cat-likor-cremes","8":"product_cat-spirituosen","9":"product_cat-tequila-de","10":"product_tag-fesa-likor","11":"product_tag-likorsahne","12":"product_tag-spirituosen","13":"product_tag-tequila-de","15":"first","16":"instock","17":"sale","18":"taxable","19":"shipping-taxable","20":"purchasable","21":"product-type-simple"},"yoast_head":"<!-- This site is optimized with the Yoast SEO plugin v26.9 - https:\/\/yoast.com\/product\/yoast-seo-wordpress\/ -->\n<title>Erdbeer-Sahne-Lik\u00f6r mit Tequila kaufen - Licorer\u00eda Degrados<\/title>\n<meta name=\"description\" content=\"Entdecken Sie den Erdbeer-Sahne-Lik\u00f6r mit Tequila. Kaufen Sie einen exklusiven Tequila-Lik\u00f6r mit Erdbeere bei Licorer\u00eda Online. Abgebaut.\" \/>\n<meta name=\"robots\" content=\"index, follow, max-snippet:-1, max-image-preview:large, max-video-preview:-1\" \/>\n<link rel=\"canonical\" href=\"https:\/\/degrados.es\/de\/producto\/erdbeer-sahne-likoer\/\" \/>\n<meta property=\"og:locale\" content=\"de_DE\" \/>\n<meta property=\"og:type\" content=\"article\" \/>\n<meta property=\"og:title\" content=\"Erdbeer-Sahne-Lik\u00f6r mit Tequila kaufen - Licorer\u00eda Degrados\" \/>\n<meta property=\"og:description\" content=\"Entdecken Sie den Erdbeer-Sahne-Lik\u00f6r mit Tequila. Kaufen Sie einen exklusiven Tequila-Lik\u00f6r mit Erdbeere bei Licorer\u00eda Online. Abgebaut.\" \/>\n<meta property=\"og:url\" content=\"https:\/\/degrados.es\/de\/producto\/erdbeer-sahne-likoer\/\" \/>\n<meta property=\"og:site_name\" content=\"Online Spirituosengesch\u00e4ft\" \/>\n<meta property=\"article:modified_time\" content=\"2023-12-19T12:03:45+00:00\" \/>\n<meta property=\"og:image\" content=\"https:\/\/degrados.es\/wp-content\/uploads\/2022\/02\/Licor-crema-fresas-agave.webp\" \/>\n\t<meta property=\"og:image:width\" content=\"430\" \/>\n\t<meta property=\"og:image:height\" content=\"430\" \/>\n\t<meta property=\"og:image:type\" content=\"image\/webp\" \/>\n<meta name=\"twitter:card\" content=\"summary_large_image\" \/>\n<script type=\"application\/ld+json\" class=\"yoast-schema-graph\">{\"@context\":\"https:\/\/schema.org\",\"@graph\":[{\"@type\":\"WebPage\",\"@id\":\"https:\/\/degrados.es\/de\/producto\/erdbeer-sahne-likoer\/\",\"url\":\"https:\/\/degrados.es\/de\/producto\/erdbeer-sahne-likoer\/\",\"name\":\"Erdbeer-Sahne-Lik\u00f6r mit Tequila kaufen - Licorer\u00eda Degrados\",\"isPartOf\":{\"@id\":\"https:\/\/degrados.es\/de\/#website\"},\"primaryImageOfPage\":{\"@id\":\"https:\/\/degrados.es\/de\/producto\/erdbeer-sahne-likoer\/#primaryimage\"},\"image\":{\"@id\":\"https:\/\/degrados.es\/de\/producto\/erdbeer-sahne-likoer\/#primaryimage\"},\"thumbnailUrl\":\"https:\/\/degrados.es\/wp-content\/uploads\/2022\/02\/Licor-de-crema-de-fresas-1.webp\",\"datePublished\":\"2022-02-23T20:45:49+00:00\",\"dateModified\":\"2023-12-19T12:03:45+00:00\",\"description\":\"Entdecken Sie den Erdbeer-Sahne-Lik\u00f6r mit Tequila. Kaufen Sie einen exklusiven Tequila-Lik\u00f6r mit Erdbeere bei Licorer\u00eda Online. Abgebaut.\",\"breadcrumb\":{\"@id\":\"https:\/\/degrados.es\/de\/producto\/erdbeer-sahne-likoer\/#breadcrumb\"},\"inLanguage\":\"de\",\"potentialAction\":[{\"@type\":\"ReadAction\",\"target\":[\"https:\/\/degrados.es\/de\/producto\/erdbeer-sahne-likoer\/\"]}]},{\"@type\":\"ImageObject\",\"inLanguage\":\"de\",\"@id\":\"https:\/\/degrados.es\/de\/producto\/erdbeer-sahne-likoer\/#primaryimage\",\"url\":\"https:\/\/degrados.es\/wp-content\/uploads\/2022\/02\/Licor-de-crema-de-fresas-1.webp\",\"contentUrl\":\"https:\/\/degrados.es\/wp-content\/uploads\/2022\/02\/Licor-de-crema-de-fresas-1.webp\",\"width\":1000,\"height\":1000,\"caption\":\"Licor de crema de fresas\"},{\"@type\":\"BreadcrumbList\",\"@id\":\"https:\/\/degrados.es\/de\/producto\/erdbeer-sahne-likoer\/#breadcrumb\",\"itemListElement\":[{\"@type\":\"ListItem\",\"position\":1,\"name\":\"Home\",\"item\":\"https:\/\/degrados.es\/de\/startseite\/\"},{\"@type\":\"ListItem\",\"position\":2,\"name\":\"Shop\",\"item\":\"https:\/\/degrados.es\/de\/?page_id=2821\"},{\"@type\":\"ListItem\",\"position\":3,\"name\":\"Erdbeer-Sahne-Lik\u00f6r\"}]},{\"@type\":\"WebSite\",\"@id\":\"https:\/\/degrados.es\/de\/#website\",\"url\":\"https:\/\/degrados.es\/de\/\",\"name\":\"Online Spirituosengesch\u00e4ft\",\"description\":\"Spirituosen online kaufen\",\"publisher\":{\"@id\":\"https:\/\/degrados.es\/de\/#organization\"},\"potentialAction\":[{\"@type\":\"SearchAction\",\"target\":{\"@type\":\"EntryPoint\",\"urlTemplate\":\"https:\/\/degrados.es\/de\/?s={search_term_string}\"},\"query-input\":{\"@type\":\"PropertyValueSpecification\",\"valueRequired\":true,\"valueName\":\"search_term_string\"}}],\"inLanguage\":\"de\"},{\"@type\":\"Organization\",\"@id\":\"https:\/\/degrados.es\/de\/#organization\",\"name\":\"DeGrados\",\"url\":\"https:\/\/degrados.es\/de\/\",\"logo\":{\"@type\":\"ImageObject\",\"inLanguage\":\"de\",\"@id\":\"https:\/\/degrados.es\/de\/#\/schema\/logo\/image\/\",\"url\":\"https:\/\/degrados.es\/wp-content\/uploads\/2021\/02\/Logo-degrados.png\",\"contentUrl\":\"https:\/\/degrados.es\/wp-content\/uploads\/2021\/02\/Logo-degrados.png\",\"width\":350,\"height\":86,\"caption\":\"DeGrados\"},\"image\":{\"@id\":\"https:\/\/degrados.es\/de\/#\/schema\/logo\/image\/\"}}]}<\/script>\n<!-- \/ Yoast SEO plugin. -->","yoast_head_json":{"title":"Erdbeer-Sahne-Lik\u00f6r mit Tequila kaufen - Licorer\u00eda Degrados","description":"Entdecken Sie den Erdbeer-Sahne-Lik\u00f6r mit Tequila. Kaufen Sie einen exklusiven Tequila-Lik\u00f6r mit Erdbeere bei Licorer\u00eda Online. Abgebaut.","robots":{"index":"index","follow":"follow","max-snippet":"max-snippet:-1","max-image-preview":"max-image-preview:large","max-video-preview":"max-video-preview:-1"},"canonical":"https:\/\/degrados.es\/de\/producto\/erdbeer-sahne-likoer\/","og_locale":"de_DE","og_type":"article","og_title":"Erdbeer-Sahne-Lik\u00f6r mit Tequila kaufen - Licorer\u00eda Degrados","og_description":"Entdecken Sie den Erdbeer-Sahne-Lik\u00f6r mit Tequila. Kaufen Sie einen exklusiven Tequila-Lik\u00f6r mit Erdbeere bei Licorer\u00eda Online. Abgebaut.","og_url":"https:\/\/degrados.es\/de\/producto\/erdbeer-sahne-likoer\/","og_site_name":"Online Spirituosengesch\u00e4ft","article_modified_time":"2023-12-19T12:03:45+00:00","og_image":[{"width":430,"height":430,"url":"https:\/\/degrados.es\/wp-content\/uploads\/2022\/02\/Licor-crema-fresas-agave.webp","type":"image\/webp"}],"twitter_card":"summary_large_image","schema":{"@context":"https:\/\/schema.org","@graph":[{"@type":"WebPage","@id":"https:\/\/degrados.es\/de\/producto\/erdbeer-sahne-likoer\/","url":"https:\/\/degrados.es\/de\/producto\/erdbeer-sahne-likoer\/","name":"Erdbeer-Sahne-Lik\u00f6r mit Tequila kaufen - Licorer\u00eda Degrados","isPartOf":{"@id":"https:\/\/degrados.es\/de\/#website"},"primaryImageOfPage":{"@id":"https:\/\/degrados.es\/de\/producto\/erdbeer-sahne-likoer\/#primaryimage"},"image":{"@id":"https:\/\/degrados.es\/de\/producto\/erdbeer-sahne-likoer\/#primaryimage"},"thumbnailUrl":"https:\/\/degrados.es\/wp-content\/uploads\/2022\/02\/Licor-de-crema-de-fresas-1.webp","datePublished":"2022-02-23T20:45:49+00:00","dateModified":"2023-12-19T12:03:45+00:00","description":"Entdecken Sie den Erdbeer-Sahne-Lik\u00f6r mit Tequila. Kaufen Sie einen exklusiven Tequila-Lik\u00f6r mit Erdbeere bei Licorer\u00eda Online. Abgebaut.","breadcrumb":{"@id":"https:\/\/degrados.es\/de\/producto\/erdbeer-sahne-likoer\/#breadcrumb"},"inLanguage":"de","potentialAction":[{"@type":"ReadAction","target":["https:\/\/degrados.es\/de\/producto\/erdbeer-sahne-likoer\/"]}]},{"@type":"ImageObject","inLanguage":"de","@id":"https:\/\/degrados.es\/de\/producto\/erdbeer-sahne-likoer\/#primaryimage","url":"https:\/\/degrados.es\/wp-content\/uploads\/2022\/02\/Licor-de-crema-de-fresas-1.webp","contentUrl":"https:\/\/degrados.es\/wp-content\/uploads\/2022\/02\/Licor-de-crema-de-fresas-1.webp","width":1000,"height":1000,"caption":"Licor de crema de fresas"},{"@type":"BreadcrumbList","@id":"https:\/\/degrados.es\/de\/producto\/erdbeer-sahne-likoer\/#breadcrumb","itemListElement":[{"@type":"ListItem","position":1,"name":"Home","item":"https:\/\/degrados.es\/de\/startseite\/"},{"@type":"ListItem","position":2,"name":"Shop","item":"https:\/\/degrados.es\/de\/?page_id=2821"},{"@type":"ListItem","position":3,"name":"Erdbeer-Sahne-Lik\u00f6r"}]},{"@type":"WebSite","@id":"https:\/\/degrados.es\/de\/#website","url":"https:\/\/degrados.es\/de\/","name":"Online Spirituosengesch\u00e4ft","description":"Spirituosen online kaufen","publisher":{"@id":"https:\/\/degrados.es\/de\/#organization"},"potentialAction":[{"@type":"SearchAction","target":{"@type":"EntryPoint","urlTemplate":"https:\/\/degrados.es\/de\/?s={search_term_string}"},"query-input":{"@type":"PropertyValueSpecification","valueRequired":true,"valueName":"search_term_string"}}],"inLanguage":"de"},{"@type":"Organization","@id":"https:\/\/degrados.es\/de\/#organization","name":"DeGrados","url":"https:\/\/degrados.es\/de\/","logo":{"@type":"ImageObject","inLanguage":"de","@id":"https:\/\/degrados.es\/de\/#\/schema\/logo\/image\/","url":"https:\/\/degrados.es\/wp-content\/uploads\/2021\/02\/Logo-degrados.png","contentUrl":"https:\/\/degrados.es\/wp-content\/uploads\/2021\/02\/Logo-degrados.png","width":350,"height":86,"caption":"DeGrados"},"image":{"@id":"https:\/\/degrados.es\/de\/#\/schema\/logo\/image\/"}}]}},"_links":{"self":[{"href":"https:\/\/degrados.es\/de\/wp-json\/wp\/v2\/product\/2778","targetHints":{"allow":["GET"]}}],"collection":[{"href":"https:\/\/degrados.es\/de\/wp-json\/wp\/v2\/product"}],"about":[{"href":"https:\/\/degrados.es\/de\/wp-json\/wp\/v2\/types\/product"}],"replies":[{"embeddable":true,"href":"https:\/\/degrados.es\/de\/wp-json\/wp\/v2\/comments?post=2778"}],"wp:featuredmedia":[{"embeddable":true,"href":"https:\/\/degrados.es\/de\/wp-json\/wp\/v2\/media\/3924"}],"wp:attachment":[{"href":"https:\/\/degrados.es\/de\/wp-json\/wp\/v2\/media?parent=2778"}],"wp:term":[{"taxonomy":"product_cat","embeddable":true,"href":"https:\/\/degrados.es\/de\/wp-json\/wp\/v2\/product_cat?post=2778"},{"taxonomy":"product_tag","embeddable":true,"href":"https:\/\/degrados.es\/de\/wp-json\/wp\/v2\/product_tag?post=2778"}],"curies":[{"name":"wp","href":"https:\/\/api.w.org\/{rel}","templated":true}]}}