{"id":2780,"date":"2021-02-23T21:21:59","date_gmt":"2021-02-23T20:21:59","guid":{"rendered":"https:\/\/degrados.es\/producto\/kraeuterlikoer-geruch-berg-70-cl\/"},"modified":"2023-12-19T13:03:45","modified_gmt":"2023-12-19T12:03:45","slug":"kraeuterlikoer-geruch-berg-70-cl","status":"publish","type":"product","link":"https:\/\/degrados.es\/de\/producto\/kraeuterlikoer-geruch-berg-70-cl\/","title":{"rendered":"Kr\u00e4uterlik\u00f6r Geruch Berg 70 cl"},"content":{"rendered":"<p>Geruch Berg ist der Lik\u00f6r, der Ihnen eine exquisite Sinfonie von speziell ausgew\u00e4hlten Kr\u00e4utern bietet. Der langsame und sorgf\u00e4ltige Mazerationsprozess verleiht dem Geruch Berg seine hervorragenden und einzigartigen Eigenschaften, die ihm einen sehr charakteristischen Geschmack verleihen.<\/p>\n<p>Lakritze, Anis, Ingwer oder Wacholderbeeren sind einige der Zutaten, die f\u00fcr dieses intensive und fantastische Getr\u00e4nk verwendet werden.<\/p>\n<p>Dieser exquisite Lik\u00f6r enth\u00e4lt eine gro\u00dfe Vielfalt an Kr\u00e4utern. Eines ihrer gr\u00f6\u00dften Geheimnisse ist, dass der Boden, das Klima und das Wasser ihres Herkunftsortes einen enormen Einfluss auf ihren Geschmack haben. Diese Eigenschaften sind wesentlich, um unserem Produkt Geruch Berg einen einzigartigen Charakter zu verleihen, den andere Kr\u00e4uterlik\u00f6re nicht bieten k\u00f6nnen.<\/p>\n<p>Geruch Berg wird empfohlen, sehr kalt zu trinken, es ist ideal f\u00fcr viele Gelegenheiten, entweder nach dem Essen oder als Getr\u00e4nk, und Sie k\u00f6nnen es trinken, wie Sie wollen, einen sehr kalten Schuss oder ein Glas mit Eis.<\/p>\n<p>Wie gezeigt, geht der Geruch Berg weit \u00fcber seine Verwendung zum reinen Vergn\u00fcgen hinaus. Er ist in der Lage, Ihren Gaumen zu befriedigen und Sie mit seiner Harmonie von Kr\u00e4utergeschmack und -aromen zu \u00fcberraschen.<\/p>\n","protected":false},"excerpt":{"rendered":"<p>Geruch Berg ist ein k\u00f6stlicher Lik\u00f6r, der aus verschiedenen Kr\u00e4utern wie S\u00fc\u00dfholz, Anis, Ingwer und Wacholderbeeren hergestellt wird, die ihm ein sehr originelles Aroma und einen besonderen Geschmack verleihen. Geruch Berg sollte sehr kalt getrunken werden.<br \/>\n<strong>Schulabschluss: 35% Schulabschluss: 35% Schulabschluss: 35<\/strong><\/p>\n","protected":false},"featured_media":3840,"comment_status":"open","ping_status":"closed","template":"","meta":{"inline_featured_image":false},"product_cat":[530],"product_tag":[628,531],"class_list":{"0":"post-2780","1":"product","2":"type-product","3":"status-publish","4":"has-post-thumbnail","6":"product_cat-spirituosen","7":"product_tag-krauter","8":"product_tag-spirituosen","10":"first","11":"instock","12":"sale","13":"taxable","14":"shipping-taxable","15":"purchasable","16":"product-type-simple"},"yoast_head":"<!-- This site is optimized with the Yoast SEO plugin v27.4 - https:\/\/yoast.com\/product\/yoast-seo-wordpress\/ -->\n<title>Kr\u00e4uterlik\u00f6r kaufen % -% % %<\/title>\n<meta name=\"description\" content=\"% kaufen - Spirituosen &amp; Getr\u00e4nke Shop Online. Handgefertigte Lik\u00f6re. Online Spirituosengesch\u00e4ft. Spanische Lik\u00f6re.\" \/>\n<meta name=\"robots\" content=\"index, follow, max-snippet:-1, max-image-preview:large, max-video-preview:-1\" \/>\n<link rel=\"canonical\" href=\"https:\/\/degrados.es\/de\/?post_type=product&p=2780\" \/>\n<meta property=\"og:locale\" content=\"de_DE\" \/>\n<meta property=\"og:type\" content=\"article\" \/>\n<meta property=\"og:title\" content=\"Kr\u00e4uterlik\u00f6r kaufen % -% % %\" \/>\n<meta property=\"og:description\" content=\"% kaufen - Spirituosen &amp; Getr\u00e4nke Shop Online. Handgefertigte Lik\u00f6re. Online Spirituosengesch\u00e4ft. Spanische Lik\u00f6re.\" \/>\n<meta property=\"og:url\" content=\"https:\/\/degrados.es\/de\/?post_type=product&amp;p=2780\" \/>\n<meta property=\"og:site_name\" content=\"Online Spirituosengesch\u00e4ft\" \/>\n<meta property=\"article:modified_time\" content=\"2023-12-19T12:03:45+00:00\" \/>\n<meta property=\"og:image\" content=\"https:\/\/degrados.es\/wp-content\/uploads\/2021\/02\/licor-de-hierbas-geruch-berg.jpg\" \/>\n\t<meta property=\"og:image:width\" content=\"430\" \/>\n\t<meta property=\"og:image:height\" content=\"430\" \/>\n\t<meta property=\"og:image:type\" content=\"image\/jpeg\" \/>\n<meta name=\"twitter:card\" content=\"summary_large_image\" \/>\n<meta name=\"twitter:label1\" content=\"Preis\" \/>\n\t<meta name=\"twitter:data1\" content=\"15,58&euro; IVA Incluido\" \/>\n\t<meta name=\"twitter:label2\" content=\"Verf\u00fcgbarkeit\" \/>\n\t<meta name=\"twitter:data2\" content=\"Auf Lager\" \/>\n<script type=\"application\/ld+json\" class=\"yoast-schema-graph\">{\"@context\":\"https:\\\/\\\/schema.org\",\"@graph\":[{\"@type\":\"WebPage\",\"@id\":\"https:\\\/\\\/degrados.es\\\/de\\\/?post_type=product&p=2780\",\"url\":\"https:\\\/\\\/degrados.es\\\/de\\\/?post_type=product&p=2780\",\"name\":\"Kr\u00e4uterlik\u00f6r kaufen % -% % %\",\"isPartOf\":{\"@id\":\"https:\\\/\\\/degrados.es\\\/#website\"},\"primaryImageOfPage\":{\"@id\":\"https:\\\/\\\/degrados.es\\\/de\\\/?post_type=product&p=2780#primaryimage\"},\"image\":{\"@id\":\"https:\\\/\\\/degrados.es\\\/de\\\/?post_type=product&p=2780#primaryimage\"},\"thumbnailUrl\":\"https:\\\/\\\/degrados.es\\\/wp-content\\\/uploads\\\/2021\\\/02\\\/Licor-de-hierbas-Geruch-Berg.webp\",\"datePublished\":\"2021-02-23T20:21:59+00:00\",\"dateModified\":\"2023-12-19T12:03:45+00:00\",\"description\":\"% kaufen - Spirituosen & Getr\u00e4nke Shop Online. Handgefertigte Lik\u00f6re. Online Spirituosengesch\u00e4ft. Spanische Lik\u00f6re.\",\"breadcrumb\":{\"@id\":\"https:\\\/\\\/degrados.es\\\/de\\\/?post_type=product&p=2780#breadcrumb\"},\"inLanguage\":\"de\",\"potentialAction\":[{\"@type\":\"ReadAction\",\"target\":[\"https:\\\/\\\/degrados.es\\\/de\\\/?post_type=product&p=2780\"]}]},{\"@type\":\"ImageObject\",\"inLanguage\":\"de\",\"@id\":\"https:\\\/\\\/degrados.es\\\/de\\\/?post_type=product&p=2780#primaryimage\",\"url\":\"https:\\\/\\\/degrados.es\\\/wp-content\\\/uploads\\\/2021\\\/02\\\/Licor-de-hierbas-Geruch-Berg.webp\",\"contentUrl\":\"https:\\\/\\\/degrados.es\\\/wp-content\\\/uploads\\\/2021\\\/02\\\/Licor-de-hierbas-Geruch-Berg.webp\",\"width\":1000,\"height\":1000,\"caption\":\"Licor de hierbas Geruch Berg 70 cl\"},{\"@type\":\"BreadcrumbList\",\"@id\":\"https:\\\/\\\/degrados.es\\\/de\\\/?post_type=product&p=2780#breadcrumb\",\"itemListElement\":[{\"@type\":\"ListItem\",\"position\":1,\"name\":\"Home\",\"item\":\"https:\\\/\\\/degrados.es\\\/de\\\/startseite\\\/\"},{\"@type\":\"ListItem\",\"position\":2,\"name\":\"Shop\",\"item\":\"https:\\\/\\\/degrados.es\\\/de\\\/?page_id=2821\"},{\"@type\":\"ListItem\",\"position\":3,\"name\":\"Kr\u00e4uterlik\u00f6r Geruch Berg 70 cl\"}]},{\"@type\":\"WebSite\",\"@id\":\"https:\\\/\\\/degrados.es\\\/#website\",\"url\":\"https:\\\/\\\/degrados.es\\\/\",\"name\":\"Degrados\",\"description\":\"Spirituosen online kaufen\",\"publisher\":{\"@id\":\"https:\\\/\\\/degrados.es\\\/#organization\"},\"alternateName\":\"Licorer\u00eda online\",\"potentialAction\":[{\"@type\":\"SearchAction\",\"target\":{\"@type\":\"EntryPoint\",\"urlTemplate\":\"https:\\\/\\\/degrados.es\\\/?s={search_term_string}\"},\"query-input\":{\"@type\":\"PropertyValueSpecification\",\"valueRequired\":true,\"valueName\":\"search_term_string\"}}],\"inLanguage\":\"de\"},{\"@type\":\"Organization\",\"@id\":\"https:\\\/\\\/degrados.es\\\/#organization\",\"name\":\"DeGrados\",\"url\":\"https:\\\/\\\/degrados.es\\\/\",\"logo\":{\"@type\":\"ImageObject\",\"inLanguage\":\"de\",\"@id\":\"https:\\\/\\\/degrados.es\\\/#\\\/schema\\\/logo\\\/image\\\/\",\"url\":\"https:\\\/\\\/degrados.es\\\/wp-content\\\/uploads\\\/2021\\\/02\\\/Logo-degrados.png\",\"contentUrl\":\"https:\\\/\\\/degrados.es\\\/wp-content\\\/uploads\\\/2021\\\/02\\\/Logo-degrados.png\",\"width\":350,\"height\":86,\"caption\":\"DeGrados\"},\"image\":{\"@id\":\"https:\\\/\\\/degrados.es\\\/#\\\/schema\\\/logo\\\/image\\\/\"}}]}<\/script>\n<meta property=\"product:price:amount\" content=\"15.58\" \/>\n<meta property=\"product:price:currency\" content=\"EUR\" \/>\n<meta property=\"og:availability\" content=\"instock\" \/>\n<meta property=\"product:availability\" content=\"instock\" \/>\n<meta property=\"product:retailer_item_id\" content=\"D1G12\" \/>\n<meta property=\"product:condition\" content=\"new\" \/>\n<!-- \/ Yoast SEO plugin. -->","yoast_head_json":{"title":"Kr\u00e4uterlik\u00f6r kaufen % -% % %","description":"% kaufen - Spirituosen & Getr\u00e4nke Shop Online. Handgefertigte Lik\u00f6re. Online Spirituosengesch\u00e4ft. Spanische Lik\u00f6re.","robots":{"index":"index","follow":"follow","max-snippet":"max-snippet:-1","max-image-preview":"max-image-preview:large","max-video-preview":"max-video-preview:-1"},"canonical":"https:\/\/degrados.es\/de\/?post_type=product&p=2780","og_locale":"de_DE","og_type":"article","og_title":"Kr\u00e4uterlik\u00f6r kaufen % -% % %","og_description":"% kaufen - Spirituosen & Getr\u00e4nke Shop Online. Handgefertigte Lik\u00f6re. Online Spirituosengesch\u00e4ft. Spanische Lik\u00f6re.","og_url":"https:\/\/degrados.es\/de\/?post_type=product&p=2780","og_site_name":"Online Spirituosengesch\u00e4ft","article_modified_time":"2023-12-19T12:03:45+00:00","og_image":[{"width":430,"height":430,"url":"https:\/\/degrados.es\/wp-content\/uploads\/2021\/02\/licor-de-hierbas-geruch-berg.jpg","type":"image\/jpeg"}],"twitter_card":"summary_large_image","twitter_misc":{"Preis":"15,58&euro; IVA Incluido","Verf\u00fcgbarkeit":"Auf Lager"},"schema":{"@context":"https:\/\/schema.org","@graph":[{"@type":"WebPage","@id":"https:\/\/degrados.es\/de\/?post_type=product&p=2780","url":"https:\/\/degrados.es\/de\/?post_type=product&p=2780","name":"Kr\u00e4uterlik\u00f6r kaufen % -% % %","isPartOf":{"@id":"https:\/\/degrados.es\/#website"},"primaryImageOfPage":{"@id":"https:\/\/degrados.es\/de\/?post_type=product&p=2780#primaryimage"},"image":{"@id":"https:\/\/degrados.es\/de\/?post_type=product&p=2780#primaryimage"},"thumbnailUrl":"https:\/\/degrados.es\/wp-content\/uploads\/2021\/02\/Licor-de-hierbas-Geruch-Berg.webp","datePublished":"2021-02-23T20:21:59+00:00","dateModified":"2023-12-19T12:03:45+00:00","description":"% kaufen - Spirituosen & Getr\u00e4nke Shop Online. Handgefertigte Lik\u00f6re. Online Spirituosengesch\u00e4ft. Spanische Lik\u00f6re.","breadcrumb":{"@id":"https:\/\/degrados.es\/de\/?post_type=product&p=2780#breadcrumb"},"inLanguage":"de","potentialAction":[{"@type":"ReadAction","target":["https:\/\/degrados.es\/de\/?post_type=product&p=2780"]}]},{"@type":"ImageObject","inLanguage":"de","@id":"https:\/\/degrados.es\/de\/?post_type=product&p=2780#primaryimage","url":"https:\/\/degrados.es\/wp-content\/uploads\/2021\/02\/Licor-de-hierbas-Geruch-Berg.webp","contentUrl":"https:\/\/degrados.es\/wp-content\/uploads\/2021\/02\/Licor-de-hierbas-Geruch-Berg.webp","width":1000,"height":1000,"caption":"Licor de hierbas Geruch Berg 70 cl"},{"@type":"BreadcrumbList","@id":"https:\/\/degrados.es\/de\/?post_type=product&p=2780#breadcrumb","itemListElement":[{"@type":"ListItem","position":1,"name":"Home","item":"https:\/\/degrados.es\/de\/startseite\/"},{"@type":"ListItem","position":2,"name":"Shop","item":"https:\/\/degrados.es\/de\/?page_id=2821"},{"@type":"ListItem","position":3,"name":"Kr\u00e4uterlik\u00f6r Geruch Berg 70 cl"}]},{"@type":"WebSite","@id":"https:\/\/degrados.es\/#website","url":"https:\/\/degrados.es\/","name":"Degrados","description":"Spirituosen online kaufen","publisher":{"@id":"https:\/\/degrados.es\/#organization"},"alternateName":"Licorer\u00eda online","potentialAction":[{"@type":"SearchAction","target":{"@type":"EntryPoint","urlTemplate":"https:\/\/degrados.es\/?s={search_term_string}"},"query-input":{"@type":"PropertyValueSpecification","valueRequired":true,"valueName":"search_term_string"}}],"inLanguage":"de"},{"@type":"Organization","@id":"https:\/\/degrados.es\/#organization","name":"DeGrados","url":"https:\/\/degrados.es\/","logo":{"@type":"ImageObject","inLanguage":"de","@id":"https:\/\/degrados.es\/#\/schema\/logo\/image\/","url":"https:\/\/degrados.es\/wp-content\/uploads\/2021\/02\/Logo-degrados.png","contentUrl":"https:\/\/degrados.es\/wp-content\/uploads\/2021\/02\/Logo-degrados.png","width":350,"height":86,"caption":"DeGrados"},"image":{"@id":"https:\/\/degrados.es\/#\/schema\/logo\/image\/"}}]},"product_price_amount":"15.58","product_price_currency":"EUR","og_availability":"instock","product_availability":"instock","product_retailer_item_id":"D1G12","product_condition":"new"},"_links":{"self":[{"href":"https:\/\/degrados.es\/de\/wp-json\/wp\/v2\/product\/2780","targetHints":{"allow":["GET"]}}],"collection":[{"href":"https:\/\/degrados.es\/de\/wp-json\/wp\/v2\/product"}],"about":[{"href":"https:\/\/degrados.es\/de\/wp-json\/wp\/v2\/types\/product"}],"replies":[{"embeddable":true,"href":"https:\/\/degrados.es\/de\/wp-json\/wp\/v2\/comments?post=2780"}],"wp:featuredmedia":[{"embeddable":true,"href":"https:\/\/degrados.es\/de\/wp-json\/wp\/v2\/media\/3840"}],"wp:attachment":[{"href":"https:\/\/degrados.es\/de\/wp-json\/wp\/v2\/media?parent=2780"}],"wp:term":[{"taxonomy":"product_cat","embeddable":true,"href":"https:\/\/degrados.es\/de\/wp-json\/wp\/v2\/product_cat?post=2780"},{"taxonomy":"product_tag","embeddable":true,"href":"https:\/\/degrados.es\/de\/wp-json\/wp\/v2\/product_tag?post=2780"}],"curies":[{"name":"wp","href":"https:\/\/api.w.org\/{rel}","templated":true}]}}