{"id":2782,"date":"2021-12-26T09:33:56","date_gmt":"2021-12-26T08:33:56","guid":{"rendered":"https:\/\/degrados.es\/producto\/wein-alicante-gurgu-jove-de-trellat\/"},"modified":"2023-12-19T13:03:45","modified_gmt":"2023-12-19T12:03:45","slug":"wein-alicante-gurgu-jove-de-trellat","status":"publish","type":"product","link":"https:\/\/degrados.es\/de\/producto\/wein-alicante-gurgu-jove-de-trellat\/","title":{"rendered":"Wein Alicante GURGU Jove de trellat"},"content":{"rendered":"<h2>Alicante-Rotwein<\/h2>\n<p>Ein gewagter und mutiger Wein, gut gef\u00fchrt, der auf die Ausarbeitung eines Weines mit K\u00f6rper und Charakter setzt, mit einer Coupage, die relativ typisch f\u00fcr das Gebiet ist, wo der Monstrell von fremden Trauben wie Syrah und Cabernet unterst\u00fctzt wird, um einen Wein zu schaffen, der die Essenz der Weine der Berge von Alicante widerspiegelt. Ein handwerklich hergestellter Wein, der Sie nicht entt\u00e4uschen wird. Er wird aus drei sehr ausgewogenen Rebsorten hergestellt und je nach Sorte und Jahrgang zwischen 4 und 6 Monaten in F\u00e4ssern gelagert. Dieser Wein hat mehrere Preise und Anerkennungen erhalten.<\/p>\n<p>&nbsp;<\/p>\n<h3><strong>Verkostungsnotizen<\/strong><\/h3>\n<p>Johannisbeeren, Erdbeeren, Brombeeren, Balsam, die sich mit den Nuancen der Vanille vermischen.<\/p>\n<p>Schwarzer Wein von granatroter Pflaumenfarbe mit roten und violetten Reflexen.<\/p>\n<p>Am Gaumen ist er etwas frech, aber angenehm, reichhaltig und leicht zu trinken. Es wird Zeit brauchen, um zu vergessen.<\/p>\n<hr>\n<h3><strong>Weinbegleitung<\/strong><\/h3>\n<p>Nudeln, Reis, Pilze, Frischk\u00e4se, G\u00e4nseleber, weiches Fleisch usw.<\/p>\n<p>&nbsp;<\/p>\n<h2>Valencianische Weine<\/h2>\n<p>Arch\u00e4ologische Funde deuten darauf hin, dass die Weinproduktion in Valencia mehr als tausend Jahre zur\u00fcckreicht, aber die Region hat nie einen besonders prominenten Platz auf der Weltkarte des Weins eingenommen. In der modernen \u00c4ra hat sich die valencianische Weinproduktion auf die Spezialisierung von Signaturweinen konzentriert und neue Nuancen erreicht.<\/p>\n<p><strong>Entdecken Sie die Weine von Alicante, Valencia und Castell\u00f3n.<\/strong><\/p>\n<p><a href=\"https:\/\/degrados.es\/vinos-valencianos\/\" target=\"_blank\" rel=\"noopener\">Valencianische Weine<\/a><\/p>\n","protected":false},"excerpt":{"rendered":"<p><em><br \/>\n  <strong>Gurgu Jove de trellat&#8216; , Rotwein aus Monastrell (60%), Cabernet (20%), Syrah (20%).<\/strong><br \/>\n<\/em>Rotwein aus Monastrell (60%), Cabernet (20%), Syrah (20%). 4\/6 Monate lang in franz\u00f6sischen und amerikanischen Eichenf\u00e4ssern gereift.<\/p>\n","protected":false},"featured_media":2530,"comment_status":"open","ping_status":"closed","template":"","meta":{"inline_featured_image":false},"product_cat":[103,910],"product_tag":[418,492,421,417],"class_list":{"0":"post-2782","1":"product","2":"type-product","3":"status-publish","4":"has-post-thumbnail","6":"product_cat-spanish-wine","7":"product_cat-wines","8":"product_tag-alicante-wine","9":"product_tag-gurgu-en","10":"product_tag-red-wine","11":"product_tag-valencian-wines","13":"first","14":"outofstock","15":"sale","16":"taxable","17":"shipping-taxable","18":"purchasable","19":"product-type-simple"},"yoast_head":"<!-- This site is optimized with the Yoast SEO plugin v27.4 - https:\/\/yoast.com\/product\/yoast-seo-wordpress\/ -->\n<title>Comprar Wein Alicante GURGU Jove de trellat - Online Spirituosengesch\u00e4ft<\/title>\n<meta name=\"description\" content=\"Gurgus Jove de trellat, ein Rotwein aus Alicante mit den Rebsorten Cabernet Sauvignon, Monastrell und Syrah. Valencianische Weine online kaufen.\" \/>\n<meta name=\"robots\" content=\"index, follow, max-snippet:-1, max-image-preview:large, max-video-preview:-1\" \/>\n<link rel=\"canonical\" href=\"https:\/\/degrados.es\/de\/?post_type=product&p=2782\" \/>\n<meta property=\"og:locale\" content=\"de_DE\" \/>\n<meta property=\"og:type\" content=\"article\" \/>\n<meta property=\"og:title\" content=\"Comprar Wein Alicante GURGU Jove de trellat - Online Spirituosengesch\u00e4ft\" \/>\n<meta property=\"og:description\" content=\"Gurgus Jove de trellat, ein Rotwein aus Alicante mit den Rebsorten Cabernet Sauvignon, Monastrell und Syrah. Valencianische Weine online kaufen.\" \/>\n<meta property=\"og:url\" content=\"https:\/\/degrados.es\/de\/?post_type=product&amp;p=2782\" \/>\n<meta property=\"og:site_name\" content=\"Online Spirituosengesch\u00e4ft\" \/>\n<meta property=\"article:modified_time\" content=\"2023-12-19T12:03:45+00:00\" \/>\n<meta property=\"og:image\" content=\"https:\/\/degrados.es\/wp-content\/uploads\/2021\/12\/vino-tinto-valenciano-gurgu-jove-trellat.webp\" \/>\n\t<meta property=\"og:image:width\" content=\"800\" \/>\n\t<meta property=\"og:image:height\" content=\"800\" \/>\n\t<meta property=\"og:image:type\" content=\"image\/webp\" \/>\n<meta name=\"twitter:card\" content=\"summary_large_image\" \/>\n<meta name=\"twitter:label1\" content=\"Preis\" \/>\n\t<meta name=\"twitter:data1\" content=\"12,19&euro; IVA Incluido\" \/>\n\t<meta name=\"twitter:label2\" content=\"Verf\u00fcgbarkeit\" \/>\n\t<meta name=\"twitter:data2\" content=\"ausverkauft\" \/>\n<script type=\"application\/ld+json\" class=\"yoast-schema-graph\">{\"@context\":\"https:\\\/\\\/schema.org\",\"@graph\":[{\"@type\":\"WebPage\",\"@id\":\"https:\\\/\\\/degrados.es\\\/de\\\/?post_type=product&p=2782\",\"url\":\"https:\\\/\\\/degrados.es\\\/de\\\/?post_type=product&p=2782\",\"name\":\"Comprar Wein Alicante GURGU Jove de trellat - Online Spirituosengesch\u00e4ft\",\"isPartOf\":{\"@id\":\"https:\\\/\\\/degrados.es\\\/#website\"},\"primaryImageOfPage\":{\"@id\":\"https:\\\/\\\/degrados.es\\\/de\\\/?post_type=product&p=2782#primaryimage\"},\"image\":{\"@id\":\"https:\\\/\\\/degrados.es\\\/de\\\/?post_type=product&p=2782#primaryimage\"},\"thumbnailUrl\":\"https:\\\/\\\/degrados.es\\\/wp-content\\\/uploads\\\/2021\\\/12\\\/vino-tinto-valenciano-gurgu-jove-trellat.webp\",\"datePublished\":\"2021-12-26T08:33:56+00:00\",\"dateModified\":\"2023-12-19T12:03:45+00:00\",\"description\":\"Gurgus Jove de trellat, ein Rotwein aus Alicante mit den Rebsorten Cabernet Sauvignon, Monastrell und Syrah. Valencianische Weine online kaufen.\",\"breadcrumb\":{\"@id\":\"https:\\\/\\\/degrados.es\\\/de\\\/?post_type=product&p=2782#breadcrumb\"},\"inLanguage\":\"de\",\"potentialAction\":[{\"@type\":\"ReadAction\",\"target\":[\"https:\\\/\\\/degrados.es\\\/de\\\/?post_type=product&p=2782\"]}]},{\"@type\":\"ImageObject\",\"inLanguage\":\"de\",\"@id\":\"https:\\\/\\\/degrados.es\\\/de\\\/?post_type=product&p=2782#primaryimage\",\"url\":\"https:\\\/\\\/degrados.es\\\/wp-content\\\/uploads\\\/2021\\\/12\\\/vino-tinto-valenciano-gurgu-jove-trellat.webp\",\"contentUrl\":\"https:\\\/\\\/degrados.es\\\/wp-content\\\/uploads\\\/2021\\\/12\\\/vino-tinto-valenciano-gurgu-jove-trellat.webp\",\"width\":800,\"height\":800,\"caption\":\"Valencianische Rotweine\"},{\"@type\":\"BreadcrumbList\",\"@id\":\"https:\\\/\\\/degrados.es\\\/de\\\/?post_type=product&p=2782#breadcrumb\",\"itemListElement\":[{\"@type\":\"ListItem\",\"position\":1,\"name\":\"Home\",\"item\":\"https:\\\/\\\/degrados.es\\\/de\\\/startseite\\\/\"},{\"@type\":\"ListItem\",\"position\":2,\"name\":\"Shop\",\"item\":\"https:\\\/\\\/degrados.es\\\/de\\\/?page_id=2821\"},{\"@type\":\"ListItem\",\"position\":3,\"name\":\"Wein Alicante GURGU Jove de trellat\"}]},{\"@type\":\"WebSite\",\"@id\":\"https:\\\/\\\/degrados.es\\\/#website\",\"url\":\"https:\\\/\\\/degrados.es\\\/\",\"name\":\"Degrados\",\"description\":\"Spirituosen online kaufen\",\"publisher\":{\"@id\":\"https:\\\/\\\/degrados.es\\\/#organization\"},\"alternateName\":\"Licorer\u00eda online\",\"potentialAction\":[{\"@type\":\"SearchAction\",\"target\":{\"@type\":\"EntryPoint\",\"urlTemplate\":\"https:\\\/\\\/degrados.es\\\/?s={search_term_string}\"},\"query-input\":{\"@type\":\"PropertyValueSpecification\",\"valueRequired\":true,\"valueName\":\"search_term_string\"}}],\"inLanguage\":\"de\"},{\"@type\":\"Organization\",\"@id\":\"https:\\\/\\\/degrados.es\\\/#organization\",\"name\":\"DeGrados\",\"url\":\"https:\\\/\\\/degrados.es\\\/\",\"logo\":{\"@type\":\"ImageObject\",\"inLanguage\":\"de\",\"@id\":\"https:\\\/\\\/degrados.es\\\/#\\\/schema\\\/logo\\\/image\\\/\",\"url\":\"https:\\\/\\\/degrados.es\\\/wp-content\\\/uploads\\\/2021\\\/02\\\/Logo-degrados.png\",\"contentUrl\":\"https:\\\/\\\/degrados.es\\\/wp-content\\\/uploads\\\/2021\\\/02\\\/Logo-degrados.png\",\"width\":350,\"height\":86,\"caption\":\"DeGrados\"},\"image\":{\"@id\":\"https:\\\/\\\/degrados.es\\\/#\\\/schema\\\/logo\\\/image\\\/\"}}]}<\/script>\n<meta property=\"product:price:amount\" content=\"12.19\" \/>\n<meta property=\"product:price:currency\" content=\"EUR\" \/>\n<meta property=\"og:availability\" content=\"out of stock\" \/>\n<meta property=\"product:availability\" content=\"out of stock\" \/>\n<meta property=\"product:retailer_item_id\" content=\"D1G19\" \/>\n<meta property=\"product:condition\" content=\"new\" \/>\n<!-- \/ Yoast SEO plugin. -->","yoast_head_json":{"title":"Comprar Wein Alicante GURGU Jove de trellat - Online Spirituosengesch\u00e4ft","description":"Gurgus Jove de trellat, ein Rotwein aus Alicante mit den Rebsorten Cabernet Sauvignon, Monastrell und Syrah. Valencianische Weine online kaufen.","robots":{"index":"index","follow":"follow","max-snippet":"max-snippet:-1","max-image-preview":"max-image-preview:large","max-video-preview":"max-video-preview:-1"},"canonical":"https:\/\/degrados.es\/de\/?post_type=product&p=2782","og_locale":"de_DE","og_type":"article","og_title":"Comprar Wein Alicante GURGU Jove de trellat - Online Spirituosengesch\u00e4ft","og_description":"Gurgus Jove de trellat, ein Rotwein aus Alicante mit den Rebsorten Cabernet Sauvignon, Monastrell und Syrah. Valencianische Weine online kaufen.","og_url":"https:\/\/degrados.es\/de\/?post_type=product&p=2782","og_site_name":"Online Spirituosengesch\u00e4ft","article_modified_time":"2023-12-19T12:03:45+00:00","og_image":[{"width":800,"height":800,"url":"https:\/\/degrados.es\/wp-content\/uploads\/2021\/12\/vino-tinto-valenciano-gurgu-jove-trellat.webp","type":"image\/webp"}],"twitter_card":"summary_large_image","twitter_misc":{"Preis":"12,19&euro; IVA Incluido","Verf\u00fcgbarkeit":"ausverkauft"},"schema":{"@context":"https:\/\/schema.org","@graph":[{"@type":"WebPage","@id":"https:\/\/degrados.es\/de\/?post_type=product&p=2782","url":"https:\/\/degrados.es\/de\/?post_type=product&p=2782","name":"Comprar Wein Alicante GURGU Jove de trellat - Online Spirituosengesch\u00e4ft","isPartOf":{"@id":"https:\/\/degrados.es\/#website"},"primaryImageOfPage":{"@id":"https:\/\/degrados.es\/de\/?post_type=product&p=2782#primaryimage"},"image":{"@id":"https:\/\/degrados.es\/de\/?post_type=product&p=2782#primaryimage"},"thumbnailUrl":"https:\/\/degrados.es\/wp-content\/uploads\/2021\/12\/vino-tinto-valenciano-gurgu-jove-trellat.webp","datePublished":"2021-12-26T08:33:56+00:00","dateModified":"2023-12-19T12:03:45+00:00","description":"Gurgus Jove de trellat, ein Rotwein aus Alicante mit den Rebsorten Cabernet Sauvignon, Monastrell und Syrah. Valencianische Weine online kaufen.","breadcrumb":{"@id":"https:\/\/degrados.es\/de\/?post_type=product&p=2782#breadcrumb"},"inLanguage":"de","potentialAction":[{"@type":"ReadAction","target":["https:\/\/degrados.es\/de\/?post_type=product&p=2782"]}]},{"@type":"ImageObject","inLanguage":"de","@id":"https:\/\/degrados.es\/de\/?post_type=product&p=2782#primaryimage","url":"https:\/\/degrados.es\/wp-content\/uploads\/2021\/12\/vino-tinto-valenciano-gurgu-jove-trellat.webp","contentUrl":"https:\/\/degrados.es\/wp-content\/uploads\/2021\/12\/vino-tinto-valenciano-gurgu-jove-trellat.webp","width":800,"height":800,"caption":"Valencianische Rotweine"},{"@type":"BreadcrumbList","@id":"https:\/\/degrados.es\/de\/?post_type=product&p=2782#breadcrumb","itemListElement":[{"@type":"ListItem","position":1,"name":"Home","item":"https:\/\/degrados.es\/de\/startseite\/"},{"@type":"ListItem","position":2,"name":"Shop","item":"https:\/\/degrados.es\/de\/?page_id=2821"},{"@type":"ListItem","position":3,"name":"Wein Alicante GURGU Jove de trellat"}]},{"@type":"WebSite","@id":"https:\/\/degrados.es\/#website","url":"https:\/\/degrados.es\/","name":"Degrados","description":"Spirituosen online kaufen","publisher":{"@id":"https:\/\/degrados.es\/#organization"},"alternateName":"Licorer\u00eda online","potentialAction":[{"@type":"SearchAction","target":{"@type":"EntryPoint","urlTemplate":"https:\/\/degrados.es\/?s={search_term_string}"},"query-input":{"@type":"PropertyValueSpecification","valueRequired":true,"valueName":"search_term_string"}}],"inLanguage":"de"},{"@type":"Organization","@id":"https:\/\/degrados.es\/#organization","name":"DeGrados","url":"https:\/\/degrados.es\/","logo":{"@type":"ImageObject","inLanguage":"de","@id":"https:\/\/degrados.es\/#\/schema\/logo\/image\/","url":"https:\/\/degrados.es\/wp-content\/uploads\/2021\/02\/Logo-degrados.png","contentUrl":"https:\/\/degrados.es\/wp-content\/uploads\/2021\/02\/Logo-degrados.png","width":350,"height":86,"caption":"DeGrados"},"image":{"@id":"https:\/\/degrados.es\/#\/schema\/logo\/image\/"}}]},"product_price_amount":"12.19","product_price_currency":"EUR","og_availability":"out of stock","product_availability":"out of stock","product_retailer_item_id":"D1G19","product_condition":"new"},"_links":{"self":[{"href":"https:\/\/degrados.es\/de\/wp-json\/wp\/v2\/product\/2782","targetHints":{"allow":["GET"]}}],"collection":[{"href":"https:\/\/degrados.es\/de\/wp-json\/wp\/v2\/product"}],"about":[{"href":"https:\/\/degrados.es\/de\/wp-json\/wp\/v2\/types\/product"}],"replies":[{"embeddable":true,"href":"https:\/\/degrados.es\/de\/wp-json\/wp\/v2\/comments?post=2782"}],"wp:featuredmedia":[{"embeddable":true,"href":"https:\/\/degrados.es\/de\/wp-json\/wp\/v2\/media\/2530"}],"wp:attachment":[{"href":"https:\/\/degrados.es\/de\/wp-json\/wp\/v2\/media?parent=2782"}],"wp:term":[{"taxonomy":"product_cat","embeddable":true,"href":"https:\/\/degrados.es\/de\/wp-json\/wp\/v2\/product_cat?post=2782"},{"taxonomy":"product_tag","embeddable":true,"href":"https:\/\/degrados.es\/de\/wp-json\/wp\/v2\/product_tag?post=2782"}],"curies":[{"name":"wp","href":"https:\/\/api.w.org\/{rel}","templated":true}]}}