{"id":2783,"date":"2022-02-23T13:01:42","date_gmt":"2022-02-23T12:01:42","guid":{"rendered":"https:\/\/degrados.es\/producto\/islaendischer-orangenwodka\/"},"modified":"2023-12-19T13:03:46","modified_gmt":"2023-12-19T12:03:46","slug":"islaendischer-orangenwodka","status":"publish","type":"product","link":"https:\/\/degrados.es\/de\/producto\/islaendischer-orangenwodka\/","title":{"rendered":"Isl\u00e4ndischer Orangenwodka"},"content":{"rendered":"<p>Es handelt sich um einen sanften Lik\u00f6r aus dem isl\u00e4ndischen Sortiment, der aus dem charakteristischen Wodka der Marke hergestellt wird. Es wird auf besondere Weise kombiniert und hat die aromatische und unverwechselbare Note der Orange. Das Ergebnis ist ein intensiver und k\u00f6stlicher Lik\u00f6r mit dem Geschmack unseres traditionellen isl\u00e4ndischen Wodkas und einer der beliebtesten Fr\u00fcchte.<\/p>\n<p>&nbsp;<\/p>\n<p>Mit seinen exotischen Eigenschaften hat Icelandic Orange Vodka viel zu bieten. Es ist ein sehr geeignetes Destillat, um es pur auf Eis oder gek\u00fchlt als Shot zu trinken. Wir m\u00f6chten eines unserer Rezepte in exklusiven Kombinationen mit Ihnen teilen, damit auch Sie dieses wunderbare Getr\u00e4nk genie\u00dfen k\u00f6nnen. Folgen Sie ihm Schritt f\u00fcr Schritt und werden Sie ein Profi:<\/p>\n<p>Zuallererst, wie immer, viel zersto\u00dfenes Eis. Dann mischen Sie 1 Teil Icelandic Orange Vodka mit \u00bd Teil original Icelandic Vodka. Zum Schluss \u00bc Teil Grenadine-Sirup mit \u00bc Teil Ananassaft und so viel braunem Zucker wie Sie m\u00f6chten hinzuf\u00fcgen.<\/p>\n<p>Probieren Sie es aus, die Zubereitung ist sehr einfach und es ist ein einzigartiger und intensiver Cocktail, der Sie zum Vibrieren bringen wird. Sie erhalten eine perfekte, k\u00f6stliche und \u00fcberraschende Kombination aus 50% s\u00fc\u00df und 50% sauer. Unerreicht!<\/p>\n<p>&nbsp;<\/p>\n<p>Wenn Sie das Abenteuer lieben, Adrenalin durch jede Pore Ihrer Haut pumpen und jeden Moment auf sehr intensive Weise erleben m\u00f6chten, ist Icelandic Orange Vodka zweifellos die perfekte Spirituose f\u00fcr Sie. Dank seines geringen Alkoholgehalts k\u00f6nnen Sie ihn au\u00dferdem nach Belieben und auf vielf\u00e4ltige Weise kombinieren und Ihren Lieblingsdestillaten eine pers\u00f6nliche Note verleihen. Mit Icelandic Orange Vodka erhalten Sie den Geschmack, auf den Sie gewartet haben, und keinen anderen.<\/p>\n","protected":false},"excerpt":{"rendered":"<div class=\"references\"><\/div>\n<div class=\"shortdesc\">\n<p>Icelandic Orange Vodka ist ein sanfter Lik\u00f6r auf der Basis des unverwechselbaren isl\u00e4ndischen Wodkas, kombiniert mit der bekanntesten und aromatischsten Mittelmeerfrucht, der Orange.  <span style=\"font-size: 16px;\">70 cl.<\/span><\/p>\n<\/div>\n","protected":false},"featured_media":2597,"comment_status":"open","ping_status":"closed","template":"","meta":{"inline_featured_image":false},"product_cat":[99,283],"product_tag":[478,284,495],"class_list":{"0":"post-2783","1":"product","2":"type-product","3":"status-publish","4":"has-post-thumbnail","6":"product_cat-distilled-spirits","7":"product_cat-vodka-en","8":"product_tag-icelandic-en","9":"product_tag-vodka-en","10":"product_tag-orange-vodka","12":"first","13":"instock","14":"sale","15":"taxable","16":"shipping-taxable","17":"purchasable","18":"product-type-simple"},"yoast_head":"<!-- This site is optimized with the Yoast SEO plugin v27.4 - https:\/\/yoast.com\/product\/yoast-seo-wordpress\/ -->\n<title>Orange Vodka - Vodka online kaufen - Licorer\u00eda Online Degrados<\/title>\n<meta name=\"description\" content=\"Entdecken Sie Icelandic Orange Vodka, einen Wodka mit Zitrusgeschmack. Kaufen Sie Orange Vodka in unserem spezialisierten Spirituosengesch\u00e4ft im Internet. Abgebaut.\" \/>\n<meta name=\"robots\" content=\"index, follow, max-snippet:-1, max-image-preview:large, max-video-preview:-1\" \/>\n<link rel=\"canonical\" href=\"https:\/\/degrados.es\/de\/?post_type=product&p=2783\" \/>\n<meta property=\"og:locale\" content=\"de_DE\" \/>\n<meta property=\"og:type\" content=\"article\" \/>\n<meta property=\"og:title\" content=\"Orange Vodka - Vodka online kaufen - Licorer\u00eda Online Degrados\" \/>\n<meta property=\"og:description\" content=\"Entdecken Sie Icelandic Orange Vodka, einen Wodka mit Zitrusgeschmack. Kaufen Sie Orange Vodka in unserem spezialisierten Spirituosengesch\u00e4ft im Internet. Abgebaut.\" \/>\n<meta property=\"og:url\" content=\"https:\/\/degrados.es\/de\/?post_type=product&amp;p=2783\" \/>\n<meta property=\"og:site_name\" content=\"Online Spirituosengesch\u00e4ft\" \/>\n<meta property=\"article:modified_time\" content=\"2023-12-19T12:03:46+00:00\" \/>\n<meta property=\"og:image\" content=\"https:\/\/degrados.es\/wp-content\/uploads\/2022\/02\/Vodka-naranja.webp\" \/>\n\t<meta property=\"og:image:width\" content=\"430\" \/>\n\t<meta property=\"og:image:height\" content=\"430\" \/>\n\t<meta property=\"og:image:type\" content=\"image\/webp\" \/>\n<meta name=\"twitter:card\" content=\"summary_large_image\" \/>\n<meta name=\"twitter:label1\" content=\"Preis\" \/>\n\t<meta name=\"twitter:data1\" content=\"14,15&euro; IVA Incluido\" \/>\n\t<meta name=\"twitter:label2\" content=\"Verf\u00fcgbarkeit\" \/>\n\t<meta name=\"twitter:data2\" content=\"Auf Lager\" \/>\n<script type=\"application\/ld+json\" class=\"yoast-schema-graph\">{\"@context\":\"https:\\\/\\\/schema.org\",\"@graph\":[{\"@type\":\"WebPage\",\"@id\":\"https:\\\/\\\/degrados.es\\\/de\\\/?post_type=product&p=2783\",\"url\":\"https:\\\/\\\/degrados.es\\\/de\\\/?post_type=product&p=2783\",\"name\":\"Orange Vodka - Vodka online kaufen - Licorer\u00eda Online Degrados\",\"isPartOf\":{\"@id\":\"https:\\\/\\\/degrados.es\\\/#website\"},\"primaryImageOfPage\":{\"@id\":\"https:\\\/\\\/degrados.es\\\/de\\\/?post_type=product&p=2783#primaryimage\"},\"image\":{\"@id\":\"https:\\\/\\\/degrados.es\\\/de\\\/?post_type=product&p=2783#primaryimage\"},\"thumbnailUrl\":\"https:\\\/\\\/degrados.es\\\/wp-content\\\/uploads\\\/2022\\\/02\\\/Vodka-naranja.webp\",\"datePublished\":\"2022-02-23T12:01:42+00:00\",\"dateModified\":\"2023-12-19T12:03:46+00:00\",\"description\":\"Entdecken Sie Icelandic Orange Vodka, einen Wodka mit Zitrusgeschmack. Kaufen Sie Orange Vodka in unserem spezialisierten Spirituosengesch\u00e4ft im Internet. Abgebaut.\",\"breadcrumb\":{\"@id\":\"https:\\\/\\\/degrados.es\\\/de\\\/?post_type=product&p=2783#breadcrumb\"},\"inLanguage\":\"de\",\"potentialAction\":[{\"@type\":\"ReadAction\",\"target\":[\"https:\\\/\\\/degrados.es\\\/de\\\/?post_type=product&p=2783\"]}]},{\"@type\":\"ImageObject\",\"inLanguage\":\"de\",\"@id\":\"https:\\\/\\\/degrados.es\\\/de\\\/?post_type=product&p=2783#primaryimage\",\"url\":\"https:\\\/\\\/degrados.es\\\/wp-content\\\/uploads\\\/2022\\\/02\\\/Vodka-naranja.webp\",\"contentUrl\":\"https:\\\/\\\/degrados.es\\\/wp-content\\\/uploads\\\/2022\\\/02\\\/Vodka-naranja.webp\",\"width\":430,\"height\":430,\"caption\":\"Wodka Orange kaufen\"},{\"@type\":\"BreadcrumbList\",\"@id\":\"https:\\\/\\\/degrados.es\\\/de\\\/?post_type=product&p=2783#breadcrumb\",\"itemListElement\":[{\"@type\":\"ListItem\",\"position\":1,\"name\":\"Home\",\"item\":\"https:\\\/\\\/degrados.es\\\/de\\\/startseite\\\/\"},{\"@type\":\"ListItem\",\"position\":2,\"name\":\"Shop\",\"item\":\"https:\\\/\\\/degrados.es\\\/de\\\/?page_id=2821\"},{\"@type\":\"ListItem\",\"position\":3,\"name\":\"Isl\u00e4ndischer Orangenwodka\"}]},{\"@type\":\"WebSite\",\"@id\":\"https:\\\/\\\/degrados.es\\\/#website\",\"url\":\"https:\\\/\\\/degrados.es\\\/\",\"name\":\"Degrados\",\"description\":\"Spirituosen online kaufen\",\"publisher\":{\"@id\":\"https:\\\/\\\/degrados.es\\\/#organization\"},\"alternateName\":\"Licorer\u00eda online\",\"potentialAction\":[{\"@type\":\"SearchAction\",\"target\":{\"@type\":\"EntryPoint\",\"urlTemplate\":\"https:\\\/\\\/degrados.es\\\/?s={search_term_string}\"},\"query-input\":{\"@type\":\"PropertyValueSpecification\",\"valueRequired\":true,\"valueName\":\"search_term_string\"}}],\"inLanguage\":\"de\"},{\"@type\":\"Organization\",\"@id\":\"https:\\\/\\\/degrados.es\\\/#organization\",\"name\":\"DeGrados\",\"url\":\"https:\\\/\\\/degrados.es\\\/\",\"logo\":{\"@type\":\"ImageObject\",\"inLanguage\":\"de\",\"@id\":\"https:\\\/\\\/degrados.es\\\/#\\\/schema\\\/logo\\\/image\\\/\",\"url\":\"https:\\\/\\\/degrados.es\\\/wp-content\\\/uploads\\\/2021\\\/02\\\/Logo-degrados.png\",\"contentUrl\":\"https:\\\/\\\/degrados.es\\\/wp-content\\\/uploads\\\/2021\\\/02\\\/Logo-degrados.png\",\"width\":350,\"height\":86,\"caption\":\"DeGrados\"},\"image\":{\"@id\":\"https:\\\/\\\/degrados.es\\\/#\\\/schema\\\/logo\\\/image\\\/\"}}]}<\/script>\n<meta property=\"product:price:amount\" content=\"14.15\" \/>\n<meta property=\"product:price:currency\" content=\"EUR\" \/>\n<meta property=\"og:availability\" content=\"instock\" \/>\n<meta property=\"product:availability\" content=\"instock\" \/>\n<meta property=\"product:retailer_item_id\" content=\"D1G24\" \/>\n<meta property=\"product:condition\" content=\"new\" \/>\n<!-- \/ Yoast SEO plugin. -->","yoast_head_json":{"title":"Orange Vodka - Vodka online kaufen - Licorer\u00eda Online Degrados","description":"Entdecken Sie Icelandic Orange Vodka, einen Wodka mit Zitrusgeschmack. Kaufen Sie Orange Vodka in unserem spezialisierten Spirituosengesch\u00e4ft im Internet. Abgebaut.","robots":{"index":"index","follow":"follow","max-snippet":"max-snippet:-1","max-image-preview":"max-image-preview:large","max-video-preview":"max-video-preview:-1"},"canonical":"https:\/\/degrados.es\/de\/?post_type=product&p=2783","og_locale":"de_DE","og_type":"article","og_title":"Orange Vodka - Vodka online kaufen - Licorer\u00eda Online Degrados","og_description":"Entdecken Sie Icelandic Orange Vodka, einen Wodka mit Zitrusgeschmack. Kaufen Sie Orange Vodka in unserem spezialisierten Spirituosengesch\u00e4ft im Internet. Abgebaut.","og_url":"https:\/\/degrados.es\/de\/?post_type=product&p=2783","og_site_name":"Online Spirituosengesch\u00e4ft","article_modified_time":"2023-12-19T12:03:46+00:00","og_image":[{"width":430,"height":430,"url":"https:\/\/degrados.es\/wp-content\/uploads\/2022\/02\/Vodka-naranja.webp","type":"image\/webp"}],"twitter_card":"summary_large_image","twitter_misc":{"Preis":"14,15&euro; IVA Incluido","Verf\u00fcgbarkeit":"Auf Lager"},"schema":{"@context":"https:\/\/schema.org","@graph":[{"@type":"WebPage","@id":"https:\/\/degrados.es\/de\/?post_type=product&p=2783","url":"https:\/\/degrados.es\/de\/?post_type=product&p=2783","name":"Orange Vodka - Vodka online kaufen - Licorer\u00eda Online Degrados","isPartOf":{"@id":"https:\/\/degrados.es\/#website"},"primaryImageOfPage":{"@id":"https:\/\/degrados.es\/de\/?post_type=product&p=2783#primaryimage"},"image":{"@id":"https:\/\/degrados.es\/de\/?post_type=product&p=2783#primaryimage"},"thumbnailUrl":"https:\/\/degrados.es\/wp-content\/uploads\/2022\/02\/Vodka-naranja.webp","datePublished":"2022-02-23T12:01:42+00:00","dateModified":"2023-12-19T12:03:46+00:00","description":"Entdecken Sie Icelandic Orange Vodka, einen Wodka mit Zitrusgeschmack. Kaufen Sie Orange Vodka in unserem spezialisierten Spirituosengesch\u00e4ft im Internet. Abgebaut.","breadcrumb":{"@id":"https:\/\/degrados.es\/de\/?post_type=product&p=2783#breadcrumb"},"inLanguage":"de","potentialAction":[{"@type":"ReadAction","target":["https:\/\/degrados.es\/de\/?post_type=product&p=2783"]}]},{"@type":"ImageObject","inLanguage":"de","@id":"https:\/\/degrados.es\/de\/?post_type=product&p=2783#primaryimage","url":"https:\/\/degrados.es\/wp-content\/uploads\/2022\/02\/Vodka-naranja.webp","contentUrl":"https:\/\/degrados.es\/wp-content\/uploads\/2022\/02\/Vodka-naranja.webp","width":430,"height":430,"caption":"Wodka Orange kaufen"},{"@type":"BreadcrumbList","@id":"https:\/\/degrados.es\/de\/?post_type=product&p=2783#breadcrumb","itemListElement":[{"@type":"ListItem","position":1,"name":"Home","item":"https:\/\/degrados.es\/de\/startseite\/"},{"@type":"ListItem","position":2,"name":"Shop","item":"https:\/\/degrados.es\/de\/?page_id=2821"},{"@type":"ListItem","position":3,"name":"Isl\u00e4ndischer Orangenwodka"}]},{"@type":"WebSite","@id":"https:\/\/degrados.es\/#website","url":"https:\/\/degrados.es\/","name":"Degrados","description":"Spirituosen online kaufen","publisher":{"@id":"https:\/\/degrados.es\/#organization"},"alternateName":"Licorer\u00eda online","potentialAction":[{"@type":"SearchAction","target":{"@type":"EntryPoint","urlTemplate":"https:\/\/degrados.es\/?s={search_term_string}"},"query-input":{"@type":"PropertyValueSpecification","valueRequired":true,"valueName":"search_term_string"}}],"inLanguage":"de"},{"@type":"Organization","@id":"https:\/\/degrados.es\/#organization","name":"DeGrados","url":"https:\/\/degrados.es\/","logo":{"@type":"ImageObject","inLanguage":"de","@id":"https:\/\/degrados.es\/#\/schema\/logo\/image\/","url":"https:\/\/degrados.es\/wp-content\/uploads\/2021\/02\/Logo-degrados.png","contentUrl":"https:\/\/degrados.es\/wp-content\/uploads\/2021\/02\/Logo-degrados.png","width":350,"height":86,"caption":"DeGrados"},"image":{"@id":"https:\/\/degrados.es\/#\/schema\/logo\/image\/"}}]},"product_price_amount":"14.15","product_price_currency":"EUR","og_availability":"instock","product_availability":"instock","product_retailer_item_id":"D1G24","product_condition":"new"},"_links":{"self":[{"href":"https:\/\/degrados.es\/de\/wp-json\/wp\/v2\/product\/2783","targetHints":{"allow":["GET"]}}],"collection":[{"href":"https:\/\/degrados.es\/de\/wp-json\/wp\/v2\/product"}],"about":[{"href":"https:\/\/degrados.es\/de\/wp-json\/wp\/v2\/types\/product"}],"replies":[{"embeddable":true,"href":"https:\/\/degrados.es\/de\/wp-json\/wp\/v2\/comments?post=2783"}],"wp:featuredmedia":[{"embeddable":true,"href":"https:\/\/degrados.es\/de\/wp-json\/wp\/v2\/media\/2597"}],"wp:attachment":[{"href":"https:\/\/degrados.es\/de\/wp-json\/wp\/v2\/media?parent=2783"}],"wp:term":[{"taxonomy":"product_cat","embeddable":true,"href":"https:\/\/degrados.es\/de\/wp-json\/wp\/v2\/product_cat?post=2783"},{"taxonomy":"product_tag","embeddable":true,"href":"https:\/\/degrados.es\/de\/wp-json\/wp\/v2\/product_tag?post=2783"}],"curies":[{"name":"wp","href":"https:\/\/api.w.org\/{rel}","templated":true}]}}