{"id":2787,"date":"2021-05-01T18:21:49","date_gmt":"2021-05-01T16:21:49","guid":{"rendered":"https:\/\/degrados.es\/producto\/moscatel-mistela-cims-del-mediterrani-75-cl\/"},"modified":"2023-12-19T13:03:47","modified_gmt":"2023-12-19T12:03:47","slug":"moscatel-mistela-cims-del-mediterrani-75-cl","status":"publish","type":"product","link":"https:\/\/degrados.es\/de\/producto\/moscatel-mistela-cims-del-mediterrani-75-cl\/","title":{"rendered":"Moscatel Mistela &#8211; Cims del Mediterrani 75 cl"},"content":{"rendered":"<div id=\"description\" class=\"tab-pane fade in active\">\n<div class=\"row\">\n<div class=\"col-md-12\">\n<p>Cims del Mediterrani ist ein Muskatellerlik\u00f6rwein, allgemein bekannt als Mistela, hergestellt aus Teulada-Muskateller DOP Alicante. Er zeichnet sich durch die gr\u00f6\u00dfere F\u00fclle, Konsistenz und Intensit\u00e4t eines allgemeinen Jahrgangs aus. Es ist die Qualit\u00e4t, an der wir seit unseren Anf\u00e4ngen gearbeitet haben, und es ist die Mistela, die Anerkennung gefunden hat. Sie wird derzeit von Fachleuten mit anerkanntem internationalem Prestige als eine der besten Misteln der Welt gesch\u00e4tzt.<\/p>\n<p>&#8211; Fassungsverm\u00f6gen: 75cl<\/p>\n<p>Produziert von: Bodegas Antonio Llobell Cardona (Teulada)<\/p>\n<\/div>\n<\/div>\n<\/div>\n","protected":false},"excerpt":{"rendered":"<div id=\"description\" class=\"tab-pane fade in active\">\n<div class=\"row\">\n<div class=\"col-md-12\">\n<p>Cims del Mediterrani ist ein Muskatellerlik\u00f6rwein, allgemein bekannt als Mistela, hergestellt aus Teulada-Muskateller DOP Alicante. Er zeichnet sich durch die gr\u00f6\u00dfere F\u00fclle, Konsistenz und Intensit\u00e4t eines allgemeinen Jahrgangs aus. Es ist die Qualit\u00e4t, an der wir seit unseren Anf\u00e4ngen gearbeitet haben, und es ist die Mistela, die Anerkennung gefunden hat. Sie wird derzeit von Fachleuten mit anerkanntem internationalem Prestige als eine der besten Misteln der Welt gesch\u00e4tzt.<\/p>\n<p>&#8211; Fassungsverm\u00f6gen: 75cl<\/p>\n<p>Produziert von: Bodegas Antonio Llobell Cardona (Teulada)<\/p>\n<\/div>\n<\/div>\n<\/div>\n","protected":false},"featured_media":2493,"comment_status":"open","ping_status":"closed","template":"","meta":{"inline_featured_image":false},"product_cat":[105,100],"product_tag":[430,494,493],"class_list":{"0":"post-2787","1":"product","2":"type-product","3":"status-publish","4":"has-post-thumbnail","6":"product_cat-herbal-liqueur","7":"product_cat-liqueurs","8":"product_tag-mistela-en","9":"product_tag-muscatel","10":"product_tag-teulada-en","12":"first","13":"instock","14":"sale","15":"taxable","16":"shipping-taxable","17":"purchasable","18":"product-type-simple"},"yoast_head":"<!-- This site is optimized with the Yoast SEO plugin v27.4 - https:\/\/yoast.com\/product\/yoast-seo-wordpress\/ -->\n<title>Muscatel Mistela kaufen: La Mistela de Teulada - Spirituosengesch\u00e4ft<\/title>\n<meta name=\"description\" content=\"Mistela Muskateller von Teulada Cims del Mediterrania online kaufen. Mistela de Alicante von Antonio Llobell. Online Spirituosengesch\u00e4ft.\" \/>\n<meta name=\"robots\" content=\"index, follow, max-snippet:-1, max-image-preview:large, max-video-preview:-1\" \/>\n<link rel=\"canonical\" href=\"https:\/\/degrados.es\/de\/producto\/moscatel-mistela-cims-del-mediterrani-75-cl\/\" \/>\n<meta property=\"og:locale\" content=\"de_DE\" \/>\n<meta property=\"og:type\" content=\"article\" \/>\n<meta property=\"og:title\" content=\"Muscatel Mistela kaufen: La Mistela de Teulada - Spirituosengesch\u00e4ft\" \/>\n<meta property=\"og:description\" content=\"Mistela Muskateller von Teulada Cims del Mediterrania online kaufen. Mistela de Alicante von Antonio Llobell. Online Spirituosengesch\u00e4ft.\" \/>\n<meta property=\"og:url\" content=\"https:\/\/degrados.es\/de\/producto\/moscatel-mistela-cims-del-mediterrani-75-cl\/\" \/>\n<meta property=\"og:site_name\" content=\"Online Spirituosengesch\u00e4ft\" \/>\n<meta property=\"article:modified_time\" content=\"2023-12-19T12:03:47+00:00\" \/>\n<meta property=\"og:image\" content=\"https:\/\/degrados.es\/wp-content\/uploads\/2021\/05\/mistela-moscatel-teulada-cims.jpg\" \/>\n\t<meta property=\"og:image:width\" content=\"688\" \/>\n\t<meta property=\"og:image:height\" content=\"688\" \/>\n\t<meta property=\"og:image:type\" content=\"image\/jpeg\" \/>\n<meta name=\"twitter:card\" content=\"summary_large_image\" \/>\n<meta name=\"twitter:label1\" content=\"Preis\" \/>\n\t<meta name=\"twitter:data1\" content=\"6,55&euro; IVA Incluido\" \/>\n\t<meta name=\"twitter:label2\" content=\"Verf\u00fcgbarkeit\" \/>\n\t<meta name=\"twitter:data2\" content=\"Auf Lager\" \/>\n<script type=\"application\/ld+json\" class=\"yoast-schema-graph\">{\"@context\":\"https:\\\/\\\/schema.org\",\"@graph\":[{\"@type\":\"WebPage\",\"@id\":\"https:\\\/\\\/degrados.es\\\/de\\\/producto\\\/moscatel-mistela-cims-del-mediterrani-75-cl\\\/\",\"url\":\"https:\\\/\\\/degrados.es\\\/de\\\/producto\\\/moscatel-mistela-cims-del-mediterrani-75-cl\\\/\",\"name\":\"Muscatel Mistela kaufen: La Mistela de Teulada - Spirituosengesch\u00e4ft\",\"isPartOf\":{\"@id\":\"https:\\\/\\\/degrados.es\\\/#website\"},\"primaryImageOfPage\":{\"@id\":\"https:\\\/\\\/degrados.es\\\/de\\\/producto\\\/moscatel-mistela-cims-del-mediterrani-75-cl\\\/#primaryimage\"},\"image\":{\"@id\":\"https:\\\/\\\/degrados.es\\\/de\\\/producto\\\/moscatel-mistela-cims-del-mediterrani-75-cl\\\/#primaryimage\"},\"thumbnailUrl\":\"https:\\\/\\\/degrados.es\\\/wp-content\\\/uploads\\\/2021\\\/05\\\/mistela-moscatel-teulada-cims.jpg\",\"datePublished\":\"2021-05-01T16:21:49+00:00\",\"dateModified\":\"2023-12-19T12:03:47+00:00\",\"description\":\"Mistela Muskateller von Teulada Cims del Mediterrania online kaufen. Mistela de Alicante von Antonio Llobell. Online Spirituosengesch\u00e4ft.\",\"breadcrumb\":{\"@id\":\"https:\\\/\\\/degrados.es\\\/de\\\/producto\\\/moscatel-mistela-cims-del-mediterrani-75-cl\\\/#breadcrumb\"},\"inLanguage\":\"de\",\"potentialAction\":[{\"@type\":\"ReadAction\",\"target\":[\"https:\\\/\\\/degrados.es\\\/de\\\/producto\\\/moscatel-mistela-cims-del-mediterrani-75-cl\\\/\"]}]},{\"@type\":\"ImageObject\",\"inLanguage\":\"de\",\"@id\":\"https:\\\/\\\/degrados.es\\\/de\\\/producto\\\/moscatel-mistela-cims-del-mediterrani-75-cl\\\/#primaryimage\",\"url\":\"https:\\\/\\\/degrados.es\\\/wp-content\\\/uploads\\\/2021\\\/05\\\/mistela-moscatel-teulada-cims.jpg\",\"contentUrl\":\"https:\\\/\\\/degrados.es\\\/wp-content\\\/uploads\\\/2021\\\/05\\\/mistela-moscatel-teulada-cims.jpg\",\"width\":688,\"height\":688,\"caption\":\"Teulada Muskateller Mistela\"},{\"@type\":\"BreadcrumbList\",\"@id\":\"https:\\\/\\\/degrados.es\\\/de\\\/producto\\\/moscatel-mistela-cims-del-mediterrani-75-cl\\\/#breadcrumb\",\"itemListElement\":[{\"@type\":\"ListItem\",\"position\":1,\"name\":\"Home\",\"item\":\"https:\\\/\\\/degrados.es\\\/de\\\/startseite\\\/\"},{\"@type\":\"ListItem\",\"position\":2,\"name\":\"Shop\",\"item\":\"https:\\\/\\\/degrados.es\\\/de\\\/?page_id=2821\"},{\"@type\":\"ListItem\",\"position\":3,\"name\":\"Moscatel Mistela &#8211; Cims del Mediterrani 75 cl\"}]},{\"@type\":\"WebSite\",\"@id\":\"https:\\\/\\\/degrados.es\\\/#website\",\"url\":\"https:\\\/\\\/degrados.es\\\/\",\"name\":\"Degrados\",\"description\":\"Spirituosen online kaufen\",\"publisher\":{\"@id\":\"https:\\\/\\\/degrados.es\\\/#organization\"},\"alternateName\":\"Licorer\u00eda online\",\"potentialAction\":[{\"@type\":\"SearchAction\",\"target\":{\"@type\":\"EntryPoint\",\"urlTemplate\":\"https:\\\/\\\/degrados.es\\\/?s={search_term_string}\"},\"query-input\":{\"@type\":\"PropertyValueSpecification\",\"valueRequired\":true,\"valueName\":\"search_term_string\"}}],\"inLanguage\":\"de\"},{\"@type\":\"Organization\",\"@id\":\"https:\\\/\\\/degrados.es\\\/#organization\",\"name\":\"DeGrados\",\"url\":\"https:\\\/\\\/degrados.es\\\/\",\"logo\":{\"@type\":\"ImageObject\",\"inLanguage\":\"de\",\"@id\":\"https:\\\/\\\/degrados.es\\\/#\\\/schema\\\/logo\\\/image\\\/\",\"url\":\"https:\\\/\\\/degrados.es\\\/wp-content\\\/uploads\\\/2021\\\/02\\\/Logo-degrados.png\",\"contentUrl\":\"https:\\\/\\\/degrados.es\\\/wp-content\\\/uploads\\\/2021\\\/02\\\/Logo-degrados.png\",\"width\":350,\"height\":86,\"caption\":\"DeGrados\"},\"image\":{\"@id\":\"https:\\\/\\\/degrados.es\\\/#\\\/schema\\\/logo\\\/image\\\/\"}}]}<\/script>\n<meta property=\"product:price:amount\" content=\"6.55\" \/>\n<meta property=\"product:price:currency\" content=\"EUR\" \/>\n<meta property=\"og:availability\" content=\"instock\" \/>\n<meta property=\"product:availability\" content=\"instock\" \/>\n<meta property=\"product:retailer_item_id\" content=\"D1G3\" \/>\n<meta property=\"product:condition\" content=\"new\" \/>\n<!-- \/ Yoast SEO plugin. -->","yoast_head_json":{"title":"Muscatel Mistela kaufen: La Mistela de Teulada - Spirituosengesch\u00e4ft","description":"Mistela Muskateller von Teulada Cims del Mediterrania online kaufen. Mistela de Alicante von Antonio Llobell. Online Spirituosengesch\u00e4ft.","robots":{"index":"index","follow":"follow","max-snippet":"max-snippet:-1","max-image-preview":"max-image-preview:large","max-video-preview":"max-video-preview:-1"},"canonical":"https:\/\/degrados.es\/de\/producto\/moscatel-mistela-cims-del-mediterrani-75-cl\/","og_locale":"de_DE","og_type":"article","og_title":"Muscatel Mistela kaufen: La Mistela de Teulada - Spirituosengesch\u00e4ft","og_description":"Mistela Muskateller von Teulada Cims del Mediterrania online kaufen. Mistela de Alicante von Antonio Llobell. Online Spirituosengesch\u00e4ft.","og_url":"https:\/\/degrados.es\/de\/producto\/moscatel-mistela-cims-del-mediterrani-75-cl\/","og_site_name":"Online Spirituosengesch\u00e4ft","article_modified_time":"2023-12-19T12:03:47+00:00","og_image":[{"width":688,"height":688,"url":"https:\/\/degrados.es\/wp-content\/uploads\/2021\/05\/mistela-moscatel-teulada-cims.jpg","type":"image\/jpeg"}],"twitter_card":"summary_large_image","twitter_misc":{"Preis":"6,55&euro; IVA Incluido","Verf\u00fcgbarkeit":"Auf Lager"},"schema":{"@context":"https:\/\/schema.org","@graph":[{"@type":"WebPage","@id":"https:\/\/degrados.es\/de\/producto\/moscatel-mistela-cims-del-mediterrani-75-cl\/","url":"https:\/\/degrados.es\/de\/producto\/moscatel-mistela-cims-del-mediterrani-75-cl\/","name":"Muscatel Mistela kaufen: La Mistela de Teulada - Spirituosengesch\u00e4ft","isPartOf":{"@id":"https:\/\/degrados.es\/#website"},"primaryImageOfPage":{"@id":"https:\/\/degrados.es\/de\/producto\/moscatel-mistela-cims-del-mediterrani-75-cl\/#primaryimage"},"image":{"@id":"https:\/\/degrados.es\/de\/producto\/moscatel-mistela-cims-del-mediterrani-75-cl\/#primaryimage"},"thumbnailUrl":"https:\/\/degrados.es\/wp-content\/uploads\/2021\/05\/mistela-moscatel-teulada-cims.jpg","datePublished":"2021-05-01T16:21:49+00:00","dateModified":"2023-12-19T12:03:47+00:00","description":"Mistela Muskateller von Teulada Cims del Mediterrania online kaufen. Mistela de Alicante von Antonio Llobell. Online Spirituosengesch\u00e4ft.","breadcrumb":{"@id":"https:\/\/degrados.es\/de\/producto\/moscatel-mistela-cims-del-mediterrani-75-cl\/#breadcrumb"},"inLanguage":"de","potentialAction":[{"@type":"ReadAction","target":["https:\/\/degrados.es\/de\/producto\/moscatel-mistela-cims-del-mediterrani-75-cl\/"]}]},{"@type":"ImageObject","inLanguage":"de","@id":"https:\/\/degrados.es\/de\/producto\/moscatel-mistela-cims-del-mediterrani-75-cl\/#primaryimage","url":"https:\/\/degrados.es\/wp-content\/uploads\/2021\/05\/mistela-moscatel-teulada-cims.jpg","contentUrl":"https:\/\/degrados.es\/wp-content\/uploads\/2021\/05\/mistela-moscatel-teulada-cims.jpg","width":688,"height":688,"caption":"Teulada Muskateller Mistela"},{"@type":"BreadcrumbList","@id":"https:\/\/degrados.es\/de\/producto\/moscatel-mistela-cims-del-mediterrani-75-cl\/#breadcrumb","itemListElement":[{"@type":"ListItem","position":1,"name":"Home","item":"https:\/\/degrados.es\/de\/startseite\/"},{"@type":"ListItem","position":2,"name":"Shop","item":"https:\/\/degrados.es\/de\/?page_id=2821"},{"@type":"ListItem","position":3,"name":"Moscatel Mistela &#8211; Cims del Mediterrani 75 cl"}]},{"@type":"WebSite","@id":"https:\/\/degrados.es\/#website","url":"https:\/\/degrados.es\/","name":"Degrados","description":"Spirituosen online kaufen","publisher":{"@id":"https:\/\/degrados.es\/#organization"},"alternateName":"Licorer\u00eda online","potentialAction":[{"@type":"SearchAction","target":{"@type":"EntryPoint","urlTemplate":"https:\/\/degrados.es\/?s={search_term_string}"},"query-input":{"@type":"PropertyValueSpecification","valueRequired":true,"valueName":"search_term_string"}}],"inLanguage":"de"},{"@type":"Organization","@id":"https:\/\/degrados.es\/#organization","name":"DeGrados","url":"https:\/\/degrados.es\/","logo":{"@type":"ImageObject","inLanguage":"de","@id":"https:\/\/degrados.es\/#\/schema\/logo\/image\/","url":"https:\/\/degrados.es\/wp-content\/uploads\/2021\/02\/Logo-degrados.png","contentUrl":"https:\/\/degrados.es\/wp-content\/uploads\/2021\/02\/Logo-degrados.png","width":350,"height":86,"caption":"DeGrados"},"image":{"@id":"https:\/\/degrados.es\/#\/schema\/logo\/image\/"}}]},"product_price_amount":"6.55","product_price_currency":"EUR","og_availability":"instock","product_availability":"instock","product_retailer_item_id":"D1G3","product_condition":"new"},"_links":{"self":[{"href":"https:\/\/degrados.es\/de\/wp-json\/wp\/v2\/product\/2787","targetHints":{"allow":["GET"]}}],"collection":[{"href":"https:\/\/degrados.es\/de\/wp-json\/wp\/v2\/product"}],"about":[{"href":"https:\/\/degrados.es\/de\/wp-json\/wp\/v2\/types\/product"}],"replies":[{"embeddable":true,"href":"https:\/\/degrados.es\/de\/wp-json\/wp\/v2\/comments?post=2787"}],"wp:featuredmedia":[{"embeddable":true,"href":"https:\/\/degrados.es\/de\/wp-json\/wp\/v2\/media\/2493"}],"wp:attachment":[{"href":"https:\/\/degrados.es\/de\/wp-json\/wp\/v2\/media?parent=2787"}],"wp:term":[{"taxonomy":"product_cat","embeddable":true,"href":"https:\/\/degrados.es\/de\/wp-json\/wp\/v2\/product_cat?post=2787"},{"taxonomy":"product_tag","embeddable":true,"href":"https:\/\/degrados.es\/de\/wp-json\/wp\/v2\/product_tag?post=2787"}],"curies":[{"name":"wp","href":"https:\/\/api.w.org\/{rel}","templated":true}]}}