{"id":2788,"date":"2021-02-23T21:12:29","date_gmt":"2021-02-23T20:12:29","guid":{"rendered":"https:\/\/degrados.es\/producto\/biri-biri-traditioneller-likoer\/"},"modified":"2024-04-24T09:58:46","modified_gmt":"2024-04-24T07:58:46","slug":"biri-biri-traditioneller-likoer","status":"publish","type":"product","link":"https:\/\/degrados.es\/de\/producto\/biri-biri-traditioneller-likoer\/","title":{"rendered":"Biri Biri Traditioneller Lik\u00f6r"},"content":{"rendered":"<p>Dieser s\u00fc\u00dfe Lik\u00f6r wird mit einer sorgf\u00e4ltigen Auswahl der besten Orangen aus der Levante hergestellt, die im Mittelmeerraum angebaut werden.<\/p>\n<p>Biri-Biri ist eine s\u00fc\u00dfe Spirituose, die im Mund einen k\u00f6stlichen Orangengeschmack mit intensiven mediterranen Aromen von den Zitrusfr\u00fcchten hinterl\u00e4sst, aus denen sie hergestellt wird.<\/p>\n","protected":false},"excerpt":{"rendered":"<p>Eine sorgf\u00e4ltige Auswahl der besten valencianischen Orangen macht diesen charakteristischen Lik\u00f6r zu einem der emblematischsten und erlesensten Produkte der Region. Dar\u00fcber hinaus macht der unverwechselbare s\u00fc\u00dfe Geschmack von Biri-Biri sie einzigartig.<br \/>\n<strong>Studienabschluss: 22% Studienabschluss: 22% Studienabschluss: 22% Studienabschluss: 22% Studienabschluss: 22% Studienabschluss: 22<\/strong><\/p>\n","protected":false},"featured_media":3861,"comment_status":"open","ping_status":"closed","template":"","meta":{"inline_featured_image":false},"product_cat":[933,530],"product_tag":[636,605,531,635,637],"class_list":{"0":"post-2788","1":"product","2":"type-product","3":"status-publish","4":"has-post-thumbnail","6":"product_cat-andere-spirituosen","7":"product_cat-spirituosen","8":"product_tag-biribiri-de","9":"product_tag-orangenlikor","10":"product_tag-spirituosen","11":"product_tag-traditionell","12":"product_tag-traditioneller-likor","14":"first","15":"instock","16":"sale","17":"taxable","18":"shipping-taxable","19":"purchasable","20":"product-type-simple"},"yoast_head":"<!-- This site is optimized with the Yoast SEO plugin v27.4 - https:\/\/yoast.com\/product\/yoast-seo-wordpress\/ -->\n<title>Lik\u00f6r Biri Biri Tradicional - Biri biri bei Licorer\u00eda Online kaufen<\/title>\n<meta name=\"description\" content=\"Kaufen Sie online den Licor Biri biri biri, einen traditionellen und handwerklich hergestellten Lik\u00f6r, der aus valencianischen Orangen gewonnen wird. Orangenlik\u00f6r online kaufen.\" \/>\n<meta name=\"robots\" content=\"index, follow, max-snippet:-1, max-image-preview:large, max-video-preview:-1\" \/>\n<link rel=\"canonical\" href=\"https:\/\/degrados.es\/de\/producto\/biri-biri-traditioneller-likoer\/\" \/>\n<meta property=\"og:locale\" content=\"de_DE\" \/>\n<meta property=\"og:type\" content=\"article\" \/>\n<meta property=\"og:title\" content=\"Lik\u00f6r Biri Biri Tradicional - Biri biri bei Licorer\u00eda Online kaufen\" \/>\n<meta property=\"og:description\" content=\"Kaufen Sie online den Licor Biri biri biri, einen traditionellen und handwerklich hergestellten Lik\u00f6r, der aus valencianischen Orangen gewonnen wird. Orangenlik\u00f6r online kaufen.\" \/>\n<meta property=\"og:url\" content=\"https:\/\/degrados.es\/de\/producto\/biri-biri-traditioneller-likoer\/\" \/>\n<meta property=\"og:site_name\" content=\"Online Spirituosengesch\u00e4ft\" \/>\n<meta property=\"article:modified_time\" content=\"2024-04-24T07:58:46+00:00\" \/>\n<meta property=\"og:image\" content=\"https:\/\/degrados.es\/wp-content\/uploads\/2021\/02\/licores-tradicionales-biri-biri.jpg\" \/>\n\t<meta property=\"og:image:width\" content=\"430\" \/>\n\t<meta property=\"og:image:height\" content=\"430\" \/>\n\t<meta property=\"og:image:type\" content=\"image\/jpeg\" \/>\n<meta name=\"twitter:card\" content=\"summary_large_image\" \/>\n<meta name=\"twitter:label1\" content=\"Preis\" \/>\n\t<meta name=\"twitter:data1\" content=\"10,57&euro; IVA Incluido\" \/>\n\t<meta name=\"twitter:label2\" content=\"Verf\u00fcgbarkeit\" \/>\n\t<meta name=\"twitter:data2\" content=\"Auf Lager\" \/>\n<script type=\"application\/ld+json\" class=\"yoast-schema-graph\">{\"@context\":\"https:\\\/\\\/schema.org\",\"@graph\":[{\"@type\":\"WebPage\",\"@id\":\"https:\\\/\\\/degrados.es\\\/de\\\/producto\\\/biri-biri-traditioneller-likoer\\\/\",\"url\":\"https:\\\/\\\/degrados.es\\\/de\\\/producto\\\/biri-biri-traditioneller-likoer\\\/\",\"name\":\"Lik\u00f6r Biri Biri Tradicional - Biri biri bei Licorer\u00eda Online kaufen\",\"isPartOf\":{\"@id\":\"https:\\\/\\\/degrados.es\\\/#website\"},\"primaryImageOfPage\":{\"@id\":\"https:\\\/\\\/degrados.es\\\/de\\\/producto\\\/biri-biri-traditioneller-likoer\\\/#primaryimage\"},\"image\":{\"@id\":\"https:\\\/\\\/degrados.es\\\/de\\\/producto\\\/biri-biri-traditioneller-likoer\\\/#primaryimage\"},\"thumbnailUrl\":\"https:\\\/\\\/degrados.es\\\/wp-content\\\/uploads\\\/2021\\\/02\\\/Licor-Biri-Biri.webp\",\"datePublished\":\"2021-02-23T20:12:29+00:00\",\"dateModified\":\"2024-04-24T07:58:46+00:00\",\"description\":\"Kaufen Sie online den Licor Biri biri biri, einen traditionellen und handwerklich hergestellten Lik\u00f6r, der aus valencianischen Orangen gewonnen wird. Orangenlik\u00f6r online kaufen.\",\"breadcrumb\":{\"@id\":\"https:\\\/\\\/degrados.es\\\/de\\\/producto\\\/biri-biri-traditioneller-likoer\\\/#breadcrumb\"},\"inLanguage\":\"de\",\"potentialAction\":[{\"@type\":\"ReadAction\",\"target\":[\"https:\\\/\\\/degrados.es\\\/de\\\/producto\\\/biri-biri-traditioneller-likoer\\\/\"]}]},{\"@type\":\"ImageObject\",\"inLanguage\":\"de\",\"@id\":\"https:\\\/\\\/degrados.es\\\/de\\\/producto\\\/biri-biri-traditioneller-likoer\\\/#primaryimage\",\"url\":\"https:\\\/\\\/degrados.es\\\/wp-content\\\/uploads\\\/2021\\\/02\\\/Licor-Biri-Biri.webp\",\"contentUrl\":\"https:\\\/\\\/degrados.es\\\/wp-content\\\/uploads\\\/2021\\\/02\\\/Licor-Biri-Biri.webp\",\"width\":1000,\"height\":1000,\"caption\":\"Biri Biri Licor tradicional\"},{\"@type\":\"BreadcrumbList\",\"@id\":\"https:\\\/\\\/degrados.es\\\/de\\\/producto\\\/biri-biri-traditioneller-likoer\\\/#breadcrumb\",\"itemListElement\":[{\"@type\":\"ListItem\",\"position\":1,\"name\":\"Home\",\"item\":\"https:\\\/\\\/degrados.es\\\/de\\\/startseite\\\/\"},{\"@type\":\"ListItem\",\"position\":2,\"name\":\"Shop\",\"item\":\"https:\\\/\\\/degrados.es\\\/de\\\/?page_id=2821\"},{\"@type\":\"ListItem\",\"position\":3,\"name\":\"Biri Biri Traditioneller Lik\u00f6r\"}]},{\"@type\":\"WebSite\",\"@id\":\"https:\\\/\\\/degrados.es\\\/#website\",\"url\":\"https:\\\/\\\/degrados.es\\\/\",\"name\":\"Degrados\",\"description\":\"Spirituosen online kaufen\",\"publisher\":{\"@id\":\"https:\\\/\\\/degrados.es\\\/#organization\"},\"alternateName\":\"Licorer\u00eda online\",\"potentialAction\":[{\"@type\":\"SearchAction\",\"target\":{\"@type\":\"EntryPoint\",\"urlTemplate\":\"https:\\\/\\\/degrados.es\\\/?s={search_term_string}\"},\"query-input\":{\"@type\":\"PropertyValueSpecification\",\"valueRequired\":true,\"valueName\":\"search_term_string\"}}],\"inLanguage\":\"de\"},{\"@type\":\"Organization\",\"@id\":\"https:\\\/\\\/degrados.es\\\/#organization\",\"name\":\"DeGrados\",\"url\":\"https:\\\/\\\/degrados.es\\\/\",\"logo\":{\"@type\":\"ImageObject\",\"inLanguage\":\"de\",\"@id\":\"https:\\\/\\\/degrados.es\\\/#\\\/schema\\\/logo\\\/image\\\/\",\"url\":\"https:\\\/\\\/degrados.es\\\/wp-content\\\/uploads\\\/2021\\\/02\\\/Logo-degrados.png\",\"contentUrl\":\"https:\\\/\\\/degrados.es\\\/wp-content\\\/uploads\\\/2021\\\/02\\\/Logo-degrados.png\",\"width\":350,\"height\":86,\"caption\":\"DeGrados\"},\"image\":{\"@id\":\"https:\\\/\\\/degrados.es\\\/#\\\/schema\\\/logo\\\/image\\\/\"}}]}<\/script>\n<meta property=\"product:price:amount\" content=\"10.57\" \/>\n<meta property=\"product:price:currency\" content=\"EUR\" \/>\n<meta property=\"og:availability\" content=\"instock\" \/>\n<meta property=\"product:availability\" content=\"instock\" \/>\n<meta property=\"product:retailer_item_id\" content=\"D1G13\" \/>\n<meta property=\"product:condition\" content=\"new\" \/>\n<!-- \/ Yoast SEO plugin. -->","yoast_head_json":{"title":"Lik\u00f6r Biri Biri Tradicional - Biri biri bei Licorer\u00eda Online kaufen","description":"Kaufen Sie online den Licor Biri biri biri, einen traditionellen und handwerklich hergestellten Lik\u00f6r, der aus valencianischen Orangen gewonnen wird. Orangenlik\u00f6r online kaufen.","robots":{"index":"index","follow":"follow","max-snippet":"max-snippet:-1","max-image-preview":"max-image-preview:large","max-video-preview":"max-video-preview:-1"},"canonical":"https:\/\/degrados.es\/de\/producto\/biri-biri-traditioneller-likoer\/","og_locale":"de_DE","og_type":"article","og_title":"Lik\u00f6r Biri Biri Tradicional - Biri biri bei Licorer\u00eda Online kaufen","og_description":"Kaufen Sie online den Licor Biri biri biri, einen traditionellen und handwerklich hergestellten Lik\u00f6r, der aus valencianischen Orangen gewonnen wird. Orangenlik\u00f6r online kaufen.","og_url":"https:\/\/degrados.es\/de\/producto\/biri-biri-traditioneller-likoer\/","og_site_name":"Online Spirituosengesch\u00e4ft","article_modified_time":"2024-04-24T07:58:46+00:00","og_image":[{"width":430,"height":430,"url":"https:\/\/degrados.es\/wp-content\/uploads\/2021\/02\/licores-tradicionales-biri-biri.jpg","type":"image\/jpeg"}],"twitter_card":"summary_large_image","twitter_misc":{"Preis":"10,57&euro; IVA Incluido","Verf\u00fcgbarkeit":"Auf Lager"},"schema":{"@context":"https:\/\/schema.org","@graph":[{"@type":"WebPage","@id":"https:\/\/degrados.es\/de\/producto\/biri-biri-traditioneller-likoer\/","url":"https:\/\/degrados.es\/de\/producto\/biri-biri-traditioneller-likoer\/","name":"Lik\u00f6r Biri Biri Tradicional - Biri biri bei Licorer\u00eda Online kaufen","isPartOf":{"@id":"https:\/\/degrados.es\/#website"},"primaryImageOfPage":{"@id":"https:\/\/degrados.es\/de\/producto\/biri-biri-traditioneller-likoer\/#primaryimage"},"image":{"@id":"https:\/\/degrados.es\/de\/producto\/biri-biri-traditioneller-likoer\/#primaryimage"},"thumbnailUrl":"https:\/\/degrados.es\/wp-content\/uploads\/2021\/02\/Licor-Biri-Biri.webp","datePublished":"2021-02-23T20:12:29+00:00","dateModified":"2024-04-24T07:58:46+00:00","description":"Kaufen Sie online den Licor Biri biri biri, einen traditionellen und handwerklich hergestellten Lik\u00f6r, der aus valencianischen Orangen gewonnen wird. Orangenlik\u00f6r online kaufen.","breadcrumb":{"@id":"https:\/\/degrados.es\/de\/producto\/biri-biri-traditioneller-likoer\/#breadcrumb"},"inLanguage":"de","potentialAction":[{"@type":"ReadAction","target":["https:\/\/degrados.es\/de\/producto\/biri-biri-traditioneller-likoer\/"]}]},{"@type":"ImageObject","inLanguage":"de","@id":"https:\/\/degrados.es\/de\/producto\/biri-biri-traditioneller-likoer\/#primaryimage","url":"https:\/\/degrados.es\/wp-content\/uploads\/2021\/02\/Licor-Biri-Biri.webp","contentUrl":"https:\/\/degrados.es\/wp-content\/uploads\/2021\/02\/Licor-Biri-Biri.webp","width":1000,"height":1000,"caption":"Biri Biri Licor tradicional"},{"@type":"BreadcrumbList","@id":"https:\/\/degrados.es\/de\/producto\/biri-biri-traditioneller-likoer\/#breadcrumb","itemListElement":[{"@type":"ListItem","position":1,"name":"Home","item":"https:\/\/degrados.es\/de\/startseite\/"},{"@type":"ListItem","position":2,"name":"Shop","item":"https:\/\/degrados.es\/de\/?page_id=2821"},{"@type":"ListItem","position":3,"name":"Biri Biri Traditioneller Lik\u00f6r"}]},{"@type":"WebSite","@id":"https:\/\/degrados.es\/#website","url":"https:\/\/degrados.es\/","name":"Degrados","description":"Spirituosen online kaufen","publisher":{"@id":"https:\/\/degrados.es\/#organization"},"alternateName":"Licorer\u00eda online","potentialAction":[{"@type":"SearchAction","target":{"@type":"EntryPoint","urlTemplate":"https:\/\/degrados.es\/?s={search_term_string}"},"query-input":{"@type":"PropertyValueSpecification","valueRequired":true,"valueName":"search_term_string"}}],"inLanguage":"de"},{"@type":"Organization","@id":"https:\/\/degrados.es\/#organization","name":"DeGrados","url":"https:\/\/degrados.es\/","logo":{"@type":"ImageObject","inLanguage":"de","@id":"https:\/\/degrados.es\/#\/schema\/logo\/image\/","url":"https:\/\/degrados.es\/wp-content\/uploads\/2021\/02\/Logo-degrados.png","contentUrl":"https:\/\/degrados.es\/wp-content\/uploads\/2021\/02\/Logo-degrados.png","width":350,"height":86,"caption":"DeGrados"},"image":{"@id":"https:\/\/degrados.es\/#\/schema\/logo\/image\/"}}]},"product_price_amount":"10.57","product_price_currency":"EUR","og_availability":"instock","product_availability":"instock","product_retailer_item_id":"D1G13","product_condition":"new"},"_links":{"self":[{"href":"https:\/\/degrados.es\/de\/wp-json\/wp\/v2\/product\/2788","targetHints":{"allow":["GET"]}}],"collection":[{"href":"https:\/\/degrados.es\/de\/wp-json\/wp\/v2\/product"}],"about":[{"href":"https:\/\/degrados.es\/de\/wp-json\/wp\/v2\/types\/product"}],"replies":[{"embeddable":true,"href":"https:\/\/degrados.es\/de\/wp-json\/wp\/v2\/comments?post=2788"}],"wp:featuredmedia":[{"embeddable":true,"href":"https:\/\/degrados.es\/de\/wp-json\/wp\/v2\/media\/3861"}],"wp:attachment":[{"href":"https:\/\/degrados.es\/de\/wp-json\/wp\/v2\/media?parent=2788"}],"wp:term":[{"taxonomy":"product_cat","embeddable":true,"href":"https:\/\/degrados.es\/de\/wp-json\/wp\/v2\/product_cat?post=2788"},{"taxonomy":"product_tag","embeddable":true,"href":"https:\/\/degrados.es\/de\/wp-json\/wp\/v2\/product_tag?post=2788"}],"curies":[{"name":"wp","href":"https:\/\/api.w.org\/{rel}","templated":true}]}}