{"id":2789,"date":"2022-02-23T16:36:19","date_gmt":"2022-02-23T15:36:19","guid":{"rendered":"https:\/\/degrados.es\/producto\/quetzal-reposado-tequila\/"},"modified":"2023-12-19T13:03:47","modified_gmt":"2023-12-19T12:03:47","slug":"quetzal-reposado-tequila","status":"publish","type":"product","link":"https:\/\/degrados.es\/de\/producto\/quetzal-reposado-tequila\/","title":{"rendered":"Quetzal Reposado Tequila"},"content":{"rendered":"<p>Tequila ist ein Destillat, das seinen Namen vor zwei Jahrhunderten von einer Gemeinde namens igual im mexikanischen Bundesstaat Jalisco erhielt. So wird unser Quetzal Coatl Tequila in Mexiko, im geografischen Gebiet der Herkunftsbezeichnung, nach der traditionellen mexikanischen Methode hergestellt. Das Gebiet der Herkunftsbezeichnung Tequila umfasst 181 Gemeinden in 5 mexikanischen Bundesstaaten: 125 Gemeinden im Bundesstaat Jalisco, 8 in Nayarit, 7 in Guanajuato, 30 in Michoac\u00e1n und 11 in Tamaulipas. Er wird aus der G\u00e4rung und Destillation des Saftes der Blauen Agave mit der Herkunftsbezeichnung aus diesen f\u00fcnf Bundesstaaten der mexikanischen Republik hergestellt.<\/p>\n<p>&nbsp;<\/p>\n<p>Tequila ist wahrscheinlich das bekannteste und weltweit repr\u00e4sentativste Getr\u00e4nk Mexikos. Tatsache ist, dass sie weltweit anerkannt ist und seit dem 20. Jahrhundert einen enormen Aufschwung erlebt.<\/p>\n<p>&nbsp;<\/p>\n<p>Tequila l\u00e4sst sich auf viele Arten trinken. F\u00fcr die mutigeren Gaumen ist die klassische Art, es zu tun, nur mit der unbestrittenen Begleitung von Salz und Zitrone. Wenn Sie Mischgetr\u00e4nke bevorzugen, gibt es eine gro\u00dfe Auswahl an verschiedenen Cocktails, von denen wir drei besonders hervorheben:<\/p>\n<ul>\n<li>Bloody Mary: drei Viertel Tequila, halb mit Tomaten- und halb mit Limettensaft gemischt. Eine Prise Salz, eine Prise Pfeffer und drei Nelken hinzuf\u00fcgen. Zum Schluss k\u00f6nnen Sie ihn mit etwas Sirup mischen, um ihm eine besondere Note zu verleihen.<\/li>\n<li>Margarita: Haupts\u00e4chlich Tequila und zu gleichen Teilen mit Triple Sec und Limettensaft gemischt.<\/li>\n<li>Daiquiri: eine Kombination aus gleichen Teilen Tequila und Limette und einem doppelten Teil Sirup.<\/li>\n<\/ul>\n","protected":false},"excerpt":{"rendered":"<div class=\"references\"><span style=\"font-size: 16px;\">Quetzal Coatl Tequila wird nach der traditionellen mexikanischen Methode geruht. Destillat mit Ursprung in Mexiko. Er wird durch G\u00e4rung und Destillation des Saftes aus der Blauen Agave gewonnen.  <\/span><span style=\"font-size: 16px;\">70 cl.<\/span><\/div>\n","protected":false},"featured_media":2600,"comment_status":"open","ping_status":"closed","template":"","meta":{"inline_featured_image":false},"product_cat":[72,160],"product_tag":[162,161],"class_list":{"0":"post-2789","1":"product","2":"type-product","3":"status-publish","4":"has-post-thumbnail","6":"product_cat-destilados","7":"product_cat-tequila","8":"product_tag-tequila-reposado","9":"product_tag-tequila","11":"first","12":"instock","13":"sale","14":"taxable","15":"shipping-taxable","16":"purchasable","17":"product-type-simple"},"yoast_head":"<!-- This site is optimized with the Yoast SEO plugin v27.4 - https:\/\/yoast.com\/product\/yoast-seo-wordpress\/ -->\n<title>Tequila reposado artesanal kaufen - Licorer\u00eda Online Degrados<\/title>\n<meta name=\"description\" content=\"Entdecken Sie Vodka reposado, einen handwerklich destillierten Tequila. Mezcal kaufen bei Licorer\u00eda Online. Abgebaut.\" \/>\n<meta name=\"robots\" content=\"index, follow, max-snippet:-1, max-image-preview:large, max-video-preview:-1\" \/>\n<link rel=\"canonical\" href=\"https:\/\/degrados.es\/de\/?post_type=product&p=2789\" \/>\n<meta property=\"og:locale\" content=\"de_DE\" \/>\n<meta property=\"og:type\" content=\"article\" \/>\n<meta property=\"og:title\" content=\"Tequila reposado artesanal kaufen - Licorer\u00eda Online Degrados\" \/>\n<meta property=\"og:description\" content=\"Entdecken Sie Vodka reposado, einen handwerklich destillierten Tequila. Mezcal kaufen bei Licorer\u00eda Online. Abgebaut.\" \/>\n<meta property=\"og:url\" content=\"https:\/\/degrados.es\/de\/?post_type=product&amp;p=2789\" \/>\n<meta property=\"og:site_name\" content=\"Online Spirituosengesch\u00e4ft\" \/>\n<meta property=\"article:modified_time\" content=\"2023-12-19T12:03:47+00:00\" \/>\n<meta property=\"og:image\" content=\"https:\/\/degrados.es\/wp-content\/uploads\/2022\/02\/Tequila-reposado-mezcal.webp\" \/>\n\t<meta property=\"og:image:width\" content=\"500\" \/>\n\t<meta property=\"og:image:height\" content=\"500\" \/>\n\t<meta property=\"og:image:type\" content=\"image\/webp\" \/>\n<meta name=\"twitter:card\" content=\"summary_large_image\" \/>\n<meta name=\"twitter:label1\" content=\"Preis\" \/>\n\t<meta name=\"twitter:data1\" content=\"27,55&euro; IVA Incluido\" \/>\n\t<meta name=\"twitter:label2\" content=\"Verf\u00fcgbarkeit\" \/>\n\t<meta name=\"twitter:data2\" content=\"Auf Lager\" \/>\n<script type=\"application\/ld+json\" class=\"yoast-schema-graph\">{\"@context\":\"https:\\\/\\\/schema.org\",\"@graph\":[{\"@type\":\"WebPage\",\"@id\":\"https:\\\/\\\/degrados.es\\\/de\\\/?post_type=product&p=2789\",\"url\":\"https:\\\/\\\/degrados.es\\\/de\\\/?post_type=product&p=2789\",\"name\":\"Tequila reposado artesanal kaufen - Licorer\u00eda Online Degrados\",\"isPartOf\":{\"@id\":\"https:\\\/\\\/degrados.es\\\/#website\"},\"primaryImageOfPage\":{\"@id\":\"https:\\\/\\\/degrados.es\\\/de\\\/?post_type=product&p=2789#primaryimage\"},\"image\":{\"@id\":\"https:\\\/\\\/degrados.es\\\/de\\\/?post_type=product&p=2789#primaryimage\"},\"thumbnailUrl\":\"https:\\\/\\\/degrados.es\\\/wp-content\\\/uploads\\\/2022\\\/02\\\/Tequila-reposado-mezcal.webp\",\"datePublished\":\"2022-02-23T15:36:19+00:00\",\"dateModified\":\"2023-12-19T12:03:47+00:00\",\"description\":\"Entdecken Sie Vodka reposado, einen handwerklich destillierten Tequila. Mezcal kaufen bei Licorer\u00eda Online. Abgebaut.\",\"breadcrumb\":{\"@id\":\"https:\\\/\\\/degrados.es\\\/de\\\/?post_type=product&p=2789#breadcrumb\"},\"inLanguage\":\"de\",\"potentialAction\":[{\"@type\":\"ReadAction\",\"target\":[\"https:\\\/\\\/degrados.es\\\/de\\\/?post_type=product&p=2789\"]}]},{\"@type\":\"ImageObject\",\"inLanguage\":\"de\",\"@id\":\"https:\\\/\\\/degrados.es\\\/de\\\/?post_type=product&p=2789#primaryimage\",\"url\":\"https:\\\/\\\/degrados.es\\\/wp-content\\\/uploads\\\/2022\\\/02\\\/Tequila-reposado-mezcal.webp\",\"contentUrl\":\"https:\\\/\\\/degrados.es\\\/wp-content\\\/uploads\\\/2022\\\/02\\\/Tequila-reposado-mezcal.webp\",\"width\":500,\"height\":500,\"caption\":\"Tequila Reposado kaufen\"},{\"@type\":\"BreadcrumbList\",\"@id\":\"https:\\\/\\\/degrados.es\\\/de\\\/?post_type=product&p=2789#breadcrumb\",\"itemListElement\":[{\"@type\":\"ListItem\",\"position\":1,\"name\":\"Home\",\"item\":\"https:\\\/\\\/degrados.es\\\/de\\\/startseite\\\/\"},{\"@type\":\"ListItem\",\"position\":2,\"name\":\"Shop\",\"item\":\"https:\\\/\\\/degrados.es\\\/de\\\/?page_id=2821\"},{\"@type\":\"ListItem\",\"position\":3,\"name\":\"Quetzal Reposado Tequila\"}]},{\"@type\":\"WebSite\",\"@id\":\"https:\\\/\\\/degrados.es\\\/#website\",\"url\":\"https:\\\/\\\/degrados.es\\\/\",\"name\":\"Degrados\",\"description\":\"Spirituosen online kaufen\",\"publisher\":{\"@id\":\"https:\\\/\\\/degrados.es\\\/#organization\"},\"alternateName\":\"Licorer\u00eda online\",\"potentialAction\":[{\"@type\":\"SearchAction\",\"target\":{\"@type\":\"EntryPoint\",\"urlTemplate\":\"https:\\\/\\\/degrados.es\\\/?s={search_term_string}\"},\"query-input\":{\"@type\":\"PropertyValueSpecification\",\"valueRequired\":true,\"valueName\":\"search_term_string\"}}],\"inLanguage\":\"de\"},{\"@type\":\"Organization\",\"@id\":\"https:\\\/\\\/degrados.es\\\/#organization\",\"name\":\"DeGrados\",\"url\":\"https:\\\/\\\/degrados.es\\\/\",\"logo\":{\"@type\":\"ImageObject\",\"inLanguage\":\"de\",\"@id\":\"https:\\\/\\\/degrados.es\\\/#\\\/schema\\\/logo\\\/image\\\/\",\"url\":\"https:\\\/\\\/degrados.es\\\/wp-content\\\/uploads\\\/2021\\\/02\\\/Logo-degrados.png\",\"contentUrl\":\"https:\\\/\\\/degrados.es\\\/wp-content\\\/uploads\\\/2021\\\/02\\\/Logo-degrados.png\",\"width\":350,\"height\":86,\"caption\":\"DeGrados\"},\"image\":{\"@id\":\"https:\\\/\\\/degrados.es\\\/#\\\/schema\\\/logo\\\/image\\\/\"}}]}<\/script>\n<meta property=\"product:price:amount\" content=\"27.55\" \/>\n<meta property=\"product:price:currency\" content=\"EUR\" \/>\n<meta property=\"og:availability\" content=\"instock\" \/>\n<meta property=\"product:availability\" content=\"instock\" \/>\n<meta property=\"product:retailer_item_id\" content=\"D1G29\" \/>\n<meta property=\"product:condition\" content=\"new\" \/>\n<!-- \/ Yoast SEO plugin. -->","yoast_head_json":{"title":"Tequila reposado artesanal kaufen - Licorer\u00eda Online Degrados","description":"Entdecken Sie Vodka reposado, einen handwerklich destillierten Tequila. Mezcal kaufen bei Licorer\u00eda Online. Abgebaut.","robots":{"index":"index","follow":"follow","max-snippet":"max-snippet:-1","max-image-preview":"max-image-preview:large","max-video-preview":"max-video-preview:-1"},"canonical":"https:\/\/degrados.es\/de\/?post_type=product&p=2789","og_locale":"de_DE","og_type":"article","og_title":"Tequila reposado artesanal kaufen - Licorer\u00eda Online Degrados","og_description":"Entdecken Sie Vodka reposado, einen handwerklich destillierten Tequila. Mezcal kaufen bei Licorer\u00eda Online. Abgebaut.","og_url":"https:\/\/degrados.es\/de\/?post_type=product&p=2789","og_site_name":"Online Spirituosengesch\u00e4ft","article_modified_time":"2023-12-19T12:03:47+00:00","og_image":[{"width":500,"height":500,"url":"https:\/\/degrados.es\/wp-content\/uploads\/2022\/02\/Tequila-reposado-mezcal.webp","type":"image\/webp"}],"twitter_card":"summary_large_image","twitter_misc":{"Preis":"27,55&euro; IVA Incluido","Verf\u00fcgbarkeit":"Auf Lager"},"schema":{"@context":"https:\/\/schema.org","@graph":[{"@type":"WebPage","@id":"https:\/\/degrados.es\/de\/?post_type=product&p=2789","url":"https:\/\/degrados.es\/de\/?post_type=product&p=2789","name":"Tequila reposado artesanal kaufen - Licorer\u00eda Online Degrados","isPartOf":{"@id":"https:\/\/degrados.es\/#website"},"primaryImageOfPage":{"@id":"https:\/\/degrados.es\/de\/?post_type=product&p=2789#primaryimage"},"image":{"@id":"https:\/\/degrados.es\/de\/?post_type=product&p=2789#primaryimage"},"thumbnailUrl":"https:\/\/degrados.es\/wp-content\/uploads\/2022\/02\/Tequila-reposado-mezcal.webp","datePublished":"2022-02-23T15:36:19+00:00","dateModified":"2023-12-19T12:03:47+00:00","description":"Entdecken Sie Vodka reposado, einen handwerklich destillierten Tequila. Mezcal kaufen bei Licorer\u00eda Online. Abgebaut.","breadcrumb":{"@id":"https:\/\/degrados.es\/de\/?post_type=product&p=2789#breadcrumb"},"inLanguage":"de","potentialAction":[{"@type":"ReadAction","target":["https:\/\/degrados.es\/de\/?post_type=product&p=2789"]}]},{"@type":"ImageObject","inLanguage":"de","@id":"https:\/\/degrados.es\/de\/?post_type=product&p=2789#primaryimage","url":"https:\/\/degrados.es\/wp-content\/uploads\/2022\/02\/Tequila-reposado-mezcal.webp","contentUrl":"https:\/\/degrados.es\/wp-content\/uploads\/2022\/02\/Tequila-reposado-mezcal.webp","width":500,"height":500,"caption":"Tequila Reposado kaufen"},{"@type":"BreadcrumbList","@id":"https:\/\/degrados.es\/de\/?post_type=product&p=2789#breadcrumb","itemListElement":[{"@type":"ListItem","position":1,"name":"Home","item":"https:\/\/degrados.es\/de\/startseite\/"},{"@type":"ListItem","position":2,"name":"Shop","item":"https:\/\/degrados.es\/de\/?page_id=2821"},{"@type":"ListItem","position":3,"name":"Quetzal Reposado Tequila"}]},{"@type":"WebSite","@id":"https:\/\/degrados.es\/#website","url":"https:\/\/degrados.es\/","name":"Degrados","description":"Spirituosen online kaufen","publisher":{"@id":"https:\/\/degrados.es\/#organization"},"alternateName":"Licorer\u00eda online","potentialAction":[{"@type":"SearchAction","target":{"@type":"EntryPoint","urlTemplate":"https:\/\/degrados.es\/?s={search_term_string}"},"query-input":{"@type":"PropertyValueSpecification","valueRequired":true,"valueName":"search_term_string"}}],"inLanguage":"de"},{"@type":"Organization","@id":"https:\/\/degrados.es\/#organization","name":"DeGrados","url":"https:\/\/degrados.es\/","logo":{"@type":"ImageObject","inLanguage":"de","@id":"https:\/\/degrados.es\/#\/schema\/logo\/image\/","url":"https:\/\/degrados.es\/wp-content\/uploads\/2021\/02\/Logo-degrados.png","contentUrl":"https:\/\/degrados.es\/wp-content\/uploads\/2021\/02\/Logo-degrados.png","width":350,"height":86,"caption":"DeGrados"},"image":{"@id":"https:\/\/degrados.es\/#\/schema\/logo\/image\/"}}]},"product_price_amount":"27.55","product_price_currency":"EUR","og_availability":"instock","product_availability":"instock","product_retailer_item_id":"D1G29","product_condition":"new"},"_links":{"self":[{"href":"https:\/\/degrados.es\/de\/wp-json\/wp\/v2\/product\/2789","targetHints":{"allow":["GET"]}}],"collection":[{"href":"https:\/\/degrados.es\/de\/wp-json\/wp\/v2\/product"}],"about":[{"href":"https:\/\/degrados.es\/de\/wp-json\/wp\/v2\/types\/product"}],"replies":[{"embeddable":true,"href":"https:\/\/degrados.es\/de\/wp-json\/wp\/v2\/comments?post=2789"}],"wp:featuredmedia":[{"embeddable":true,"href":"https:\/\/degrados.es\/de\/wp-json\/wp\/v2\/media\/2600"}],"wp:attachment":[{"href":"https:\/\/degrados.es\/de\/wp-json\/wp\/v2\/media?parent=2789"}],"wp:term":[{"taxonomy":"product_cat","embeddable":true,"href":"https:\/\/degrados.es\/de\/wp-json\/wp\/v2\/product_cat?post=2789"},{"taxonomy":"product_tag","embeddable":true,"href":"https:\/\/degrados.es\/de\/wp-json\/wp\/v2\/product_tag?post=2789"}],"curies":[{"name":"wp","href":"https:\/\/api.w.org\/{rel}","templated":true}]}}