{"id":2790,"date":"2022-02-23T20:29:24","date_gmt":"2022-02-23T19:29:24","guid":{"rendered":"https:\/\/degrados.es\/producto\/dominikanischer-zuckerrohr-rum-12\/"},"modified":"2023-12-19T13:03:47","modified_gmt":"2023-12-19T12:03:47","slug":"dominikanischer-zuckerrohr-rum-12","status":"publish","type":"product","link":"https:\/\/degrados.es\/de\/producto\/dominikanischer-zuckerrohr-rum-12\/","title":{"rendered":"Dominikanischer Zuckerrohr-Rum 12"},"content":{"rendered":"<p>Er wird nach einem strengen Verfahren hergestellt, das ihm einen unverwechselbaren Geschmack und eine unverwechselbare Qualit\u00e4t verleiht.<\/p>\n<p>Dieser exzellente Rum, der auf eine jahrhundertealte Tradition zur\u00fcckblickt, wird durch die Auswahl des besten Zuckerrohrs und die Destillation einer Spirituose von h\u00f6chster Qualit\u00e4t hergestellt. Durch einen langsamen Reifungsprozess entsteht ein Rum mit Pers\u00f6nlichkeit, mit s\u00fc\u00dfen Aromen und einem exquisiten Geschmack, der ihm einzigartige Eigenschaften verleiht.<\/p>\n<p>&nbsp;<\/p>\n<p>Einige der hochwertigsten Rumsorten kommen direkt aus der Dominikanischen Republik. Seine gro\u00dfe Erfahrung in der Herstellung dieses Getr\u00e4nks verlangte, dass unser Rum gleichwertig oder besser sein sollte. Ron Baoruco 12 hat sich zu einem der renommiertesten Produkte auf dem Markt f\u00fcr destillierte Getr\u00e4nke entwickelt.<\/p>\n<p>&nbsp;<\/p>\n<p>Durch die hervorragende und sorgf\u00e4ltige Arbeit der dominikanischen Rum-Meister sowie die langsame Reifung von 12 Jahren in Eichenf\u00e4ssern hat Baoruco 12 Rum einen tiefen und unverwechselbaren Geschmack erhalten. Genie\u00dfen Sie jede seiner unverwechselbaren Eigenschaften bei verantwortungsvollem Konsum.<\/p>\n","protected":false},"excerpt":{"rendered":"<div class=\"references\"><span style=\"font-size: 16px;\">Die hervorragende und sorgf\u00e4ltige Arbeit der dominikanischen Rum-Meister sowie ein langsamer Reifeprozess von 12 Jahren in Eichenf\u00e4ssern verleihen dem Baoruco 12 Rum einen tiefen und unverwechselbaren Geschmack.<\/span><\/div>\n","protected":false},"featured_media":3872,"comment_status":"open","ping_status":"closed","template":"","meta":{"inline_featured_image":false},"product_cat":[564,629],"product_tag":[639,577,630,640],"class_list":{"0":"post-2790","1":"product","2":"type-product","3":"status-publish","4":"has-post-thumbnail","6":"product_cat-destillate","7":"product_cat-ron-de","8":"product_tag-dominikanischer-rum","9":"product_tag-pramie","10":"product_tag-ron-de","11":"product_tag-zuckerrohr-rum","13":"first","14":"instock","15":"sale","16":"taxable","17":"shipping-taxable","18":"purchasable","19":"product-type-simple"},"yoast_head":"<!-- This site is optimized with the Yoast SEO plugin v27.4 - https:\/\/yoast.com\/product\/yoast-seo-wordpress\/ -->\n<title>Ausgew\u00e4hlten dominikanischen Cane Rum kaufen - Degrados Online Liquor Store<\/title>\n<meta name=\"description\" content=\"Entdecken Sie den 12 Jahre alten dominikanischen Zuckerrohr-Rum. Kaufen Sie den besten exklusiven dominikanischen Zuckerrohr-Rum bei Licorer\u00eda Online. Abgebaut.\" \/>\n<meta name=\"robots\" content=\"index, follow, max-snippet:-1, max-image-preview:large, max-video-preview:-1\" \/>\n<link rel=\"canonical\" href=\"https:\/\/degrados.es\/de\/?post_type=product&p=2790\" \/>\n<meta property=\"og:locale\" content=\"de_DE\" \/>\n<meta property=\"og:type\" content=\"article\" \/>\n<meta property=\"og:title\" content=\"Ausgew\u00e4hlten dominikanischen Cane Rum kaufen - Degrados Online Liquor Store\" \/>\n<meta property=\"og:description\" content=\"Entdecken Sie den 12 Jahre alten dominikanischen Zuckerrohr-Rum. Kaufen Sie den besten exklusiven dominikanischen Zuckerrohr-Rum bei Licorer\u00eda Online. Abgebaut.\" \/>\n<meta property=\"og:url\" content=\"https:\/\/degrados.es\/de\/?post_type=product&amp;p=2790\" \/>\n<meta property=\"og:site_name\" content=\"Online Spirituosengesch\u00e4ft\" \/>\n<meta property=\"article:modified_time\" content=\"2023-12-19T12:03:47+00:00\" \/>\n<meta property=\"og:image\" content=\"https:\/\/degrados.es\/wp-content\/uploads\/2022\/02\/Ron-baoruco-12-anos.webp\" \/>\n\t<meta property=\"og:image:width\" content=\"430\" \/>\n\t<meta property=\"og:image:height\" content=\"430\" \/>\n\t<meta property=\"og:image:type\" content=\"image\/webp\" \/>\n<meta name=\"twitter:card\" content=\"summary_large_image\" \/>\n<meta name=\"twitter:label1\" content=\"Preis\" \/>\n\t<meta name=\"twitter:data1\" content=\"23,27&euro; IVA Incluido\" \/>\n\t<meta name=\"twitter:label2\" content=\"Verf\u00fcgbarkeit\" \/>\n\t<meta name=\"twitter:data2\" content=\"Auf Lager\" \/>\n<script type=\"application\/ld+json\" class=\"yoast-schema-graph\">{\"@context\":\"https:\\\/\\\/schema.org\",\"@graph\":[{\"@type\":\"WebPage\",\"@id\":\"https:\\\/\\\/degrados.es\\\/de\\\/?post_type=product&p=2790\",\"url\":\"https:\\\/\\\/degrados.es\\\/de\\\/?post_type=product&p=2790\",\"name\":\"Ausgew\u00e4hlten dominikanischen Cane Rum kaufen - Degrados Online Liquor Store\",\"isPartOf\":{\"@id\":\"https:\\\/\\\/degrados.es\\\/#website\"},\"primaryImageOfPage\":{\"@id\":\"https:\\\/\\\/degrados.es\\\/de\\\/?post_type=product&p=2790#primaryimage\"},\"image\":{\"@id\":\"https:\\\/\\\/degrados.es\\\/de\\\/?post_type=product&p=2790#primaryimage\"},\"thumbnailUrl\":\"https:\\\/\\\/degrados.es\\\/wp-content\\\/uploads\\\/2022\\\/02\\\/Ron-anejo-12-Baoruco-1.webp\",\"datePublished\":\"2022-02-23T19:29:24+00:00\",\"dateModified\":\"2023-12-19T12:03:47+00:00\",\"description\":\"Entdecken Sie den 12 Jahre alten dominikanischen Zuckerrohr-Rum. Kaufen Sie den besten exklusiven dominikanischen Zuckerrohr-Rum bei Licorer\u00eda Online. Abgebaut.\",\"breadcrumb\":{\"@id\":\"https:\\\/\\\/degrados.es\\\/de\\\/?post_type=product&p=2790#breadcrumb\"},\"inLanguage\":\"de\",\"potentialAction\":[{\"@type\":\"ReadAction\",\"target\":[\"https:\\\/\\\/degrados.es\\\/de\\\/?post_type=product&p=2790\"]}]},{\"@type\":\"ImageObject\",\"inLanguage\":\"de\",\"@id\":\"https:\\\/\\\/degrados.es\\\/de\\\/?post_type=product&p=2790#primaryimage\",\"url\":\"https:\\\/\\\/degrados.es\\\/wp-content\\\/uploads\\\/2022\\\/02\\\/Ron-anejo-12-Baoruco-1.webp\",\"contentUrl\":\"https:\\\/\\\/degrados.es\\\/wp-content\\\/uploads\\\/2022\\\/02\\\/Ron-anejo-12-Baoruco-1.webp\",\"width\":1000,\"height\":1000,\"caption\":\"Ron de ca\u00f1a Dominicano 12\"},{\"@type\":\"BreadcrumbList\",\"@id\":\"https:\\\/\\\/degrados.es\\\/de\\\/?post_type=product&p=2790#breadcrumb\",\"itemListElement\":[{\"@type\":\"ListItem\",\"position\":1,\"name\":\"Home\",\"item\":\"https:\\\/\\\/degrados.es\\\/de\\\/startseite\\\/\"},{\"@type\":\"ListItem\",\"position\":2,\"name\":\"Shop\",\"item\":\"https:\\\/\\\/degrados.es\\\/de\\\/?page_id=2821\"},{\"@type\":\"ListItem\",\"position\":3,\"name\":\"Dominikanischer Zuckerrohr-Rum 12\"}]},{\"@type\":\"WebSite\",\"@id\":\"https:\\\/\\\/degrados.es\\\/#website\",\"url\":\"https:\\\/\\\/degrados.es\\\/\",\"name\":\"Degrados\",\"description\":\"Spirituosen online kaufen\",\"publisher\":{\"@id\":\"https:\\\/\\\/degrados.es\\\/#organization\"},\"alternateName\":\"Licorer\u00eda online\",\"potentialAction\":[{\"@type\":\"SearchAction\",\"target\":{\"@type\":\"EntryPoint\",\"urlTemplate\":\"https:\\\/\\\/degrados.es\\\/?s={search_term_string}\"},\"query-input\":{\"@type\":\"PropertyValueSpecification\",\"valueRequired\":true,\"valueName\":\"search_term_string\"}}],\"inLanguage\":\"de\"},{\"@type\":\"Organization\",\"@id\":\"https:\\\/\\\/degrados.es\\\/#organization\",\"name\":\"DeGrados\",\"url\":\"https:\\\/\\\/degrados.es\\\/\",\"logo\":{\"@type\":\"ImageObject\",\"inLanguage\":\"de\",\"@id\":\"https:\\\/\\\/degrados.es\\\/#\\\/schema\\\/logo\\\/image\\\/\",\"url\":\"https:\\\/\\\/degrados.es\\\/wp-content\\\/uploads\\\/2021\\\/02\\\/Logo-degrados.png\",\"contentUrl\":\"https:\\\/\\\/degrados.es\\\/wp-content\\\/uploads\\\/2021\\\/02\\\/Logo-degrados.png\",\"width\":350,\"height\":86,\"caption\":\"DeGrados\"},\"image\":{\"@id\":\"https:\\\/\\\/degrados.es\\\/#\\\/schema\\\/logo\\\/image\\\/\"}}]}<\/script>\n<meta property=\"product:price:amount\" content=\"23.27\" \/>\n<meta property=\"product:price:currency\" content=\"EUR\" \/>\n<meta property=\"og:availability\" content=\"instock\" \/>\n<meta property=\"product:availability\" content=\"instock\" \/>\n<meta property=\"product:retailer_item_id\" content=\"D1G34\" \/>\n<meta property=\"product:condition\" content=\"new\" \/>\n<!-- \/ Yoast SEO plugin. -->","yoast_head_json":{"title":"Ausgew\u00e4hlten dominikanischen Cane Rum kaufen - Degrados Online Liquor Store","description":"Entdecken Sie den 12 Jahre alten dominikanischen Zuckerrohr-Rum. Kaufen Sie den besten exklusiven dominikanischen Zuckerrohr-Rum bei Licorer\u00eda Online. Abgebaut.","robots":{"index":"index","follow":"follow","max-snippet":"max-snippet:-1","max-image-preview":"max-image-preview:large","max-video-preview":"max-video-preview:-1"},"canonical":"https:\/\/degrados.es\/de\/?post_type=product&p=2790","og_locale":"de_DE","og_type":"article","og_title":"Ausgew\u00e4hlten dominikanischen Cane Rum kaufen - Degrados Online Liquor Store","og_description":"Entdecken Sie den 12 Jahre alten dominikanischen Zuckerrohr-Rum. Kaufen Sie den besten exklusiven dominikanischen Zuckerrohr-Rum bei Licorer\u00eda Online. Abgebaut.","og_url":"https:\/\/degrados.es\/de\/?post_type=product&p=2790","og_site_name":"Online Spirituosengesch\u00e4ft","article_modified_time":"2023-12-19T12:03:47+00:00","og_image":[{"width":430,"height":430,"url":"https:\/\/degrados.es\/wp-content\/uploads\/2022\/02\/Ron-baoruco-12-anos.webp","type":"image\/webp"}],"twitter_card":"summary_large_image","twitter_misc":{"Preis":"23,27&euro; IVA Incluido","Verf\u00fcgbarkeit":"Auf Lager"},"schema":{"@context":"https:\/\/schema.org","@graph":[{"@type":"WebPage","@id":"https:\/\/degrados.es\/de\/?post_type=product&p=2790","url":"https:\/\/degrados.es\/de\/?post_type=product&p=2790","name":"Ausgew\u00e4hlten dominikanischen Cane Rum kaufen - Degrados Online Liquor Store","isPartOf":{"@id":"https:\/\/degrados.es\/#website"},"primaryImageOfPage":{"@id":"https:\/\/degrados.es\/de\/?post_type=product&p=2790#primaryimage"},"image":{"@id":"https:\/\/degrados.es\/de\/?post_type=product&p=2790#primaryimage"},"thumbnailUrl":"https:\/\/degrados.es\/wp-content\/uploads\/2022\/02\/Ron-anejo-12-Baoruco-1.webp","datePublished":"2022-02-23T19:29:24+00:00","dateModified":"2023-12-19T12:03:47+00:00","description":"Entdecken Sie den 12 Jahre alten dominikanischen Zuckerrohr-Rum. Kaufen Sie den besten exklusiven dominikanischen Zuckerrohr-Rum bei Licorer\u00eda Online. Abgebaut.","breadcrumb":{"@id":"https:\/\/degrados.es\/de\/?post_type=product&p=2790#breadcrumb"},"inLanguage":"de","potentialAction":[{"@type":"ReadAction","target":["https:\/\/degrados.es\/de\/?post_type=product&p=2790"]}]},{"@type":"ImageObject","inLanguage":"de","@id":"https:\/\/degrados.es\/de\/?post_type=product&p=2790#primaryimage","url":"https:\/\/degrados.es\/wp-content\/uploads\/2022\/02\/Ron-anejo-12-Baoruco-1.webp","contentUrl":"https:\/\/degrados.es\/wp-content\/uploads\/2022\/02\/Ron-anejo-12-Baoruco-1.webp","width":1000,"height":1000,"caption":"Ron de ca\u00f1a Dominicano 12"},{"@type":"BreadcrumbList","@id":"https:\/\/degrados.es\/de\/?post_type=product&p=2790#breadcrumb","itemListElement":[{"@type":"ListItem","position":1,"name":"Home","item":"https:\/\/degrados.es\/de\/startseite\/"},{"@type":"ListItem","position":2,"name":"Shop","item":"https:\/\/degrados.es\/de\/?page_id=2821"},{"@type":"ListItem","position":3,"name":"Dominikanischer Zuckerrohr-Rum 12"}]},{"@type":"WebSite","@id":"https:\/\/degrados.es\/#website","url":"https:\/\/degrados.es\/","name":"Degrados","description":"Spirituosen online kaufen","publisher":{"@id":"https:\/\/degrados.es\/#organization"},"alternateName":"Licorer\u00eda online","potentialAction":[{"@type":"SearchAction","target":{"@type":"EntryPoint","urlTemplate":"https:\/\/degrados.es\/?s={search_term_string}"},"query-input":{"@type":"PropertyValueSpecification","valueRequired":true,"valueName":"search_term_string"}}],"inLanguage":"de"},{"@type":"Organization","@id":"https:\/\/degrados.es\/#organization","name":"DeGrados","url":"https:\/\/degrados.es\/","logo":{"@type":"ImageObject","inLanguage":"de","@id":"https:\/\/degrados.es\/#\/schema\/logo\/image\/","url":"https:\/\/degrados.es\/wp-content\/uploads\/2021\/02\/Logo-degrados.png","contentUrl":"https:\/\/degrados.es\/wp-content\/uploads\/2021\/02\/Logo-degrados.png","width":350,"height":86,"caption":"DeGrados"},"image":{"@id":"https:\/\/degrados.es\/#\/schema\/logo\/image\/"}}]},"product_price_amount":"23.27","product_price_currency":"EUR","og_availability":"instock","product_availability":"instock","product_retailer_item_id":"D1G34","product_condition":"new"},"_links":{"self":[{"href":"https:\/\/degrados.es\/de\/wp-json\/wp\/v2\/product\/2790","targetHints":{"allow":["GET"]}}],"collection":[{"href":"https:\/\/degrados.es\/de\/wp-json\/wp\/v2\/product"}],"about":[{"href":"https:\/\/degrados.es\/de\/wp-json\/wp\/v2\/types\/product"}],"replies":[{"embeddable":true,"href":"https:\/\/degrados.es\/de\/wp-json\/wp\/v2\/comments?post=2790"}],"wp:featuredmedia":[{"embeddable":true,"href":"https:\/\/degrados.es\/de\/wp-json\/wp\/v2\/media\/3872"}],"wp:attachment":[{"href":"https:\/\/degrados.es\/de\/wp-json\/wp\/v2\/media?parent=2790"}],"wp:term":[{"taxonomy":"product_cat","embeddable":true,"href":"https:\/\/degrados.es\/de\/wp-json\/wp\/v2\/product_cat?post=2790"},{"taxonomy":"product_tag","embeddable":true,"href":"https:\/\/degrados.es\/de\/wp-json\/wp\/v2\/product_tag?post=2790"}],"curies":[{"name":"wp","href":"https:\/\/api.w.org\/{rel}","templated":true}]}}