{"id":2793,"date":"2022-02-23T12:42:49","date_gmt":"2022-02-23T11:42:49","guid":{"rendered":"https:\/\/degrados.es\/producto\/north-glens-irischer-whiskey\/"},"modified":"2023-12-19T13:03:48","modified_gmt":"2023-12-19T12:03:48","slug":"north-glens-irischer-whiskey","status":"publish","type":"product","link":"https:\/\/degrados.es\/de\/producto\/north-glens-irischer-whiskey\/","title":{"rendered":"North Glens Irischer Whiskey"},"content":{"rendered":"<p>North Glens ist ein hervorragender schottischer Whisky, der sich vor allem dadurch auszeichnet, dass er in einem aufwendigen traditionellen Verfahren sorgf\u00e4ltig destilliert und in Eichenf\u00e4ssern gereift wurde. Dadurch erh\u00e4lt er ein sehr delikates Aroma und einen unverf\u00e4lschten Geschmack, der ihn mit den besten Whiskys mithalten und diese sogar \u00fcbertreffen l\u00e4sst.<\/p>\n<p>&nbsp;<\/p>\n<p>Um den North Glens Whisky in vollen Z\u00fcgen genie\u00dfen zu k\u00f6nnen, sollten Sie sich zun\u00e4chst entspannen und alle Ihre Sinne \u00f6ffnen, um ihn von Anfang bis Ende zu genie\u00dfen. Er ist ein Prestigegetr\u00e4nk und sollte langsam getrunken werden, also lassen Sie sich Zeit. Eines der Geheimnisse, das am besten funktioniert, ist, ihn mit ein wenig Wasser oder Eis zu mischen, so dass Sie jedes seiner charakteristischen Aromen intensiver finden. Sp\u00fcren Sie das Gef\u00fchl von North Glens Whisky am Gaumen und den Geschmack, der nach dem Trinken bleibt. Wie Sie sehen, ist es ein Getr\u00e4nk, das man in jeder Phase genie\u00dfen kann. Es ist einer der besten Begleiter f\u00fcr die lang ersehnten Momente der Entspannung nach einem langen und anstrengenden Tag.<\/p>\n<p>&nbsp;<\/p>\n<p>Wenn Sie sich f\u00fcr einen echten Whisky-Liebhaber halten, sollten Sie seine ganze Magie kennen lernen. Es gibt sicher noch viel mehr zu entdecken, vor allem in unseren North Glens. Wenn Sie es einmal probiert haben, werden Sie es mit keinem anderen vergleichen k\u00f6nnen.<\/p>\n","protected":false},"excerpt":{"rendered":"<p>North Glens Whisky wurde sorgf\u00e4ltig destilliert und reift in Eichenf\u00e4ssern in einem aufwendigen traditionellen Verfahren. Das Ergebnis sind ein delikates Aroma und ein unverf\u00e4lschter Geschmack. 70 cl.<\/p>\n","protected":false},"featured_media":2563,"comment_status":"open","ping_status":"closed","template":"","meta":{"inline_featured_image":false},"product_cat":[72,145],"product_tag":[151,152,150],"class_list":{"0":"post-2793","1":"product","2":"type-product","3":"status-publish","4":"has-post-thumbnail","6":"product_cat-destilados","7":"product_cat-whisky","8":"product_tag-whisky-irlandes","9":"product_tag-irish-whisky","10":"product_tag-whisky","12":"first","13":"instock","14":"sale","15":"taxable","16":"shipping-taxable","17":"purchasable","18":"product-type-simple"},"yoast_head":"<!-- This site is optimized with the Yoast SEO plugin v27.4 - https:\/\/yoast.com\/product\/yoast-seo-wordpress\/ -->\n<title>Irischer Whisky - Whisky online kaufen - Degrados Online Spirituosengesch\u00e4ft<\/title>\n<meta name=\"description\" content=\"Entdecken Sie North Glens Irish Whiskey, einen klassischen handwerklich hergestellten Whiskey. Kaufen bei Licorer\u00eda Online Degrados.\" \/>\n<meta name=\"robots\" content=\"index, follow, max-snippet:-1, max-image-preview:large, max-video-preview:-1\" \/>\n<link rel=\"canonical\" href=\"https:\/\/degrados.es\/de\/?post_type=product&p=2793\" \/>\n<meta property=\"og:locale\" content=\"de_DE\" \/>\n<meta property=\"og:type\" content=\"article\" \/>\n<meta property=\"og:title\" content=\"Irischer Whisky - Whisky online kaufen - Degrados Online Spirituosengesch\u00e4ft\" \/>\n<meta property=\"og:description\" content=\"Entdecken Sie North Glens Irish Whiskey, einen klassischen handwerklich hergestellten Whiskey. Kaufen bei Licorer\u00eda Online Degrados.\" \/>\n<meta property=\"og:url\" content=\"https:\/\/degrados.es\/de\/?post_type=product&amp;p=2793\" \/>\n<meta property=\"og:site_name\" content=\"Online Spirituosengesch\u00e4ft\" \/>\n<meta property=\"article:modified_time\" content=\"2023-12-19T12:03:48+00:00\" \/>\n<meta property=\"og:image\" content=\"https:\/\/degrados.es\/wp-content\/uploads\/2022\/02\/Comprar-Whisky-irlandes.webp\" \/>\n\t<meta property=\"og:image:width\" content=\"430\" \/>\n\t<meta property=\"og:image:height\" content=\"430\" \/>\n\t<meta property=\"og:image:type\" content=\"image\/webp\" \/>\n<meta name=\"twitter:card\" content=\"summary_large_image\" \/>\n<meta name=\"twitter:label1\" content=\"Preis\" \/>\n\t<meta name=\"twitter:data1\" content=\"25,65&euro; IVA Incluido\" \/>\n\t<meta name=\"twitter:label2\" content=\"Verf\u00fcgbarkeit\" \/>\n\t<meta name=\"twitter:data2\" content=\"Auf Lager\" \/>\n<script type=\"application\/ld+json\" class=\"yoast-schema-graph\">{\"@context\":\"https:\\\/\\\/schema.org\",\"@graph\":[{\"@type\":\"WebPage\",\"@id\":\"https:\\\/\\\/degrados.es\\\/de\\\/?post_type=product&p=2793\",\"url\":\"https:\\\/\\\/degrados.es\\\/de\\\/?post_type=product&p=2793\",\"name\":\"Irischer Whisky - Whisky online kaufen - Degrados Online Spirituosengesch\u00e4ft\",\"isPartOf\":{\"@id\":\"https:\\\/\\\/degrados.es\\\/#website\"},\"primaryImageOfPage\":{\"@id\":\"https:\\\/\\\/degrados.es\\\/de\\\/?post_type=product&p=2793#primaryimage\"},\"image\":{\"@id\":\"https:\\\/\\\/degrados.es\\\/de\\\/?post_type=product&p=2793#primaryimage\"},\"thumbnailUrl\":\"https:\\\/\\\/degrados.es\\\/wp-content\\\/uploads\\\/2022\\\/02\\\/Comprar-Whisky-irlandes.webp\",\"datePublished\":\"2022-02-23T11:42:49+00:00\",\"dateModified\":\"2023-12-19T12:03:48+00:00\",\"description\":\"Entdecken Sie North Glens Irish Whiskey, einen klassischen handwerklich hergestellten Whiskey. Kaufen bei Licorer\u00eda Online Degrados.\",\"breadcrumb\":{\"@id\":\"https:\\\/\\\/degrados.es\\\/de\\\/?post_type=product&p=2793#breadcrumb\"},\"inLanguage\":\"de\",\"potentialAction\":[{\"@type\":\"ReadAction\",\"target\":[\"https:\\\/\\\/degrados.es\\\/de\\\/?post_type=product&p=2793\"]}]},{\"@type\":\"ImageObject\",\"inLanguage\":\"de\",\"@id\":\"https:\\\/\\\/degrados.es\\\/de\\\/?post_type=product&p=2793#primaryimage\",\"url\":\"https:\\\/\\\/degrados.es\\\/wp-content\\\/uploads\\\/2022\\\/02\\\/Comprar-Whisky-irlandes.webp\",\"contentUrl\":\"https:\\\/\\\/degrados.es\\\/wp-content\\\/uploads\\\/2022\\\/02\\\/Comprar-Whisky-irlandes.webp\",\"width\":430,\"height\":430,\"caption\":\"Irischer Whiskey\"},{\"@type\":\"BreadcrumbList\",\"@id\":\"https:\\\/\\\/degrados.es\\\/de\\\/?post_type=product&p=2793#breadcrumb\",\"itemListElement\":[{\"@type\":\"ListItem\",\"position\":1,\"name\":\"Home\",\"item\":\"https:\\\/\\\/degrados.es\\\/de\\\/startseite\\\/\"},{\"@type\":\"ListItem\",\"position\":2,\"name\":\"Shop\",\"item\":\"https:\\\/\\\/degrados.es\\\/de\\\/?page_id=2821\"},{\"@type\":\"ListItem\",\"position\":3,\"name\":\"North Glens Irischer Whiskey\"}]},{\"@type\":\"WebSite\",\"@id\":\"https:\\\/\\\/degrados.es\\\/#website\",\"url\":\"https:\\\/\\\/degrados.es\\\/\",\"name\":\"Degrados\",\"description\":\"Spirituosen online kaufen\",\"publisher\":{\"@id\":\"https:\\\/\\\/degrados.es\\\/#organization\"},\"alternateName\":\"Licorer\u00eda online\",\"potentialAction\":[{\"@type\":\"SearchAction\",\"target\":{\"@type\":\"EntryPoint\",\"urlTemplate\":\"https:\\\/\\\/degrados.es\\\/?s={search_term_string}\"},\"query-input\":{\"@type\":\"PropertyValueSpecification\",\"valueRequired\":true,\"valueName\":\"search_term_string\"}}],\"inLanguage\":\"de\"},{\"@type\":\"Organization\",\"@id\":\"https:\\\/\\\/degrados.es\\\/#organization\",\"name\":\"DeGrados\",\"url\":\"https:\\\/\\\/degrados.es\\\/\",\"logo\":{\"@type\":\"ImageObject\",\"inLanguage\":\"de\",\"@id\":\"https:\\\/\\\/degrados.es\\\/#\\\/schema\\\/logo\\\/image\\\/\",\"url\":\"https:\\\/\\\/degrados.es\\\/wp-content\\\/uploads\\\/2021\\\/02\\\/Logo-degrados.png\",\"contentUrl\":\"https:\\\/\\\/degrados.es\\\/wp-content\\\/uploads\\\/2021\\\/02\\\/Logo-degrados.png\",\"width\":350,\"height\":86,\"caption\":\"DeGrados\"},\"image\":{\"@id\":\"https:\\\/\\\/degrados.es\\\/#\\\/schema\\\/logo\\\/image\\\/\"}}]}<\/script>\n<meta property=\"product:price:amount\" content=\"25.65\" \/>\n<meta property=\"product:price:currency\" content=\"EUR\" \/>\n<meta property=\"og:availability\" content=\"instock\" \/>\n<meta property=\"product:availability\" content=\"instock\" \/>\n<meta property=\"product:retailer_item_id\" content=\"D1G22\" \/>\n<meta property=\"product:condition\" content=\"new\" \/>\n<!-- \/ Yoast SEO plugin. -->","yoast_head_json":{"title":"Irischer Whisky - Whisky online kaufen - Degrados Online Spirituosengesch\u00e4ft","description":"Entdecken Sie North Glens Irish Whiskey, einen klassischen handwerklich hergestellten Whiskey. Kaufen bei Licorer\u00eda Online Degrados.","robots":{"index":"index","follow":"follow","max-snippet":"max-snippet:-1","max-image-preview":"max-image-preview:large","max-video-preview":"max-video-preview:-1"},"canonical":"https:\/\/degrados.es\/de\/?post_type=product&p=2793","og_locale":"de_DE","og_type":"article","og_title":"Irischer Whisky - Whisky online kaufen - Degrados Online Spirituosengesch\u00e4ft","og_description":"Entdecken Sie North Glens Irish Whiskey, einen klassischen handwerklich hergestellten Whiskey. Kaufen bei Licorer\u00eda Online Degrados.","og_url":"https:\/\/degrados.es\/de\/?post_type=product&p=2793","og_site_name":"Online Spirituosengesch\u00e4ft","article_modified_time":"2023-12-19T12:03:48+00:00","og_image":[{"width":430,"height":430,"url":"https:\/\/degrados.es\/wp-content\/uploads\/2022\/02\/Comprar-Whisky-irlandes.webp","type":"image\/webp"}],"twitter_card":"summary_large_image","twitter_misc":{"Preis":"25,65&euro; IVA Incluido","Verf\u00fcgbarkeit":"Auf Lager"},"schema":{"@context":"https:\/\/schema.org","@graph":[{"@type":"WebPage","@id":"https:\/\/degrados.es\/de\/?post_type=product&p=2793","url":"https:\/\/degrados.es\/de\/?post_type=product&p=2793","name":"Irischer Whisky - Whisky online kaufen - Degrados Online Spirituosengesch\u00e4ft","isPartOf":{"@id":"https:\/\/degrados.es\/#website"},"primaryImageOfPage":{"@id":"https:\/\/degrados.es\/de\/?post_type=product&p=2793#primaryimage"},"image":{"@id":"https:\/\/degrados.es\/de\/?post_type=product&p=2793#primaryimage"},"thumbnailUrl":"https:\/\/degrados.es\/wp-content\/uploads\/2022\/02\/Comprar-Whisky-irlandes.webp","datePublished":"2022-02-23T11:42:49+00:00","dateModified":"2023-12-19T12:03:48+00:00","description":"Entdecken Sie North Glens Irish Whiskey, einen klassischen handwerklich hergestellten Whiskey. Kaufen bei Licorer\u00eda Online Degrados.","breadcrumb":{"@id":"https:\/\/degrados.es\/de\/?post_type=product&p=2793#breadcrumb"},"inLanguage":"de","potentialAction":[{"@type":"ReadAction","target":["https:\/\/degrados.es\/de\/?post_type=product&p=2793"]}]},{"@type":"ImageObject","inLanguage":"de","@id":"https:\/\/degrados.es\/de\/?post_type=product&p=2793#primaryimage","url":"https:\/\/degrados.es\/wp-content\/uploads\/2022\/02\/Comprar-Whisky-irlandes.webp","contentUrl":"https:\/\/degrados.es\/wp-content\/uploads\/2022\/02\/Comprar-Whisky-irlandes.webp","width":430,"height":430,"caption":"Irischer Whiskey"},{"@type":"BreadcrumbList","@id":"https:\/\/degrados.es\/de\/?post_type=product&p=2793#breadcrumb","itemListElement":[{"@type":"ListItem","position":1,"name":"Home","item":"https:\/\/degrados.es\/de\/startseite\/"},{"@type":"ListItem","position":2,"name":"Shop","item":"https:\/\/degrados.es\/de\/?page_id=2821"},{"@type":"ListItem","position":3,"name":"North Glens Irischer Whiskey"}]},{"@type":"WebSite","@id":"https:\/\/degrados.es\/#website","url":"https:\/\/degrados.es\/","name":"Degrados","description":"Spirituosen online kaufen","publisher":{"@id":"https:\/\/degrados.es\/#organization"},"alternateName":"Licorer\u00eda online","potentialAction":[{"@type":"SearchAction","target":{"@type":"EntryPoint","urlTemplate":"https:\/\/degrados.es\/?s={search_term_string}"},"query-input":{"@type":"PropertyValueSpecification","valueRequired":true,"valueName":"search_term_string"}}],"inLanguage":"de"},{"@type":"Organization","@id":"https:\/\/degrados.es\/#organization","name":"DeGrados","url":"https:\/\/degrados.es\/","logo":{"@type":"ImageObject","inLanguage":"de","@id":"https:\/\/degrados.es\/#\/schema\/logo\/image\/","url":"https:\/\/degrados.es\/wp-content\/uploads\/2021\/02\/Logo-degrados.png","contentUrl":"https:\/\/degrados.es\/wp-content\/uploads\/2021\/02\/Logo-degrados.png","width":350,"height":86,"caption":"DeGrados"},"image":{"@id":"https:\/\/degrados.es\/#\/schema\/logo\/image\/"}}]},"product_price_amount":"25.65","product_price_currency":"EUR","og_availability":"instock","product_availability":"instock","product_retailer_item_id":"D1G22","product_condition":"new"},"_links":{"self":[{"href":"https:\/\/degrados.es\/de\/wp-json\/wp\/v2\/product\/2793","targetHints":{"allow":["GET"]}}],"collection":[{"href":"https:\/\/degrados.es\/de\/wp-json\/wp\/v2\/product"}],"about":[{"href":"https:\/\/degrados.es\/de\/wp-json\/wp\/v2\/types\/product"}],"replies":[{"embeddable":true,"href":"https:\/\/degrados.es\/de\/wp-json\/wp\/v2\/comments?post=2793"}],"wp:featuredmedia":[{"embeddable":true,"href":"https:\/\/degrados.es\/de\/wp-json\/wp\/v2\/media\/2563"}],"wp:attachment":[{"href":"https:\/\/degrados.es\/de\/wp-json\/wp\/v2\/media?parent=2793"}],"wp:term":[{"taxonomy":"product_cat","embeddable":true,"href":"https:\/\/degrados.es\/de\/wp-json\/wp\/v2\/product_cat?post=2793"},{"taxonomy":"product_tag","embeddable":true,"href":"https:\/\/degrados.es\/de\/wp-json\/wp\/v2\/product_tag?post=2793"}],"curies":[{"name":"wp","href":"https:\/\/api.w.org\/{rel}","templated":true}]}}