{"id":2797,"date":"2022-02-23T20:20:19","date_gmt":"2022-02-23T19:20:19","guid":{"rendered":"https:\/\/degrados.es\/producto\/dominikanischer-rum-21\/"},"modified":"2023-12-19T13:03:48","modified_gmt":"2023-12-19T12:03:48","slug":"dominikanischer-rum-21","status":"publish","type":"product","link":"https:\/\/degrados.es\/de\/producto\/dominikanischer-rum-21\/","title":{"rendered":"Dominikanischer Rum 21"},"content":{"rendered":"<p>Dominikanischen Premium-Rum aus Zuckerrohr kaufen &#8211; Licorer\u00eda OnlineRon Baoruco 21 ist der ultimative Ausdruck dominikanischer Reinheit und Tradition in der Reifung feinster Zuckerrohrspirituosen. Da unser Rum von einem Pionier in der Herstellung dieses Getr\u00e4nks stammt, musste er dieser Aufgabe gewachsen sein.<\/p>\n<p>&nbsp;<\/p>\n<p>Er wird in einem langsamen Verfahren gewonnen, das auf einer Originalrezeptur und einer Reihe traditioneller und strenger Normen nach dominikanischem Vorbild beruht. Ein wichtiger Bestandteil der Rum-G\u00e4rung ist Melasse, ein Derivat des Zuckerrohrs, das die Saccharose des Zuckerrohrs in Alkohol umwandelt. Diese Pflanze ist der wichtigste Rohstoff f\u00fcr die Herstellung von Rum, da Aroma, Geschmack und Pers\u00f6nlichkeit des Rums von ihr abh\u00e4ngen.<\/p>\n<p>Anschlie\u00dfend wird Quellwasser von h\u00f6chster Reinheit hinzugef\u00fcgt, dessen sehr hohe Qualit\u00e4t bei der Herstellung dieses Baoruco 21 Rum von gro\u00dfer Bedeutung ist.<\/p>\n<p>Dann beginnt der Destillationsprozess, um Verunreinigungen im Alkohol zu entfernen. Es sei darauf hingewiesen, dass dieses Verfahren, das bei der Herstellung von Rum eine lange Tradition hat, der Gewinnung von Produkten mit hoher Komplexit\u00e4t und bew\u00e4hrter Qualit\u00e4t vorbehalten ist.<\/p>\n<p>Schlie\u00dflich erfolgt die Reifung in amerikanischen Eichenf\u00e4ssern. Der Sauerstoff aus der Luft dringt durch die Poren des Fasses und oxidiert die Alkohole zu Aldehyden und die Aldehyde zu S\u00e4uren. Dar\u00fcber hinaus verleiht die geringe Gr\u00f6\u00dfe dieser F\u00e4sser ihrem Inhalt elegante Aromen wie Vanille und einen definierten K\u00f6rper.<\/p>\n<p>&nbsp;<\/p>\n<p>W\u00e4hrend des gesamten Produktionsprozesses wird darauf geachtet, den hervorragenden Geschmack von Baoruco 21 zu erhalten.<\/p>\n<p>Das Endprodukt ist ein Rum der Spitzenklasse, der nur in einer sehr begrenzten und kontrollierten Menge hergestellt wird. Die Produkte von Baoruco sind Destillate, die ein Genuss f\u00fcr den Gaumen sind, und dieser 21-Rum ist die Premium-Delikatesse.<\/p>\n","protected":false},"excerpt":{"rendered":"<div class=\"references\"><span style=\"font-size: 16px;\">Der ultimative Ausdruck dominikanischer Reinheit und Tradition in der langsamen Reifung und Lagerung feinster Spirituosen aus Zuckerrohr ist Ron Baoruco 21.  <\/span><span style=\"font-size: 16px;\">70 cl.<\/span><\/div>\n","protected":false},"featured_media":3830,"comment_status":"open","ping_status":"closed","template":"","meta":{"inline_featured_image":false},"product_cat":[564,629],"product_tag":[639,577,630],"class_list":{"0":"post-2797","1":"product","2":"type-product","3":"status-publish","4":"has-post-thumbnail","6":"product_cat-destillate","7":"product_cat-ron-de","8":"product_tag-dominikanischer-rum","9":"product_tag-pramie","10":"product_tag-ron-de","12":"first","13":"instock","14":"sale","15":"taxable","16":"shipping-taxable","17":"purchasable","18":"product-type-simple"},"yoast_head":"<!-- This site is optimized with the Yoast SEO plugin v27.4 - https:\/\/yoast.com\/product\/yoast-seo-wordpress\/ -->\n<title>Dominikanischen Premium-Rum aus Zuckerrohr kaufen - Licorer\u00eda Online<\/title>\n<meta name=\"description\" content=\"Entdecken Sie 21 Jahre alten dominikanischen Zuckerrohr-Rum. Kaufen Sie den besten dominikanischen Premium-Rum bei Licorer\u00eda Online. Abgebaut.\" \/>\n<meta name=\"robots\" content=\"index, follow, max-snippet:-1, max-image-preview:large, max-video-preview:-1\" \/>\n<link rel=\"canonical\" href=\"https:\/\/degrados.es\/de\/?post_type=product&p=2797\" \/>\n<meta property=\"og:locale\" content=\"de_DE\" \/>\n<meta property=\"og:type\" content=\"article\" \/>\n<meta property=\"og:title\" content=\"Dominikanischen Premium-Rum aus Zuckerrohr kaufen - Licorer\u00eda Online\" \/>\n<meta property=\"og:description\" content=\"Entdecken Sie 21 Jahre alten dominikanischen Zuckerrohr-Rum. Kaufen Sie den besten dominikanischen Premium-Rum bei Licorer\u00eda Online. Abgebaut.\" \/>\n<meta property=\"og:url\" content=\"https:\/\/degrados.es\/de\/?post_type=product&amp;p=2797\" \/>\n<meta property=\"og:site_name\" content=\"Online Spirituosengesch\u00e4ft\" \/>\n<meta property=\"article:modified_time\" content=\"2023-12-19T12:03:48+00:00\" \/>\n<meta property=\"og:image\" content=\"https:\/\/degrados.es\/wp-content\/uploads\/2022\/02\/ron-baoruco-21-anos.webp\" \/>\n\t<meta property=\"og:image:width\" content=\"430\" \/>\n\t<meta property=\"og:image:height\" content=\"430\" \/>\n\t<meta property=\"og:image:type\" content=\"image\/webp\" \/>\n<meta name=\"twitter:card\" content=\"summary_large_image\" \/>\n<meta name=\"twitter:label1\" content=\"Preis\" \/>\n\t<meta name=\"twitter:data1\" content=\"44,65&euro; IVA Incluido\" \/>\n\t<meta name=\"twitter:label2\" content=\"Verf\u00fcgbarkeit\" \/>\n\t<meta name=\"twitter:data2\" content=\"Auf Lager\" \/>\n<script type=\"application\/ld+json\" class=\"yoast-schema-graph\">{\"@context\":\"https:\\\/\\\/schema.org\",\"@graph\":[{\"@type\":\"WebPage\",\"@id\":\"https:\\\/\\\/degrados.es\\\/de\\\/?post_type=product&p=2797\",\"url\":\"https:\\\/\\\/degrados.es\\\/de\\\/?post_type=product&p=2797\",\"name\":\"Dominikanischen Premium-Rum aus Zuckerrohr kaufen - Licorer\u00eda Online\",\"isPartOf\":{\"@id\":\"https:\\\/\\\/degrados.es\\\/#website\"},\"primaryImageOfPage\":{\"@id\":\"https:\\\/\\\/degrados.es\\\/de\\\/?post_type=product&p=2797#primaryimage\"},\"image\":{\"@id\":\"https:\\\/\\\/degrados.es\\\/de\\\/?post_type=product&p=2797#primaryimage\"},\"thumbnailUrl\":\"https:\\\/\\\/degrados.es\\\/wp-content\\\/uploads\\\/2022\\\/02\\\/Ron-21-Baoruco.webp\",\"datePublished\":\"2022-02-23T19:20:19+00:00\",\"dateModified\":\"2023-12-19T12:03:48+00:00\",\"description\":\"Entdecken Sie 21 Jahre alten dominikanischen Zuckerrohr-Rum. Kaufen Sie den besten dominikanischen Premium-Rum bei Licorer\u00eda Online. Abgebaut.\",\"breadcrumb\":{\"@id\":\"https:\\\/\\\/degrados.es\\\/de\\\/?post_type=product&p=2797#breadcrumb\"},\"inLanguage\":\"de\",\"potentialAction\":[{\"@type\":\"ReadAction\",\"target\":[\"https:\\\/\\\/degrados.es\\\/de\\\/?post_type=product&p=2797\"]}]},{\"@type\":\"ImageObject\",\"inLanguage\":\"de\",\"@id\":\"https:\\\/\\\/degrados.es\\\/de\\\/?post_type=product&p=2797#primaryimage\",\"url\":\"https:\\\/\\\/degrados.es\\\/wp-content\\\/uploads\\\/2022\\\/02\\\/Ron-21-Baoruco.webp\",\"contentUrl\":\"https:\\\/\\\/degrados.es\\\/wp-content\\\/uploads\\\/2022\\\/02\\\/Ron-21-Baoruco.webp\",\"width\":1000,\"height\":1000,\"caption\":\"Ron Dominicano 21\"},{\"@type\":\"BreadcrumbList\",\"@id\":\"https:\\\/\\\/degrados.es\\\/de\\\/?post_type=product&p=2797#breadcrumb\",\"itemListElement\":[{\"@type\":\"ListItem\",\"position\":1,\"name\":\"Home\",\"item\":\"https:\\\/\\\/degrados.es\\\/de\\\/startseite\\\/\"},{\"@type\":\"ListItem\",\"position\":2,\"name\":\"Shop\",\"item\":\"https:\\\/\\\/degrados.es\\\/de\\\/?page_id=2821\"},{\"@type\":\"ListItem\",\"position\":3,\"name\":\"Dominikanischer Rum 21\"}]},{\"@type\":\"WebSite\",\"@id\":\"https:\\\/\\\/degrados.es\\\/#website\",\"url\":\"https:\\\/\\\/degrados.es\\\/\",\"name\":\"Degrados\",\"description\":\"Spirituosen online kaufen\",\"publisher\":{\"@id\":\"https:\\\/\\\/degrados.es\\\/#organization\"},\"alternateName\":\"Licorer\u00eda online\",\"potentialAction\":[{\"@type\":\"SearchAction\",\"target\":{\"@type\":\"EntryPoint\",\"urlTemplate\":\"https:\\\/\\\/degrados.es\\\/?s={search_term_string}\"},\"query-input\":{\"@type\":\"PropertyValueSpecification\",\"valueRequired\":true,\"valueName\":\"search_term_string\"}}],\"inLanguage\":\"de\"},{\"@type\":\"Organization\",\"@id\":\"https:\\\/\\\/degrados.es\\\/#organization\",\"name\":\"DeGrados\",\"url\":\"https:\\\/\\\/degrados.es\\\/\",\"logo\":{\"@type\":\"ImageObject\",\"inLanguage\":\"de\",\"@id\":\"https:\\\/\\\/degrados.es\\\/#\\\/schema\\\/logo\\\/image\\\/\",\"url\":\"https:\\\/\\\/degrados.es\\\/wp-content\\\/uploads\\\/2021\\\/02\\\/Logo-degrados.png\",\"contentUrl\":\"https:\\\/\\\/degrados.es\\\/wp-content\\\/uploads\\\/2021\\\/02\\\/Logo-degrados.png\",\"width\":350,\"height\":86,\"caption\":\"DeGrados\"},\"image\":{\"@id\":\"https:\\\/\\\/degrados.es\\\/#\\\/schema\\\/logo\\\/image\\\/\"}}]}<\/script>\n<meta property=\"product:price:amount\" content=\"44.65\" \/>\n<meta property=\"product:price:currency\" content=\"EUR\" \/>\n<meta property=\"og:availability\" content=\"instock\" \/>\n<meta property=\"product:availability\" content=\"instock\" \/>\n<meta property=\"product:retailer_item_id\" content=\"D1G33\" \/>\n<meta property=\"product:condition\" content=\"new\" \/>\n<!-- \/ Yoast SEO plugin. -->","yoast_head_json":{"title":"Dominikanischen Premium-Rum aus Zuckerrohr kaufen - Licorer\u00eda Online","description":"Entdecken Sie 21 Jahre alten dominikanischen Zuckerrohr-Rum. Kaufen Sie den besten dominikanischen Premium-Rum bei Licorer\u00eda Online. Abgebaut.","robots":{"index":"index","follow":"follow","max-snippet":"max-snippet:-1","max-image-preview":"max-image-preview:large","max-video-preview":"max-video-preview:-1"},"canonical":"https:\/\/degrados.es\/de\/?post_type=product&p=2797","og_locale":"de_DE","og_type":"article","og_title":"Dominikanischen Premium-Rum aus Zuckerrohr kaufen - Licorer\u00eda Online","og_description":"Entdecken Sie 21 Jahre alten dominikanischen Zuckerrohr-Rum. Kaufen Sie den besten dominikanischen Premium-Rum bei Licorer\u00eda Online. Abgebaut.","og_url":"https:\/\/degrados.es\/de\/?post_type=product&p=2797","og_site_name":"Online Spirituosengesch\u00e4ft","article_modified_time":"2023-12-19T12:03:48+00:00","og_image":[{"width":430,"height":430,"url":"https:\/\/degrados.es\/wp-content\/uploads\/2022\/02\/ron-baoruco-21-anos.webp","type":"image\/webp"}],"twitter_card":"summary_large_image","twitter_misc":{"Preis":"44,65&euro; IVA Incluido","Verf\u00fcgbarkeit":"Auf Lager"},"schema":{"@context":"https:\/\/schema.org","@graph":[{"@type":"WebPage","@id":"https:\/\/degrados.es\/de\/?post_type=product&p=2797","url":"https:\/\/degrados.es\/de\/?post_type=product&p=2797","name":"Dominikanischen Premium-Rum aus Zuckerrohr kaufen - Licorer\u00eda Online","isPartOf":{"@id":"https:\/\/degrados.es\/#website"},"primaryImageOfPage":{"@id":"https:\/\/degrados.es\/de\/?post_type=product&p=2797#primaryimage"},"image":{"@id":"https:\/\/degrados.es\/de\/?post_type=product&p=2797#primaryimage"},"thumbnailUrl":"https:\/\/degrados.es\/wp-content\/uploads\/2022\/02\/Ron-21-Baoruco.webp","datePublished":"2022-02-23T19:20:19+00:00","dateModified":"2023-12-19T12:03:48+00:00","description":"Entdecken Sie 21 Jahre alten dominikanischen Zuckerrohr-Rum. Kaufen Sie den besten dominikanischen Premium-Rum bei Licorer\u00eda Online. Abgebaut.","breadcrumb":{"@id":"https:\/\/degrados.es\/de\/?post_type=product&p=2797#breadcrumb"},"inLanguage":"de","potentialAction":[{"@type":"ReadAction","target":["https:\/\/degrados.es\/de\/?post_type=product&p=2797"]}]},{"@type":"ImageObject","inLanguage":"de","@id":"https:\/\/degrados.es\/de\/?post_type=product&p=2797#primaryimage","url":"https:\/\/degrados.es\/wp-content\/uploads\/2022\/02\/Ron-21-Baoruco.webp","contentUrl":"https:\/\/degrados.es\/wp-content\/uploads\/2022\/02\/Ron-21-Baoruco.webp","width":1000,"height":1000,"caption":"Ron Dominicano 21"},{"@type":"BreadcrumbList","@id":"https:\/\/degrados.es\/de\/?post_type=product&p=2797#breadcrumb","itemListElement":[{"@type":"ListItem","position":1,"name":"Home","item":"https:\/\/degrados.es\/de\/startseite\/"},{"@type":"ListItem","position":2,"name":"Shop","item":"https:\/\/degrados.es\/de\/?page_id=2821"},{"@type":"ListItem","position":3,"name":"Dominikanischer Rum 21"}]},{"@type":"WebSite","@id":"https:\/\/degrados.es\/#website","url":"https:\/\/degrados.es\/","name":"Degrados","description":"Spirituosen online kaufen","publisher":{"@id":"https:\/\/degrados.es\/#organization"},"alternateName":"Licorer\u00eda online","potentialAction":[{"@type":"SearchAction","target":{"@type":"EntryPoint","urlTemplate":"https:\/\/degrados.es\/?s={search_term_string}"},"query-input":{"@type":"PropertyValueSpecification","valueRequired":true,"valueName":"search_term_string"}}],"inLanguage":"de"},{"@type":"Organization","@id":"https:\/\/degrados.es\/#organization","name":"DeGrados","url":"https:\/\/degrados.es\/","logo":{"@type":"ImageObject","inLanguage":"de","@id":"https:\/\/degrados.es\/#\/schema\/logo\/image\/","url":"https:\/\/degrados.es\/wp-content\/uploads\/2021\/02\/Logo-degrados.png","contentUrl":"https:\/\/degrados.es\/wp-content\/uploads\/2021\/02\/Logo-degrados.png","width":350,"height":86,"caption":"DeGrados"},"image":{"@id":"https:\/\/degrados.es\/#\/schema\/logo\/image\/"}}]},"product_price_amount":"44.65","product_price_currency":"EUR","og_availability":"instock","product_availability":"instock","product_retailer_item_id":"D1G33","product_condition":"new"},"_links":{"self":[{"href":"https:\/\/degrados.es\/de\/wp-json\/wp\/v2\/product\/2797","targetHints":{"allow":["GET"]}}],"collection":[{"href":"https:\/\/degrados.es\/de\/wp-json\/wp\/v2\/product"}],"about":[{"href":"https:\/\/degrados.es\/de\/wp-json\/wp\/v2\/types\/product"}],"replies":[{"embeddable":true,"href":"https:\/\/degrados.es\/de\/wp-json\/wp\/v2\/comments?post=2797"}],"wp:featuredmedia":[{"embeddable":true,"href":"https:\/\/degrados.es\/de\/wp-json\/wp\/v2\/media\/3830"}],"wp:attachment":[{"href":"https:\/\/degrados.es\/de\/wp-json\/wp\/v2\/media?parent=2797"}],"wp:term":[{"taxonomy":"product_cat","embeddable":true,"href":"https:\/\/degrados.es\/de\/wp-json\/wp\/v2\/product_cat?post=2797"},{"taxonomy":"product_tag","embeddable":true,"href":"https:\/\/degrados.es\/de\/wp-json\/wp\/v2\/product_tag?post=2797"}],"curies":[{"name":"wp","href":"https:\/\/api.w.org\/{rel}","templated":true}]}}