{"id":2798,"date":"2021-04-13T15:28:58","date_gmt":"2021-04-13T13:28:58","guid":{"rendered":"https:\/\/degrados.es\/producto\/cazalla-anisette-trocken-kcalla-45-vol-1l\/"},"modified":"2023-12-19T13:03:49","modified_gmt":"2023-12-19T12:03:49","slug":"cazalla-anisette-trocken-kcalla-45-vol-1l","status":"publish","type":"product","link":"https:\/\/degrados.es\/de\/producto\/cazalla-anisette-trocken-kcalla-45-vol-1l\/","title":{"rendered":"Cazalla &#8211; Anisette trocken K\u00c7ALLA 45% vol 1L"},"content":{"rendered":"","protected":false},"excerpt":{"rendered":"<p>Cazalla &#8211; Trockener Anis-Lik\u00f6r. K\u00e7alla hat ein v\u00f6llig neues und originelles Image f\u00fcr ein Produkt, das auf traditionelle Weise wie die valencianische Cazalla hergestellt wird.<\/p>\n","protected":false},"featured_media":3875,"comment_status":"open","ping_status":"closed","template":"","meta":{"inline_featured_image":false},"product_cat":[53],"product_tag":[144,171,36],"class_list":{"0":"post-2798","1":"product","2":"type-product","3":"status-publish","4":"has-post-thumbnail","6":"product_cat-absenta-cazalla","7":"product_tag-anis","8":"product_tag-licor-de-anis","9":"product_tag-licor","11":"first","12":"instock","13":"sale","14":"taxable","15":"shipping-taxable","16":"purchasable","17":"product-type-simple"},"yoast_head":"<!-- This site is optimized with the Yoast SEO plugin v27.4 - https:\/\/yoast.com\/product\/yoast-seo-wordpress\/ -->\n<title>Comprar Cazalla - Anisette trocken K\u00c7ALLA 45% vol 1L - Online Spirituosengesch\u00e4ft<\/title>\n<meta name=\"description\" content=\"Cazalla online kaufen. K\u00e7alla Trockener Anis-Lik\u00f6r kaufen. Online-Gesch\u00e4ft f\u00fcr Spirituosen und Getr\u00e4nke. Handgemachter Lik\u00f6r aus Valencia. Online Spirituosengesch\u00e4ft.\" \/>\n<meta name=\"robots\" content=\"index, follow, max-snippet:-1, max-image-preview:large, max-video-preview:-1\" \/>\n<link rel=\"canonical\" href=\"https:\/\/degrados.es\/de\/?post_type=product&p=2798\" \/>\n<meta property=\"og:locale\" content=\"de_DE\" \/>\n<meta property=\"og:type\" content=\"article\" \/>\n<meta property=\"og:title\" content=\"Comprar Cazalla - Anisette trocken K\u00c7ALLA 45% vol 1L - Online Spirituosengesch\u00e4ft\" \/>\n<meta property=\"og:description\" content=\"Cazalla online kaufen. K\u00e7alla Trockener Anis-Lik\u00f6r kaufen. Online-Gesch\u00e4ft f\u00fcr Spirituosen und Getr\u00e4nke. Handgemachter Lik\u00f6r aus Valencia. Online Spirituosengesch\u00e4ft.\" \/>\n<meta property=\"og:url\" content=\"https:\/\/degrados.es\/de\/?post_type=product&amp;p=2798\" \/>\n<meta property=\"og:site_name\" content=\"Online Spirituosengesch\u00e4ft\" \/>\n<meta property=\"article:modified_time\" content=\"2023-12-19T12:03:49+00:00\" \/>\n<meta property=\"og:image\" content=\"https:\/\/degrados.es\/wp-content\/uploads\/2021\/04\/anis-cazalla-kcalla-100cl.jpg\" \/>\n\t<meta property=\"og:image:width\" content=\"430\" \/>\n\t<meta property=\"og:image:height\" content=\"430\" \/>\n\t<meta property=\"og:image:type\" content=\"image\/jpeg\" \/>\n<meta name=\"twitter:card\" content=\"summary_large_image\" \/>\n<meta name=\"twitter:label1\" content=\"Preis\" \/>\n\t<meta name=\"twitter:data1\" content=\"14,45&euro; IVA Incluido\" \/>\n\t<meta name=\"twitter:label2\" content=\"Verf\u00fcgbarkeit\" \/>\n\t<meta name=\"twitter:data2\" content=\"Auf Lager\" \/>\n<script type=\"application\/ld+json\" class=\"yoast-schema-graph\">{\"@context\":\"https:\\\/\\\/schema.org\",\"@graph\":[{\"@type\":\"WebPage\",\"@id\":\"https:\\\/\\\/degrados.es\\\/de\\\/?post_type=product&p=2798\",\"url\":\"https:\\\/\\\/degrados.es\\\/de\\\/?post_type=product&p=2798\",\"name\":\"Comprar Cazalla - Anisette trocken K\u00c7ALLA 45% vol 1L - Online Spirituosengesch\u00e4ft\",\"isPartOf\":{\"@id\":\"https:\\\/\\\/degrados.es\\\/#website\"},\"primaryImageOfPage\":{\"@id\":\"https:\\\/\\\/degrados.es\\\/de\\\/?post_type=product&p=2798#primaryimage\"},\"image\":{\"@id\":\"https:\\\/\\\/degrados.es\\\/de\\\/?post_type=product&p=2798#primaryimage\"},\"thumbnailUrl\":\"https:\\\/\\\/degrados.es\\\/wp-content\\\/uploads\\\/2021\\\/04\\\/Anis-seco-en-frio-Kcalla.webp\",\"datePublished\":\"2021-04-13T13:28:58+00:00\",\"dateModified\":\"2023-12-19T12:03:49+00:00\",\"description\":\"Cazalla online kaufen. K\u00e7alla Trockener Anis-Lik\u00f6r kaufen. Online-Gesch\u00e4ft f\u00fcr Spirituosen und Getr\u00e4nke. Handgemachter Lik\u00f6r aus Valencia. Online Spirituosengesch\u00e4ft.\",\"breadcrumb\":{\"@id\":\"https:\\\/\\\/degrados.es\\\/de\\\/?post_type=product&p=2798#breadcrumb\"},\"inLanguage\":\"de\",\"potentialAction\":[{\"@type\":\"ReadAction\",\"target\":[\"https:\\\/\\\/degrados.es\\\/de\\\/?post_type=product&p=2798\"]}]},{\"@type\":\"ImageObject\",\"inLanguage\":\"de\",\"@id\":\"https:\\\/\\\/degrados.es\\\/de\\\/?post_type=product&p=2798#primaryimage\",\"url\":\"https:\\\/\\\/degrados.es\\\/wp-content\\\/uploads\\\/2021\\\/04\\\/Anis-seco-en-frio-Kcalla.webp\",\"contentUrl\":\"https:\\\/\\\/degrados.es\\\/wp-content\\\/uploads\\\/2021\\\/04\\\/Anis-seco-en-frio-Kcalla.webp\",\"width\":1000,\"height\":1000,\"caption\":\"Cazalla - An\u00eds Seco K\u00c7ALLA\"},{\"@type\":\"BreadcrumbList\",\"@id\":\"https:\\\/\\\/degrados.es\\\/de\\\/?post_type=product&p=2798#breadcrumb\",\"itemListElement\":[{\"@type\":\"ListItem\",\"position\":1,\"name\":\"Home\",\"item\":\"https:\\\/\\\/degrados.es\\\/de\\\/startseite\\\/\"},{\"@type\":\"ListItem\",\"position\":2,\"name\":\"Shop\",\"item\":\"https:\\\/\\\/degrados.es\\\/de\\\/?page_id=2821\"},{\"@type\":\"ListItem\",\"position\":3,\"name\":\"Cazalla &#8211; Anisette trocken K\u00c7ALLA 45% vol 1L\"}]},{\"@type\":\"WebSite\",\"@id\":\"https:\\\/\\\/degrados.es\\\/#website\",\"url\":\"https:\\\/\\\/degrados.es\\\/\",\"name\":\"Degrados\",\"description\":\"Spirituosen online kaufen\",\"publisher\":{\"@id\":\"https:\\\/\\\/degrados.es\\\/#organization\"},\"alternateName\":\"Licorer\u00eda online\",\"potentialAction\":[{\"@type\":\"SearchAction\",\"target\":{\"@type\":\"EntryPoint\",\"urlTemplate\":\"https:\\\/\\\/degrados.es\\\/?s={search_term_string}\"},\"query-input\":{\"@type\":\"PropertyValueSpecification\",\"valueRequired\":true,\"valueName\":\"search_term_string\"}}],\"inLanguage\":\"de\"},{\"@type\":\"Organization\",\"@id\":\"https:\\\/\\\/degrados.es\\\/#organization\",\"name\":\"DeGrados\",\"url\":\"https:\\\/\\\/degrados.es\\\/\",\"logo\":{\"@type\":\"ImageObject\",\"inLanguage\":\"de\",\"@id\":\"https:\\\/\\\/degrados.es\\\/#\\\/schema\\\/logo\\\/image\\\/\",\"url\":\"https:\\\/\\\/degrados.es\\\/wp-content\\\/uploads\\\/2021\\\/02\\\/Logo-degrados.png\",\"contentUrl\":\"https:\\\/\\\/degrados.es\\\/wp-content\\\/uploads\\\/2021\\\/02\\\/Logo-degrados.png\",\"width\":350,\"height\":86,\"caption\":\"DeGrados\"},\"image\":{\"@id\":\"https:\\\/\\\/degrados.es\\\/#\\\/schema\\\/logo\\\/image\\\/\"}}]}<\/script>\n<meta property=\"product:price:amount\" content=\"14.45\" \/>\n<meta property=\"product:price:currency\" content=\"EUR\" \/>\n<meta property=\"og:availability\" content=\"instock\" \/>\n<meta property=\"product:availability\" content=\"instock\" \/>\n<meta property=\"product:retailer_item_id\" content=\"D1G10\" \/>\n<meta property=\"product:condition\" content=\"new\" \/>\n<!-- \/ Yoast SEO plugin. -->","yoast_head_json":{"title":"Comprar Cazalla - Anisette trocken K\u00c7ALLA 45% vol 1L - Online Spirituosengesch\u00e4ft","description":"Cazalla online kaufen. K\u00e7alla Trockener Anis-Lik\u00f6r kaufen. Online-Gesch\u00e4ft f\u00fcr Spirituosen und Getr\u00e4nke. Handgemachter Lik\u00f6r aus Valencia. Online Spirituosengesch\u00e4ft.","robots":{"index":"index","follow":"follow","max-snippet":"max-snippet:-1","max-image-preview":"max-image-preview:large","max-video-preview":"max-video-preview:-1"},"canonical":"https:\/\/degrados.es\/de\/?post_type=product&p=2798","og_locale":"de_DE","og_type":"article","og_title":"Comprar Cazalla - Anisette trocken K\u00c7ALLA 45% vol 1L - Online Spirituosengesch\u00e4ft","og_description":"Cazalla online kaufen. K\u00e7alla Trockener Anis-Lik\u00f6r kaufen. Online-Gesch\u00e4ft f\u00fcr Spirituosen und Getr\u00e4nke. Handgemachter Lik\u00f6r aus Valencia. Online Spirituosengesch\u00e4ft.","og_url":"https:\/\/degrados.es\/de\/?post_type=product&p=2798","og_site_name":"Online Spirituosengesch\u00e4ft","article_modified_time":"2023-12-19T12:03:49+00:00","og_image":[{"width":430,"height":430,"url":"https:\/\/degrados.es\/wp-content\/uploads\/2021\/04\/anis-cazalla-kcalla-100cl.jpg","type":"image\/jpeg"}],"twitter_card":"summary_large_image","twitter_misc":{"Preis":"14,45&euro; IVA Incluido","Verf\u00fcgbarkeit":"Auf Lager"},"schema":{"@context":"https:\/\/schema.org","@graph":[{"@type":"WebPage","@id":"https:\/\/degrados.es\/de\/?post_type=product&p=2798","url":"https:\/\/degrados.es\/de\/?post_type=product&p=2798","name":"Comprar Cazalla - Anisette trocken K\u00c7ALLA 45% vol 1L - Online Spirituosengesch\u00e4ft","isPartOf":{"@id":"https:\/\/degrados.es\/#website"},"primaryImageOfPage":{"@id":"https:\/\/degrados.es\/de\/?post_type=product&p=2798#primaryimage"},"image":{"@id":"https:\/\/degrados.es\/de\/?post_type=product&p=2798#primaryimage"},"thumbnailUrl":"https:\/\/degrados.es\/wp-content\/uploads\/2021\/04\/Anis-seco-en-frio-Kcalla.webp","datePublished":"2021-04-13T13:28:58+00:00","dateModified":"2023-12-19T12:03:49+00:00","description":"Cazalla online kaufen. K\u00e7alla Trockener Anis-Lik\u00f6r kaufen. Online-Gesch\u00e4ft f\u00fcr Spirituosen und Getr\u00e4nke. Handgemachter Lik\u00f6r aus Valencia. Online Spirituosengesch\u00e4ft.","breadcrumb":{"@id":"https:\/\/degrados.es\/de\/?post_type=product&p=2798#breadcrumb"},"inLanguage":"de","potentialAction":[{"@type":"ReadAction","target":["https:\/\/degrados.es\/de\/?post_type=product&p=2798"]}]},{"@type":"ImageObject","inLanguage":"de","@id":"https:\/\/degrados.es\/de\/?post_type=product&p=2798#primaryimage","url":"https:\/\/degrados.es\/wp-content\/uploads\/2021\/04\/Anis-seco-en-frio-Kcalla.webp","contentUrl":"https:\/\/degrados.es\/wp-content\/uploads\/2021\/04\/Anis-seco-en-frio-Kcalla.webp","width":1000,"height":1000,"caption":"Cazalla - An\u00eds Seco K\u00c7ALLA"},{"@type":"BreadcrumbList","@id":"https:\/\/degrados.es\/de\/?post_type=product&p=2798#breadcrumb","itemListElement":[{"@type":"ListItem","position":1,"name":"Home","item":"https:\/\/degrados.es\/de\/startseite\/"},{"@type":"ListItem","position":2,"name":"Shop","item":"https:\/\/degrados.es\/de\/?page_id=2821"},{"@type":"ListItem","position":3,"name":"Cazalla &#8211; Anisette trocken K\u00c7ALLA 45% vol 1L"}]},{"@type":"WebSite","@id":"https:\/\/degrados.es\/#website","url":"https:\/\/degrados.es\/","name":"Degrados","description":"Spirituosen online kaufen","publisher":{"@id":"https:\/\/degrados.es\/#organization"},"alternateName":"Licorer\u00eda online","potentialAction":[{"@type":"SearchAction","target":{"@type":"EntryPoint","urlTemplate":"https:\/\/degrados.es\/?s={search_term_string}"},"query-input":{"@type":"PropertyValueSpecification","valueRequired":true,"valueName":"search_term_string"}}],"inLanguage":"de"},{"@type":"Organization","@id":"https:\/\/degrados.es\/#organization","name":"DeGrados","url":"https:\/\/degrados.es\/","logo":{"@type":"ImageObject","inLanguage":"de","@id":"https:\/\/degrados.es\/#\/schema\/logo\/image\/","url":"https:\/\/degrados.es\/wp-content\/uploads\/2021\/02\/Logo-degrados.png","contentUrl":"https:\/\/degrados.es\/wp-content\/uploads\/2021\/02\/Logo-degrados.png","width":350,"height":86,"caption":"DeGrados"},"image":{"@id":"https:\/\/degrados.es\/#\/schema\/logo\/image\/"}}]},"product_price_amount":"14.45","product_price_currency":"EUR","og_availability":"instock","product_availability":"instock","product_retailer_item_id":"D1G10","product_condition":"new"},"_links":{"self":[{"href":"https:\/\/degrados.es\/de\/wp-json\/wp\/v2\/product\/2798","targetHints":{"allow":["GET"]}}],"collection":[{"href":"https:\/\/degrados.es\/de\/wp-json\/wp\/v2\/product"}],"about":[{"href":"https:\/\/degrados.es\/de\/wp-json\/wp\/v2\/types\/product"}],"replies":[{"embeddable":true,"href":"https:\/\/degrados.es\/de\/wp-json\/wp\/v2\/comments?post=2798"}],"wp:featuredmedia":[{"embeddable":true,"href":"https:\/\/degrados.es\/de\/wp-json\/wp\/v2\/media\/3875"}],"wp:attachment":[{"href":"https:\/\/degrados.es\/de\/wp-json\/wp\/v2\/media?parent=2798"}],"wp:term":[{"taxonomy":"product_cat","embeddable":true,"href":"https:\/\/degrados.es\/de\/wp-json\/wp\/v2\/product_cat?post=2798"},{"taxonomy":"product_tag","embeddable":true,"href":"https:\/\/degrados.es\/de\/wp-json\/wp\/v2\/product_tag?post=2798"}],"curies":[{"name":"wp","href":"https:\/\/api.w.org\/{rel}","templated":true}]}}