{"id":2799,"date":"2021-05-01T17:51:46","date_gmt":"2021-05-01T15:51:46","guid":{"rendered":"https:\/\/degrados.es\/producto\/wermut-jarabe-de-palo-weisser-wermut\/"},"modified":"2024-04-24T10:02:58","modified_gmt":"2024-04-24T08:02:58","slug":"wermut-jarabe-de-palo-weisser-wermut","status":"publish","type":"product","link":"https:\/\/degrados.es\/de\/producto\/wermut-jarabe-de-palo-weisser-wermut\/","title":{"rendered":"Wermut Jarabe de Palo &#8211; Wei\u00dfer Wermut"},"content":{"rendered":"<p>Jarabe de Palo \u00ae wird im Herzen der Marina Alta aus Muskateller-Lik\u00f6rweinen hergestellt, die aus der r\u00f6mischen Muskateller-Traube stammen, die auch als Alexandria-Traube bekannt ist. Unser Mikroklima erlaubt es ihr, einen optimalen Reifegrad zu erreichen, was zu einem hoch gesch\u00e4tzten Produkt mit gro\u00dfer Anerkennung f\u00fchrt.<\/p>\n","protected":false},"excerpt":{"rendered":"<p><strong>Jarabe de Palo Blanco Vermouth<\/strong>, hergestellt und veredelt in Alicante. Hergestellt nach einem \u00fcberlieferten Rezept, das bis heute verbessert wurde, und mit der Besonderheit, dass die Reserve des Wermuts in der Flasche hergestellt wird, mit einem St\u00fcck franz\u00f6sischer Eiche, das am Korken befestigt ist. Dies ist eine der Auswirkungen der Wermutreserve.<\/p>\n","protected":false},"featured_media":3803,"comment_status":"open","ping_status":"closed","template":"","meta":{"inline_featured_image":false},"product_cat":[564,615],"product_tag":[642,654,617,616,574],"class_list":{"0":"post-2799","1":"product","2":"type-product","3":"status-publish","4":"has-post-thumbnail","6":"product_cat-destillate","7":"product_cat-wermut","8":"product_tag-sirup-de","9":"product_tag-weis","10":"product_tag-wermut-de-2","11":"product_tag-wermut-de","12":"product_tag-wermut","14":"first","15":"instock","16":"sale","17":"taxable","18":"shipping-taxable","19":"purchasable","20":"product-type-simple"},"yoast_head":"<!-- This site is optimized with the Yoast SEO plugin v27.4 - https:\/\/yoast.com\/product\/yoast-seo-wordpress\/ -->\n<title>Wermut Jarabe de Palo - Wei\u00dfer Wermut -% Alicante Vermouth kaufen<\/title>\n<meta name=\"description\" content=\"Kaufen Sie %. Online-Gesch\u00e4ft f\u00fcr Spirituosen und Getr\u00e4nke. Handgemachte Lik\u00f6re online kaufen bei Licorer\u00eda. Spanien.\" \/>\n<meta name=\"robots\" content=\"index, follow, max-snippet:-1, max-image-preview:large, max-video-preview:-1\" \/>\n<link rel=\"canonical\" href=\"https:\/\/degrados.es\/de\/?post_type=product&p=2799\" \/>\n<meta property=\"og:locale\" content=\"de_DE\" \/>\n<meta property=\"og:type\" content=\"article\" \/>\n<meta property=\"og:title\" content=\"Wermut Jarabe de Palo - Wei\u00dfer Wermut -% Alicante Vermouth kaufen\" \/>\n<meta property=\"og:description\" content=\"Kaufen Sie %. Online-Gesch\u00e4ft f\u00fcr Spirituosen und Getr\u00e4nke. Handgemachte Lik\u00f6re online kaufen bei Licorer\u00eda. Spanien.\" \/>\n<meta property=\"og:url\" content=\"https:\/\/degrados.es\/de\/?post_type=product&amp;p=2799\" \/>\n<meta property=\"og:site_name\" content=\"Online Spirituosengesch\u00e4ft\" \/>\n<meta property=\"article:modified_time\" content=\"2024-04-24T08:02:58+00:00\" \/>\n<meta property=\"og:image\" content=\"https:\/\/degrados.es\/wp-content\/uploads\/2021\/05\/vermouth-jarabe-de-palo-blanco_10073464_xxl.jpg\" \/>\n\t<meta property=\"og:image:width\" content=\"323\" \/>\n\t<meta property=\"og:image:height\" content=\"430\" \/>\n\t<meta property=\"og:image:type\" content=\"image\/jpeg\" \/>\n<meta name=\"twitter:card\" content=\"summary_large_image\" \/>\n<meta name=\"twitter:label1\" content=\"Preis\" \/>\n\t<meta name=\"twitter:data1\" content=\"12,30&euro; IVA Incluido\" \/>\n\t<meta name=\"twitter:label2\" content=\"Verf\u00fcgbarkeit\" \/>\n\t<meta name=\"twitter:data2\" content=\"Auf Lager\" \/>\n<script type=\"application\/ld+json\" class=\"yoast-schema-graph\">{\"@context\":\"https:\\\/\\\/schema.org\",\"@graph\":[{\"@type\":\"WebPage\",\"@id\":\"https:\\\/\\\/degrados.es\\\/de\\\/?post_type=product&p=2799\",\"url\":\"https:\\\/\\\/degrados.es\\\/de\\\/?post_type=product&p=2799\",\"name\":\"Wermut Jarabe de Palo - Wei\u00dfer Wermut -% Alicante Vermouth kaufen\",\"isPartOf\":{\"@id\":\"https:\\\/\\\/degrados.es\\\/#website\"},\"primaryImageOfPage\":{\"@id\":\"https:\\\/\\\/degrados.es\\\/de\\\/?post_type=product&p=2799#primaryimage\"},\"image\":{\"@id\":\"https:\\\/\\\/degrados.es\\\/de\\\/?post_type=product&p=2799#primaryimage\"},\"thumbnailUrl\":\"https:\\\/\\\/degrados.es\\\/wp-content\\\/uploads\\\/2021\\\/05\\\/33.webp\",\"datePublished\":\"2021-05-01T15:51:46+00:00\",\"dateModified\":\"2024-04-24T08:02:58+00:00\",\"description\":\"Kaufen Sie %. Online-Gesch\u00e4ft f\u00fcr Spirituosen und Getr\u00e4nke. Handgemachte Lik\u00f6re online kaufen bei Licorer\u00eda. Spanien.\",\"breadcrumb\":{\"@id\":\"https:\\\/\\\/degrados.es\\\/de\\\/?post_type=product&p=2799#breadcrumb\"},\"inLanguage\":\"de\",\"potentialAction\":[{\"@type\":\"ReadAction\",\"target\":[\"https:\\\/\\\/degrados.es\\\/de\\\/?post_type=product&p=2799\"]}]},{\"@type\":\"ImageObject\",\"inLanguage\":\"de\",\"@id\":\"https:\\\/\\\/degrados.es\\\/de\\\/?post_type=product&p=2799#primaryimage\",\"url\":\"https:\\\/\\\/degrados.es\\\/wp-content\\\/uploads\\\/2021\\\/05\\\/33.webp\",\"contentUrl\":\"https:\\\/\\\/degrados.es\\\/wp-content\\\/uploads\\\/2021\\\/05\\\/33.webp\",\"width\":1000,\"height\":1000,\"caption\":\"Vermouth blanco Jarabe de Palo\"},{\"@type\":\"BreadcrumbList\",\"@id\":\"https:\\\/\\\/degrados.es\\\/de\\\/?post_type=product&p=2799#breadcrumb\",\"itemListElement\":[{\"@type\":\"ListItem\",\"position\":1,\"name\":\"Home\",\"item\":\"https:\\\/\\\/degrados.es\\\/de\\\/startseite\\\/\"},{\"@type\":\"ListItem\",\"position\":2,\"name\":\"Shop\",\"item\":\"https:\\\/\\\/degrados.es\\\/de\\\/?page_id=2821\"},{\"@type\":\"ListItem\",\"position\":3,\"name\":\"Wermut Jarabe de Palo &#8211; Wei\u00dfer Wermut\"}]},{\"@type\":\"WebSite\",\"@id\":\"https:\\\/\\\/degrados.es\\\/#website\",\"url\":\"https:\\\/\\\/degrados.es\\\/\",\"name\":\"Degrados\",\"description\":\"Spirituosen online kaufen\",\"publisher\":{\"@id\":\"https:\\\/\\\/degrados.es\\\/#organization\"},\"alternateName\":\"Licorer\u00eda online\",\"potentialAction\":[{\"@type\":\"SearchAction\",\"target\":{\"@type\":\"EntryPoint\",\"urlTemplate\":\"https:\\\/\\\/degrados.es\\\/?s={search_term_string}\"},\"query-input\":{\"@type\":\"PropertyValueSpecification\",\"valueRequired\":true,\"valueName\":\"search_term_string\"}}],\"inLanguage\":\"de\"},{\"@type\":\"Organization\",\"@id\":\"https:\\\/\\\/degrados.es\\\/#organization\",\"name\":\"DeGrados\",\"url\":\"https:\\\/\\\/degrados.es\\\/\",\"logo\":{\"@type\":\"ImageObject\",\"inLanguage\":\"de\",\"@id\":\"https:\\\/\\\/degrados.es\\\/#\\\/schema\\\/logo\\\/image\\\/\",\"url\":\"https:\\\/\\\/degrados.es\\\/wp-content\\\/uploads\\\/2021\\\/02\\\/Logo-degrados.png\",\"contentUrl\":\"https:\\\/\\\/degrados.es\\\/wp-content\\\/uploads\\\/2021\\\/02\\\/Logo-degrados.png\",\"width\":350,\"height\":86,\"caption\":\"DeGrados\"},\"image\":{\"@id\":\"https:\\\/\\\/degrados.es\\\/#\\\/schema\\\/logo\\\/image\\\/\"}}]}<\/script>\n<meta property=\"product:price:amount\" content=\"12.30\" \/>\n<meta property=\"product:price:currency\" content=\"EUR\" \/>\n<meta property=\"og:availability\" content=\"instock\" \/>\n<meta property=\"product:availability\" content=\"instock\" \/>\n<meta property=\"product:retailer_item_id\" content=\"D1G5\" \/>\n<meta property=\"product:condition\" content=\"new\" \/>\n<!-- \/ Yoast SEO plugin. -->","yoast_head_json":{"title":"Wermut Jarabe de Palo - Wei\u00dfer Wermut -% Alicante Vermouth kaufen","description":"Kaufen Sie %. Online-Gesch\u00e4ft f\u00fcr Spirituosen und Getr\u00e4nke. Handgemachte Lik\u00f6re online kaufen bei Licorer\u00eda. Spanien.","robots":{"index":"index","follow":"follow","max-snippet":"max-snippet:-1","max-image-preview":"max-image-preview:large","max-video-preview":"max-video-preview:-1"},"canonical":"https:\/\/degrados.es\/de\/?post_type=product&p=2799","og_locale":"de_DE","og_type":"article","og_title":"Wermut Jarabe de Palo - Wei\u00dfer Wermut -% Alicante Vermouth kaufen","og_description":"Kaufen Sie %. Online-Gesch\u00e4ft f\u00fcr Spirituosen und Getr\u00e4nke. Handgemachte Lik\u00f6re online kaufen bei Licorer\u00eda. Spanien.","og_url":"https:\/\/degrados.es\/de\/?post_type=product&p=2799","og_site_name":"Online Spirituosengesch\u00e4ft","article_modified_time":"2024-04-24T08:02:58+00:00","og_image":[{"width":323,"height":430,"url":"https:\/\/degrados.es\/wp-content\/uploads\/2021\/05\/vermouth-jarabe-de-palo-blanco_10073464_xxl.jpg","type":"image\/jpeg"}],"twitter_card":"summary_large_image","twitter_misc":{"Preis":"12,30&euro; IVA Incluido","Verf\u00fcgbarkeit":"Auf Lager"},"schema":{"@context":"https:\/\/schema.org","@graph":[{"@type":"WebPage","@id":"https:\/\/degrados.es\/de\/?post_type=product&p=2799","url":"https:\/\/degrados.es\/de\/?post_type=product&p=2799","name":"Wermut Jarabe de Palo - Wei\u00dfer Wermut -% Alicante Vermouth kaufen","isPartOf":{"@id":"https:\/\/degrados.es\/#website"},"primaryImageOfPage":{"@id":"https:\/\/degrados.es\/de\/?post_type=product&p=2799#primaryimage"},"image":{"@id":"https:\/\/degrados.es\/de\/?post_type=product&p=2799#primaryimage"},"thumbnailUrl":"https:\/\/degrados.es\/wp-content\/uploads\/2021\/05\/33.webp","datePublished":"2021-05-01T15:51:46+00:00","dateModified":"2024-04-24T08:02:58+00:00","description":"Kaufen Sie %. Online-Gesch\u00e4ft f\u00fcr Spirituosen und Getr\u00e4nke. Handgemachte Lik\u00f6re online kaufen bei Licorer\u00eda. Spanien.","breadcrumb":{"@id":"https:\/\/degrados.es\/de\/?post_type=product&p=2799#breadcrumb"},"inLanguage":"de","potentialAction":[{"@type":"ReadAction","target":["https:\/\/degrados.es\/de\/?post_type=product&p=2799"]}]},{"@type":"ImageObject","inLanguage":"de","@id":"https:\/\/degrados.es\/de\/?post_type=product&p=2799#primaryimage","url":"https:\/\/degrados.es\/wp-content\/uploads\/2021\/05\/33.webp","contentUrl":"https:\/\/degrados.es\/wp-content\/uploads\/2021\/05\/33.webp","width":1000,"height":1000,"caption":"Vermouth blanco Jarabe de Palo"},{"@type":"BreadcrumbList","@id":"https:\/\/degrados.es\/de\/?post_type=product&p=2799#breadcrumb","itemListElement":[{"@type":"ListItem","position":1,"name":"Home","item":"https:\/\/degrados.es\/de\/startseite\/"},{"@type":"ListItem","position":2,"name":"Shop","item":"https:\/\/degrados.es\/de\/?page_id=2821"},{"@type":"ListItem","position":3,"name":"Wermut Jarabe de Palo &#8211; Wei\u00dfer Wermut"}]},{"@type":"WebSite","@id":"https:\/\/degrados.es\/#website","url":"https:\/\/degrados.es\/","name":"Degrados","description":"Spirituosen online kaufen","publisher":{"@id":"https:\/\/degrados.es\/#organization"},"alternateName":"Licorer\u00eda online","potentialAction":[{"@type":"SearchAction","target":{"@type":"EntryPoint","urlTemplate":"https:\/\/degrados.es\/?s={search_term_string}"},"query-input":{"@type":"PropertyValueSpecification","valueRequired":true,"valueName":"search_term_string"}}],"inLanguage":"de"},{"@type":"Organization","@id":"https:\/\/degrados.es\/#organization","name":"DeGrados","url":"https:\/\/degrados.es\/","logo":{"@type":"ImageObject","inLanguage":"de","@id":"https:\/\/degrados.es\/#\/schema\/logo\/image\/","url":"https:\/\/degrados.es\/wp-content\/uploads\/2021\/02\/Logo-degrados.png","contentUrl":"https:\/\/degrados.es\/wp-content\/uploads\/2021\/02\/Logo-degrados.png","width":350,"height":86,"caption":"DeGrados"},"image":{"@id":"https:\/\/degrados.es\/#\/schema\/logo\/image\/"}}]},"product_price_amount":"12.30","product_price_currency":"EUR","og_availability":"instock","product_availability":"instock","product_retailer_item_id":"D1G5","product_condition":"new"},"_links":{"self":[{"href":"https:\/\/degrados.es\/de\/wp-json\/wp\/v2\/product\/2799","targetHints":{"allow":["GET"]}}],"collection":[{"href":"https:\/\/degrados.es\/de\/wp-json\/wp\/v2\/product"}],"about":[{"href":"https:\/\/degrados.es\/de\/wp-json\/wp\/v2\/types\/product"}],"replies":[{"embeddable":true,"href":"https:\/\/degrados.es\/de\/wp-json\/wp\/v2\/comments?post=2799"}],"wp:featuredmedia":[{"embeddable":true,"href":"https:\/\/degrados.es\/de\/wp-json\/wp\/v2\/media\/3803"}],"wp:attachment":[{"href":"https:\/\/degrados.es\/de\/wp-json\/wp\/v2\/media?parent=2799"}],"wp:term":[{"taxonomy":"product_cat","embeddable":true,"href":"https:\/\/degrados.es\/de\/wp-json\/wp\/v2\/product_cat?post=2799"},{"taxonomy":"product_tag","embeddable":true,"href":"https:\/\/degrados.es\/de\/wp-json\/wp\/v2\/product_tag?post=2799"}],"curies":[{"name":"wp","href":"https:\/\/api.w.org\/{rel}","templated":true}]}}