{"id":2800,"date":"2021-07-12T15:25:07","date_gmt":"2021-07-12T13:25:07","guid":{"rendered":"https:\/\/degrados.es\/producto\/botanischer-gin-gin-ever\/"},"modified":"2024-04-24T09:58:11","modified_gmt":"2024-04-24T07:58:11","slug":"botanischer-gin-gin-ever","status":"publish","type":"product","link":"https:\/\/degrados.es\/de\/producto\/botanischer-gin-gin-ever\/","title":{"rendered":"Botanischer Gin &#8211; Gin Ever"},"content":{"rendered":"<p>Gin EVER ist ein einzigartiger und unverwechselbarer Gin. Die Spirituose von Gin EVER besteht aus 10 pflanzlichen Stoffen, die speziell wegen ihrer Qualit\u00e4t und Einzigartigkeit ausgew\u00e4hlt wurden. Das Gebirge von Alicante ist seit jeher sehr reich an botanischen Arten, und hier findet der Gin EVER seine ganz eigene Vielfalt an Wacholder, Rosmarin und Minze. Dar\u00fcber hinaus bieten s\u00fc\u00dfe Orangen- und Zitronenschalen eine Mischung aus lokalen Produkten, die durch andere Zutaten von unbestreitbarer Qualit\u00e4t erg\u00e4nzt werden, wie indischer Kardamom, marokkanischer Koriander, Engelwurz und Minze.<\/p>\n<p>EVER Gin wird in einer traditionellen Kupferbrennblase in einem dreistufigen Destillationsverfahren aus Getreide destilliert und vollst\u00e4ndig handgefertigt. Die erste Phase umfasst nur einige der Elemente, die dem Produkt seinen Charakter verleihen. Das Eintreffen der zweiten Phase verleiht Gin EVER seine charakteristische Sanftheit, so dass in der dritten Phase nur noch das Herz verwendet wird. Als Ergebnis dieser sorgf\u00e4ltigen und traditionellen Herstellung wurde Gin EVER beim internationalen Wettbewerb CINVE 2012 und CINVE 2013 mit der Goldmedaille ausgezeichnet, einem internationalen Wettbewerb, dessen Jury sich aus Experten aus 30 L\u00e4ndern zusammensetzt.<\/p>\n<p><b>Verkostungsnotiz:<\/b> Der Gin EVER hat ein helles und kristallines Aussehen und erobert die Sinne, sobald er das Glas erreicht. In der Nase werden die Aromen des Naturparks durch den Stab eines sehr charakteristischen Wacholders fein orchestriert, der den weichen aromatischen Noten von einheimischen Pflanzen und mediterranen Zitrusfr\u00fcchten weicht. Im Mund ist er sauber und sehr geschmeidig, harmonisch und ungeheuer intensiv, alle Elemente, die in der Nase hervorstechen, werden zu einer konsistenten und gut strukturierten Mischung, in der Rosmarin die aromatischen Aspekte des Produkts begleitet.<\/p>\n<p><b>Empfehlungen:<\/b> Wegen seines Aromas und seiner Geschmeidigkeit ist Gin EVER ideal, um ihn pur oder auf Eis zu trinken.<\/p>\n<p>Speziell f\u00fcr Cocktails.<\/p>\n","protected":false},"excerpt":{"rendered":"<p>Gin EVER ist der erste London Dry Gin, der in der Comunidad Valenciana hergestellt wird. Seine einzigartigen Aromen verdankt er der Frische der mediterranen Zitrusfr\u00fcchte und den botanischen Aromen des Naturparks Sierra de Mariola.<\/p>\n","protected":false},"featured_media":8733,"comment_status":"open","ping_status":"closed","template":"","meta":{"inline_featured_image":false},"product_cat":[99,290],"product_tag":[109,108,291,111],"class_list":{"0":"post-2800","1":"product","2":"type-product","3":"status-publish","4":"has-post-thumbnail","6":"product_cat-distilled-spirits","7":"product_cat-gin","8":"product_tag-spanish-botanical-gin","9":"product_tag-gin","10":"product_tag-gin-ever-en","11":"product_tag-london-dry-gin-en","13":"first","14":"instock","15":"sale","16":"taxable","17":"shipping-taxable","18":"purchasable","19":"product-type-simple"},"yoast_head":"<!-- This site is optimized with the Yoast SEO plugin v27.4 - https:\/\/yoast.com\/product\/yoast-seo-wordpress\/ -->\n<title>Botanical Gin - London Dry Gin Ever Floral online kaufen<\/title>\n<meta name=\"description\" content=\"Gin Ever online kaufen. London Dry Gin aus der Comunidad Valenciana. Botanischer Gin mit Zitrusfr\u00fcchten. Online Spirituosengesch\u00e4ft Degrados.\" \/>\n<meta name=\"robots\" content=\"index, follow, max-snippet:-1, max-image-preview:large, max-video-preview:-1\" \/>\n<link rel=\"canonical\" href=\"https:\/\/degrados.es\/de\/?post_type=product&p=2800\" \/>\n<meta property=\"og:locale\" content=\"de_DE\" \/>\n<meta property=\"og:type\" content=\"article\" \/>\n<meta property=\"og:title\" content=\"Botanical Gin - London Dry Gin Ever Floral online kaufen\" \/>\n<meta property=\"og:description\" content=\"Gin Ever online kaufen. London Dry Gin aus der Comunidad Valenciana. Botanischer Gin mit Zitrusfr\u00fcchten. Online Spirituosengesch\u00e4ft Degrados.\" \/>\n<meta property=\"og:url\" content=\"https:\/\/degrados.es\/de\/?post_type=product&amp;p=2800\" \/>\n<meta property=\"og:site_name\" content=\"Online Spirituosengesch\u00e4ft\" \/>\n<meta property=\"article:modified_time\" content=\"2024-04-24T07:58:11+00:00\" \/>\n<meta property=\"og:image\" content=\"https:\/\/degrados.es\/wp-content\/uploads\/2021\/07\/comprar-gin-ever-ginebra-hierbas.jpg\" \/>\n\t<meta property=\"og:image:width\" content=\"960\" \/>\n\t<meta property=\"og:image:height\" content=\"480\" \/>\n\t<meta property=\"og:image:type\" content=\"image\/jpeg\" \/>\n<meta name=\"twitter:card\" content=\"summary_large_image\" \/>\n<meta name=\"twitter:label1\" content=\"Preis\" \/>\n\t<meta name=\"twitter:data1\" content=\"28,50&euro; IVA Incluido\" \/>\n\t<meta name=\"twitter:label2\" content=\"Verf\u00fcgbarkeit\" \/>\n\t<meta name=\"twitter:data2\" content=\"Auf Lager\" \/>\n<script type=\"application\/ld+json\" class=\"yoast-schema-graph\">{\"@context\":\"https:\\\/\\\/schema.org\",\"@graph\":[{\"@type\":\"WebPage\",\"@id\":\"https:\\\/\\\/degrados.es\\\/de\\\/?post_type=product&p=2800\",\"url\":\"https:\\\/\\\/degrados.es\\\/de\\\/?post_type=product&p=2800\",\"name\":\"Botanical Gin - London Dry Gin Ever Floral online kaufen\",\"isPartOf\":{\"@id\":\"https:\\\/\\\/degrados.es\\\/#website\"},\"primaryImageOfPage\":{\"@id\":\"https:\\\/\\\/degrados.es\\\/de\\\/?post_type=product&p=2800#primaryimage\"},\"image\":{\"@id\":\"https:\\\/\\\/degrados.es\\\/de\\\/?post_type=product&p=2800#primaryimage\"},\"thumbnailUrl\":\"https:\\\/\\\/degrados.es\\\/wp-content\\\/uploads\\\/2021\\\/07\\\/Ginebra-botanica-london-dry-gin-ever.webp\",\"datePublished\":\"2021-07-12T13:25:07+00:00\",\"dateModified\":\"2024-04-24T07:58:11+00:00\",\"description\":\"Gin Ever online kaufen. London Dry Gin aus der Comunidad Valenciana. Botanischer Gin mit Zitrusfr\u00fcchten. Online Spirituosengesch\u00e4ft Degrados.\",\"breadcrumb\":{\"@id\":\"https:\\\/\\\/degrados.es\\\/de\\\/?post_type=product&p=2800#breadcrumb\"},\"inLanguage\":\"de\",\"potentialAction\":[{\"@type\":\"ReadAction\",\"target\":[\"https:\\\/\\\/degrados.es\\\/de\\\/?post_type=product&p=2800\"]}]},{\"@type\":\"ImageObject\",\"inLanguage\":\"de\",\"@id\":\"https:\\\/\\\/degrados.es\\\/de\\\/?post_type=product&p=2800#primaryimage\",\"url\":\"https:\\\/\\\/degrados.es\\\/wp-content\\\/uploads\\\/2021\\\/07\\\/Ginebra-botanica-london-dry-gin-ever.webp\",\"contentUrl\":\"https:\\\/\\\/degrados.es\\\/wp-content\\\/uploads\\\/2021\\\/07\\\/Ginebra-botanica-london-dry-gin-ever.webp\",\"width\":1050,\"height\":1050,\"caption\":\"Ginebra bot\u00e1nica floral\"},{\"@type\":\"BreadcrumbList\",\"@id\":\"https:\\\/\\\/degrados.es\\\/de\\\/?post_type=product&p=2800#breadcrumb\",\"itemListElement\":[{\"@type\":\"ListItem\",\"position\":1,\"name\":\"Home\",\"item\":\"https:\\\/\\\/degrados.es\\\/de\\\/startseite\\\/\"},{\"@type\":\"ListItem\",\"position\":2,\"name\":\"Shop\",\"item\":\"https:\\\/\\\/degrados.es\\\/de\\\/?page_id=2821\"},{\"@type\":\"ListItem\",\"position\":3,\"name\":\"Botanischer Gin &#8211; Gin Ever\"}]},{\"@type\":\"WebSite\",\"@id\":\"https:\\\/\\\/degrados.es\\\/#website\",\"url\":\"https:\\\/\\\/degrados.es\\\/\",\"name\":\"Degrados\",\"description\":\"Spirituosen online kaufen\",\"publisher\":{\"@id\":\"https:\\\/\\\/degrados.es\\\/#organization\"},\"alternateName\":\"Licorer\u00eda online\",\"potentialAction\":[{\"@type\":\"SearchAction\",\"target\":{\"@type\":\"EntryPoint\",\"urlTemplate\":\"https:\\\/\\\/degrados.es\\\/?s={search_term_string}\"},\"query-input\":{\"@type\":\"PropertyValueSpecification\",\"valueRequired\":true,\"valueName\":\"search_term_string\"}}],\"inLanguage\":\"de\"},{\"@type\":\"Organization\",\"@id\":\"https:\\\/\\\/degrados.es\\\/#organization\",\"name\":\"DeGrados\",\"url\":\"https:\\\/\\\/degrados.es\\\/\",\"logo\":{\"@type\":\"ImageObject\",\"inLanguage\":\"de\",\"@id\":\"https:\\\/\\\/degrados.es\\\/#\\\/schema\\\/logo\\\/image\\\/\",\"url\":\"https:\\\/\\\/degrados.es\\\/wp-content\\\/uploads\\\/2021\\\/02\\\/Logo-degrados.png\",\"contentUrl\":\"https:\\\/\\\/degrados.es\\\/wp-content\\\/uploads\\\/2021\\\/02\\\/Logo-degrados.png\",\"width\":350,\"height\":86,\"caption\":\"DeGrados\"},\"image\":{\"@id\":\"https:\\\/\\\/degrados.es\\\/#\\\/schema\\\/logo\\\/image\\\/\"}}]}<\/script>\n<meta property=\"product:price:amount\" content=\"28.50\" \/>\n<meta property=\"product:price:currency\" content=\"EUR\" \/>\n<meta property=\"og:availability\" content=\"instock\" \/>\n<meta property=\"product:availability\" content=\"instock\" \/>\n<meta property=\"product:retailer_item_id\" content=\"D1G1\" \/>\n<meta property=\"product:condition\" content=\"new\" \/>\n<!-- \/ Yoast SEO plugin. -->","yoast_head_json":{"title":"Botanical Gin - London Dry Gin Ever Floral online kaufen","description":"Gin Ever online kaufen. London Dry Gin aus der Comunidad Valenciana. Botanischer Gin mit Zitrusfr\u00fcchten. Online Spirituosengesch\u00e4ft Degrados.","robots":{"index":"index","follow":"follow","max-snippet":"max-snippet:-1","max-image-preview":"max-image-preview:large","max-video-preview":"max-video-preview:-1"},"canonical":"https:\/\/degrados.es\/de\/?post_type=product&p=2800","og_locale":"de_DE","og_type":"article","og_title":"Botanical Gin - London Dry Gin Ever Floral online kaufen","og_description":"Gin Ever online kaufen. London Dry Gin aus der Comunidad Valenciana. Botanischer Gin mit Zitrusfr\u00fcchten. Online Spirituosengesch\u00e4ft Degrados.","og_url":"https:\/\/degrados.es\/de\/?post_type=product&p=2800","og_site_name":"Online Spirituosengesch\u00e4ft","article_modified_time":"2024-04-24T07:58:11+00:00","og_image":[{"width":960,"height":480,"url":"https:\/\/degrados.es\/wp-content\/uploads\/2021\/07\/comprar-gin-ever-ginebra-hierbas.jpg","type":"image\/jpeg"}],"twitter_card":"summary_large_image","twitter_misc":{"Preis":"28,50&euro; IVA Incluido","Verf\u00fcgbarkeit":"Auf Lager"},"schema":{"@context":"https:\/\/schema.org","@graph":[{"@type":"WebPage","@id":"https:\/\/degrados.es\/de\/?post_type=product&p=2800","url":"https:\/\/degrados.es\/de\/?post_type=product&p=2800","name":"Botanical Gin - London Dry Gin Ever Floral online kaufen","isPartOf":{"@id":"https:\/\/degrados.es\/#website"},"primaryImageOfPage":{"@id":"https:\/\/degrados.es\/de\/?post_type=product&p=2800#primaryimage"},"image":{"@id":"https:\/\/degrados.es\/de\/?post_type=product&p=2800#primaryimage"},"thumbnailUrl":"https:\/\/degrados.es\/wp-content\/uploads\/2021\/07\/Ginebra-botanica-london-dry-gin-ever.webp","datePublished":"2021-07-12T13:25:07+00:00","dateModified":"2024-04-24T07:58:11+00:00","description":"Gin Ever online kaufen. London Dry Gin aus der Comunidad Valenciana. Botanischer Gin mit Zitrusfr\u00fcchten. Online Spirituosengesch\u00e4ft Degrados.","breadcrumb":{"@id":"https:\/\/degrados.es\/de\/?post_type=product&p=2800#breadcrumb"},"inLanguage":"de","potentialAction":[{"@type":"ReadAction","target":["https:\/\/degrados.es\/de\/?post_type=product&p=2800"]}]},{"@type":"ImageObject","inLanguage":"de","@id":"https:\/\/degrados.es\/de\/?post_type=product&p=2800#primaryimage","url":"https:\/\/degrados.es\/wp-content\/uploads\/2021\/07\/Ginebra-botanica-london-dry-gin-ever.webp","contentUrl":"https:\/\/degrados.es\/wp-content\/uploads\/2021\/07\/Ginebra-botanica-london-dry-gin-ever.webp","width":1050,"height":1050,"caption":"Ginebra bot\u00e1nica floral"},{"@type":"BreadcrumbList","@id":"https:\/\/degrados.es\/de\/?post_type=product&p=2800#breadcrumb","itemListElement":[{"@type":"ListItem","position":1,"name":"Home","item":"https:\/\/degrados.es\/de\/startseite\/"},{"@type":"ListItem","position":2,"name":"Shop","item":"https:\/\/degrados.es\/de\/?page_id=2821"},{"@type":"ListItem","position":3,"name":"Botanischer Gin &#8211; Gin Ever"}]},{"@type":"WebSite","@id":"https:\/\/degrados.es\/#website","url":"https:\/\/degrados.es\/","name":"Degrados","description":"Spirituosen online kaufen","publisher":{"@id":"https:\/\/degrados.es\/#organization"},"alternateName":"Licorer\u00eda online","potentialAction":[{"@type":"SearchAction","target":{"@type":"EntryPoint","urlTemplate":"https:\/\/degrados.es\/?s={search_term_string}"},"query-input":{"@type":"PropertyValueSpecification","valueRequired":true,"valueName":"search_term_string"}}],"inLanguage":"de"},{"@type":"Organization","@id":"https:\/\/degrados.es\/#organization","name":"DeGrados","url":"https:\/\/degrados.es\/","logo":{"@type":"ImageObject","inLanguage":"de","@id":"https:\/\/degrados.es\/#\/schema\/logo\/image\/","url":"https:\/\/degrados.es\/wp-content\/uploads\/2021\/02\/Logo-degrados.png","contentUrl":"https:\/\/degrados.es\/wp-content\/uploads\/2021\/02\/Logo-degrados.png","width":350,"height":86,"caption":"DeGrados"},"image":{"@id":"https:\/\/degrados.es\/#\/schema\/logo\/image\/"}}]},"product_price_amount":"28.50","product_price_currency":"EUR","og_availability":"instock","product_availability":"instock","product_retailer_item_id":"D1G1","product_condition":"new"},"_links":{"self":[{"href":"https:\/\/degrados.es\/de\/wp-json\/wp\/v2\/product\/2800","targetHints":{"allow":["GET"]}}],"collection":[{"href":"https:\/\/degrados.es\/de\/wp-json\/wp\/v2\/product"}],"about":[{"href":"https:\/\/degrados.es\/de\/wp-json\/wp\/v2\/types\/product"}],"replies":[{"embeddable":true,"href":"https:\/\/degrados.es\/de\/wp-json\/wp\/v2\/comments?post=2800"}],"wp:featuredmedia":[{"embeddable":true,"href":"https:\/\/degrados.es\/de\/wp-json\/wp\/v2\/media\/8733"}],"wp:attachment":[{"href":"https:\/\/degrados.es\/de\/wp-json\/wp\/v2\/media?parent=2800"}],"wp:term":[{"taxonomy":"product_cat","embeddable":true,"href":"https:\/\/degrados.es\/de\/wp-json\/wp\/v2\/product_cat?post=2800"},{"taxonomy":"product_tag","embeddable":true,"href":"https:\/\/degrados.es\/de\/wp-json\/wp\/v2\/product_tag?post=2800"}],"curies":[{"name":"wp","href":"https:\/\/api.w.org\/{rel}","templated":true}]}}