{"id":2801,"date":"2022-02-23T12:15:53","date_gmt":"2022-02-23T11:15:53","guid":{"rendered":"https:\/\/degrados.es\/producto\/absinth-65o-100cl\/"},"modified":"2023-12-19T13:03:50","modified_gmt":"2023-12-19T12:03:50","slug":"absinth-65o-100cl","status":"publish","type":"product","link":"https:\/\/degrados.es\/de\/producto\/absinth-65o-100cl\/","title":{"rendered":"Absinth 65\u00ba 100cl"},"content":{"rendered":"<p>Wir von Licores Sinc m\u00f6chten Sie gerne \u00fcber die Eigenschaften des Absinthes Serpis Classic 65 und einige der vielen Geheimnisse dieses komplexen und k\u00f6stlichen Absinthes, dem Absinth mit dem h\u00f6chsten Alkoholgehalt in unserem Sortiment, informieren.<\/p>\n<p>&nbsp;<\/p>\n<p>Einer der Bestandteile von Absinthe Serpis Classic 65 ist der Wermut (Artemisia absinthium), der zur Familie der Korbbl\u00fctler geh\u00f6rt und dem seit der Antike ein hoher medizinischer Wert zugeschrieben wird. Diese auch als &#8222;heiliges Gras&#8220; bezeichnete Pflanze ist in den gem\u00e4\u00dfigten Regionen Europas, Asiens und Nordafrikas heimisch. Wegen seiner zahlreichen heilenden Eigenschaften wird er auch die &#8222;Mutter aller Kr\u00e4uter&#8220; genannt. Er wurde unter anderem als Magenst\u00e4rkungsmittel, Antiseptikum und sogar als Aphrodisiakum verwendet.<\/p>\n<p>Eine weitere der Pflanzen, aus denen der klassische Serpis-Absinth besteht, ist der Fenchel, der an der Mittelmeerk\u00fcste oft wild w\u00e4chst. Es ist ein hocharomatisches, mehrj\u00e4hriges Kraut, das f\u00fcr kulinarische Zwecke angebaut wird. Er hat auch harntreibende und karminative Eigenschaften und ist ein hervorragendes Mittel gegen m\u00fcde Augen und Bindehautentz\u00fcndung.<\/p>\n<p>Anis schlie\u00dflich ist eine Pflanze aus S\u00fcdwestasien und dem \u00f6stlichen Mittelmeerraum. Durch Destillation der Samen wird ein \u00e4therisches \u00d6l freigesetzt, das zur Behandlung von Verdauungsst\u00f6rungen verwendet wird.<\/p>\n<p>Der <strong>nach der alten Formel<\/strong> hergestellte <strong>Absinth Classic<\/strong><strong>65\u00ba<\/strong><strong> gilt <\/strong> aufgrund seines hohen Thujongehalts<strong> als einer der komplexesten <\/strong> <strong>Absinthe<\/strong><strong> auf dem internationalen Markt <\/strong>. Thujon ist ein \u00e4therisches \u00d6l, das in Wermut und vielen anderen Pflanzen vorkommt und antibakterielle, emmenagogische und krampfl\u00f6sende Eigenschaften hat. Es hat jedoch aufgrund seiner halluzinogenen Nebenwirkungen eine Kontroverse ausgel\u00f6st.<\/p>\n<p><strong>Absinthe Classic<\/strong><strong>65\u00ba<\/strong> hat einen intensiven und komplexen Geschmack und eignet sich zum Trinken pur, mit Wasser oder Slush. Die angemessenste Art, ihn zu genie\u00dfen, ist jedoch immer noch der traditionelle Ritus: ein durchl\u00f6cherter L\u00f6ffel mit einem St\u00fcck Zucker darauf, der mit dem Absinth \u00fcbergossen wird und den Klumpen tr\u00e4nkt, dann wird er angez\u00fcndet und kaltes Wasser nach Geschmack \u00fcber den L\u00f6ffel gegossen, um den Inhalt zu reduzieren.<\/p>\n<p>&nbsp;<\/p>\n<p>Wie Sie sehen k\u00f6nnen, ist Absinthe Classic 65\u00ba nicht irgendein Destillat, sondern eines der differenziertesten in unserem breiten Angebot. Eines der Getr\u00e4nke, das niemanden gleichg\u00fcltig l\u00e4sst. Als treue Inspiration f\u00fcr die gro\u00dfen K\u00fcnstler des 19. Jahrhunderts und wegen seiner Wirkung umstritten, l\u00e4sst der Absinth Classic 65\u00ba keinen Termin aus.<\/p>\n","protected":false},"excerpt":{"rendered":"<p>Der Absinth Serpis Classic 65 wird nach der alten Rezeptur hergestellt und gilt als einer der komplexesten auf dem Markt, mit einer sehr hohen Alkoholkonzentration von 65\u00ba und einer charakteristischen intensiv roten Farbe.<\/p>\n","protected":false},"featured_media":2551,"comment_status":"open","ping_status":"closed","template":"","meta":{"inline_featured_image":false},"product_cat":[540,530],"product_tag":[585,589,531],"class_list":{"0":"post-2801","1":"product","2":"type-product","3":"status-publish","4":"has-post-thumbnail","6":"product_cat-cazalla-de","7":"product_cat-spirituosen","8":"product_tag-absinth","9":"product_tag-anis-de","10":"product_tag-spirituosen","12":"first","13":"instock","14":"sale","15":"taxable","16":"shipping-taxable","17":"purchasable","18":"product-type-simple"},"yoast_head":"<!-- This site is optimized with the Yoast SEO plugin v27.4 - https:\/\/yoast.com\/product\/yoast-seo-wordpress\/ -->\n<title>Absinthe 65 - Absinthe kaufen - Online Schnapsladen Degrados<\/title>\n<meta name=\"description\" content=\"Entdecken Sie den 65-prozentigen Absinthe, einen der st\u00e4rksten und vollmundigsten Lik\u00f6re auf dem Markt. Online Spirituosengesch\u00e4ft. Abgebaut.\" \/>\n<meta name=\"robots\" content=\"index, follow, max-snippet:-1, max-image-preview:large, max-video-preview:-1\" \/>\n<link rel=\"canonical\" href=\"https:\/\/degrados.es\/de\/producto\/absinth-65o-100cl\/\" \/>\n<meta property=\"og:locale\" content=\"de_DE\" \/>\n<meta property=\"og:type\" content=\"article\" \/>\n<meta property=\"og:title\" content=\"Absinthe 65 - Absinthe kaufen - Online Schnapsladen Degrados\" \/>\n<meta property=\"og:description\" content=\"Entdecken Sie den 65-prozentigen Absinthe, einen der st\u00e4rksten und vollmundigsten Lik\u00f6re auf dem Markt. Online Spirituosengesch\u00e4ft. Abgebaut.\" \/>\n<meta property=\"og:url\" content=\"https:\/\/degrados.es\/de\/producto\/absinth-65o-100cl\/\" \/>\n<meta property=\"og:site_name\" content=\"Online Spirituosengesch\u00e4ft\" \/>\n<meta property=\"article:modified_time\" content=\"2023-12-19T12:03:50+00:00\" \/>\n<meta property=\"og:image\" content=\"https:\/\/degrados.es\/wp-content\/uploads\/2022\/02\/absenta-65-licor-100cl.webp\" \/>\n\t<meta property=\"og:image:width\" content=\"430\" \/>\n\t<meta property=\"og:image:height\" content=\"430\" \/>\n\t<meta property=\"og:image:type\" content=\"image\/webp\" \/>\n<meta name=\"twitter:card\" content=\"summary_large_image\" \/>\n<meta name=\"twitter:label1\" content=\"Preis\" \/>\n\t<meta name=\"twitter:data1\" content=\"30,40&euro; IVA Incluido\" \/>\n\t<meta name=\"twitter:label2\" content=\"Verf\u00fcgbarkeit\" \/>\n\t<meta name=\"twitter:data2\" content=\"Auf Lager\" \/>\n<script type=\"application\/ld+json\" class=\"yoast-schema-graph\">{\"@context\":\"https:\\\/\\\/schema.org\",\"@graph\":[{\"@type\":\"WebPage\",\"@id\":\"https:\\\/\\\/degrados.es\\\/de\\\/producto\\\/absinth-65o-100cl\\\/\",\"url\":\"https:\\\/\\\/degrados.es\\\/de\\\/producto\\\/absinth-65o-100cl\\\/\",\"name\":\"Absinthe 65 - Absinthe kaufen - Online Schnapsladen Degrados\",\"isPartOf\":{\"@id\":\"https:\\\/\\\/degrados.es\\\/#website\"},\"primaryImageOfPage\":{\"@id\":\"https:\\\/\\\/degrados.es\\\/de\\\/producto\\\/absinth-65o-100cl\\\/#primaryimage\"},\"image\":{\"@id\":\"https:\\\/\\\/degrados.es\\\/de\\\/producto\\\/absinth-65o-100cl\\\/#primaryimage\"},\"thumbnailUrl\":\"https:\\\/\\\/degrados.es\\\/wp-content\\\/uploads\\\/2022\\\/02\\\/absenta-65-licor-100cl.webp\",\"datePublished\":\"2022-02-23T11:15:53+00:00\",\"dateModified\":\"2023-12-19T12:03:50+00:00\",\"description\":\"Entdecken Sie den 65-prozentigen Absinthe, einen der st\u00e4rksten und vollmundigsten Lik\u00f6re auf dem Markt. Online Spirituosengesch\u00e4ft. Abgebaut.\",\"breadcrumb\":{\"@id\":\"https:\\\/\\\/degrados.es\\\/de\\\/producto\\\/absinth-65o-100cl\\\/#breadcrumb\"},\"inLanguage\":\"de\",\"potentialAction\":[{\"@type\":\"ReadAction\",\"target\":[\"https:\\\/\\\/degrados.es\\\/de\\\/producto\\\/absinth-65o-100cl\\\/\"]}]},{\"@type\":\"ImageObject\",\"inLanguage\":\"de\",\"@id\":\"https:\\\/\\\/degrados.es\\\/de\\\/producto\\\/absinth-65o-100cl\\\/#primaryimage\",\"url\":\"https:\\\/\\\/degrados.es\\\/wp-content\\\/uploads\\\/2022\\\/02\\\/absenta-65-licor-100cl.webp\",\"contentUrl\":\"https:\\\/\\\/degrados.es\\\/wp-content\\\/uploads\\\/2022\\\/02\\\/absenta-65-licor-100cl.webp\",\"width\":430,\"height\":430,\"caption\":\"Absinthe 65 kaufen\"},{\"@type\":\"BreadcrumbList\",\"@id\":\"https:\\\/\\\/degrados.es\\\/de\\\/producto\\\/absinth-65o-100cl\\\/#breadcrumb\",\"itemListElement\":[{\"@type\":\"ListItem\",\"position\":1,\"name\":\"Home\",\"item\":\"https:\\\/\\\/degrados.es\\\/de\\\/startseite\\\/\"},{\"@type\":\"ListItem\",\"position\":2,\"name\":\"Shop\",\"item\":\"https:\\\/\\\/degrados.es\\\/de\\\/?page_id=2821\"},{\"@type\":\"ListItem\",\"position\":3,\"name\":\"Absinth 65\u00ba 100cl\"}]},{\"@type\":\"WebSite\",\"@id\":\"https:\\\/\\\/degrados.es\\\/#website\",\"url\":\"https:\\\/\\\/degrados.es\\\/\",\"name\":\"Degrados\",\"description\":\"Spirituosen online kaufen\",\"publisher\":{\"@id\":\"https:\\\/\\\/degrados.es\\\/#organization\"},\"alternateName\":\"Licorer\u00eda online\",\"potentialAction\":[{\"@type\":\"SearchAction\",\"target\":{\"@type\":\"EntryPoint\",\"urlTemplate\":\"https:\\\/\\\/degrados.es\\\/?s={search_term_string}\"},\"query-input\":{\"@type\":\"PropertyValueSpecification\",\"valueRequired\":true,\"valueName\":\"search_term_string\"}}],\"inLanguage\":\"de\"},{\"@type\":\"Organization\",\"@id\":\"https:\\\/\\\/degrados.es\\\/#organization\",\"name\":\"DeGrados\",\"url\":\"https:\\\/\\\/degrados.es\\\/\",\"logo\":{\"@type\":\"ImageObject\",\"inLanguage\":\"de\",\"@id\":\"https:\\\/\\\/degrados.es\\\/#\\\/schema\\\/logo\\\/image\\\/\",\"url\":\"https:\\\/\\\/degrados.es\\\/wp-content\\\/uploads\\\/2021\\\/02\\\/Logo-degrados.png\",\"contentUrl\":\"https:\\\/\\\/degrados.es\\\/wp-content\\\/uploads\\\/2021\\\/02\\\/Logo-degrados.png\",\"width\":350,\"height\":86,\"caption\":\"DeGrados\"},\"image\":{\"@id\":\"https:\\\/\\\/degrados.es\\\/#\\\/schema\\\/logo\\\/image\\\/\"}}]}<\/script>\n<meta property=\"product:price:amount\" content=\"30.40\" \/>\n<meta property=\"product:price:currency\" content=\"EUR\" \/>\n<meta property=\"og:availability\" content=\"instock\" \/>\n<meta property=\"product:availability\" content=\"instock\" \/>\n<meta property=\"product:retailer_item_id\" content=\"D1G21\" \/>\n<meta property=\"product:condition\" content=\"new\" \/>\n<!-- \/ Yoast SEO plugin. -->","yoast_head_json":{"title":"Absinthe 65 - Absinthe kaufen - Online Schnapsladen Degrados","description":"Entdecken Sie den 65-prozentigen Absinthe, einen der st\u00e4rksten und vollmundigsten Lik\u00f6re auf dem Markt. Online Spirituosengesch\u00e4ft. Abgebaut.","robots":{"index":"index","follow":"follow","max-snippet":"max-snippet:-1","max-image-preview":"max-image-preview:large","max-video-preview":"max-video-preview:-1"},"canonical":"https:\/\/degrados.es\/de\/producto\/absinth-65o-100cl\/","og_locale":"de_DE","og_type":"article","og_title":"Absinthe 65 - Absinthe kaufen - Online Schnapsladen Degrados","og_description":"Entdecken Sie den 65-prozentigen Absinthe, einen der st\u00e4rksten und vollmundigsten Lik\u00f6re auf dem Markt. Online Spirituosengesch\u00e4ft. Abgebaut.","og_url":"https:\/\/degrados.es\/de\/producto\/absinth-65o-100cl\/","og_site_name":"Online Spirituosengesch\u00e4ft","article_modified_time":"2023-12-19T12:03:50+00:00","og_image":[{"width":430,"height":430,"url":"https:\/\/degrados.es\/wp-content\/uploads\/2022\/02\/absenta-65-licor-100cl.webp","type":"image\/webp"}],"twitter_card":"summary_large_image","twitter_misc":{"Preis":"30,40&euro; IVA Incluido","Verf\u00fcgbarkeit":"Auf Lager"},"schema":{"@context":"https:\/\/schema.org","@graph":[{"@type":"WebPage","@id":"https:\/\/degrados.es\/de\/producto\/absinth-65o-100cl\/","url":"https:\/\/degrados.es\/de\/producto\/absinth-65o-100cl\/","name":"Absinthe 65 - Absinthe kaufen - Online Schnapsladen Degrados","isPartOf":{"@id":"https:\/\/degrados.es\/#website"},"primaryImageOfPage":{"@id":"https:\/\/degrados.es\/de\/producto\/absinth-65o-100cl\/#primaryimage"},"image":{"@id":"https:\/\/degrados.es\/de\/producto\/absinth-65o-100cl\/#primaryimage"},"thumbnailUrl":"https:\/\/degrados.es\/wp-content\/uploads\/2022\/02\/absenta-65-licor-100cl.webp","datePublished":"2022-02-23T11:15:53+00:00","dateModified":"2023-12-19T12:03:50+00:00","description":"Entdecken Sie den 65-prozentigen Absinthe, einen der st\u00e4rksten und vollmundigsten Lik\u00f6re auf dem Markt. Online Spirituosengesch\u00e4ft. Abgebaut.","breadcrumb":{"@id":"https:\/\/degrados.es\/de\/producto\/absinth-65o-100cl\/#breadcrumb"},"inLanguage":"de","potentialAction":[{"@type":"ReadAction","target":["https:\/\/degrados.es\/de\/producto\/absinth-65o-100cl\/"]}]},{"@type":"ImageObject","inLanguage":"de","@id":"https:\/\/degrados.es\/de\/producto\/absinth-65o-100cl\/#primaryimage","url":"https:\/\/degrados.es\/wp-content\/uploads\/2022\/02\/absenta-65-licor-100cl.webp","contentUrl":"https:\/\/degrados.es\/wp-content\/uploads\/2022\/02\/absenta-65-licor-100cl.webp","width":430,"height":430,"caption":"Absinthe 65 kaufen"},{"@type":"BreadcrumbList","@id":"https:\/\/degrados.es\/de\/producto\/absinth-65o-100cl\/#breadcrumb","itemListElement":[{"@type":"ListItem","position":1,"name":"Home","item":"https:\/\/degrados.es\/de\/startseite\/"},{"@type":"ListItem","position":2,"name":"Shop","item":"https:\/\/degrados.es\/de\/?page_id=2821"},{"@type":"ListItem","position":3,"name":"Absinth 65\u00ba 100cl"}]},{"@type":"WebSite","@id":"https:\/\/degrados.es\/#website","url":"https:\/\/degrados.es\/","name":"Degrados","description":"Spirituosen online kaufen","publisher":{"@id":"https:\/\/degrados.es\/#organization"},"alternateName":"Licorer\u00eda online","potentialAction":[{"@type":"SearchAction","target":{"@type":"EntryPoint","urlTemplate":"https:\/\/degrados.es\/?s={search_term_string}"},"query-input":{"@type":"PropertyValueSpecification","valueRequired":true,"valueName":"search_term_string"}}],"inLanguage":"de"},{"@type":"Organization","@id":"https:\/\/degrados.es\/#organization","name":"DeGrados","url":"https:\/\/degrados.es\/","logo":{"@type":"ImageObject","inLanguage":"de","@id":"https:\/\/degrados.es\/#\/schema\/logo\/image\/","url":"https:\/\/degrados.es\/wp-content\/uploads\/2021\/02\/Logo-degrados.png","contentUrl":"https:\/\/degrados.es\/wp-content\/uploads\/2021\/02\/Logo-degrados.png","width":350,"height":86,"caption":"DeGrados"},"image":{"@id":"https:\/\/degrados.es\/#\/schema\/logo\/image\/"}}]},"product_price_amount":"30.40","product_price_currency":"EUR","og_availability":"instock","product_availability":"instock","product_retailer_item_id":"D1G21","product_condition":"new"},"_links":{"self":[{"href":"https:\/\/degrados.es\/de\/wp-json\/wp\/v2\/product\/2801","targetHints":{"allow":["GET"]}}],"collection":[{"href":"https:\/\/degrados.es\/de\/wp-json\/wp\/v2\/product"}],"about":[{"href":"https:\/\/degrados.es\/de\/wp-json\/wp\/v2\/types\/product"}],"replies":[{"embeddable":true,"href":"https:\/\/degrados.es\/de\/wp-json\/wp\/v2\/comments?post=2801"}],"wp:featuredmedia":[{"embeddable":true,"href":"https:\/\/degrados.es\/de\/wp-json\/wp\/v2\/media\/2551"}],"wp:attachment":[{"href":"https:\/\/degrados.es\/de\/wp-json\/wp\/v2\/media?parent=2801"}],"wp:term":[{"taxonomy":"product_cat","embeddable":true,"href":"https:\/\/degrados.es\/de\/wp-json\/wp\/v2\/product_cat?post=2801"},{"taxonomy":"product_tag","embeddable":true,"href":"https:\/\/degrados.es\/de\/wp-json\/wp\/v2\/product_tag?post=2801"}],"curies":[{"name":"wp","href":"https:\/\/api.w.org\/{rel}","templated":true}]}}