{"id":2802,"date":"2022-02-23T20:05:33","date_gmt":"2022-02-23T19:05:33","guid":{"rendered":"https:\/\/degrados.es\/producto\/baoruco-rum-5-jahre\/"},"modified":"2023-12-19T13:03:50","modified_gmt":"2023-12-19T12:03:50","slug":"baoruco-rum-5-jahre","status":"publish","type":"product","link":"https:\/\/degrados.es\/de\/producto\/baoruco-rum-5-jahre\/","title":{"rendered":"Baoruco Rum 5 Jahre"},"content":{"rendered":"<p>Seit Generationen w\u00e4hlen unsere Rum-Meister das beste Zuckerrohr aus, um zusammen mit reinem Quellwasser die feinsten Branntweine zu destillieren. Der langsame Reifungsprozess von 5 Jahren in Eichenf\u00e4ssern f\u00fchrt schlie\u00dflich zu einer exquisiten Ausarbeitung, die die Pers\u00f6nlichkeit von Ron Baoruco in Ihrem Glas hervorhebt.<\/p>\n<p>Ron Baoruco 5 ist ein dominikanischer Rum mit einem ausgezeichneten Aroma, elegant am Gaumen und einem sehr definierten K\u00f6rper.<\/p>\n<p>Dieser dominikanische Rum ist ideal, um ihn pur oder on the rocks zu trinken, oder um die exquisitesten Kombinationen in der Welt der Cocktails zu kreieren.<\/p>\n","protected":false},"excerpt":{"rendered":"<div class=\"references\"><span style=\"font-size: 16px;\">Ron Baoruco 5 ist der dominikanische Rum, der die jahrhundertealte Tradition der Rumherstellung durch die Rum-Meister unter Verwendung der besten Rohstoffe aufrechterh\u00e4lt.  <\/span><span style=\"font-size: 16px;\">70 cl.<\/span><\/div>\n","protected":false},"featured_media":3884,"comment_status":"open","ping_status":"closed","template":"","meta":{"inline_featured_image":false},"product_cat":[564,629],"product_tag":[639,577,630],"class_list":{"0":"post-2802","1":"product","2":"type-product","3":"status-publish","4":"has-post-thumbnail","6":"product_cat-destillate","7":"product_cat-ron-de","8":"product_tag-dominikanischer-rum","9":"product_tag-pramie","10":"product_tag-ron-de","12":"first","13":"instock","14":"sale","15":"taxable","16":"shipping-taxable","17":"purchasable","18":"product-type-simple"},"yoast_head":"<!-- This site is optimized with the Yoast SEO plugin v26.9 - https:\/\/yoast.com\/product\/yoast-seo-wordpress\/ -->\n<title>Dominikanischen Rum kaufen - Premium Rum - Degrados Online Liquor Store<\/title>\n<meta name=\"description\" content=\"Entdecken Sie Ron Baoruco 5 Jahre alt, einen dominikanischen Rum mit einer handwerklichen Destillation. Kaufen Sie den besten dominikanischen Rum bei Licorer\u00eda Online.\" \/>\n<meta name=\"robots\" content=\"index, follow, max-snippet:-1, max-image-preview:large, max-video-preview:-1\" \/>\n<link rel=\"canonical\" href=\"https:\/\/degrados.es\/de\/producto\/baoruco-rum-5-jahre\/\" \/>\n<meta property=\"og:locale\" content=\"de_DE\" \/>\n<meta property=\"og:type\" content=\"article\" \/>\n<meta property=\"og:title\" content=\"Dominikanischen Rum kaufen - Premium Rum - Degrados Online Liquor Store\" \/>\n<meta property=\"og:description\" content=\"Entdecken Sie Ron Baoruco 5 Jahre alt, einen dominikanischen Rum mit einer handwerklichen Destillation. Kaufen Sie den besten dominikanischen Rum bei Licorer\u00eda Online.\" \/>\n<meta property=\"og:url\" content=\"https:\/\/degrados.es\/de\/producto\/baoruco-rum-5-jahre\/\" \/>\n<meta property=\"og:site_name\" content=\"Online Spirituosengesch\u00e4ft\" \/>\n<meta property=\"article:modified_time\" content=\"2023-12-19T12:03:50+00:00\" \/>\n<meta property=\"og:image\" content=\"https:\/\/degrados.es\/wp-content\/uploads\/2022\/02\/Ron-baoruco-5-anos.webp\" \/>\n\t<meta property=\"og:image:width\" content=\"220\" \/>\n\t<meta property=\"og:image:height\" content=\"220\" \/>\n\t<meta property=\"og:image:type\" content=\"image\/webp\" \/>\n<meta name=\"twitter:card\" content=\"summary_large_image\" \/>\n<script type=\"application\/ld+json\" class=\"yoast-schema-graph\">{\"@context\":\"https:\/\/schema.org\",\"@graph\":[{\"@type\":\"WebPage\",\"@id\":\"https:\/\/degrados.es\/de\/producto\/baoruco-rum-5-jahre\/\",\"url\":\"https:\/\/degrados.es\/de\/producto\/baoruco-rum-5-jahre\/\",\"name\":\"Dominikanischen Rum kaufen - Premium Rum - Degrados Online Liquor Store\",\"isPartOf\":{\"@id\":\"https:\/\/degrados.es\/de\/#website\"},\"primaryImageOfPage\":{\"@id\":\"https:\/\/degrados.es\/de\/producto\/baoruco-rum-5-jahre\/#primaryimage\"},\"image\":{\"@id\":\"https:\/\/degrados.es\/de\/producto\/baoruco-rum-5-jahre\/#primaryimage\"},\"thumbnailUrl\":\"https:\/\/degrados.es\/wp-content\/uploads\/2022\/02\/Ron-anejo-5-Baoruco.webp\",\"datePublished\":\"2022-02-23T19:05:33+00:00\",\"dateModified\":\"2023-12-19T12:03:50+00:00\",\"description\":\"Entdecken Sie Ron Baoruco 5 Jahre alt, einen dominikanischen Rum mit einer handwerklichen Destillation. Kaufen Sie den besten dominikanischen Rum bei Licorer\u00eda Online.\",\"breadcrumb\":{\"@id\":\"https:\/\/degrados.es\/de\/producto\/baoruco-rum-5-jahre\/#breadcrumb\"},\"inLanguage\":\"de\",\"potentialAction\":[{\"@type\":\"ReadAction\",\"target\":[\"https:\/\/degrados.es\/de\/producto\/baoruco-rum-5-jahre\/\"]}]},{\"@type\":\"ImageObject\",\"inLanguage\":\"de\",\"@id\":\"https:\/\/degrados.es\/de\/producto\/baoruco-rum-5-jahre\/#primaryimage\",\"url\":\"https:\/\/degrados.es\/wp-content\/uploads\/2022\/02\/Ron-anejo-5-Baoruco.webp\",\"contentUrl\":\"https:\/\/degrados.es\/wp-content\/uploads\/2022\/02\/Ron-anejo-5-Baoruco.webp\",\"width\":1000,\"height\":1000,\"caption\":\"Cazalla - Anis Seco K\u00c7ALLA 45% vol 1L\"},{\"@type\":\"BreadcrumbList\",\"@id\":\"https:\/\/degrados.es\/de\/producto\/baoruco-rum-5-jahre\/#breadcrumb\",\"itemListElement\":[{\"@type\":\"ListItem\",\"position\":1,\"name\":\"Home\",\"item\":\"https:\/\/degrados.es\/de\/startseite\/\"},{\"@type\":\"ListItem\",\"position\":2,\"name\":\"Shop\",\"item\":\"https:\/\/degrados.es\/de\/?page_id=2821\"},{\"@type\":\"ListItem\",\"position\":3,\"name\":\"Baoruco Rum 5 Jahre\"}]},{\"@type\":\"WebSite\",\"@id\":\"https:\/\/degrados.es\/de\/#website\",\"url\":\"https:\/\/degrados.es\/de\/\",\"name\":\"Online Spirituosengesch\u00e4ft\",\"description\":\"Spirituosen online kaufen\",\"publisher\":{\"@id\":\"https:\/\/degrados.es\/de\/#organization\"},\"potentialAction\":[{\"@type\":\"SearchAction\",\"target\":{\"@type\":\"EntryPoint\",\"urlTemplate\":\"https:\/\/degrados.es\/de\/?s={search_term_string}\"},\"query-input\":{\"@type\":\"PropertyValueSpecification\",\"valueRequired\":true,\"valueName\":\"search_term_string\"}}],\"inLanguage\":\"de\"},{\"@type\":\"Organization\",\"@id\":\"https:\/\/degrados.es\/de\/#organization\",\"name\":\"DeGrados\",\"url\":\"https:\/\/degrados.es\/de\/\",\"logo\":{\"@type\":\"ImageObject\",\"inLanguage\":\"de\",\"@id\":\"https:\/\/degrados.es\/de\/#\/schema\/logo\/image\/\",\"url\":\"https:\/\/degrados.es\/wp-content\/uploads\/2021\/02\/Logo-degrados.png\",\"contentUrl\":\"https:\/\/degrados.es\/wp-content\/uploads\/2021\/02\/Logo-degrados.png\",\"width\":350,\"height\":86,\"caption\":\"DeGrados\"},\"image\":{\"@id\":\"https:\/\/degrados.es\/de\/#\/schema\/logo\/image\/\"}}]}<\/script>\n<!-- \/ Yoast SEO plugin. -->","yoast_head_json":{"title":"Dominikanischen Rum kaufen - Premium Rum - Degrados Online Liquor Store","description":"Entdecken Sie Ron Baoruco 5 Jahre alt, einen dominikanischen Rum mit einer handwerklichen Destillation. Kaufen Sie den besten dominikanischen Rum bei Licorer\u00eda Online.","robots":{"index":"index","follow":"follow","max-snippet":"max-snippet:-1","max-image-preview":"max-image-preview:large","max-video-preview":"max-video-preview:-1"},"canonical":"https:\/\/degrados.es\/de\/producto\/baoruco-rum-5-jahre\/","og_locale":"de_DE","og_type":"article","og_title":"Dominikanischen Rum kaufen - Premium Rum - Degrados Online Liquor Store","og_description":"Entdecken Sie Ron Baoruco 5 Jahre alt, einen dominikanischen Rum mit einer handwerklichen Destillation. Kaufen Sie den besten dominikanischen Rum bei Licorer\u00eda Online.","og_url":"https:\/\/degrados.es\/de\/producto\/baoruco-rum-5-jahre\/","og_site_name":"Online Spirituosengesch\u00e4ft","article_modified_time":"2023-12-19T12:03:50+00:00","og_image":[{"width":220,"height":220,"url":"https:\/\/degrados.es\/wp-content\/uploads\/2022\/02\/Ron-baoruco-5-anos.webp","type":"image\/webp"}],"twitter_card":"summary_large_image","schema":{"@context":"https:\/\/schema.org","@graph":[{"@type":"WebPage","@id":"https:\/\/degrados.es\/de\/producto\/baoruco-rum-5-jahre\/","url":"https:\/\/degrados.es\/de\/producto\/baoruco-rum-5-jahre\/","name":"Dominikanischen Rum kaufen - Premium Rum - Degrados Online Liquor Store","isPartOf":{"@id":"https:\/\/degrados.es\/de\/#website"},"primaryImageOfPage":{"@id":"https:\/\/degrados.es\/de\/producto\/baoruco-rum-5-jahre\/#primaryimage"},"image":{"@id":"https:\/\/degrados.es\/de\/producto\/baoruco-rum-5-jahre\/#primaryimage"},"thumbnailUrl":"https:\/\/degrados.es\/wp-content\/uploads\/2022\/02\/Ron-anejo-5-Baoruco.webp","datePublished":"2022-02-23T19:05:33+00:00","dateModified":"2023-12-19T12:03:50+00:00","description":"Entdecken Sie Ron Baoruco 5 Jahre alt, einen dominikanischen Rum mit einer handwerklichen Destillation. Kaufen Sie den besten dominikanischen Rum bei Licorer\u00eda Online.","breadcrumb":{"@id":"https:\/\/degrados.es\/de\/producto\/baoruco-rum-5-jahre\/#breadcrumb"},"inLanguage":"de","potentialAction":[{"@type":"ReadAction","target":["https:\/\/degrados.es\/de\/producto\/baoruco-rum-5-jahre\/"]}]},{"@type":"ImageObject","inLanguage":"de","@id":"https:\/\/degrados.es\/de\/producto\/baoruco-rum-5-jahre\/#primaryimage","url":"https:\/\/degrados.es\/wp-content\/uploads\/2022\/02\/Ron-anejo-5-Baoruco.webp","contentUrl":"https:\/\/degrados.es\/wp-content\/uploads\/2022\/02\/Ron-anejo-5-Baoruco.webp","width":1000,"height":1000,"caption":"Cazalla - Anis Seco K\u00c7ALLA 45% vol 1L"},{"@type":"BreadcrumbList","@id":"https:\/\/degrados.es\/de\/producto\/baoruco-rum-5-jahre\/#breadcrumb","itemListElement":[{"@type":"ListItem","position":1,"name":"Home","item":"https:\/\/degrados.es\/de\/startseite\/"},{"@type":"ListItem","position":2,"name":"Shop","item":"https:\/\/degrados.es\/de\/?page_id=2821"},{"@type":"ListItem","position":3,"name":"Baoruco Rum 5 Jahre"}]},{"@type":"WebSite","@id":"https:\/\/degrados.es\/de\/#website","url":"https:\/\/degrados.es\/de\/","name":"Online Spirituosengesch\u00e4ft","description":"Spirituosen online kaufen","publisher":{"@id":"https:\/\/degrados.es\/de\/#organization"},"potentialAction":[{"@type":"SearchAction","target":{"@type":"EntryPoint","urlTemplate":"https:\/\/degrados.es\/de\/?s={search_term_string}"},"query-input":{"@type":"PropertyValueSpecification","valueRequired":true,"valueName":"search_term_string"}}],"inLanguage":"de"},{"@type":"Organization","@id":"https:\/\/degrados.es\/de\/#organization","name":"DeGrados","url":"https:\/\/degrados.es\/de\/","logo":{"@type":"ImageObject","inLanguage":"de","@id":"https:\/\/degrados.es\/de\/#\/schema\/logo\/image\/","url":"https:\/\/degrados.es\/wp-content\/uploads\/2021\/02\/Logo-degrados.png","contentUrl":"https:\/\/degrados.es\/wp-content\/uploads\/2021\/02\/Logo-degrados.png","width":350,"height":86,"caption":"DeGrados"},"image":{"@id":"https:\/\/degrados.es\/de\/#\/schema\/logo\/image\/"}}]}},"_links":{"self":[{"href":"https:\/\/degrados.es\/de\/wp-json\/wp\/v2\/product\/2802","targetHints":{"allow":["GET"]}}],"collection":[{"href":"https:\/\/degrados.es\/de\/wp-json\/wp\/v2\/product"}],"about":[{"href":"https:\/\/degrados.es\/de\/wp-json\/wp\/v2\/types\/product"}],"replies":[{"embeddable":true,"href":"https:\/\/degrados.es\/de\/wp-json\/wp\/v2\/comments?post=2802"}],"wp:featuredmedia":[{"embeddable":true,"href":"https:\/\/degrados.es\/de\/wp-json\/wp\/v2\/media\/3884"}],"wp:attachment":[{"href":"https:\/\/degrados.es\/de\/wp-json\/wp\/v2\/media?parent=2802"}],"wp:term":[{"taxonomy":"product_cat","embeddable":true,"href":"https:\/\/degrados.es\/de\/wp-json\/wp\/v2\/product_cat?post=2802"},{"taxonomy":"product_tag","embeddable":true,"href":"https:\/\/degrados.es\/de\/wp-json\/wp\/v2\/product_tag?post=2802"}],"curies":[{"name":"wp","href":"https:\/\/api.w.org\/{rel}","templated":true}]}}