{"id":2807,"date":"2021-02-03T22:01:09","date_gmt":"2021-02-03T21:01:09","guid":{"rendered":"https:\/\/degrados.es\/producto\/herbero-dulce-bocairent\/"},"modified":"2024-04-24T09:56:08","modified_gmt":"2024-04-24T07:56:08","slug":"herbero-dulce-bocairent","status":"publish","type":"product","link":"https:\/\/degrados.es\/de\/producto\/herbero-dulce-bocairent\/","title":{"rendered":"Herbero dulce Bocairent"},"content":{"rendered":"<p>Der Herbero basiert auf kr\u00e4ftigen Kr\u00e4utern wie Fenchel, Salbei, Kamille, Pennyroyal und anderen aromatischen Sorten, die in der Sierra de Mariola heimisch sind.<\/p>\n<p>Da er seinen Ursprung in unserem Land hat, wird unser einzigartiger Kr\u00e4uterlik\u00f6r Herbero von Hand hergestellt, indem die Kr\u00e4uter eingeweicht und anschlie\u00dfend in Kupferbrennblasen destilliert werden.<\/p>\n<p>Es ist ein exquisiter Lik\u00f6r, den nur die besten Gaumen zu genie\u00dfen wissen. Dieser Kr\u00e4uterlik\u00f6r ist nicht nur sehr geschmacks- und aromareich, sondern bietet auch viele Ankl\u00e4nge an aromatische Pflanzen.<\/p>\n","protected":false},"excerpt":{"rendered":"<p>Herbero Molina ist ein s\u00fc\u00dfer Lik\u00f6r aus Anis, der mit verschiedenen Kr\u00e4utern aus dem Mariola-Gebirge mazeriert wird. Handgemachter Lik\u00f6r.<\/p>\n","protected":false},"featured_media":2463,"comment_status":"open","ping_status":"closed","template":"","meta":{"inline_featured_image":false},"product_cat":[555],"product_tag":[545,556,531],"class_list":{"0":"post-2807","1":"product","2":"type-product","3":"status-publish","4":"has-post-thumbnail","6":"product_cat-herbero-de","7":"product_tag-anislikor","8":"product_tag-herbero-de","9":"product_tag-spirituosen","11":"first","12":"instock","13":"sale","14":"taxable","15":"shipping-taxable","16":"purchasable","17":"product-type-simple"},"yoast_head":"<!-- This site is optimized with the Yoast SEO plugin v27.4 - https:\/\/yoast.com\/product\/yoast-seo-wordpress\/ -->\n<title>Herbero Dulce de Bocairent - Herbero online kaufen - Degrados<\/title>\n<meta name=\"description\" content=\"Online kaufen Herbero Molina de la sierra de Mariola. Bocairent handwerklicher Kr\u00e4utersammler. Online Spirituosengesch\u00e4ft. DeGrados Liquor Store.\" \/>\n<meta name=\"robots\" content=\"index, follow, max-snippet:-1, max-image-preview:large, max-video-preview:-1\" \/>\n<link rel=\"canonical\" href=\"https:\/\/degrados.es\/de\/?post_type=product&p=2807\" \/>\n<meta property=\"og:locale\" content=\"de_DE\" \/>\n<meta property=\"og:type\" content=\"article\" \/>\n<meta property=\"og:title\" content=\"Herbero Dulce de Bocairent - Herbero online kaufen - Degrados\" \/>\n<meta property=\"og:description\" content=\"Online kaufen Herbero Molina de la sierra de Mariola. Bocairent handwerklicher Kr\u00e4utersammler. Online Spirituosengesch\u00e4ft. DeGrados Liquor Store.\" \/>\n<meta property=\"og:url\" content=\"https:\/\/degrados.es\/de\/?post_type=product&amp;p=2807\" \/>\n<meta property=\"og:site_name\" content=\"Online Spirituosengesch\u00e4ft\" \/>\n<meta property=\"article:modified_time\" content=\"2024-04-24T07:56:08+00:00\" \/>\n<meta property=\"og:image\" content=\"https:\/\/degrados.es\/wp-content\/uploads\/2021\/02\/herbero-mariola-molina.jpg\" \/>\n\t<meta property=\"og:image:width\" content=\"458\" \/>\n\t<meta property=\"og:image:height\" content=\"458\" \/>\n\t<meta property=\"og:image:type\" content=\"image\/jpeg\" \/>\n<meta name=\"twitter:card\" content=\"summary_large_image\" \/>\n<meta name=\"twitter:label1\" content=\"Preis\" \/>\n\t<meta name=\"twitter:data1\" content=\"12,45&euro; IVA Incluido\" \/>\n\t<meta name=\"twitter:label2\" content=\"Verf\u00fcgbarkeit\" \/>\n\t<meta name=\"twitter:data2\" content=\"Auf Lager\" \/>\n<script type=\"application\/ld+json\" class=\"yoast-schema-graph\">{\"@context\":\"https:\\\/\\\/schema.org\",\"@graph\":[{\"@type\":\"WebPage\",\"@id\":\"https:\\\/\\\/degrados.es\\\/de\\\/?post_type=product&p=2807\",\"url\":\"https:\\\/\\\/degrados.es\\\/de\\\/?post_type=product&p=2807\",\"name\":\"Herbero Dulce de Bocairent - Herbero online kaufen - Degrados\",\"isPartOf\":{\"@id\":\"https:\\\/\\\/degrados.es\\\/#website\"},\"primaryImageOfPage\":{\"@id\":\"https:\\\/\\\/degrados.es\\\/de\\\/?post_type=product&p=2807#primaryimage\"},\"image\":{\"@id\":\"https:\\\/\\\/degrados.es\\\/de\\\/?post_type=product&p=2807#primaryimage\"},\"thumbnailUrl\":\"https:\\\/\\\/degrados.es\\\/wp-content\\\/uploads\\\/2021\\\/02\\\/herbero-mariola-molina.jpg\",\"datePublished\":\"2021-02-03T21:01:09+00:00\",\"dateModified\":\"2024-04-24T07:56:08+00:00\",\"description\":\"Online kaufen Herbero Molina de la sierra de Mariola. Bocairent handwerklicher Kr\u00e4utersammler. Online Spirituosengesch\u00e4ft. DeGrados Liquor Store.\",\"breadcrumb\":{\"@id\":\"https:\\\/\\\/degrados.es\\\/de\\\/?post_type=product&p=2807#breadcrumb\"},\"inLanguage\":\"de\",\"potentialAction\":[{\"@type\":\"ReadAction\",\"target\":[\"https:\\\/\\\/degrados.es\\\/de\\\/?post_type=product&p=2807\"]}]},{\"@type\":\"ImageObject\",\"inLanguage\":\"de\",\"@id\":\"https:\\\/\\\/degrados.es\\\/de\\\/?post_type=product&p=2807#primaryimage\",\"url\":\"https:\\\/\\\/degrados.es\\\/wp-content\\\/uploads\\\/2021\\\/02\\\/herbero-mariola-molina.jpg\",\"contentUrl\":\"https:\\\/\\\/degrados.es\\\/wp-content\\\/uploads\\\/2021\\\/02\\\/herbero-mariola-molina.jpg\",\"width\":458,\"height\":458,\"caption\":\"Herbero\"},{\"@type\":\"BreadcrumbList\",\"@id\":\"https:\\\/\\\/degrados.es\\\/de\\\/?post_type=product&p=2807#breadcrumb\",\"itemListElement\":[{\"@type\":\"ListItem\",\"position\":1,\"name\":\"Home\",\"item\":\"https:\\\/\\\/degrados.es\\\/de\\\/startseite\\\/\"},{\"@type\":\"ListItem\",\"position\":2,\"name\":\"Shop\",\"item\":\"https:\\\/\\\/degrados.es\\\/de\\\/?page_id=2821\"},{\"@type\":\"ListItem\",\"position\":3,\"name\":\"Herbero dulce Bocairent\"}]},{\"@type\":\"WebSite\",\"@id\":\"https:\\\/\\\/degrados.es\\\/#website\",\"url\":\"https:\\\/\\\/degrados.es\\\/\",\"name\":\"Degrados\",\"description\":\"Spirituosen online kaufen\",\"publisher\":{\"@id\":\"https:\\\/\\\/degrados.es\\\/#organization\"},\"alternateName\":\"Licorer\u00eda online\",\"potentialAction\":[{\"@type\":\"SearchAction\",\"target\":{\"@type\":\"EntryPoint\",\"urlTemplate\":\"https:\\\/\\\/degrados.es\\\/?s={search_term_string}\"},\"query-input\":{\"@type\":\"PropertyValueSpecification\",\"valueRequired\":true,\"valueName\":\"search_term_string\"}}],\"inLanguage\":\"de\"},{\"@type\":\"Organization\",\"@id\":\"https:\\\/\\\/degrados.es\\\/#organization\",\"name\":\"DeGrados\",\"url\":\"https:\\\/\\\/degrados.es\\\/\",\"logo\":{\"@type\":\"ImageObject\",\"inLanguage\":\"de\",\"@id\":\"https:\\\/\\\/degrados.es\\\/#\\\/schema\\\/logo\\\/image\\\/\",\"url\":\"https:\\\/\\\/degrados.es\\\/wp-content\\\/uploads\\\/2021\\\/02\\\/Logo-degrados.png\",\"contentUrl\":\"https:\\\/\\\/degrados.es\\\/wp-content\\\/uploads\\\/2021\\\/02\\\/Logo-degrados.png\",\"width\":350,\"height\":86,\"caption\":\"DeGrados\"},\"image\":{\"@id\":\"https:\\\/\\\/degrados.es\\\/#\\\/schema\\\/logo\\\/image\\\/\"}}]}<\/script>\n<meta property=\"product:price:amount\" content=\"12.45\" \/>\n<meta property=\"product:price:currency\" content=\"EUR\" \/>\n<meta property=\"og:availability\" content=\"instock\" \/>\n<meta property=\"product:availability\" content=\"instock\" \/>\n<meta property=\"product:retailer_item_id\" content=\"D1G16\" \/>\n<meta property=\"product:condition\" content=\"new\" \/>\n<!-- \/ Yoast SEO plugin. -->","yoast_head_json":{"title":"Herbero Dulce de Bocairent - Herbero online kaufen - Degrados","description":"Online kaufen Herbero Molina de la sierra de Mariola. Bocairent handwerklicher Kr\u00e4utersammler. Online Spirituosengesch\u00e4ft. DeGrados Liquor Store.","robots":{"index":"index","follow":"follow","max-snippet":"max-snippet:-1","max-image-preview":"max-image-preview:large","max-video-preview":"max-video-preview:-1"},"canonical":"https:\/\/degrados.es\/de\/?post_type=product&p=2807","og_locale":"de_DE","og_type":"article","og_title":"Herbero Dulce de Bocairent - Herbero online kaufen - Degrados","og_description":"Online kaufen Herbero Molina de la sierra de Mariola. Bocairent handwerklicher Kr\u00e4utersammler. Online Spirituosengesch\u00e4ft. DeGrados Liquor Store.","og_url":"https:\/\/degrados.es\/de\/?post_type=product&p=2807","og_site_name":"Online Spirituosengesch\u00e4ft","article_modified_time":"2024-04-24T07:56:08+00:00","og_image":[{"width":458,"height":458,"url":"https:\/\/degrados.es\/wp-content\/uploads\/2021\/02\/herbero-mariola-molina.jpg","type":"image\/jpeg"}],"twitter_card":"summary_large_image","twitter_misc":{"Preis":"12,45&euro; IVA Incluido","Verf\u00fcgbarkeit":"Auf Lager"},"schema":{"@context":"https:\/\/schema.org","@graph":[{"@type":"WebPage","@id":"https:\/\/degrados.es\/de\/?post_type=product&p=2807","url":"https:\/\/degrados.es\/de\/?post_type=product&p=2807","name":"Herbero Dulce de Bocairent - Herbero online kaufen - Degrados","isPartOf":{"@id":"https:\/\/degrados.es\/#website"},"primaryImageOfPage":{"@id":"https:\/\/degrados.es\/de\/?post_type=product&p=2807#primaryimage"},"image":{"@id":"https:\/\/degrados.es\/de\/?post_type=product&p=2807#primaryimage"},"thumbnailUrl":"https:\/\/degrados.es\/wp-content\/uploads\/2021\/02\/herbero-mariola-molina.jpg","datePublished":"2021-02-03T21:01:09+00:00","dateModified":"2024-04-24T07:56:08+00:00","description":"Online kaufen Herbero Molina de la sierra de Mariola. Bocairent handwerklicher Kr\u00e4utersammler. Online Spirituosengesch\u00e4ft. DeGrados Liquor Store.","breadcrumb":{"@id":"https:\/\/degrados.es\/de\/?post_type=product&p=2807#breadcrumb"},"inLanguage":"de","potentialAction":[{"@type":"ReadAction","target":["https:\/\/degrados.es\/de\/?post_type=product&p=2807"]}]},{"@type":"ImageObject","inLanguage":"de","@id":"https:\/\/degrados.es\/de\/?post_type=product&p=2807#primaryimage","url":"https:\/\/degrados.es\/wp-content\/uploads\/2021\/02\/herbero-mariola-molina.jpg","contentUrl":"https:\/\/degrados.es\/wp-content\/uploads\/2021\/02\/herbero-mariola-molina.jpg","width":458,"height":458,"caption":"Herbero"},{"@type":"BreadcrumbList","@id":"https:\/\/degrados.es\/de\/?post_type=product&p=2807#breadcrumb","itemListElement":[{"@type":"ListItem","position":1,"name":"Home","item":"https:\/\/degrados.es\/de\/startseite\/"},{"@type":"ListItem","position":2,"name":"Shop","item":"https:\/\/degrados.es\/de\/?page_id=2821"},{"@type":"ListItem","position":3,"name":"Herbero dulce Bocairent"}]},{"@type":"WebSite","@id":"https:\/\/degrados.es\/#website","url":"https:\/\/degrados.es\/","name":"Degrados","description":"Spirituosen online kaufen","publisher":{"@id":"https:\/\/degrados.es\/#organization"},"alternateName":"Licorer\u00eda online","potentialAction":[{"@type":"SearchAction","target":{"@type":"EntryPoint","urlTemplate":"https:\/\/degrados.es\/?s={search_term_string}"},"query-input":{"@type":"PropertyValueSpecification","valueRequired":true,"valueName":"search_term_string"}}],"inLanguage":"de"},{"@type":"Organization","@id":"https:\/\/degrados.es\/#organization","name":"DeGrados","url":"https:\/\/degrados.es\/","logo":{"@type":"ImageObject","inLanguage":"de","@id":"https:\/\/degrados.es\/#\/schema\/logo\/image\/","url":"https:\/\/degrados.es\/wp-content\/uploads\/2021\/02\/Logo-degrados.png","contentUrl":"https:\/\/degrados.es\/wp-content\/uploads\/2021\/02\/Logo-degrados.png","width":350,"height":86,"caption":"DeGrados"},"image":{"@id":"https:\/\/degrados.es\/#\/schema\/logo\/image\/"}}]},"product_price_amount":"12.45","product_price_currency":"EUR","og_availability":"instock","product_availability":"instock","product_retailer_item_id":"D1G16","product_condition":"new"},"_links":{"self":[{"href":"https:\/\/degrados.es\/de\/wp-json\/wp\/v2\/product\/2807","targetHints":{"allow":["GET"]}}],"collection":[{"href":"https:\/\/degrados.es\/de\/wp-json\/wp\/v2\/product"}],"about":[{"href":"https:\/\/degrados.es\/de\/wp-json\/wp\/v2\/types\/product"}],"replies":[{"embeddable":true,"href":"https:\/\/degrados.es\/de\/wp-json\/wp\/v2\/comments?post=2807"}],"wp:featuredmedia":[{"embeddable":true,"href":"https:\/\/degrados.es\/de\/wp-json\/wp\/v2\/media\/2463"}],"wp:attachment":[{"href":"https:\/\/degrados.es\/de\/wp-json\/wp\/v2\/media?parent=2807"}],"wp:term":[{"taxonomy":"product_cat","embeddable":true,"href":"https:\/\/degrados.es\/de\/wp-json\/wp\/v2\/product_cat?post=2807"},{"taxonomy":"product_tag","embeddable":true,"href":"https:\/\/degrados.es\/de\/wp-json\/wp\/v2\/product_tag?post=2807"}],"curies":[{"name":"wp","href":"https:\/\/api.w.org\/{rel}","templated":true}]}}