{"id":7741,"date":"2024-09-06T12:54:01","date_gmt":"2024-09-06T10:54:01","guid":{"rendered":"https:\/\/degrados.es\/producto\/entkoffeinierter-feta-likoer-kaffee\/"},"modified":"2025-03-09T11:33:00","modified_gmt":"2025-03-09T10:33:00","slug":"entkoffeinierter-feta-likoer-kaffee","status":"publish","type":"product","link":"https:\/\/degrados.es\/de\/producto\/entkoffeinierter-feta-likoer-kaffee\/","title":{"rendered":"Entkoffeinierter Feta-Lik\u00f6r-Kaffee"},"content":{"rendered":"<p>Caf\u00e9 Licor ist seit seinen Anf\u00e4ngen handwerklich hergestellt worden.<\/p>\n<p>Jetzt brauchen Sie nicht mehr auf Ihr Lieblingsgetr\u00e4nk zu verzichten. Mit der koffeinfreien Variante k\u00f6nnen Sie den k\u00f6stlichen Caf\u00e9 Licor de feta jederzeit genie\u00dfen, besonders in den Momenten der Ruhe oder Entspannung. <\/p>\n<p>Empfehlungen f\u00fcr den Genuss von entkoffeiniertem Lik\u00f6rkaffee in perfekten Kombinationen:<\/p>\n<p>Anzeige: Mischt 40% entkoffeinierten Festa Lik\u00f6rkaffee mit 60% Cola in einem R\u00f6hrenglas. Perfekt als Aperitif oder als Getr\u00e4nk. <\/p>\n<p>Burret: Kombiniert entkoffeinierten Lik\u00f6rkaffee mit Cola und ein paar Eisw\u00fcrfeln (40% Lik\u00f6r, 60% Softdrink). Ideal f\u00fcr jede Gelegenheit. <\/p>\n<p>Lie: Eine erfrischende Mischung aus 1\/3 entkoffeiniertem Lik\u00f6rkaffee und 2\/3 Zitronengranita. Der perfekte Cocktail f\u00fcr hei\u00dfe Tage. <\/p>\n<p>Mit Soda: 40% entkoffeinierter Lik\u00f6rkaffee kombiniert mit 60% Soda. Eine leichte und k\u00f6stliche Option f\u00fcr einen Aperitif. <\/p>\n<p>Caf\u00e9 Licor de Feta Entkoffeiniert ist die perfekte Wahl f\u00fcr alle, die den authentischen Geschmack von Kaffeelik\u00f6r suchen, ohne Koffein, und mit vielf\u00e4ltigen M\u00f6glichkeiten, ihn in verschiedenen Kombinationen zu genie\u00dfen.<\/p>\n","protected":false},"excerpt":{"rendered":"<p>Wenn Sie den unverwechselbaren Geschmack von Caf\u00e9 Licor in Ihren Aperitifs genie\u00dfen m\u00f6chten, jedoch ohne die anregende Wirkung von Koffein, ist Caf\u00e9 Licor de Festa Decaffeinated Ihre ideale Wahl. Unter Beibehaltung des Originalrezepts und der gleichen Qualit\u00e4t, die ihn auszeichnet, passt sich dieser Aperitif all jenen an, die den traditionellen Geschmack von Caf\u00e9 Licor in seiner entkoffeinierten Version bevorzugen. <\/p>\n","protected":false},"featured_media":3896,"comment_status":"closed","ping_status":"closed","template":"","meta":{"inline_featured_image":false},"product_cat":[530],"product_tag":[609,519,895,521],"class_list":{"0":"post-7741","1":"product","2":"type-product","3":"status-publish","4":"has-post-thumbnail","6":"product_cat-spirituosen","7":"product_tag-feta-kaffee","8":"product_tag-kaffee","9":"product_tag-kaffee-entkoffeinierter-likor","10":"product_tag-kaffeelikor-de","12":"first","13":"instock","14":"sale","15":"taxable","16":"shipping-taxable","17":"purchasable","18":"product-type-simple"},"yoast_head":"<!-- This site is optimized with the Yoast SEO plugin v27.4 - https:\/\/yoast.com\/product\/yoast-seo-wordpress\/ -->\n<title>Kaffee Entkoffeinierter Feta-Lik\u00f6r kaufen : Degrados - Liquor Store<\/title>\n<meta name=\"description\" content=\"Entdecken Sie entkoffeinierten Feta-Lik\u00f6r-Kaffee. Entkoffeinierter Lik\u00f6rkaffee kaufen bei Licorer\u00eda Online Degrados.\" \/>\n<meta name=\"robots\" content=\"index, follow, max-snippet:-1, max-image-preview:large, max-video-preview:-1\" \/>\n<link rel=\"canonical\" href=\"https:\/\/degrados.es\/de\/producto\/entkoffeinierter-feta-likoer-kaffee\/\" \/>\n<meta property=\"og:locale\" content=\"de_DE\" \/>\n<meta property=\"og:type\" content=\"article\" \/>\n<meta property=\"og:title\" content=\"Kaffee Entkoffeinierter Feta-Lik\u00f6r kaufen : Degrados - Liquor Store\" \/>\n<meta property=\"og:description\" content=\"Entdecken Sie entkoffeinierten Feta-Lik\u00f6r-Kaffee. Entkoffeinierter Lik\u00f6rkaffee kaufen bei Licorer\u00eda Online Degrados.\" \/>\n<meta property=\"og:url\" content=\"https:\/\/degrados.es\/de\/producto\/entkoffeinierter-feta-likoer-kaffee\/\" \/>\n<meta property=\"og:site_name\" content=\"Online Spirituosengesch\u00e4ft\" \/>\n<meta property=\"article:modified_time\" content=\"2025-03-09T10:33:00+00:00\" \/>\n<meta property=\"og:image\" content=\"https:\/\/degrados.es\/wp-content\/uploads\/2024\/09\/Cafe-de-feta-descafeinado.webp\" \/>\n\t<meta property=\"og:image:width\" content=\"1000\" \/>\n\t<meta property=\"og:image:height\" content=\"1000\" \/>\n\t<meta property=\"og:image:type\" content=\"image\/webp\" \/>\n<meta name=\"twitter:card\" content=\"summary_large_image\" \/>\n<meta name=\"twitter:label1\" content=\"Preis\" \/>\n\t<meta name=\"twitter:data1\" content=\"3,70&euro; IVA Incluido\" \/>\n\t<meta name=\"twitter:label2\" content=\"Verf\u00fcgbarkeit\" \/>\n\t<meta name=\"twitter:data2\" content=\"Auf Lager\" \/>\n<script type=\"application\/ld+json\" class=\"yoast-schema-graph\">{\"@context\":\"https:\\\/\\\/schema.org\",\"@graph\":[{\"@type\":\"WebPage\",\"@id\":\"https:\\\/\\\/degrados.es\\\/de\\\/producto\\\/entkoffeinierter-feta-likoer-kaffee\\\/\",\"url\":\"https:\\\/\\\/degrados.es\\\/de\\\/producto\\\/entkoffeinierter-feta-likoer-kaffee\\\/\",\"name\":\"Kaffee Entkoffeinierter Feta-Lik\u00f6r kaufen : Degrados - Liquor Store\",\"isPartOf\":{\"@id\":\"https:\\\/\\\/degrados.es\\\/#website\"},\"primaryImageOfPage\":{\"@id\":\"https:\\\/\\\/degrados.es\\\/de\\\/producto\\\/entkoffeinierter-feta-likoer-kaffee\\\/#primaryimage\"},\"image\":{\"@id\":\"https:\\\/\\\/degrados.es\\\/de\\\/producto\\\/entkoffeinierter-feta-likoer-kaffee\\\/#primaryimage\"},\"thumbnailUrl\":\"https:\\\/\\\/degrados.es\\\/wp-content\\\/uploads\\\/2024\\\/09\\\/Cafe-de-feta-descafeinado.webp\",\"datePublished\":\"2024-09-06T10:54:01+00:00\",\"dateModified\":\"2025-03-09T10:33:00+00:00\",\"description\":\"Entdecken Sie entkoffeinierten Feta-Lik\u00f6r-Kaffee. Entkoffeinierter Lik\u00f6rkaffee kaufen bei Licorer\u00eda Online Degrados.\",\"breadcrumb\":{\"@id\":\"https:\\\/\\\/degrados.es\\\/de\\\/producto\\\/entkoffeinierter-feta-likoer-kaffee\\\/#breadcrumb\"},\"inLanguage\":\"de\",\"potentialAction\":[{\"@type\":\"ReadAction\",\"target\":[\"https:\\\/\\\/degrados.es\\\/de\\\/producto\\\/entkoffeinierter-feta-likoer-kaffee\\\/\"]}]},{\"@type\":\"ImageObject\",\"inLanguage\":\"de\",\"@id\":\"https:\\\/\\\/degrados.es\\\/de\\\/producto\\\/entkoffeinierter-feta-likoer-kaffee\\\/#primaryimage\",\"url\":\"https:\\\/\\\/degrados.es\\\/wp-content\\\/uploads\\\/2024\\\/09\\\/Cafe-de-feta-descafeinado.webp\",\"contentUrl\":\"https:\\\/\\\/degrados.es\\\/wp-content\\\/uploads\\\/2024\\\/09\\\/Cafe-de-feta-descafeinado.webp\",\"width\":1000,\"height\":1000,\"caption\":\"Entkoffeinierter Feta-Lik\u00f6r-Kaffee\"},{\"@type\":\"BreadcrumbList\",\"@id\":\"https:\\\/\\\/degrados.es\\\/de\\\/producto\\\/entkoffeinierter-feta-likoer-kaffee\\\/#breadcrumb\",\"itemListElement\":[{\"@type\":\"ListItem\",\"position\":1,\"name\":\"Home\",\"item\":\"https:\\\/\\\/degrados.es\\\/de\\\/startseite\\\/\"},{\"@type\":\"ListItem\",\"position\":2,\"name\":\"Shop\",\"item\":\"https:\\\/\\\/degrados.es\\\/de\\\/?page_id=2821\"},{\"@type\":\"ListItem\",\"position\":3,\"name\":\"Entkoffeinierter Feta-Lik\u00f6r-Kaffee\"}]},{\"@type\":\"WebSite\",\"@id\":\"https:\\\/\\\/degrados.es\\\/#website\",\"url\":\"https:\\\/\\\/degrados.es\\\/\",\"name\":\"Degrados\",\"description\":\"Spirituosen online kaufen\",\"publisher\":{\"@id\":\"https:\\\/\\\/degrados.es\\\/#organization\"},\"alternateName\":\"Licorer\u00eda online\",\"potentialAction\":[{\"@type\":\"SearchAction\",\"target\":{\"@type\":\"EntryPoint\",\"urlTemplate\":\"https:\\\/\\\/degrados.es\\\/?s={search_term_string}\"},\"query-input\":{\"@type\":\"PropertyValueSpecification\",\"valueRequired\":true,\"valueName\":\"search_term_string\"}}],\"inLanguage\":\"de\"},{\"@type\":\"Organization\",\"@id\":\"https:\\\/\\\/degrados.es\\\/#organization\",\"name\":\"DeGrados\",\"url\":\"https:\\\/\\\/degrados.es\\\/\",\"logo\":{\"@type\":\"ImageObject\",\"inLanguage\":\"de\",\"@id\":\"https:\\\/\\\/degrados.es\\\/#\\\/schema\\\/logo\\\/image\\\/\",\"url\":\"https:\\\/\\\/degrados.es\\\/wp-content\\\/uploads\\\/2021\\\/02\\\/Logo-degrados.png\",\"contentUrl\":\"https:\\\/\\\/degrados.es\\\/wp-content\\\/uploads\\\/2021\\\/02\\\/Logo-degrados.png\",\"width\":350,\"height\":86,\"caption\":\"DeGrados\"},\"image\":{\"@id\":\"https:\\\/\\\/degrados.es\\\/#\\\/schema\\\/logo\\\/image\\\/\"}}]}<\/script>\n<meta property=\"product:price:amount\" content=\"3.70\" \/>\n<meta property=\"product:price:currency\" content=\"EUR\" \/>\n<meta property=\"og:availability\" content=\"instock\" \/>\n<meta property=\"product:availability\" content=\"instock\" \/>\n<meta property=\"product:retailer_item_id\" content=\"D99G62\" \/>\n<meta property=\"product:condition\" content=\"new\" \/>\n<!-- \/ Yoast SEO plugin. -->","yoast_head_json":{"title":"Kaffee Entkoffeinierter Feta-Lik\u00f6r kaufen : Degrados - Liquor Store","description":"Entdecken Sie entkoffeinierten Feta-Lik\u00f6r-Kaffee. Entkoffeinierter Lik\u00f6rkaffee kaufen bei Licorer\u00eda Online Degrados.","robots":{"index":"index","follow":"follow","max-snippet":"max-snippet:-1","max-image-preview":"max-image-preview:large","max-video-preview":"max-video-preview:-1"},"canonical":"https:\/\/degrados.es\/de\/producto\/entkoffeinierter-feta-likoer-kaffee\/","og_locale":"de_DE","og_type":"article","og_title":"Kaffee Entkoffeinierter Feta-Lik\u00f6r kaufen : Degrados - Liquor Store","og_description":"Entdecken Sie entkoffeinierten Feta-Lik\u00f6r-Kaffee. Entkoffeinierter Lik\u00f6rkaffee kaufen bei Licorer\u00eda Online Degrados.","og_url":"https:\/\/degrados.es\/de\/producto\/entkoffeinierter-feta-likoer-kaffee\/","og_site_name":"Online Spirituosengesch\u00e4ft","article_modified_time":"2025-03-09T10:33:00+00:00","og_image":[{"width":1000,"height":1000,"url":"https:\/\/degrados.es\/wp-content\/uploads\/2024\/09\/Cafe-de-feta-descafeinado.webp","type":"image\/webp"}],"twitter_card":"summary_large_image","twitter_misc":{"Preis":"3,70&euro; IVA Incluido","Verf\u00fcgbarkeit":"Auf Lager"},"schema":{"@context":"https:\/\/schema.org","@graph":[{"@type":"WebPage","@id":"https:\/\/degrados.es\/de\/producto\/entkoffeinierter-feta-likoer-kaffee\/","url":"https:\/\/degrados.es\/de\/producto\/entkoffeinierter-feta-likoer-kaffee\/","name":"Kaffee Entkoffeinierter Feta-Lik\u00f6r kaufen : Degrados - Liquor Store","isPartOf":{"@id":"https:\/\/degrados.es\/#website"},"primaryImageOfPage":{"@id":"https:\/\/degrados.es\/de\/producto\/entkoffeinierter-feta-likoer-kaffee\/#primaryimage"},"image":{"@id":"https:\/\/degrados.es\/de\/producto\/entkoffeinierter-feta-likoer-kaffee\/#primaryimage"},"thumbnailUrl":"https:\/\/degrados.es\/wp-content\/uploads\/2024\/09\/Cafe-de-feta-descafeinado.webp","datePublished":"2024-09-06T10:54:01+00:00","dateModified":"2025-03-09T10:33:00+00:00","description":"Entdecken Sie entkoffeinierten Feta-Lik\u00f6r-Kaffee. Entkoffeinierter Lik\u00f6rkaffee kaufen bei Licorer\u00eda Online Degrados.","breadcrumb":{"@id":"https:\/\/degrados.es\/de\/producto\/entkoffeinierter-feta-likoer-kaffee\/#breadcrumb"},"inLanguage":"de","potentialAction":[{"@type":"ReadAction","target":["https:\/\/degrados.es\/de\/producto\/entkoffeinierter-feta-likoer-kaffee\/"]}]},{"@type":"ImageObject","inLanguage":"de","@id":"https:\/\/degrados.es\/de\/producto\/entkoffeinierter-feta-likoer-kaffee\/#primaryimage","url":"https:\/\/degrados.es\/wp-content\/uploads\/2024\/09\/Cafe-de-feta-descafeinado.webp","contentUrl":"https:\/\/degrados.es\/wp-content\/uploads\/2024\/09\/Cafe-de-feta-descafeinado.webp","width":1000,"height":1000,"caption":"Entkoffeinierter Feta-Lik\u00f6r-Kaffee"},{"@type":"BreadcrumbList","@id":"https:\/\/degrados.es\/de\/producto\/entkoffeinierter-feta-likoer-kaffee\/#breadcrumb","itemListElement":[{"@type":"ListItem","position":1,"name":"Home","item":"https:\/\/degrados.es\/de\/startseite\/"},{"@type":"ListItem","position":2,"name":"Shop","item":"https:\/\/degrados.es\/de\/?page_id=2821"},{"@type":"ListItem","position":3,"name":"Entkoffeinierter Feta-Lik\u00f6r-Kaffee"}]},{"@type":"WebSite","@id":"https:\/\/degrados.es\/#website","url":"https:\/\/degrados.es\/","name":"Degrados","description":"Spirituosen online kaufen","publisher":{"@id":"https:\/\/degrados.es\/#organization"},"alternateName":"Licorer\u00eda online","potentialAction":[{"@type":"SearchAction","target":{"@type":"EntryPoint","urlTemplate":"https:\/\/degrados.es\/?s={search_term_string}"},"query-input":{"@type":"PropertyValueSpecification","valueRequired":true,"valueName":"search_term_string"}}],"inLanguage":"de"},{"@type":"Organization","@id":"https:\/\/degrados.es\/#organization","name":"DeGrados","url":"https:\/\/degrados.es\/","logo":{"@type":"ImageObject","inLanguage":"de","@id":"https:\/\/degrados.es\/#\/schema\/logo\/image\/","url":"https:\/\/degrados.es\/wp-content\/uploads\/2021\/02\/Logo-degrados.png","contentUrl":"https:\/\/degrados.es\/wp-content\/uploads\/2021\/02\/Logo-degrados.png","width":350,"height":86,"caption":"DeGrados"},"image":{"@id":"https:\/\/degrados.es\/#\/schema\/logo\/image\/"}}]},"product_price_amount":"3.70","product_price_currency":"EUR","og_availability":"instock","product_availability":"instock","product_retailer_item_id":"D99G62","product_condition":"new"},"_links":{"self":[{"href":"https:\/\/degrados.es\/de\/wp-json\/wp\/v2\/product\/7741","targetHints":{"allow":["GET"]}}],"collection":[{"href":"https:\/\/degrados.es\/de\/wp-json\/wp\/v2\/product"}],"about":[{"href":"https:\/\/degrados.es\/de\/wp-json\/wp\/v2\/types\/product"}],"replies":[{"embeddable":true,"href":"https:\/\/degrados.es\/de\/wp-json\/wp\/v2\/comments?post=7741"}],"wp:featuredmedia":[{"embeddable":true,"href":"https:\/\/degrados.es\/de\/wp-json\/wp\/v2\/media\/3896"}],"wp:attachment":[{"href":"https:\/\/degrados.es\/de\/wp-json\/wp\/v2\/media?parent=7741"}],"wp:term":[{"taxonomy":"product_cat","embeddable":true,"href":"https:\/\/degrados.es\/de\/wp-json\/wp\/v2\/product_cat?post=7741"},{"taxonomy":"product_tag","embeddable":true,"href":"https:\/\/degrados.es\/de\/wp-json\/wp\/v2\/product_tag?post=7741"}],"curies":[{"name":"wp","href":"https:\/\/api.w.org\/{rel}","templated":true}]}}