{"id":7745,"date":"2024-09-06T16:33:30","date_gmt":"2024-09-06T14:33:30","guid":{"rendered":"https:\/\/degrados.es\/producto\/horchata-de-chufa-sahnelikoer\/"},"modified":"2025-03-09T11:33:09","modified_gmt":"2025-03-09T10:33:09","slug":"horchata-de-chufa-sahnelikoer","status":"publish","type":"product","link":"https:\/\/degrados.es\/de\/producto\/horchata-de-chufa-sahnelikoer\/","title":{"rendered":"Horchata de chufa Sahnelik\u00f6r"},"content":{"rendered":"<p>Borda Horchata Cream Liqueur wird aus handwerklich hergestellten Erdmandeln aus Valencia und hochwertigen Rohstoffen hergestellt und vereint den unverwechselbaren Geschmack der Horchata mit einer sanften Milchcreme. Aufgrund seiner Rezeptur enth\u00e4lt er Molkereierzeugnisse. <\/p>\n<p>Mit dem valencianischen Siegel ist er ein Getr\u00e4nk, das auch den anspruchsvollsten Gaumen zufrieden stellt. Es wird empfohlen, ihn gek\u00fchlt zu servieren, entweder allein oder in Begleitung, und ihn nicht mit zitrischen oder s\u00e4urehaltigen Getr\u00e4nken zu mischen. <\/p>\n<p>Vor dem Servieren gut sch\u00fctteln, bei Temperaturen zwischen 5\u00baC und 25\u00baC lagern und innerhalb von sechs Monaten nach dem \u00d6ffnen der Flasche verbrauchen.<\/p>\n","protected":false},"excerpt":{"rendered":"<p>Der Borda Horchata Sahnelik\u00f6r f\u00e4ngt den authentischen Geschmack der valencianischen Tigernuss perfekt ein und ist damit die ideale Wahl, um ihn gek\u00fchlt und pur zu genie\u00dfen. Dieser Sahnelik\u00f6r spiegelt die Essenz der traditionellen valencianischen Horchata wider und wird jeden Liebhaber dieses Getr\u00e4nks erobern. <\/p>\n","protected":false},"featured_media":3849,"comment_status":"closed","ping_status":"closed","template":"","meta":{"inline_featured_image":false},"product_cat":[899,530],"product_tag":[566,901,900,531,650,651],"class_list":{"0":"post-7745","1":"product","2":"type-product","3":"status-publish","4":"has-post-thumbnail","6":"product_cat-likor-cremes","7":"product_cat-spirituosen","8":"product_tag-creme","9":"product_tag-horchata-sahne","10":"product_tag-sahnelikor","11":"product_tag-spirituosen","12":"product_tag-tigernuss","13":"product_tag-valencia-de","15":"first","16":"instock","17":"sale","18":"taxable","19":"shipping-taxable","20":"purchasable","21":"product-type-simple"},"yoast_head":"<!-- This site is optimized with the Yoast SEO plugin v26.9 - https:\/\/yoast.com\/product\/yoast-seo-wordpress\/ -->\n<title>Tigernussmilch-Sahnelik\u00f6r kaufen : Degrados<\/title>\n<meta name=\"description\" content=\"Der Tigernussmilch-Sahnelik\u00f6r f\u00fcr Liebhaber der valencianischen Tigernussmilch. Handgemachte Tigernussmilch. Online-Lik\u00f6r-Shop. Lik\u00f6r-Gesch\u00e4ft.\" \/>\n<meta name=\"robots\" content=\"index, follow, max-snippet:-1, max-image-preview:large, max-video-preview:-1\" \/>\n<link rel=\"canonical\" href=\"https:\/\/degrados.es\/de\/producto\/horchata-de-chufa-sahnelikoer\/\" \/>\n<meta property=\"og:locale\" content=\"de_DE\" \/>\n<meta property=\"og:type\" content=\"article\" \/>\n<meta property=\"og:title\" content=\"Tigernussmilch-Sahnelik\u00f6r kaufen : Degrados\" \/>\n<meta property=\"og:description\" content=\"Der Tigernussmilch-Sahnelik\u00f6r f\u00fcr Liebhaber der valencianischen Tigernussmilch. Handgemachte Tigernussmilch. Online-Lik\u00f6r-Shop. Lik\u00f6r-Gesch\u00e4ft.\" \/>\n<meta property=\"og:url\" content=\"https:\/\/degrados.es\/de\/producto\/horchata-de-chufa-sahnelikoer\/\" \/>\n<meta property=\"og:site_name\" content=\"Online Spirituosengesch\u00e4ft\" \/>\n<meta property=\"article:modified_time\" content=\"2025-03-09T10:33:09+00:00\" \/>\n<meta property=\"og:image\" content=\"https:\/\/degrados.es\/wp-content\/uploads\/2024\/09\/Licor-crema-de-horchata-de-chufa.webp\" \/>\n\t<meta property=\"og:image:width\" content=\"1000\" \/>\n\t<meta property=\"og:image:height\" content=\"1000\" \/>\n\t<meta property=\"og:image:type\" content=\"image\/webp\" \/>\n<meta name=\"twitter:card\" content=\"summary_large_image\" \/>\n<script type=\"application\/ld+json\" class=\"yoast-schema-graph\">{\"@context\":\"https:\/\/schema.org\",\"@graph\":[{\"@type\":\"WebPage\",\"@id\":\"https:\/\/degrados.es\/de\/producto\/horchata-de-chufa-sahnelikoer\/\",\"url\":\"https:\/\/degrados.es\/de\/producto\/horchata-de-chufa-sahnelikoer\/\",\"name\":\"Tigernussmilch-Sahnelik\u00f6r kaufen : Degrados\",\"isPartOf\":{\"@id\":\"https:\/\/degrados.es\/de\/#website\"},\"primaryImageOfPage\":{\"@id\":\"https:\/\/degrados.es\/de\/producto\/horchata-de-chufa-sahnelikoer\/#primaryimage\"},\"image\":{\"@id\":\"https:\/\/degrados.es\/de\/producto\/horchata-de-chufa-sahnelikoer\/#primaryimage\"},\"thumbnailUrl\":\"https:\/\/degrados.es\/wp-content\/uploads\/2024\/09\/Licor-crema-de-horchata-de-chufa.webp\",\"datePublished\":\"2024-09-06T14:33:30+00:00\",\"dateModified\":\"2025-03-09T10:33:09+00:00\",\"description\":\"Der Tigernussmilch-Sahnelik\u00f6r f\u00fcr Liebhaber der valencianischen Tigernussmilch. Handgemachte Tigernussmilch. Online-Lik\u00f6r-Shop. Lik\u00f6r-Gesch\u00e4ft.\",\"breadcrumb\":{\"@id\":\"https:\/\/degrados.es\/de\/producto\/horchata-de-chufa-sahnelikoer\/#breadcrumb\"},\"inLanguage\":\"de\",\"potentialAction\":[{\"@type\":\"ReadAction\",\"target\":[\"https:\/\/degrados.es\/de\/producto\/horchata-de-chufa-sahnelikoer\/\"]}]},{\"@type\":\"ImageObject\",\"inLanguage\":\"de\",\"@id\":\"https:\/\/degrados.es\/de\/producto\/horchata-de-chufa-sahnelikoer\/#primaryimage\",\"url\":\"https:\/\/degrados.es\/wp-content\/uploads\/2024\/09\/Licor-crema-de-horchata-de-chufa.webp\",\"contentUrl\":\"https:\/\/degrados.es\/wp-content\/uploads\/2024\/09\/Licor-crema-de-horchata-de-chufa.webp\",\"width\":1000,\"height\":1000,\"caption\":\"Horchata de chufa Sahnelik\u00f6r\"},{\"@type\":\"BreadcrumbList\",\"@id\":\"https:\/\/degrados.es\/de\/producto\/horchata-de-chufa-sahnelikoer\/#breadcrumb\",\"itemListElement\":[{\"@type\":\"ListItem\",\"position\":1,\"name\":\"Home\",\"item\":\"https:\/\/degrados.es\/de\/startseite\/\"},{\"@type\":\"ListItem\",\"position\":2,\"name\":\"Shop\",\"item\":\"https:\/\/degrados.es\/de\/?page_id=2821\"},{\"@type\":\"ListItem\",\"position\":3,\"name\":\"Horchata de chufa Sahnelik\u00f6r\"}]},{\"@type\":\"WebSite\",\"@id\":\"https:\/\/degrados.es\/de\/#website\",\"url\":\"https:\/\/degrados.es\/de\/\",\"name\":\"Online Spirituosengesch\u00e4ft\",\"description\":\"Spirituosen online kaufen\",\"publisher\":{\"@id\":\"https:\/\/degrados.es\/de\/#organization\"},\"potentialAction\":[{\"@type\":\"SearchAction\",\"target\":{\"@type\":\"EntryPoint\",\"urlTemplate\":\"https:\/\/degrados.es\/de\/?s={search_term_string}\"},\"query-input\":{\"@type\":\"PropertyValueSpecification\",\"valueRequired\":true,\"valueName\":\"search_term_string\"}}],\"inLanguage\":\"de\"},{\"@type\":\"Organization\",\"@id\":\"https:\/\/degrados.es\/de\/#organization\",\"name\":\"DeGrados\",\"url\":\"https:\/\/degrados.es\/de\/\",\"logo\":{\"@type\":\"ImageObject\",\"inLanguage\":\"de\",\"@id\":\"https:\/\/degrados.es\/de\/#\/schema\/logo\/image\/\",\"url\":\"https:\/\/degrados.es\/wp-content\/uploads\/2021\/02\/Logo-degrados.png\",\"contentUrl\":\"https:\/\/degrados.es\/wp-content\/uploads\/2021\/02\/Logo-degrados.png\",\"width\":350,\"height\":86,\"caption\":\"DeGrados\"},\"image\":{\"@id\":\"https:\/\/degrados.es\/de\/#\/schema\/logo\/image\/\"}}]}<\/script>\n<!-- \/ Yoast SEO plugin. -->","yoast_head_json":{"title":"Tigernussmilch-Sahnelik\u00f6r kaufen : Degrados","description":"Der Tigernussmilch-Sahnelik\u00f6r f\u00fcr Liebhaber der valencianischen Tigernussmilch. Handgemachte Tigernussmilch. Online-Lik\u00f6r-Shop. Lik\u00f6r-Gesch\u00e4ft.","robots":{"index":"index","follow":"follow","max-snippet":"max-snippet:-1","max-image-preview":"max-image-preview:large","max-video-preview":"max-video-preview:-1"},"canonical":"https:\/\/degrados.es\/de\/producto\/horchata-de-chufa-sahnelikoer\/","og_locale":"de_DE","og_type":"article","og_title":"Tigernussmilch-Sahnelik\u00f6r kaufen : Degrados","og_description":"Der Tigernussmilch-Sahnelik\u00f6r f\u00fcr Liebhaber der valencianischen Tigernussmilch. Handgemachte Tigernussmilch. Online-Lik\u00f6r-Shop. Lik\u00f6r-Gesch\u00e4ft.","og_url":"https:\/\/degrados.es\/de\/producto\/horchata-de-chufa-sahnelikoer\/","og_site_name":"Online Spirituosengesch\u00e4ft","article_modified_time":"2025-03-09T10:33:09+00:00","og_image":[{"width":1000,"height":1000,"url":"https:\/\/degrados.es\/wp-content\/uploads\/2024\/09\/Licor-crema-de-horchata-de-chufa.webp","type":"image\/webp"}],"twitter_card":"summary_large_image","schema":{"@context":"https:\/\/schema.org","@graph":[{"@type":"WebPage","@id":"https:\/\/degrados.es\/de\/producto\/horchata-de-chufa-sahnelikoer\/","url":"https:\/\/degrados.es\/de\/producto\/horchata-de-chufa-sahnelikoer\/","name":"Tigernussmilch-Sahnelik\u00f6r kaufen : Degrados","isPartOf":{"@id":"https:\/\/degrados.es\/de\/#website"},"primaryImageOfPage":{"@id":"https:\/\/degrados.es\/de\/producto\/horchata-de-chufa-sahnelikoer\/#primaryimage"},"image":{"@id":"https:\/\/degrados.es\/de\/producto\/horchata-de-chufa-sahnelikoer\/#primaryimage"},"thumbnailUrl":"https:\/\/degrados.es\/wp-content\/uploads\/2024\/09\/Licor-crema-de-horchata-de-chufa.webp","datePublished":"2024-09-06T14:33:30+00:00","dateModified":"2025-03-09T10:33:09+00:00","description":"Der Tigernussmilch-Sahnelik\u00f6r f\u00fcr Liebhaber der valencianischen Tigernussmilch. Handgemachte Tigernussmilch. Online-Lik\u00f6r-Shop. Lik\u00f6r-Gesch\u00e4ft.","breadcrumb":{"@id":"https:\/\/degrados.es\/de\/producto\/horchata-de-chufa-sahnelikoer\/#breadcrumb"},"inLanguage":"de","potentialAction":[{"@type":"ReadAction","target":["https:\/\/degrados.es\/de\/producto\/horchata-de-chufa-sahnelikoer\/"]}]},{"@type":"ImageObject","inLanguage":"de","@id":"https:\/\/degrados.es\/de\/producto\/horchata-de-chufa-sahnelikoer\/#primaryimage","url":"https:\/\/degrados.es\/wp-content\/uploads\/2024\/09\/Licor-crema-de-horchata-de-chufa.webp","contentUrl":"https:\/\/degrados.es\/wp-content\/uploads\/2024\/09\/Licor-crema-de-horchata-de-chufa.webp","width":1000,"height":1000,"caption":"Horchata de chufa Sahnelik\u00f6r"},{"@type":"BreadcrumbList","@id":"https:\/\/degrados.es\/de\/producto\/horchata-de-chufa-sahnelikoer\/#breadcrumb","itemListElement":[{"@type":"ListItem","position":1,"name":"Home","item":"https:\/\/degrados.es\/de\/startseite\/"},{"@type":"ListItem","position":2,"name":"Shop","item":"https:\/\/degrados.es\/de\/?page_id=2821"},{"@type":"ListItem","position":3,"name":"Horchata de chufa Sahnelik\u00f6r"}]},{"@type":"WebSite","@id":"https:\/\/degrados.es\/de\/#website","url":"https:\/\/degrados.es\/de\/","name":"Online Spirituosengesch\u00e4ft","description":"Spirituosen online kaufen","publisher":{"@id":"https:\/\/degrados.es\/de\/#organization"},"potentialAction":[{"@type":"SearchAction","target":{"@type":"EntryPoint","urlTemplate":"https:\/\/degrados.es\/de\/?s={search_term_string}"},"query-input":{"@type":"PropertyValueSpecification","valueRequired":true,"valueName":"search_term_string"}}],"inLanguage":"de"},{"@type":"Organization","@id":"https:\/\/degrados.es\/de\/#organization","name":"DeGrados","url":"https:\/\/degrados.es\/de\/","logo":{"@type":"ImageObject","inLanguage":"de","@id":"https:\/\/degrados.es\/de\/#\/schema\/logo\/image\/","url":"https:\/\/degrados.es\/wp-content\/uploads\/2021\/02\/Logo-degrados.png","contentUrl":"https:\/\/degrados.es\/wp-content\/uploads\/2021\/02\/Logo-degrados.png","width":350,"height":86,"caption":"DeGrados"},"image":{"@id":"https:\/\/degrados.es\/de\/#\/schema\/logo\/image\/"}}]}},"_links":{"self":[{"href":"https:\/\/degrados.es\/de\/wp-json\/wp\/v2\/product\/7745","targetHints":{"allow":["GET"]}}],"collection":[{"href":"https:\/\/degrados.es\/de\/wp-json\/wp\/v2\/product"}],"about":[{"href":"https:\/\/degrados.es\/de\/wp-json\/wp\/v2\/types\/product"}],"replies":[{"embeddable":true,"href":"https:\/\/degrados.es\/de\/wp-json\/wp\/v2\/comments?post=7745"}],"wp:featuredmedia":[{"embeddable":true,"href":"https:\/\/degrados.es\/de\/wp-json\/wp\/v2\/media\/3849"}],"wp:attachment":[{"href":"https:\/\/degrados.es\/de\/wp-json\/wp\/v2\/media?parent=7745"}],"wp:term":[{"taxonomy":"product_cat","embeddable":true,"href":"https:\/\/degrados.es\/de\/wp-json\/wp\/v2\/product_cat?post=7745"},{"taxonomy":"product_tag","embeddable":true,"href":"https:\/\/degrados.es\/de\/wp-json\/wp\/v2\/product_tag?post=7745"}],"curies":[{"name":"wp","href":"https:\/\/api.w.org\/{rel}","templated":true}]}}