{"id":7746,"date":"2024-09-06T13:22:45","date_gmt":"2024-09-06T11:22:45","guid":{"rendered":"https:\/\/degrados.es\/producto\/mango-sahne-likoer\/"},"modified":"2025-03-09T11:33:11","modified_gmt":"2025-03-09T10:33:11","slug":"mango-sahne-likoer","status":"publish","type":"product","link":"https:\/\/degrados.es\/de\/producto\/mango-sahne-likoer\/","title":{"rendered":"Mango-Sahne-Lik\u00f6r"},"content":{"rendered":"<p>Dieser Mango-Sahne-Lik\u00f6r hat einen ideal ausgewogenen Alkoholgehalt, der f\u00fcr ein einzigartiges und genussvolles Erlebnis sorgt.<\/p>\n<p>Sahnelik\u00f6re sind bekannt f\u00fcr ihre S\u00fc\u00dfe und daf\u00fcr, dass sie Sahne als einen ihrer Hauptbestandteile enthalten. Unser Cream of Mango with Agave Lik\u00f6r hat eine attraktive gelb-br\u00e4unliche Farbe und einen weichen Geschmack, der den Gaumen erfreut. <\/p>\n<p>Agavenbranntwein wird aus der Blauen Agave gewonnen. Unser Sahnelik\u00f6r Que Chido de Mango mit Agave folgt in seiner Herstellung der Tradition, wobei die handwerkliche Essenz erhalten bleibt. <\/p>\n","protected":false},"excerpt":{"rendered":"<p>Entdecken Sie diesen k\u00f6stlichen Mango-Sahne-Lik\u00f6r mit einem intensiven und frischen Aroma dieser tropischen Frucht. Que Chido Mango-Sahne-Lik\u00f6r mit Agave ist ein sanftes und s\u00fc\u00dfes Getr\u00e4nk am Gaumen, bei dem die Mango deutlich hervorsticht, begleitet von zarten Noten von Milch, die das Erlebnis bereichern. Perfekt, um ihn bei jeder Gelegenheit zu genie\u00dfen.  <\/p>\n","protected":false},"featured_media":3915,"comment_status":"closed","ping_status":"closed","template":"","meta":{"inline_featured_image":false},"product_cat":[896,100],"product_tag":[490,898,897,269,475],"class_list":{"0":"post-7746","1":"product","2":"type-product","3":"status-publish","4":"has-post-thumbnail","6":"product_cat-liquor-creams","7":"product_cat-liqueurs","8":"product_tag-liqueur-cream","9":"product_tag-mango-cream","10":"product_tag-mango-liqueur","11":"product_tag-liqueur","12":"product_tag-tequila-en","14":"first","15":"instock","16":"sale","17":"taxable","18":"shipping-taxable","19":"purchasable","20":"product-type-simple"},"yoast_head":"<!-- This site is optimized with the Yoast SEO plugin v26.9 - https:\/\/yoast.com\/product\/yoast-seo-wordpress\/ -->\n<title>Mango-Sahne-Lik\u00f6r mit Tequila kaufen | Degrados<\/title>\n<meta name=\"description\" content=\"Entdecken Sie den Mango-Sahne-Lik\u00f6r mit Tequila. Kaufen Sie einen exklusiven Tequila-Lik\u00f6r mit Mango bei Licorer\u00eda Online. Degrados.\" \/>\n<meta name=\"robots\" content=\"index, follow, max-snippet:-1, max-image-preview:large, max-video-preview:-1\" \/>\n<link rel=\"canonical\" href=\"https:\/\/degrados.es\/de\/producto\/mango-sahne-likoer\/\" \/>\n<meta property=\"og:locale\" content=\"de_DE\" \/>\n<meta property=\"og:type\" content=\"article\" \/>\n<meta property=\"og:title\" content=\"Mango-Sahne-Lik\u00f6r mit Tequila kaufen | Degrados\" \/>\n<meta property=\"og:description\" content=\"Entdecken Sie den Mango-Sahne-Lik\u00f6r mit Tequila. Kaufen Sie einen exklusiven Tequila-Lik\u00f6r mit Mango bei Licorer\u00eda Online. Degrados.\" \/>\n<meta property=\"og:url\" content=\"https:\/\/degrados.es\/de\/producto\/mango-sahne-likoer\/\" \/>\n<meta property=\"og:site_name\" content=\"Online Spirituosengesch\u00e4ft\" \/>\n<meta property=\"article:modified_time\" content=\"2025-03-09T10:33:11+00:00\" \/>\n<meta property=\"og:image\" content=\"https:\/\/degrados.es\/wp-content\/uploads\/2024\/09\/Licor-de-crema-de-mango-1.webp\" \/>\n\t<meta property=\"og:image:width\" content=\"1000\" \/>\n\t<meta property=\"og:image:height\" content=\"1000\" \/>\n\t<meta property=\"og:image:type\" content=\"image\/webp\" \/>\n<meta name=\"twitter:card\" content=\"summary_large_image\" \/>\n<script type=\"application\/ld+json\" class=\"yoast-schema-graph\">{\"@context\":\"https:\/\/schema.org\",\"@graph\":[{\"@type\":\"WebPage\",\"@id\":\"https:\/\/degrados.es\/de\/producto\/mango-sahne-likoer\/\",\"url\":\"https:\/\/degrados.es\/de\/producto\/mango-sahne-likoer\/\",\"name\":\"Mango-Sahne-Lik\u00f6r mit Tequila kaufen | Degrados\",\"isPartOf\":{\"@id\":\"https:\/\/degrados.es\/de\/#website\"},\"primaryImageOfPage\":{\"@id\":\"https:\/\/degrados.es\/de\/producto\/mango-sahne-likoer\/#primaryimage\"},\"image\":{\"@id\":\"https:\/\/degrados.es\/de\/producto\/mango-sahne-likoer\/#primaryimage\"},\"thumbnailUrl\":\"https:\/\/degrados.es\/wp-content\/uploads\/2024\/09\/Licor-de-crema-de-mango-1.webp\",\"datePublished\":\"2024-09-06T11:22:45+00:00\",\"dateModified\":\"2025-03-09T10:33:11+00:00\",\"description\":\"Entdecken Sie den Mango-Sahne-Lik\u00f6r mit Tequila. Kaufen Sie einen exklusiven Tequila-Lik\u00f6r mit Mango bei Licorer\u00eda Online. Degrados.\",\"breadcrumb\":{\"@id\":\"https:\/\/degrados.es\/de\/producto\/mango-sahne-likoer\/#breadcrumb\"},\"inLanguage\":\"de\",\"potentialAction\":[{\"@type\":\"ReadAction\",\"target\":[\"https:\/\/degrados.es\/de\/producto\/mango-sahne-likoer\/\"]}]},{\"@type\":\"ImageObject\",\"inLanguage\":\"de\",\"@id\":\"https:\/\/degrados.es\/de\/producto\/mango-sahne-likoer\/#primaryimage\",\"url\":\"https:\/\/degrados.es\/wp-content\/uploads\/2024\/09\/Licor-de-crema-de-mango-1.webp\",\"contentUrl\":\"https:\/\/degrados.es\/wp-content\/uploads\/2024\/09\/Licor-de-crema-de-mango-1.webp\",\"width\":1000,\"height\":1000,\"caption\":\"Mango-Sahne-Lik\u00f6r\"},{\"@type\":\"BreadcrumbList\",\"@id\":\"https:\/\/degrados.es\/de\/producto\/mango-sahne-likoer\/#breadcrumb\",\"itemListElement\":[{\"@type\":\"ListItem\",\"position\":1,\"name\":\"Home\",\"item\":\"https:\/\/degrados.es\/de\/startseite\/\"},{\"@type\":\"ListItem\",\"position\":2,\"name\":\"Shop\",\"item\":\"https:\/\/degrados.es\/de\/?page_id=2821\"},{\"@type\":\"ListItem\",\"position\":3,\"name\":\"Mango-Sahne-Lik\u00f6r\"}]},{\"@type\":\"WebSite\",\"@id\":\"https:\/\/degrados.es\/de\/#website\",\"url\":\"https:\/\/degrados.es\/de\/\",\"name\":\"Online Spirituosengesch\u00e4ft\",\"description\":\"Spirituosen online kaufen\",\"publisher\":{\"@id\":\"https:\/\/degrados.es\/de\/#organization\"},\"potentialAction\":[{\"@type\":\"SearchAction\",\"target\":{\"@type\":\"EntryPoint\",\"urlTemplate\":\"https:\/\/degrados.es\/de\/?s={search_term_string}\"},\"query-input\":{\"@type\":\"PropertyValueSpecification\",\"valueRequired\":true,\"valueName\":\"search_term_string\"}}],\"inLanguage\":\"de\"},{\"@type\":\"Organization\",\"@id\":\"https:\/\/degrados.es\/de\/#organization\",\"name\":\"DeGrados\",\"url\":\"https:\/\/degrados.es\/de\/\",\"logo\":{\"@type\":\"ImageObject\",\"inLanguage\":\"de\",\"@id\":\"https:\/\/degrados.es\/de\/#\/schema\/logo\/image\/\",\"url\":\"https:\/\/degrados.es\/wp-content\/uploads\/2021\/02\/Logo-degrados.png\",\"contentUrl\":\"https:\/\/degrados.es\/wp-content\/uploads\/2021\/02\/Logo-degrados.png\",\"width\":350,\"height\":86,\"caption\":\"DeGrados\"},\"image\":{\"@id\":\"https:\/\/degrados.es\/de\/#\/schema\/logo\/image\/\"}}]}<\/script>\n<!-- \/ Yoast SEO plugin. -->","yoast_head_json":{"title":"Mango-Sahne-Lik\u00f6r mit Tequila kaufen | Degrados","description":"Entdecken Sie den Mango-Sahne-Lik\u00f6r mit Tequila. Kaufen Sie einen exklusiven Tequila-Lik\u00f6r mit Mango bei Licorer\u00eda Online. Degrados.","robots":{"index":"index","follow":"follow","max-snippet":"max-snippet:-1","max-image-preview":"max-image-preview:large","max-video-preview":"max-video-preview:-1"},"canonical":"https:\/\/degrados.es\/de\/producto\/mango-sahne-likoer\/","og_locale":"de_DE","og_type":"article","og_title":"Mango-Sahne-Lik\u00f6r mit Tequila kaufen | Degrados","og_description":"Entdecken Sie den Mango-Sahne-Lik\u00f6r mit Tequila. Kaufen Sie einen exklusiven Tequila-Lik\u00f6r mit Mango bei Licorer\u00eda Online. Degrados.","og_url":"https:\/\/degrados.es\/de\/producto\/mango-sahne-likoer\/","og_site_name":"Online Spirituosengesch\u00e4ft","article_modified_time":"2025-03-09T10:33:11+00:00","og_image":[{"width":1000,"height":1000,"url":"https:\/\/degrados.es\/wp-content\/uploads\/2024\/09\/Licor-de-crema-de-mango-1.webp","type":"image\/webp"}],"twitter_card":"summary_large_image","schema":{"@context":"https:\/\/schema.org","@graph":[{"@type":"WebPage","@id":"https:\/\/degrados.es\/de\/producto\/mango-sahne-likoer\/","url":"https:\/\/degrados.es\/de\/producto\/mango-sahne-likoer\/","name":"Mango-Sahne-Lik\u00f6r mit Tequila kaufen | Degrados","isPartOf":{"@id":"https:\/\/degrados.es\/de\/#website"},"primaryImageOfPage":{"@id":"https:\/\/degrados.es\/de\/producto\/mango-sahne-likoer\/#primaryimage"},"image":{"@id":"https:\/\/degrados.es\/de\/producto\/mango-sahne-likoer\/#primaryimage"},"thumbnailUrl":"https:\/\/degrados.es\/wp-content\/uploads\/2024\/09\/Licor-de-crema-de-mango-1.webp","datePublished":"2024-09-06T11:22:45+00:00","dateModified":"2025-03-09T10:33:11+00:00","description":"Entdecken Sie den Mango-Sahne-Lik\u00f6r mit Tequila. Kaufen Sie einen exklusiven Tequila-Lik\u00f6r mit Mango bei Licorer\u00eda Online. Degrados.","breadcrumb":{"@id":"https:\/\/degrados.es\/de\/producto\/mango-sahne-likoer\/#breadcrumb"},"inLanguage":"de","potentialAction":[{"@type":"ReadAction","target":["https:\/\/degrados.es\/de\/producto\/mango-sahne-likoer\/"]}]},{"@type":"ImageObject","inLanguage":"de","@id":"https:\/\/degrados.es\/de\/producto\/mango-sahne-likoer\/#primaryimage","url":"https:\/\/degrados.es\/wp-content\/uploads\/2024\/09\/Licor-de-crema-de-mango-1.webp","contentUrl":"https:\/\/degrados.es\/wp-content\/uploads\/2024\/09\/Licor-de-crema-de-mango-1.webp","width":1000,"height":1000,"caption":"Mango-Sahne-Lik\u00f6r"},{"@type":"BreadcrumbList","@id":"https:\/\/degrados.es\/de\/producto\/mango-sahne-likoer\/#breadcrumb","itemListElement":[{"@type":"ListItem","position":1,"name":"Home","item":"https:\/\/degrados.es\/de\/startseite\/"},{"@type":"ListItem","position":2,"name":"Shop","item":"https:\/\/degrados.es\/de\/?page_id=2821"},{"@type":"ListItem","position":3,"name":"Mango-Sahne-Lik\u00f6r"}]},{"@type":"WebSite","@id":"https:\/\/degrados.es\/de\/#website","url":"https:\/\/degrados.es\/de\/","name":"Online Spirituosengesch\u00e4ft","description":"Spirituosen online kaufen","publisher":{"@id":"https:\/\/degrados.es\/de\/#organization"},"potentialAction":[{"@type":"SearchAction","target":{"@type":"EntryPoint","urlTemplate":"https:\/\/degrados.es\/de\/?s={search_term_string}"},"query-input":{"@type":"PropertyValueSpecification","valueRequired":true,"valueName":"search_term_string"}}],"inLanguage":"de"},{"@type":"Organization","@id":"https:\/\/degrados.es\/de\/#organization","name":"DeGrados","url":"https:\/\/degrados.es\/de\/","logo":{"@type":"ImageObject","inLanguage":"de","@id":"https:\/\/degrados.es\/de\/#\/schema\/logo\/image\/","url":"https:\/\/degrados.es\/wp-content\/uploads\/2021\/02\/Logo-degrados.png","contentUrl":"https:\/\/degrados.es\/wp-content\/uploads\/2021\/02\/Logo-degrados.png","width":350,"height":86,"caption":"DeGrados"},"image":{"@id":"https:\/\/degrados.es\/de\/#\/schema\/logo\/image\/"}}]}},"_links":{"self":[{"href":"https:\/\/degrados.es\/de\/wp-json\/wp\/v2\/product\/7746","targetHints":{"allow":["GET"]}}],"collection":[{"href":"https:\/\/degrados.es\/de\/wp-json\/wp\/v2\/product"}],"about":[{"href":"https:\/\/degrados.es\/de\/wp-json\/wp\/v2\/types\/product"}],"replies":[{"embeddable":true,"href":"https:\/\/degrados.es\/de\/wp-json\/wp\/v2\/comments?post=7746"}],"wp:featuredmedia":[{"embeddable":true,"href":"https:\/\/degrados.es\/de\/wp-json\/wp\/v2\/media\/3915"}],"wp:attachment":[{"href":"https:\/\/degrados.es\/de\/wp-json\/wp\/v2\/media?parent=7746"}],"wp:term":[{"taxonomy":"product_cat","embeddable":true,"href":"https:\/\/degrados.es\/de\/wp-json\/wp\/v2\/product_cat?post=7746"},{"taxonomy":"product_tag","embeddable":true,"href":"https:\/\/degrados.es\/de\/wp-json\/wp\/v2\/product_tag?post=7746"}],"curies":[{"name":"wp","href":"https:\/\/api.w.org\/{rel}","templated":true}]}}