{"id":7755,"date":"2024-11-18T16:12:44","date_gmt":"2024-11-18T15:12:44","guid":{"rendered":"https:\/\/degrados.es\/producto\/el-festin-handgefertigter-gourmet-korb\/"},"modified":"2025-03-09T11:33:31","modified_gmt":"2025-03-09T10:33:31","slug":"el-festin-handgefertigter-gourmet-korb","status":"publish","type":"product","link":"https:\/\/degrados.es\/de\/producto\/el-festin-handgefertigter-gourmet-korb\/","title":{"rendered":"El Fest\u00edn&#8220; handgefertigter Gourmet-Korb"},"content":{"rendered":"<h2>Handwerklich hergestellte Gourmetprodukte, perfekt zum Verschenken<\/h2>\n<p>Die K\u00f6rbe von Degrados bestehen aus handgefertigten Produkten von h\u00f6chster Qualit\u00e4t, die aus nachhaltigem KM0-Anbau stammen.<\/p>\n<p>Produkte vom Land direkt vom Landwirt\/Produzenten.<\/p>\n<p>Dieser Gourmet-Korb &#8222;El Fest\u00edn&#8220; besteht aus:<\/p>\n<ul>\n<li>Wermut Negroni Pale Sirup 75 cl.<\/li>\n<li>Bouquet Wei\u00dfwein &#8211; Antonio Llobell.<\/li>\n<li>Alicante Wein GURGU &#8222;Selecci\u00f3&#8220; 2015.<\/li>\n<li>Cava Bah\u00eda de Denia.<\/li>\n<li>Herbero dulce de Bocairent.<\/li>\n<li>ECO EVOO \u00d6l 250 ml.<\/li>\n<li>Gelber Gourmet-Senf &#8222;Happy Mustard&#8220; 115 gr.<\/li>\n<li>Gereifter Ziegenk\u00e4se aus Rohmilch.<\/li>\n<li>Jijona Nougat von h\u00f6chster Qualit\u00e4t.<\/li>\n<li>Schokolade und Mandel-Nougat.<\/li>\n<li>Nougat aus Alicante.<\/li>\n<li>Guirlache-Nougat mit Sesam.<\/li>\n<li>Arnadi.<\/li>\n<li>Tausendbl\u00fcten Honig 250 gr.<\/li>\n<li>Blanqueta-Oliven 60 g Glas.<\/li>\n<li>Pericana (Getrockneter Pfeffer mit Kabeljau und nativem Oliven\u00f6l).<\/li>\n<li>Garum 21. Jahrhundert.<\/li>\n<li>Ger\u00f6stete Marcona-Mandeln mit einem leichten Hauch von Salz 100 gr.<\/li>\n<li>Bonito-Bauch Thunfisch mit Oliven\u00f6l.<\/li>\n<li>Handgemachter Gourmet-Krabbenkuchen.<\/li>\n<\/ul>\n<p>Jedes Produkt wurde sorgf\u00e4ltig ausgew\u00e4hlt, um ein exklusives Speiseerlebnis zu bieten.<\/p>\n<p>W\u00e4hlen Sie aus einer gro\u00dfen Auswahl an <a href=\"https:\/\/degrados.es\/de\/categoria-producto\/gourmet-boxen\/\">Gourmet-K\u00f6rben<\/a>.<\/p>\n","protected":false},"excerpt":{"rendered":"<p>Gro\u00dfe Gourmet-Box mit sorgf\u00e4ltig ausgew\u00e4hlten handwerklichen Produkten direkt vom Bauern.<\/p>\n","protected":false},"featured_media":8665,"comment_status":"open","ping_status":"closed","template":"","meta":{"inline_featured_image":false},"product_cat":[535,573],"product_tag":[],"class_list":{"0":"post-7755","1":"product","2":"type-product","3":"status-publish","4":"has-post-thumbnail","6":"product_cat-gourmet-boxen","7":"product_cat-korbe","9":"first","10":"instock","11":"sale","12":"taxable","13":"shipping-taxable","14":"purchasable","15":"product-type-simple"},"yoast_head":"<!-- This site is optimized with the Yoast SEO plugin v27.4 - https:\/\/yoast.com\/product\/yoast-seo-wordpress\/ -->\n<title>Kunsthandwerklicher Gourmet-Korb &quot;El Fest\u00edn&quot; : Degrados<\/title>\n<meta name=\"description\" content=\"El Fest\u00edn Gourmet-Korb mit handgemachten Produkten, ideal als Geschenk oder zum Verzehr mit Freunden und Familie. Kaufen Sie Schachteln mit Gourmetprodukten.\" \/>\n<meta name=\"robots\" content=\"index, follow, max-snippet:-1, max-image-preview:large, max-video-preview:-1\" \/>\n<link rel=\"canonical\" href=\"https:\/\/degrados.es\/de\/producto\/el-festin-handgefertigter-gourmet-korb\/\" \/>\n<meta property=\"og:locale\" content=\"de_DE\" \/>\n<meta property=\"og:type\" content=\"article\" \/>\n<meta property=\"og:title\" content=\"Kunsthandwerklicher Gourmet-Korb &quot;El Fest\u00edn&quot; : Degrados\" \/>\n<meta property=\"og:description\" content=\"El Fest\u00edn Gourmet-Korb mit handgemachten Produkten, ideal als Geschenk oder zum Verzehr mit Freunden und Familie. Kaufen Sie Schachteln mit Gourmetprodukten.\" \/>\n<meta property=\"og:url\" content=\"https:\/\/degrados.es\/de\/producto\/el-festin-handgefertigter-gourmet-korb\/\" \/>\n<meta property=\"og:site_name\" content=\"Online Spirituosengesch\u00e4ft\" \/>\n<meta property=\"article:modified_time\" content=\"2025-03-09T10:33:31+00:00\" \/>\n<meta property=\"og:image\" content=\"https:\/\/degrados.es\/wp-content\/uploads\/2024\/11\/El-Festin-Nadal.png\" \/>\n\t<meta property=\"og:image:width\" content=\"1080\" \/>\n\t<meta property=\"og:image:height\" content=\"1080\" \/>\n\t<meta property=\"og:image:type\" content=\"image\/png\" \/>\n<meta name=\"twitter:card\" content=\"summary_large_image\" \/>\n<meta name=\"twitter:label1\" content=\"Preis\" \/>\n\t<meta name=\"twitter:data1\" content=\"184,00&euro; IVA Incluido\" \/>\n\t<meta name=\"twitter:label2\" content=\"Verf\u00fcgbarkeit\" \/>\n\t<meta name=\"twitter:data2\" content=\"Auf Lager\" \/>\n<script type=\"application\/ld+json\" class=\"yoast-schema-graph\">{\"@context\":\"https:\\\/\\\/schema.org\",\"@graph\":[{\"@type\":\"WebPage\",\"@id\":\"https:\\\/\\\/degrados.es\\\/de\\\/producto\\\/el-festin-handgefertigter-gourmet-korb\\\/\",\"url\":\"https:\\\/\\\/degrados.es\\\/de\\\/producto\\\/el-festin-handgefertigter-gourmet-korb\\\/\",\"name\":\"Kunsthandwerklicher Gourmet-Korb \\\"El Fest\u00edn\\\" : Degrados\",\"isPartOf\":{\"@id\":\"https:\\\/\\\/degrados.es\\\/#website\"},\"primaryImageOfPage\":{\"@id\":\"https:\\\/\\\/degrados.es\\\/de\\\/producto\\\/el-festin-handgefertigter-gourmet-korb\\\/#primaryimage\"},\"image\":{\"@id\":\"https:\\\/\\\/degrados.es\\\/de\\\/producto\\\/el-festin-handgefertigter-gourmet-korb\\\/#primaryimage\"},\"thumbnailUrl\":\"https:\\\/\\\/degrados.es\\\/wp-content\\\/uploads\\\/2024\\\/11\\\/Cesta-regalo-extra-grande.webp\",\"datePublished\":\"2024-11-18T15:12:44+00:00\",\"dateModified\":\"2025-03-09T10:33:31+00:00\",\"description\":\"El Fest\u00edn Gourmet-Korb mit handgemachten Produkten, ideal als Geschenk oder zum Verzehr mit Freunden und Familie. Kaufen Sie Schachteln mit Gourmetprodukten.\",\"breadcrumb\":{\"@id\":\"https:\\\/\\\/degrados.es\\\/de\\\/producto\\\/el-festin-handgefertigter-gourmet-korb\\\/#breadcrumb\"},\"inLanguage\":\"de\",\"potentialAction\":[{\"@type\":\"ReadAction\",\"target\":[\"https:\\\/\\\/degrados.es\\\/de\\\/producto\\\/el-festin-handgefertigter-gourmet-korb\\\/\"]}]},{\"@type\":\"ImageObject\",\"inLanguage\":\"de\",\"@id\":\"https:\\\/\\\/degrados.es\\\/de\\\/producto\\\/el-festin-handgefertigter-gourmet-korb\\\/#primaryimage\",\"url\":\"https:\\\/\\\/degrados.es\\\/wp-content\\\/uploads\\\/2024\\\/11\\\/Cesta-regalo-extra-grande.webp\",\"contentUrl\":\"https:\\\/\\\/degrados.es\\\/wp-content\\\/uploads\\\/2024\\\/11\\\/Cesta-regalo-extra-grande.webp\",\"width\":2048,\"height\":2048,\"caption\":\"Cesta con lote de productos grande\"},{\"@type\":\"BreadcrumbList\",\"@id\":\"https:\\\/\\\/degrados.es\\\/de\\\/producto\\\/el-festin-handgefertigter-gourmet-korb\\\/#breadcrumb\",\"itemListElement\":[{\"@type\":\"ListItem\",\"position\":1,\"name\":\"Home\",\"item\":\"https:\\\/\\\/degrados.es\\\/de\\\/startseite\\\/\"},{\"@type\":\"ListItem\",\"position\":2,\"name\":\"Shop\",\"item\":\"https:\\\/\\\/degrados.es\\\/de\\\/?page_id=2821\"},{\"@type\":\"ListItem\",\"position\":3,\"name\":\"El Fest\u00edn&#8220; handgefertigter Gourmet-Korb\"}]},{\"@type\":\"WebSite\",\"@id\":\"https:\\\/\\\/degrados.es\\\/#website\",\"url\":\"https:\\\/\\\/degrados.es\\\/\",\"name\":\"Degrados\",\"description\":\"Spirituosen online kaufen\",\"publisher\":{\"@id\":\"https:\\\/\\\/degrados.es\\\/#organization\"},\"alternateName\":\"Licorer\u00eda online\",\"potentialAction\":[{\"@type\":\"SearchAction\",\"target\":{\"@type\":\"EntryPoint\",\"urlTemplate\":\"https:\\\/\\\/degrados.es\\\/?s={search_term_string}\"},\"query-input\":{\"@type\":\"PropertyValueSpecification\",\"valueRequired\":true,\"valueName\":\"search_term_string\"}}],\"inLanguage\":\"de\"},{\"@type\":\"Organization\",\"@id\":\"https:\\\/\\\/degrados.es\\\/#organization\",\"name\":\"DeGrados\",\"url\":\"https:\\\/\\\/degrados.es\\\/\",\"logo\":{\"@type\":\"ImageObject\",\"inLanguage\":\"de\",\"@id\":\"https:\\\/\\\/degrados.es\\\/#\\\/schema\\\/logo\\\/image\\\/\",\"url\":\"https:\\\/\\\/degrados.es\\\/wp-content\\\/uploads\\\/2021\\\/02\\\/Logo-degrados.png\",\"contentUrl\":\"https:\\\/\\\/degrados.es\\\/wp-content\\\/uploads\\\/2021\\\/02\\\/Logo-degrados.png\",\"width\":350,\"height\":86,\"caption\":\"DeGrados\"},\"image\":{\"@id\":\"https:\\\/\\\/degrados.es\\\/#\\\/schema\\\/logo\\\/image\\\/\"}}]}<\/script>\n<meta property=\"product:price:amount\" content=\"184.00\" \/>\n<meta property=\"product:price:currency\" content=\"EUR\" \/>\n<meta property=\"og:availability\" content=\"instock\" \/>\n<meta property=\"product:availability\" content=\"instock\" \/>\n<meta property=\"product:retailer_item_id\" content=\"D1G74-6\" \/>\n<meta property=\"product:condition\" content=\"new\" \/>\n<!-- \/ Yoast SEO plugin. -->","yoast_head_json":{"title":"Kunsthandwerklicher Gourmet-Korb \"El Fest\u00edn\" : Degrados","description":"El Fest\u00edn Gourmet-Korb mit handgemachten Produkten, ideal als Geschenk oder zum Verzehr mit Freunden und Familie. Kaufen Sie Schachteln mit Gourmetprodukten.","robots":{"index":"index","follow":"follow","max-snippet":"max-snippet:-1","max-image-preview":"max-image-preview:large","max-video-preview":"max-video-preview:-1"},"canonical":"https:\/\/degrados.es\/de\/producto\/el-festin-handgefertigter-gourmet-korb\/","og_locale":"de_DE","og_type":"article","og_title":"Kunsthandwerklicher Gourmet-Korb \"El Fest\u00edn\" : Degrados","og_description":"El Fest\u00edn Gourmet-Korb mit handgemachten Produkten, ideal als Geschenk oder zum Verzehr mit Freunden und Familie. Kaufen Sie Schachteln mit Gourmetprodukten.","og_url":"https:\/\/degrados.es\/de\/producto\/el-festin-handgefertigter-gourmet-korb\/","og_site_name":"Online Spirituosengesch\u00e4ft","article_modified_time":"2025-03-09T10:33:31+00:00","og_image":[{"width":1080,"height":1080,"url":"https:\/\/degrados.es\/wp-content\/uploads\/2024\/11\/El-Festin-Nadal.png","type":"image\/png"}],"twitter_card":"summary_large_image","twitter_misc":{"Preis":"184,00&euro; IVA Incluido","Verf\u00fcgbarkeit":"Auf Lager"},"schema":{"@context":"https:\/\/schema.org","@graph":[{"@type":"WebPage","@id":"https:\/\/degrados.es\/de\/producto\/el-festin-handgefertigter-gourmet-korb\/","url":"https:\/\/degrados.es\/de\/producto\/el-festin-handgefertigter-gourmet-korb\/","name":"Kunsthandwerklicher Gourmet-Korb \"El Fest\u00edn\" : Degrados","isPartOf":{"@id":"https:\/\/degrados.es\/#website"},"primaryImageOfPage":{"@id":"https:\/\/degrados.es\/de\/producto\/el-festin-handgefertigter-gourmet-korb\/#primaryimage"},"image":{"@id":"https:\/\/degrados.es\/de\/producto\/el-festin-handgefertigter-gourmet-korb\/#primaryimage"},"thumbnailUrl":"https:\/\/degrados.es\/wp-content\/uploads\/2024\/11\/Cesta-regalo-extra-grande.webp","datePublished":"2024-11-18T15:12:44+00:00","dateModified":"2025-03-09T10:33:31+00:00","description":"El Fest\u00edn Gourmet-Korb mit handgemachten Produkten, ideal als Geschenk oder zum Verzehr mit Freunden und Familie. Kaufen Sie Schachteln mit Gourmetprodukten.","breadcrumb":{"@id":"https:\/\/degrados.es\/de\/producto\/el-festin-handgefertigter-gourmet-korb\/#breadcrumb"},"inLanguage":"de","potentialAction":[{"@type":"ReadAction","target":["https:\/\/degrados.es\/de\/producto\/el-festin-handgefertigter-gourmet-korb\/"]}]},{"@type":"ImageObject","inLanguage":"de","@id":"https:\/\/degrados.es\/de\/producto\/el-festin-handgefertigter-gourmet-korb\/#primaryimage","url":"https:\/\/degrados.es\/wp-content\/uploads\/2024\/11\/Cesta-regalo-extra-grande.webp","contentUrl":"https:\/\/degrados.es\/wp-content\/uploads\/2024\/11\/Cesta-regalo-extra-grande.webp","width":2048,"height":2048,"caption":"Cesta con lote de productos grande"},{"@type":"BreadcrumbList","@id":"https:\/\/degrados.es\/de\/producto\/el-festin-handgefertigter-gourmet-korb\/#breadcrumb","itemListElement":[{"@type":"ListItem","position":1,"name":"Home","item":"https:\/\/degrados.es\/de\/startseite\/"},{"@type":"ListItem","position":2,"name":"Shop","item":"https:\/\/degrados.es\/de\/?page_id=2821"},{"@type":"ListItem","position":3,"name":"El Fest\u00edn&#8220; handgefertigter Gourmet-Korb"}]},{"@type":"WebSite","@id":"https:\/\/degrados.es\/#website","url":"https:\/\/degrados.es\/","name":"Degrados","description":"Spirituosen online kaufen","publisher":{"@id":"https:\/\/degrados.es\/#organization"},"alternateName":"Licorer\u00eda online","potentialAction":[{"@type":"SearchAction","target":{"@type":"EntryPoint","urlTemplate":"https:\/\/degrados.es\/?s={search_term_string}"},"query-input":{"@type":"PropertyValueSpecification","valueRequired":true,"valueName":"search_term_string"}}],"inLanguage":"de"},{"@type":"Organization","@id":"https:\/\/degrados.es\/#organization","name":"DeGrados","url":"https:\/\/degrados.es\/","logo":{"@type":"ImageObject","inLanguage":"de","@id":"https:\/\/degrados.es\/#\/schema\/logo\/image\/","url":"https:\/\/degrados.es\/wp-content\/uploads\/2021\/02\/Logo-degrados.png","contentUrl":"https:\/\/degrados.es\/wp-content\/uploads\/2021\/02\/Logo-degrados.png","width":350,"height":86,"caption":"DeGrados"},"image":{"@id":"https:\/\/degrados.es\/#\/schema\/logo\/image\/"}}]},"product_price_amount":"184.00","product_price_currency":"EUR","og_availability":"instock","product_availability":"instock","product_retailer_item_id":"D1G74-6","product_condition":"new"},"_links":{"self":[{"href":"https:\/\/degrados.es\/de\/wp-json\/wp\/v2\/product\/7755","targetHints":{"allow":["GET"]}}],"collection":[{"href":"https:\/\/degrados.es\/de\/wp-json\/wp\/v2\/product"}],"about":[{"href":"https:\/\/degrados.es\/de\/wp-json\/wp\/v2\/types\/product"}],"replies":[{"embeddable":true,"href":"https:\/\/degrados.es\/de\/wp-json\/wp\/v2\/comments?post=7755"}],"wp:featuredmedia":[{"embeddable":true,"href":"https:\/\/degrados.es\/de\/wp-json\/wp\/v2\/media\/8665"}],"wp:attachment":[{"href":"https:\/\/degrados.es\/de\/wp-json\/wp\/v2\/media?parent=7755"}],"wp:term":[{"taxonomy":"product_cat","embeddable":true,"href":"https:\/\/degrados.es\/de\/wp-json\/wp\/v2\/product_cat?post=7755"},{"taxonomy":"product_tag","embeddable":true,"href":"https:\/\/degrados.es\/de\/wp-json\/wp\/v2\/product_tag?post=7755"}],"curies":[{"name":"wp","href":"https:\/\/api.w.org\/{rel}","templated":true}]}}