{"id":8380,"date":"2025-10-22T17:04:32","date_gmt":"2025-10-22T15:04:32","guid":{"rendered":"https:\/\/degrados.es\/?post_type=product&#038;p=8380"},"modified":"2026-03-07T08:53:39","modified_gmt":"2026-03-07T07:53:39","slug":"vino-tinto-de-alicante","status":"publish","type":"product","link":"https:\/\/degrados.es\/de\/producto\/vino-tinto-de-alicante\/","title":{"rendered":"Vino tinto de Alicante &#8211; Fet a ma"},"content":{"rendered":"<h2>Vino tinto de Alicante<\/h2>\n<p><span class=\"JsGRdQ\">Monastrell del alto Vinalop\u00f3 de vi\u00f1edos plantados con algunas cepas de otras variedades aut\u00f3ctonas. Cultivado y elaborado con t\u00e9cnicas ancestrales del mediterr\u00e1neo occidental.<\/span><\/p>\n<p class=\"_04xlpA direction-ltr align-center para-style-body\"><span class=\"JsGRdQ\">En las partes altas del valle del Vinalop\u00f3, el vino de Monastrell se elabora acompa\u00f1ado con peque\u00f1as cantidades de Bobal, Garnacha y Forcall\u00e1, plantadas entre vi\u00f1edos de Monastrell.<\/span><\/p>\n<p class=\"_04xlpA direction-ltr align-center para-style-body\"><span class=\"JsGRdQ\">Fet a M\u00e0 es el resultado de una profunda investigaci\u00f3n de los vinos tintos que elaboraban nuestros antepasados y su adaptaci\u00f3n a nuestro tiempo.<\/span><\/p>\n<h3>Ficha t\u00e9cnica<\/h3>\n<div id=\"ficha\" class=\"collapse show\">\n<div class=\"card card-body\">\n<p><strong>UVA:\u00a0<\/strong>90% Monastrell 10% Bobal, Garnacha y Forcallat.<\/p>\n<p><strong>VI\u00d1EDO:\u00a0\u00a0<\/strong>Cepas de mas de 30 a\u00f1os ubicadas en el valle del Alto Vinalop\u00f3.<\/p>\n<p><strong>A\u00d1ADA :\u00a0<\/strong>2021 .12 meses en Barricas de 500 l\u00a0 de roble franc\u00e9s.<\/p>\n<p>&nbsp;<\/p>\n<\/div>\n<\/div>\n<h3>Nota de cata<\/h3>\n<div id=\"nota\" class=\"collapse show\">\n<div class=\"card card-body\">\n<p>Fet a m\u00e0 es un vino muy expresivo y\u00a0sabroso, donde la Monastrell, el grado\u00a0de madurez y la crianza se funden en un perfecto equilibrio.<\/p>\n<p><strong>VISUAL:<\/strong> Color brillante de intensidad.<\/p>\n<p><strong>NARIZ:<\/strong> En nariz es muy intenso, con\u00a0aromas muy bien combinados de frutas,\u00a0bals\u00e1micos, regaliz y caf\u00e9, muy\u00a0complejo.<\/p>\n<p><strong>BOCA:<\/strong> En boca, tiene una buena entrada,\u00a0sedosa y sabrosa en el paladar. En el\u00a0final, una ligera acidez y un\u00a0retrogusto bals\u00e1mico aportan el equilibrio perfecto al vino.<\/p>\n<\/div>\n<\/div>\n","protected":false},"excerpt":{"rendered":"<p><span class=\"JsGRdQ\">Monastrell del alto Vinalop\u00f3 de vi\u00f1edos plantados con algunas cepas de otras variedades aut\u00f3ctonas. Cultivado y elaborado con t\u00e9cnicas ancestrales del mediterr\u00e1neo occidental.<\/span><\/p>\n","protected":false},"featured_media":8376,"comment_status":"closed","ping_status":"closed","template":"","meta":{"inline_featured_image":false},"product_cat":[713,33,714],"product_tag":[127,126],"class_list":{"0":"post-8380","1":"product","2":"type-product","3":"status-publish","4":"has-post-thumbnail","6":"product_cat-vinos","7":"product_cat-vinos-de-autor","8":"product_cat-vinos-tintos","9":"product_tag-vino-de-alicante","10":"product_tag-vino-tinto","12":"first","13":"instock","14":"sale","15":"taxable","16":"shipping-taxable","17":"purchasable","18":"product-type-simple"},"yoast_head":"<!-- This site is optimized with the Yoast SEO plugin v27.4 - https:\/\/yoast.com\/product\/yoast-seo-wordpress\/ -->\n<title>Comprar vino tinto de Alicante: Fet a m\u00e0 - Bodega online<\/title>\n<meta name=\"description\" content=\"Descubre el vino tinto Fet a m\u00e0 de Alicante: elaborado con t\u00e9cnicas ancestrales del mediterr\u00e1neo occidental. Compra en nuestra bodega online.\" \/>\n<meta name=\"robots\" content=\"index, follow, max-snippet:-1, max-image-preview:large, max-video-preview:-1\" \/>\n<link rel=\"canonical\" href=\"https:\/\/degrados.es\/producto\/vino-tinto-de-alicante\/\" \/>\n<meta property=\"og:locale\" content=\"de_DE\" \/>\n<meta property=\"og:type\" content=\"article\" \/>\n<meta property=\"og:title\" content=\"Comprar vino tinto de Alicante: Fet a m\u00e0 - Bodega online\" \/>\n<meta property=\"og:description\" content=\"Descubre el vino tinto Fet a m\u00e0 de Alicante: elaborado con t\u00e9cnicas ancestrales del mediterr\u00e1neo occidental. Compra en nuestra bodega online.\" \/>\n<meta property=\"og:url\" content=\"https:\/\/degrados.es\/producto\/vino-tinto-de-alicante\/\" \/>\n<meta property=\"og:site_name\" content=\"Online Spirituosengesch\u00e4ft\" \/>\n<meta property=\"article:modified_time\" content=\"2026-03-07T07:53:39+00:00\" \/>\n<meta property=\"og:image\" content=\"https:\/\/degrados.es\/wp-content\/uploads\/2025\/10\/Vino-tinto-alicante.webp\" \/>\n\t<meta property=\"og:image:width\" content=\"2000\" \/>\n\t<meta property=\"og:image:height\" content=\"2000\" \/>\n\t<meta property=\"og:image:type\" content=\"image\/webp\" \/>\n<meta name=\"twitter:card\" content=\"summary_large_image\" \/>\n<meta name=\"twitter:label1\" content=\"Preis\" \/>\n\t<meta name=\"twitter:data1\" content=\"11,87&euro; IVA Incluido\" \/>\n\t<meta name=\"twitter:label2\" content=\"Verf\u00fcgbarkeit\" \/>\n\t<meta name=\"twitter:data2\" content=\"Auf Lager\" \/>\n<script type=\"application\/ld+json\" class=\"yoast-schema-graph\">{\"@context\":\"https:\\\/\\\/schema.org\",\"@graph\":[{\"@type\":\"WebPage\",\"@id\":\"https:\\\/\\\/degrados.es\\\/producto\\\/vino-tinto-de-alicante\\\/\",\"url\":\"https:\\\/\\\/degrados.es\\\/producto\\\/vino-tinto-de-alicante\\\/\",\"name\":\"Comprar vino tinto de Alicante: Fet a m\u00e0 - Bodega online\",\"isPartOf\":{\"@id\":\"https:\\\/\\\/degrados.es\\\/#website\"},\"primaryImageOfPage\":{\"@id\":\"https:\\\/\\\/degrados.es\\\/producto\\\/vino-tinto-de-alicante\\\/#primaryimage\"},\"image\":{\"@id\":\"https:\\\/\\\/degrados.es\\\/producto\\\/vino-tinto-de-alicante\\\/#primaryimage\"},\"thumbnailUrl\":\"https:\\\/\\\/degrados.es\\\/wp-content\\\/uploads\\\/2025\\\/10\\\/Vino-tinto-alicante.webp\",\"datePublished\":\"2025-10-22T15:04:32+00:00\",\"dateModified\":\"2026-03-07T07:53:39+00:00\",\"description\":\"Descubre el vino tinto Fet a m\u00e0 de Alicante: elaborado con t\u00e9cnicas ancestrales del mediterr\u00e1neo occidental. Compra en nuestra bodega online.\",\"breadcrumb\":{\"@id\":\"https:\\\/\\\/degrados.es\\\/producto\\\/vino-tinto-de-alicante\\\/#breadcrumb\"},\"inLanguage\":\"de\",\"potentialAction\":[{\"@type\":\"ReadAction\",\"target\":[\"https:\\\/\\\/degrados.es\\\/producto\\\/vino-tinto-de-alicante\\\/\"]}]},{\"@type\":\"ImageObject\",\"inLanguage\":\"de\",\"@id\":\"https:\\\/\\\/degrados.es\\\/producto\\\/vino-tinto-de-alicante\\\/#primaryimage\",\"url\":\"https:\\\/\\\/degrados.es\\\/wp-content\\\/uploads\\\/2025\\\/10\\\/Vino-tinto-alicante.webp\",\"contentUrl\":\"https:\\\/\\\/degrados.es\\\/wp-content\\\/uploads\\\/2025\\\/10\\\/Vino-tinto-alicante.webp\",\"width\":2000,\"height\":2000,\"caption\":\"Vino mediterr\u00e1neo\"},{\"@type\":\"BreadcrumbList\",\"@id\":\"https:\\\/\\\/degrados.es\\\/producto\\\/vino-tinto-de-alicante\\\/#breadcrumb\",\"itemListElement\":[{\"@type\":\"ListItem\",\"position\":1,\"name\":\"Home\",\"item\":\"https:\\\/\\\/degrados.es\\\/de\\\/startseite\\\/\"},{\"@type\":\"ListItem\",\"position\":2,\"name\":\"Shop\",\"item\":\"https:\\\/\\\/degrados.es\\\/de\\\/?page_id=2821\"},{\"@type\":\"ListItem\",\"position\":3,\"name\":\"Vino tinto de Alicante &#8211; Fet a ma\"}]},{\"@type\":\"WebSite\",\"@id\":\"https:\\\/\\\/degrados.es\\\/#website\",\"url\":\"https:\\\/\\\/degrados.es\\\/\",\"name\":\"Degrados\",\"description\":\"Spirituosen online kaufen\",\"publisher\":{\"@id\":\"https:\\\/\\\/degrados.es\\\/#organization\"},\"alternateName\":\"Licorer\u00eda online\",\"potentialAction\":[{\"@type\":\"SearchAction\",\"target\":{\"@type\":\"EntryPoint\",\"urlTemplate\":\"https:\\\/\\\/degrados.es\\\/?s={search_term_string}\"},\"query-input\":{\"@type\":\"PropertyValueSpecification\",\"valueRequired\":true,\"valueName\":\"search_term_string\"}}],\"inLanguage\":\"de\"},{\"@type\":\"Organization\",\"@id\":\"https:\\\/\\\/degrados.es\\\/#organization\",\"name\":\"DeGrados\",\"url\":\"https:\\\/\\\/degrados.es\\\/\",\"logo\":{\"@type\":\"ImageObject\",\"inLanguage\":\"de\",\"@id\":\"https:\\\/\\\/degrados.es\\\/#\\\/schema\\\/logo\\\/image\\\/\",\"url\":\"https:\\\/\\\/degrados.es\\\/wp-content\\\/uploads\\\/2021\\\/02\\\/Logo-degrados.png\",\"contentUrl\":\"https:\\\/\\\/degrados.es\\\/wp-content\\\/uploads\\\/2021\\\/02\\\/Logo-degrados.png\",\"width\":350,\"height\":86,\"caption\":\"DeGrados\"},\"image\":{\"@id\":\"https:\\\/\\\/degrados.es\\\/#\\\/schema\\\/logo\\\/image\\\/\"}}]}<\/script>\n<meta property=\"product:price:amount\" content=\"11.87\" \/>\n<meta property=\"product:price:currency\" content=\"EUR\" \/>\n<meta property=\"og:availability\" content=\"instock\" \/>\n<meta property=\"product:availability\" content=\"instock\" \/>\n<meta property=\"product:condition\" content=\"new\" \/>\n<!-- \/ Yoast SEO plugin. -->","yoast_head_json":{"title":"Comprar vino tinto de Alicante: Fet a m\u00e0 - Bodega online","description":"Descubre el vino tinto Fet a m\u00e0 de Alicante: elaborado con t\u00e9cnicas ancestrales del mediterr\u00e1neo occidental. Compra en nuestra bodega online.","robots":{"index":"index","follow":"follow","max-snippet":"max-snippet:-1","max-image-preview":"max-image-preview:large","max-video-preview":"max-video-preview:-1"},"canonical":"https:\/\/degrados.es\/producto\/vino-tinto-de-alicante\/","og_locale":"de_DE","og_type":"article","og_title":"Comprar vino tinto de Alicante: Fet a m\u00e0 - Bodega online","og_description":"Descubre el vino tinto Fet a m\u00e0 de Alicante: elaborado con t\u00e9cnicas ancestrales del mediterr\u00e1neo occidental. Compra en nuestra bodega online.","og_url":"https:\/\/degrados.es\/producto\/vino-tinto-de-alicante\/","og_site_name":"Online Spirituosengesch\u00e4ft","article_modified_time":"2026-03-07T07:53:39+00:00","og_image":[{"width":2000,"height":2000,"url":"https:\/\/degrados.es\/wp-content\/uploads\/2025\/10\/Vino-tinto-alicante.webp","type":"image\/webp"}],"twitter_card":"summary_large_image","twitter_misc":{"Preis":"11,87&euro; IVA Incluido","Verf\u00fcgbarkeit":"Auf Lager"},"schema":{"@context":"https:\/\/schema.org","@graph":[{"@type":"WebPage","@id":"https:\/\/degrados.es\/producto\/vino-tinto-de-alicante\/","url":"https:\/\/degrados.es\/producto\/vino-tinto-de-alicante\/","name":"Comprar vino tinto de Alicante: Fet a m\u00e0 - Bodega online","isPartOf":{"@id":"https:\/\/degrados.es\/#website"},"primaryImageOfPage":{"@id":"https:\/\/degrados.es\/producto\/vino-tinto-de-alicante\/#primaryimage"},"image":{"@id":"https:\/\/degrados.es\/producto\/vino-tinto-de-alicante\/#primaryimage"},"thumbnailUrl":"https:\/\/degrados.es\/wp-content\/uploads\/2025\/10\/Vino-tinto-alicante.webp","datePublished":"2025-10-22T15:04:32+00:00","dateModified":"2026-03-07T07:53:39+00:00","description":"Descubre el vino tinto Fet a m\u00e0 de Alicante: elaborado con t\u00e9cnicas ancestrales del mediterr\u00e1neo occidental. Compra en nuestra bodega online.","breadcrumb":{"@id":"https:\/\/degrados.es\/producto\/vino-tinto-de-alicante\/#breadcrumb"},"inLanguage":"de","potentialAction":[{"@type":"ReadAction","target":["https:\/\/degrados.es\/producto\/vino-tinto-de-alicante\/"]}]},{"@type":"ImageObject","inLanguage":"de","@id":"https:\/\/degrados.es\/producto\/vino-tinto-de-alicante\/#primaryimage","url":"https:\/\/degrados.es\/wp-content\/uploads\/2025\/10\/Vino-tinto-alicante.webp","contentUrl":"https:\/\/degrados.es\/wp-content\/uploads\/2025\/10\/Vino-tinto-alicante.webp","width":2000,"height":2000,"caption":"Vino mediterr\u00e1neo"},{"@type":"BreadcrumbList","@id":"https:\/\/degrados.es\/producto\/vino-tinto-de-alicante\/#breadcrumb","itemListElement":[{"@type":"ListItem","position":1,"name":"Home","item":"https:\/\/degrados.es\/de\/startseite\/"},{"@type":"ListItem","position":2,"name":"Shop","item":"https:\/\/degrados.es\/de\/?page_id=2821"},{"@type":"ListItem","position":3,"name":"Vino tinto de Alicante &#8211; Fet a ma"}]},{"@type":"WebSite","@id":"https:\/\/degrados.es\/#website","url":"https:\/\/degrados.es\/","name":"Degrados","description":"Spirituosen online kaufen","publisher":{"@id":"https:\/\/degrados.es\/#organization"},"alternateName":"Licorer\u00eda online","potentialAction":[{"@type":"SearchAction","target":{"@type":"EntryPoint","urlTemplate":"https:\/\/degrados.es\/?s={search_term_string}"},"query-input":{"@type":"PropertyValueSpecification","valueRequired":true,"valueName":"search_term_string"}}],"inLanguage":"de"},{"@type":"Organization","@id":"https:\/\/degrados.es\/#organization","name":"DeGrados","url":"https:\/\/degrados.es\/","logo":{"@type":"ImageObject","inLanguage":"de","@id":"https:\/\/degrados.es\/#\/schema\/logo\/image\/","url":"https:\/\/degrados.es\/wp-content\/uploads\/2021\/02\/Logo-degrados.png","contentUrl":"https:\/\/degrados.es\/wp-content\/uploads\/2021\/02\/Logo-degrados.png","width":350,"height":86,"caption":"DeGrados"},"image":{"@id":"https:\/\/degrados.es\/#\/schema\/logo\/image\/"}}]},"product_price_amount":"11.87","product_price_currency":"EUR","og_availability":"instock","product_availability":"instock","product_condition":"new"},"_links":{"self":[{"href":"https:\/\/degrados.es\/de\/wp-json\/wp\/v2\/product\/8380","targetHints":{"allow":["GET"]}}],"collection":[{"href":"https:\/\/degrados.es\/de\/wp-json\/wp\/v2\/product"}],"about":[{"href":"https:\/\/degrados.es\/de\/wp-json\/wp\/v2\/types\/product"}],"replies":[{"embeddable":true,"href":"https:\/\/degrados.es\/de\/wp-json\/wp\/v2\/comments?post=8380"}],"wp:featuredmedia":[{"embeddable":true,"href":"https:\/\/degrados.es\/de\/wp-json\/wp\/v2\/media\/8376"}],"wp:attachment":[{"href":"https:\/\/degrados.es\/de\/wp-json\/wp\/v2\/media?parent=8380"}],"wp:term":[{"taxonomy":"product_cat","embeddable":true,"href":"https:\/\/degrados.es\/de\/wp-json\/wp\/v2\/product_cat?post=8380"},{"taxonomy":"product_tag","embeddable":true,"href":"https:\/\/degrados.es\/de\/wp-json\/wp\/v2\/product_tag?post=8380"}],"curies":[{"name":"wp","href":"https:\/\/api.w.org\/{rel}","templated":true}]}}