{"id":1257,"date":"2022-02-24T11:51:03","date_gmt":"2022-02-24T10:51:03","guid":{"rendered":"https:\/\/degrados.es\/?post_type=product&#038;p=1257"},"modified":"2023-12-19T11:48:18","modified_gmt":"2023-12-19T10:48:18","slug":"liquor-from-anis-kcalla","status":"publish","type":"product","link":"https:\/\/degrados.es\/en\/producto\/liquor-from-anis-kcalla\/","title":{"rendered":"Anise K\u00e7alla"},"content":{"rendered":"<p>We have created a totally renewed and innovative image for a product elaborated in the most traditional way. It is K\u00e7alla, a new cold dry anise that will not leave you indifferent.<\/p>\n<p>Anise is directly named after the fruit of the plant from which it is usually made, but K\u00e7alla has a number of characteristics that make it a unique and exclusive anise. The selection of the best aniseed grains. K\u00e7alla offers an intense flavor in every sip and a consistent aroma from start to finish.<\/p>\n<p>K\u00e7alla is a dry anise that enjoys an intense flavor, if you are one of those who like anise you can not help but enjoy the most original anise, K\u00e7alla, and drink it very cold.<\/p>\n<p>Spain has become one of the world&#8217;s leading producers. This guarantees that we have within our reach a high quality product backed by many years of history.<\/p>\n<p>As a fact to take into account, it is important to know that aniseed should always be consumed responsibly. This has its reason in the 45 degrees that this drink has. Following a moderate consumption, you can fully enjoy a unique drink with a very characteristic flavor. Not all beverages can be placed on a par with k\u00e7alla. We guarantee you will not be disappointed.<\/p>\n","protected":false},"excerpt":{"rendered":"<div class=\"references\">A renewed and innovative image for a product as traditional as the Valencian cazalla, elaborated in a traditional way.<\/div>\n","protected":false},"featured_media":3709,"comment_status":"open","ping_status":"closed","template":"","meta":{"inline_featured_image":false},"product_cat":[106,100],"product_tag":[472,426,479,269],"class_list":{"0":"post-1257","1":"product","2":"type-product","3":"status-publish","4":"has-post-thumbnail","6":"product_cat-spanish-cazalla","7":"product_cat-liqueurs","8":"product_tag-anise-liqueur","9":"product_tag-cazalla-en","10":"product_tag-kcalla-en","11":"product_tag-liqueur","13":"first","14":"instock","15":"sale","16":"taxable","17":"shipping-taxable","18":"purchasable","19":"product-type-simple"},"yoast_head":"<!-- This site is optimized with the Yoast SEO plugin v26.9 - https:\/\/yoast.com\/product\/yoast-seo-wordpress\/ -->\n<title>Buy aniseed liqueur - Comprar K\u00e7alla - Degrados Online Liquor Store<\/title>\n<meta name=\"description\" content=\"Discover the refreshing anise liqueur. Buy K\u00e7alla, an exclusive anise liqueur at Licorer\u00eda Online. Degrees.\" \/>\n<meta name=\"robots\" content=\"index, follow, max-snippet:-1, max-image-preview:large, max-video-preview:-1\" \/>\n<link rel=\"canonical\" href=\"https:\/\/degrados.es\/en\/producto\/liquor-from-anis-kcalla\/\" \/>\n<meta property=\"og:locale\" content=\"en_US\" \/>\n<meta property=\"og:type\" content=\"article\" \/>\n<meta property=\"og:title\" content=\"Buy aniseed liqueur - Comprar K\u00e7alla - Degrados Online Liquor Store\" \/>\n<meta property=\"og:description\" content=\"Discover the refreshing anise liqueur. Buy K\u00e7alla, an exclusive anise liqueur at Licorer\u00eda Online. Degrees.\" \/>\n<meta property=\"og:url\" content=\"https:\/\/degrados.es\/en\/producto\/liquor-from-anis-kcalla\/\" \/>\n<meta property=\"og:site_name\" content=\"Online Liquor Store\" \/>\n<meta property=\"article:modified_time\" content=\"2023-12-19T10:48:18+00:00\" \/>\n<meta property=\"og:image\" content=\"https:\/\/degrados.es\/wp-content\/uploads\/2022\/02\/Comprar-anis-casalla.webp\" \/>\n\t<meta property=\"og:image:width\" content=\"430\" \/>\n\t<meta property=\"og:image:height\" content=\"430\" \/>\n\t<meta property=\"og:image:type\" content=\"image\/webp\" \/>\n<meta name=\"twitter:card\" content=\"summary_large_image\" \/>\n<meta name=\"twitter:label1\" content=\"Est. reading time\" \/>\n\t<meta name=\"twitter:data1\" content=\"1 minute\" \/>\n<script type=\"application\/ld+json\" class=\"yoast-schema-graph\">{\"@context\":\"https:\/\/schema.org\",\"@graph\":[{\"@type\":\"WebPage\",\"@id\":\"https:\/\/degrados.es\/en\/producto\/liquor-from-anis-kcalla\/\",\"url\":\"https:\/\/degrados.es\/en\/producto\/liquor-from-anis-kcalla\/\",\"name\":\"Buy aniseed liqueur - Comprar K\u00e7alla - Degrados Online Liquor Store\",\"isPartOf\":{\"@id\":\"https:\/\/degrados.es\/en\/#website\"},\"primaryImageOfPage\":{\"@id\":\"https:\/\/degrados.es\/en\/producto\/liquor-from-anis-kcalla\/#primaryimage\"},\"image\":{\"@id\":\"https:\/\/degrados.es\/en\/producto\/liquor-from-anis-kcalla\/#primaryimage\"},\"thumbnailUrl\":\"https:\/\/degrados.es\/wp-content\/uploads\/2022\/02\/28.webp\",\"datePublished\":\"2022-02-24T10:51:03+00:00\",\"dateModified\":\"2023-12-19T10:48:18+00:00\",\"description\":\"Discover the refreshing anise liqueur. Buy K\u00e7alla, an exclusive anise liqueur at Licorer\u00eda Online. Degrees.\",\"breadcrumb\":{\"@id\":\"https:\/\/degrados.es\/en\/producto\/liquor-from-anis-kcalla\/#breadcrumb\"},\"inLanguage\":\"en-US\",\"potentialAction\":[{\"@type\":\"ReadAction\",\"target\":[\"https:\/\/degrados.es\/en\/producto\/liquor-from-anis-kcalla\/\"]}]},{\"@type\":\"ImageObject\",\"inLanguage\":\"en-US\",\"@id\":\"https:\/\/degrados.es\/en\/producto\/liquor-from-anis-kcalla\/#primaryimage\",\"url\":\"https:\/\/degrados.es\/wp-content\/uploads\/2022\/02\/28.webp\",\"contentUrl\":\"https:\/\/degrados.es\/wp-content\/uploads\/2022\/02\/28.webp\",\"width\":1000,\"height\":1000,\"caption\":\"An\u00eds seco K\u00e7alla\"},{\"@type\":\"BreadcrumbList\",\"@id\":\"https:\/\/degrados.es\/en\/producto\/liquor-from-anis-kcalla\/#breadcrumb\",\"itemListElement\":[{\"@type\":\"ListItem\",\"position\":1,\"name\":\"Home\",\"item\":\"https:\/\/degrados.es\/en\/home\/\"},{\"@type\":\"ListItem\",\"position\":2,\"name\":\"Shop\",\"item\":\"https:\/\/degrados.es\/en\/shop\/\"},{\"@type\":\"ListItem\",\"position\":3,\"name\":\"Anise K\u00e7alla\"}]},{\"@type\":\"WebSite\",\"@id\":\"https:\/\/degrados.es\/en\/#website\",\"url\":\"https:\/\/degrados.es\/en\/\",\"name\":\"Online Liquor Store\",\"description\":\"Buy liquors online\",\"publisher\":{\"@id\":\"https:\/\/degrados.es\/en\/#organization\"},\"potentialAction\":[{\"@type\":\"SearchAction\",\"target\":{\"@type\":\"EntryPoint\",\"urlTemplate\":\"https:\/\/degrados.es\/en\/?s={search_term_string}\"},\"query-input\":{\"@type\":\"PropertyValueSpecification\",\"valueRequired\":true,\"valueName\":\"search_term_string\"}}],\"inLanguage\":\"en-US\"},{\"@type\":\"Organization\",\"@id\":\"https:\/\/degrados.es\/en\/#organization\",\"name\":\"DeGrados\",\"url\":\"https:\/\/degrados.es\/en\/\",\"logo\":{\"@type\":\"ImageObject\",\"inLanguage\":\"en-US\",\"@id\":\"https:\/\/degrados.es\/en\/#\/schema\/logo\/image\/\",\"url\":\"https:\/\/degrados.es\/wp-content\/uploads\/2021\/02\/Logo-degrados.png\",\"contentUrl\":\"https:\/\/degrados.es\/wp-content\/uploads\/2021\/02\/Logo-degrados.png\",\"width\":350,\"height\":86,\"caption\":\"DeGrados\"},\"image\":{\"@id\":\"https:\/\/degrados.es\/en\/#\/schema\/logo\/image\/\"}}]}<\/script>\n<!-- \/ Yoast SEO plugin. -->","yoast_head_json":{"title":"Buy aniseed liqueur - Comprar K\u00e7alla - Degrados Online Liquor Store","description":"Discover the refreshing anise liqueur. Buy K\u00e7alla, an exclusive anise liqueur at Licorer\u00eda Online. Degrees.","robots":{"index":"index","follow":"follow","max-snippet":"max-snippet:-1","max-image-preview":"max-image-preview:large","max-video-preview":"max-video-preview:-1"},"canonical":"https:\/\/degrados.es\/en\/producto\/liquor-from-anis-kcalla\/","og_locale":"en_US","og_type":"article","og_title":"Buy aniseed liqueur - Comprar K\u00e7alla - Degrados Online Liquor Store","og_description":"Discover the refreshing anise liqueur. Buy K\u00e7alla, an exclusive anise liqueur at Licorer\u00eda Online. Degrees.","og_url":"https:\/\/degrados.es\/en\/producto\/liquor-from-anis-kcalla\/","og_site_name":"Online Liquor Store","article_modified_time":"2023-12-19T10:48:18+00:00","og_image":[{"width":430,"height":430,"url":"https:\/\/degrados.es\/wp-content\/uploads\/2022\/02\/Comprar-anis-casalla.webp","type":"image\/webp"}],"twitter_card":"summary_large_image","twitter_misc":{"Est. reading time":"1 minute"},"schema":{"@context":"https:\/\/schema.org","@graph":[{"@type":"WebPage","@id":"https:\/\/degrados.es\/en\/producto\/liquor-from-anis-kcalla\/","url":"https:\/\/degrados.es\/en\/producto\/liquor-from-anis-kcalla\/","name":"Buy aniseed liqueur - Comprar K\u00e7alla - Degrados Online Liquor Store","isPartOf":{"@id":"https:\/\/degrados.es\/en\/#website"},"primaryImageOfPage":{"@id":"https:\/\/degrados.es\/en\/producto\/liquor-from-anis-kcalla\/#primaryimage"},"image":{"@id":"https:\/\/degrados.es\/en\/producto\/liquor-from-anis-kcalla\/#primaryimage"},"thumbnailUrl":"https:\/\/degrados.es\/wp-content\/uploads\/2022\/02\/28.webp","datePublished":"2022-02-24T10:51:03+00:00","dateModified":"2023-12-19T10:48:18+00:00","description":"Discover the refreshing anise liqueur. Buy K\u00e7alla, an exclusive anise liqueur at Licorer\u00eda Online. Degrees.","breadcrumb":{"@id":"https:\/\/degrados.es\/en\/producto\/liquor-from-anis-kcalla\/#breadcrumb"},"inLanguage":"en-US","potentialAction":[{"@type":"ReadAction","target":["https:\/\/degrados.es\/en\/producto\/liquor-from-anis-kcalla\/"]}]},{"@type":"ImageObject","inLanguage":"en-US","@id":"https:\/\/degrados.es\/en\/producto\/liquor-from-anis-kcalla\/#primaryimage","url":"https:\/\/degrados.es\/wp-content\/uploads\/2022\/02\/28.webp","contentUrl":"https:\/\/degrados.es\/wp-content\/uploads\/2022\/02\/28.webp","width":1000,"height":1000,"caption":"An\u00eds seco K\u00e7alla"},{"@type":"BreadcrumbList","@id":"https:\/\/degrados.es\/en\/producto\/liquor-from-anis-kcalla\/#breadcrumb","itemListElement":[{"@type":"ListItem","position":1,"name":"Home","item":"https:\/\/degrados.es\/en\/home\/"},{"@type":"ListItem","position":2,"name":"Shop","item":"https:\/\/degrados.es\/en\/shop\/"},{"@type":"ListItem","position":3,"name":"Anise K\u00e7alla"}]},{"@type":"WebSite","@id":"https:\/\/degrados.es\/en\/#website","url":"https:\/\/degrados.es\/en\/","name":"Online Liquor Store","description":"Buy liquors online","publisher":{"@id":"https:\/\/degrados.es\/en\/#organization"},"potentialAction":[{"@type":"SearchAction","target":{"@type":"EntryPoint","urlTemplate":"https:\/\/degrados.es\/en\/?s={search_term_string}"},"query-input":{"@type":"PropertyValueSpecification","valueRequired":true,"valueName":"search_term_string"}}],"inLanguage":"en-US"},{"@type":"Organization","@id":"https:\/\/degrados.es\/en\/#organization","name":"DeGrados","url":"https:\/\/degrados.es\/en\/","logo":{"@type":"ImageObject","inLanguage":"en-US","@id":"https:\/\/degrados.es\/en\/#\/schema\/logo\/image\/","url":"https:\/\/degrados.es\/wp-content\/uploads\/2021\/02\/Logo-degrados.png","contentUrl":"https:\/\/degrados.es\/wp-content\/uploads\/2021\/02\/Logo-degrados.png","width":350,"height":86,"caption":"DeGrados"},"image":{"@id":"https:\/\/degrados.es\/en\/#\/schema\/logo\/image\/"}}]}},"_links":{"self":[{"href":"https:\/\/degrados.es\/en\/wp-json\/wp\/v2\/product\/1257","targetHints":{"allow":["GET"]}}],"collection":[{"href":"https:\/\/degrados.es\/en\/wp-json\/wp\/v2\/product"}],"about":[{"href":"https:\/\/degrados.es\/en\/wp-json\/wp\/v2\/types\/product"}],"replies":[{"embeddable":true,"href":"https:\/\/degrados.es\/en\/wp-json\/wp\/v2\/comments?post=1257"}],"wp:featuredmedia":[{"embeddable":true,"href":"https:\/\/degrados.es\/en\/wp-json\/wp\/v2\/media\/3709"}],"wp:attachment":[{"href":"https:\/\/degrados.es\/en\/wp-json\/wp\/v2\/media?parent=1257"}],"wp:term":[{"taxonomy":"product_cat","embeddable":true,"href":"https:\/\/degrados.es\/en\/wp-json\/wp\/v2\/product_cat?post=1257"},{"taxonomy":"product_tag","embeddable":true,"href":"https:\/\/degrados.es\/en\/wp-json\/wp\/v2\/product_tag?post=1257"}],"curies":[{"name":"wp","href":"https:\/\/api.w.org\/{rel}","templated":true}]}}