{"id":1336,"date":"2022-02-25T13:02:05","date_gmt":"2022-02-25T12:02:05","guid":{"rendered":"https:\/\/degrados.es\/?post_type=product&#038;p=1336"},"modified":"2023-12-19T11:41:00","modified_gmt":"2023-12-19T10:41:00","slug":"cream-of-anis-kcalla","status":"publish","type":"product","link":"https:\/\/degrados.es\/en\/producto\/cream-of-anis-kcalla\/","title":{"rendered":"K\u00e7alla anise cream"},"content":{"rendered":"<p>The best K\u00e7alla made in the Valencian Community is reinvented in anise cream format. K\u00e7alla aniseed cream is a traditional and modern product at the same time, since it combines the traditional drink with modern touches such as the flavor of the cream with notes of intense and refreshing aniseed.<\/p>\n<p>The selection of the best aniseed grains grown in the Mediterranean basin is combined with a careful distillation process. With K\u00e7alla Crema de An\u00eds, we reinvented ourselves to offer an intense and pleasant flavor and aroma. We recommend taking K\u00e7alla Crema de An\u00eds as an aperitif after lunch and dinner, as the highlight of an incredible evening.<\/p>\n","protected":false},"excerpt":{"rendered":"<p>The anise liqueur is reinvented with K\u00e7alla Crema de an\u00eds, the traditional drink with modern touches such as the flavor of the cream with notes of intense and refreshing aniseed.<\/p>\n","protected":false},"featured_media":3892,"comment_status":"open","ping_status":"closed","template":"","meta":{"inline_featured_image":false},"product_cat":[53,29],"product_tag":[225,144,176],"class_list":{"0":"post-1336","1":"product","2":"type-product","3":"status-publish","4":"has-post-thumbnail","6":"product_cat-absenta-cazalla","7":"product_cat-licores","8":"product_tag-crema-de-anis","9":"product_tag-anis","10":"product_tag-cazalla","12":"first","13":"instock","14":"sale","15":"taxable","16":"shipping-taxable","17":"purchasable","18":"product-type-simple"},"yoast_head":"<!-- This site is optimized with the Yoast SEO plugin v26.9 - https:\/\/yoast.com\/product\/yoast-seo-wordpress\/ -->\n<title>Buy aniseed cream - K\u00e7alla crema de an\u00eds - Licorer\u00eda Degrados<\/title>\n<meta name=\"description\" content=\"Discover K\u00e7alla anise cream, with notes of intense and refreshing anise. Buy K\u00e7alla anise cream in Degrados.\" \/>\n<meta name=\"robots\" content=\"index, follow, max-snippet:-1, max-image-preview:large, max-video-preview:-1\" \/>\n<link rel=\"canonical\" href=\"https:\/\/degrados.es\/en\/producto\/cream-of-anis-kcalla\/\" \/>\n<meta property=\"og:locale\" content=\"en_US\" \/>\n<meta property=\"og:type\" content=\"article\" \/>\n<meta property=\"og:title\" content=\"Buy aniseed cream - K\u00e7alla crema de an\u00eds - Licorer\u00eda Degrados\" \/>\n<meta property=\"og:description\" content=\"Discover K\u00e7alla anise cream, with notes of intense and refreshing anise. Buy K\u00e7alla anise cream in Degrados.\" \/>\n<meta property=\"og:url\" content=\"https:\/\/degrados.es\/en\/producto\/cream-of-anis-kcalla\/\" \/>\n<meta property=\"og:site_name\" content=\"Online Liquor Store\" \/>\n<meta property=\"article:modified_time\" content=\"2023-12-19T10:41:00+00:00\" \/>\n<meta property=\"og:image\" content=\"https:\/\/degrados.es\/wp-content\/uploads\/2022\/02\/Licor-crema-de-anis.webp\" \/>\n\t<meta property=\"og:image:width\" content=\"300\" \/>\n\t<meta property=\"og:image:height\" content=\"300\" \/>\n\t<meta property=\"og:image:type\" content=\"image\/webp\" \/>\n<meta name=\"twitter:card\" content=\"summary_large_image\" \/>\n<meta name=\"twitter:label1\" content=\"Est. reading time\" \/>\n\t<meta name=\"twitter:data1\" content=\"1 minute\" \/>\n<script type=\"application\/ld+json\" class=\"yoast-schema-graph\">{\"@context\":\"https:\/\/schema.org\",\"@graph\":[{\"@type\":\"WebPage\",\"@id\":\"https:\/\/degrados.es\/en\/producto\/cream-of-anis-kcalla\/\",\"url\":\"https:\/\/degrados.es\/en\/producto\/cream-of-anis-kcalla\/\",\"name\":\"Buy aniseed cream - K\u00e7alla crema de an\u00eds - Licorer\u00eda Degrados\",\"isPartOf\":{\"@id\":\"https:\/\/degrados.es\/en\/#website\"},\"primaryImageOfPage\":{\"@id\":\"https:\/\/degrados.es\/en\/producto\/cream-of-anis-kcalla\/#primaryimage\"},\"image\":{\"@id\":\"https:\/\/degrados.es\/en\/producto\/cream-of-anis-kcalla\/#primaryimage\"},\"thumbnailUrl\":\"https:\/\/degrados.es\/wp-content\/uploads\/2022\/02\/Licor-de-crema-con-anis.webp\",\"datePublished\":\"2022-02-25T12:02:05+00:00\",\"dateModified\":\"2023-12-19T10:41:00+00:00\",\"description\":\"Discover K\u00e7alla anise cream, with notes of intense and refreshing anise. Buy K\u00e7alla anise cream in Degrados.\",\"breadcrumb\":{\"@id\":\"https:\/\/degrados.es\/en\/producto\/cream-of-anis-kcalla\/#breadcrumb\"},\"inLanguage\":\"en-US\",\"potentialAction\":[{\"@type\":\"ReadAction\",\"target\":[\"https:\/\/degrados.es\/en\/producto\/cream-of-anis-kcalla\/\"]}]},{\"@type\":\"ImageObject\",\"inLanguage\":\"en-US\",\"@id\":\"https:\/\/degrados.es\/en\/producto\/cream-of-anis-kcalla\/#primaryimage\",\"url\":\"https:\/\/degrados.es\/wp-content\/uploads\/2022\/02\/Licor-de-crema-con-anis.webp\",\"contentUrl\":\"https:\/\/degrados.es\/wp-content\/uploads\/2022\/02\/Licor-de-crema-con-anis.webp\",\"width\":1000,\"height\":1000,\"caption\":\"Crema de an\u00eds K\u00e7alla\"},{\"@type\":\"BreadcrumbList\",\"@id\":\"https:\/\/degrados.es\/en\/producto\/cream-of-anis-kcalla\/#breadcrumb\",\"itemListElement\":[{\"@type\":\"ListItem\",\"position\":1,\"name\":\"Home\",\"item\":\"https:\/\/degrados.es\/en\/home\/\"},{\"@type\":\"ListItem\",\"position\":2,\"name\":\"Shop\",\"item\":\"https:\/\/degrados.es\/en\/shop\/\"},{\"@type\":\"ListItem\",\"position\":3,\"name\":\"K\u00e7alla anise cream\"}]},{\"@type\":\"WebSite\",\"@id\":\"https:\/\/degrados.es\/en\/#website\",\"url\":\"https:\/\/degrados.es\/en\/\",\"name\":\"Online Liquor Store\",\"description\":\"Buy liquors online\",\"publisher\":{\"@id\":\"https:\/\/degrados.es\/en\/#organization\"},\"potentialAction\":[{\"@type\":\"SearchAction\",\"target\":{\"@type\":\"EntryPoint\",\"urlTemplate\":\"https:\/\/degrados.es\/en\/?s={search_term_string}\"},\"query-input\":{\"@type\":\"PropertyValueSpecification\",\"valueRequired\":true,\"valueName\":\"search_term_string\"}}],\"inLanguage\":\"en-US\"},{\"@type\":\"Organization\",\"@id\":\"https:\/\/degrados.es\/en\/#organization\",\"name\":\"DeGrados\",\"url\":\"https:\/\/degrados.es\/en\/\",\"logo\":{\"@type\":\"ImageObject\",\"inLanguage\":\"en-US\",\"@id\":\"https:\/\/degrados.es\/en\/#\/schema\/logo\/image\/\",\"url\":\"https:\/\/degrados.es\/wp-content\/uploads\/2021\/02\/Logo-degrados.png\",\"contentUrl\":\"https:\/\/degrados.es\/wp-content\/uploads\/2021\/02\/Logo-degrados.png\",\"width\":350,\"height\":86,\"caption\":\"DeGrados\"},\"image\":{\"@id\":\"https:\/\/degrados.es\/en\/#\/schema\/logo\/image\/\"}}]}<\/script>\n<!-- \/ Yoast SEO plugin. -->","yoast_head_json":{"title":"Buy aniseed cream - K\u00e7alla crema de an\u00eds - Licorer\u00eda Degrados","description":"Discover K\u00e7alla anise cream, with notes of intense and refreshing anise. Buy K\u00e7alla anise cream in Degrados.","robots":{"index":"index","follow":"follow","max-snippet":"max-snippet:-1","max-image-preview":"max-image-preview:large","max-video-preview":"max-video-preview:-1"},"canonical":"https:\/\/degrados.es\/en\/producto\/cream-of-anis-kcalla\/","og_locale":"en_US","og_type":"article","og_title":"Buy aniseed cream - K\u00e7alla crema de an\u00eds - Licorer\u00eda Degrados","og_description":"Discover K\u00e7alla anise cream, with notes of intense and refreshing anise. Buy K\u00e7alla anise cream in Degrados.","og_url":"https:\/\/degrados.es\/en\/producto\/cream-of-anis-kcalla\/","og_site_name":"Online Liquor Store","article_modified_time":"2023-12-19T10:41:00+00:00","og_image":[{"width":300,"height":300,"url":"https:\/\/degrados.es\/wp-content\/uploads\/2022\/02\/Licor-crema-de-anis.webp","type":"image\/webp"}],"twitter_card":"summary_large_image","twitter_misc":{"Est. reading time":"1 minute"},"schema":{"@context":"https:\/\/schema.org","@graph":[{"@type":"WebPage","@id":"https:\/\/degrados.es\/en\/producto\/cream-of-anis-kcalla\/","url":"https:\/\/degrados.es\/en\/producto\/cream-of-anis-kcalla\/","name":"Buy aniseed cream - K\u00e7alla crema de an\u00eds - Licorer\u00eda Degrados","isPartOf":{"@id":"https:\/\/degrados.es\/en\/#website"},"primaryImageOfPage":{"@id":"https:\/\/degrados.es\/en\/producto\/cream-of-anis-kcalla\/#primaryimage"},"image":{"@id":"https:\/\/degrados.es\/en\/producto\/cream-of-anis-kcalla\/#primaryimage"},"thumbnailUrl":"https:\/\/degrados.es\/wp-content\/uploads\/2022\/02\/Licor-de-crema-con-anis.webp","datePublished":"2022-02-25T12:02:05+00:00","dateModified":"2023-12-19T10:41:00+00:00","description":"Discover K\u00e7alla anise cream, with notes of intense and refreshing anise. Buy K\u00e7alla anise cream in Degrados.","breadcrumb":{"@id":"https:\/\/degrados.es\/en\/producto\/cream-of-anis-kcalla\/#breadcrumb"},"inLanguage":"en-US","potentialAction":[{"@type":"ReadAction","target":["https:\/\/degrados.es\/en\/producto\/cream-of-anis-kcalla\/"]}]},{"@type":"ImageObject","inLanguage":"en-US","@id":"https:\/\/degrados.es\/en\/producto\/cream-of-anis-kcalla\/#primaryimage","url":"https:\/\/degrados.es\/wp-content\/uploads\/2022\/02\/Licor-de-crema-con-anis.webp","contentUrl":"https:\/\/degrados.es\/wp-content\/uploads\/2022\/02\/Licor-de-crema-con-anis.webp","width":1000,"height":1000,"caption":"Crema de an\u00eds K\u00e7alla"},{"@type":"BreadcrumbList","@id":"https:\/\/degrados.es\/en\/producto\/cream-of-anis-kcalla\/#breadcrumb","itemListElement":[{"@type":"ListItem","position":1,"name":"Home","item":"https:\/\/degrados.es\/en\/home\/"},{"@type":"ListItem","position":2,"name":"Shop","item":"https:\/\/degrados.es\/en\/shop\/"},{"@type":"ListItem","position":3,"name":"K\u00e7alla anise cream"}]},{"@type":"WebSite","@id":"https:\/\/degrados.es\/en\/#website","url":"https:\/\/degrados.es\/en\/","name":"Online Liquor Store","description":"Buy liquors online","publisher":{"@id":"https:\/\/degrados.es\/en\/#organization"},"potentialAction":[{"@type":"SearchAction","target":{"@type":"EntryPoint","urlTemplate":"https:\/\/degrados.es\/en\/?s={search_term_string}"},"query-input":{"@type":"PropertyValueSpecification","valueRequired":true,"valueName":"search_term_string"}}],"inLanguage":"en-US"},{"@type":"Organization","@id":"https:\/\/degrados.es\/en\/#organization","name":"DeGrados","url":"https:\/\/degrados.es\/en\/","logo":{"@type":"ImageObject","inLanguage":"en-US","@id":"https:\/\/degrados.es\/en\/#\/schema\/logo\/image\/","url":"https:\/\/degrados.es\/wp-content\/uploads\/2021\/02\/Logo-degrados.png","contentUrl":"https:\/\/degrados.es\/wp-content\/uploads\/2021\/02\/Logo-degrados.png","width":350,"height":86,"caption":"DeGrados"},"image":{"@id":"https:\/\/degrados.es\/en\/#\/schema\/logo\/image\/"}}]}},"_links":{"self":[{"href":"https:\/\/degrados.es\/en\/wp-json\/wp\/v2\/product\/1336","targetHints":{"allow":["GET"]}}],"collection":[{"href":"https:\/\/degrados.es\/en\/wp-json\/wp\/v2\/product"}],"about":[{"href":"https:\/\/degrados.es\/en\/wp-json\/wp\/v2\/types\/product"}],"replies":[{"embeddable":true,"href":"https:\/\/degrados.es\/en\/wp-json\/wp\/v2\/comments?post=1336"}],"wp:featuredmedia":[{"embeddable":true,"href":"https:\/\/degrados.es\/en\/wp-json\/wp\/v2\/media\/3892"}],"wp:attachment":[{"href":"https:\/\/degrados.es\/en\/wp-json\/wp\/v2\/media?parent=1336"}],"wp:term":[{"taxonomy":"product_cat","embeddable":true,"href":"https:\/\/degrados.es\/en\/wp-json\/wp\/v2\/product_cat?post=1336"},{"taxonomy":"product_tag","embeddable":true,"href":"https:\/\/degrados.es\/en\/wp-json\/wp\/v2\/product_tag?post=1336"}],"curies":[{"name":"wp","href":"https:\/\/api.w.org\/{rel}","templated":true}]}}