{"id":8366,"date":"2025-10-22T16:44:26","date_gmt":"2025-10-22T14:44:26","guid":{"rendered":"https:\/\/degrados.es\/?post_type=product&#038;p=8366"},"modified":"2026-02-09T16:46:15","modified_gmt":"2026-02-09T15:46:15","slug":"vino-blanco-alicante","status":"publish","type":"product","link":"https:\/\/degrados.es\/en\/producto\/vino-blanco-alicante\/","title":{"rendered":"Vino blanco de Alicante &#8211; Flor Malv\u00e9s"},"content":{"rendered":"<h2>Vino blanco de Alicante<\/h2>\n<p>Flor Malv\u00e9s es un vino blanco de Malvas\u00eda resultado de a\u00f1os de investigaci\u00f3n y trabajo, el primero de una nueva colecci\u00f3n que hemos llamado Vinos Ancestrales. En este vino hemos intentando recrear los vinos blancos secos que se hac\u00edan antiguamente, adapt\u00e1ndolos a<br \/>\nnuestro tiempo pero siendo lo m\u00e1s fieles posibles a la forma de hacer ancestral que en cierto modo hemos tenido que redescubrir.<br \/>\nAntiguamente, se pisaba la uva con los pies y del primer mosto o mosto flor (sin prensar) es de donde se elaboraba el vino blanco seco, ya que de las prensas y los mostos con m\u00e1s pieles se elaboraban vinos dulces. Una vez terminada la fermentaci\u00f3n se guardaban en los lagares bajo tierra y se sellaban hasta su consumo. Para evitar oxidaciones, se guardaban con una gran proporci\u00f3n de l\u00edas. En el Flor Malv\u00e9s hemos emulado todos estos procedimientos con nuestro conocimiento actual.<br \/>\nEl resultado es un vino blanco seco, con aromas predominantes de esta crianza sobre l\u00edas (pasteler\u00eda, boller\u00eda, un toque de tarta de manzana), muy similares a los aromas que nos encontramos en los vinos espumosos de crianza en botella con m\u00e9todo tradicional. En boca es un vino con un gran volumen y muy seco, con un potencial gastron\u00f3mico enorme. Es un vino muy diferencial que, definitivamente, nos enlaza con nuestros or\u00edgenes y los actualiza.<\/p>\n<h3>Ficha t\u00e9cnica<\/h3>\n<p>UVA: 100% Malvas\u00eda<br \/>\nVI\u00d1EDO: Cepas de Malvas\u00eda situadas sobre terreno mineral de alta salinidad, a una altura de unos 500 msnm. Vi\u00f1edo manejado con viticultura tradicional y minimizando los tratamientos sobre la vid con los est\u00e1ndares ecol\u00f3gicos.<br \/>\nA\u00d1ADA: El 2023 fue un a\u00f1o fresco para nuestro clima, por lo que hubo una vendimia tard\u00eda y una maduraci\u00f3n lenta, con lo que esta a\u00f1ada presenta unos aromas extremadamente limpios y elegantes. Es sin duda, una de las mejores del Flor Malv\u00e9s.<br \/>\nVINIFICACI\u00d3N: Vendimiado a mano a principios de setiembre, se guard\u00f3 la uva 7 d\u00edas en c\u00e1mara a 1\u00baC para despu\u00e9s prensar directamente con prensa vertical sacando solo el primer mosto para este vino. Se ferment\u00f3 durante 12 d\u00edas a 15\u00baC de temperatura. A continuaci\u00f3n, se guard\u00f3 con sus propias l\u00edas en dep\u00f3sito durante 9 meses.<br \/>\nAN\u00c1LISIS QU\u00cdMICO: Grado alcoh\u00f3lico: 12,5%vol. Acidez total: 6,4 g\/L. pH: 3,1. Az\u00facar residual:<br \/>\n0,1 g\/L. Sulfuroso total: 110 mg\/L.<br \/>\nDENOMINACI\u00d3N DE ORIGEN: Certificado por el Consejo Regulador de la Denominaci\u00f3n de Origen Protegida Alicante.<\/p>\n<h3>Nota de cata<\/h3>\n<p>Flor Malv\u00e9s es un vino blanco muy seco y con una sedosidad en boca que lo convierte en un vino muy gastron\u00f3mico.<br \/>\nVISUAL: Tiene el color p\u00e1lido, pero con una tonalidad dorada y una densidad que se percibe al mover ligeramente la copa.<br \/>\nNARIZ: Aromas predominantes de la crianza sobre l\u00edas (pasteler\u00eda, boller\u00eda, un toque de tarta de manzana), muy similares a los aromas que nos encontramos en los vinos espumosos de crianza en botella con m\u00e9todo tradicional.<br \/>\nBOCA: En boca es un vino con un gran volumen y muy seco, con un potencial gastron\u00f3mico enorme.<\/p>\n","protected":false},"excerpt":{"rendered":"<p>Flor Malv\u00e9s es un vino blanco de Malvas\u00eda resultado de a\u00f1os de investigaci\u00f3n y trabajo, el primero de una nueva colecci\u00f3n que hemos llamado Vinos Ancestrales. En este vino hemos intentando recrear los vinos blancos secos que se hac\u00edan antiguamente, adapt\u00e1ndolos a<br \/>\nnuestro tiempo pero siendo lo m\u00e1s fieles posibles a la forma de hacer ancestral que en cierto modo hemos tenido que redescubrir.<\/p>\n","protected":false},"featured_media":8373,"comment_status":"closed","ping_status":"closed","template":"","meta":{"inline_featured_image":false},"product_cat":[713,715,33],"product_tag":[],"class_list":{"0":"post-8366","1":"product","2":"type-product","3":"status-publish","4":"has-post-thumbnail","6":"product_cat-vinos","7":"product_cat-vinos-blancos","8":"product_cat-vinos-de-autor","10":"first","11":"instock","12":"sale","13":"taxable","14":"shipping-taxable","15":"purchasable","16":"product-type-simple"},"yoast_head":"<!-- This site is optimized with the Yoast SEO plugin v26.9 - https:\/\/yoast.com\/product\/yoast-seo-wordpress\/ -->\n<title>Comprar Vino blanco de Alicante: Flor Malv\u00e9s - Bodega online<\/title>\n<meta name=\"description\" content=\"Descubre el vino blanco Flor Malv\u00e9s de Alicante: fresco, con aromas florales. Compra online en nuestra bodega online con env\u00edo r\u00e1pido y seguro.\" \/>\n<meta name=\"robots\" content=\"index, follow, max-snippet:-1, max-image-preview:large, max-video-preview:-1\" \/>\n<link rel=\"canonical\" href=\"https:\/\/degrados.es\/en\/producto\/vino-blanco-alicante\/\" \/>\n<meta property=\"og:locale\" content=\"en_US\" \/>\n<meta property=\"og:type\" content=\"article\" \/>\n<meta property=\"og:title\" content=\"Comprar Vino blanco de Alicante: Flor Malv\u00e9s - Bodega online\" \/>\n<meta property=\"og:description\" content=\"Descubre el vino blanco Flor Malv\u00e9s de Alicante: fresco, con aromas florales. Compra online en nuestra bodega online con env\u00edo r\u00e1pido y seguro.\" \/>\n<meta property=\"og:url\" content=\"https:\/\/degrados.es\/en\/producto\/vino-blanco-alicante\/\" \/>\n<meta property=\"og:site_name\" content=\"Online Liquor Store\" \/>\n<meta property=\"article:modified_time\" content=\"2026-02-09T15:46:15+00:00\" \/>\n<meta property=\"og:image\" content=\"https:\/\/degrados.es\/wp-content\/uploads\/2025\/10\/Vino-blanco-alicante.webp\" \/>\n\t<meta property=\"og:image:width\" content=\"2000\" \/>\n\t<meta property=\"og:image:height\" content=\"2000\" \/>\n\t<meta property=\"og:image:type\" content=\"image\/webp\" \/>\n<meta name=\"twitter:card\" content=\"summary_large_image\" \/>\n<meta name=\"twitter:label1\" content=\"Est. reading time\" \/>\n\t<meta name=\"twitter:data1\" content=\"3 minutes\" \/>\n<script type=\"application\/ld+json\" class=\"yoast-schema-graph\">{\"@context\":\"https:\/\/schema.org\",\"@graph\":[{\"@type\":\"WebPage\",\"@id\":\"https:\/\/degrados.es\/en\/producto\/vino-blanco-alicante\/\",\"url\":\"https:\/\/degrados.es\/en\/producto\/vino-blanco-alicante\/\",\"name\":\"Comprar Vino blanco de Alicante: Flor Malv\u00e9s - Bodega online\",\"isPartOf\":{\"@id\":\"https:\/\/degrados.es\/en\/#website\"},\"primaryImageOfPage\":{\"@id\":\"https:\/\/degrados.es\/en\/producto\/vino-blanco-alicante\/#primaryimage\"},\"image\":{\"@id\":\"https:\/\/degrados.es\/en\/producto\/vino-blanco-alicante\/#primaryimage\"},\"thumbnailUrl\":\"https:\/\/degrados.es\/wp-content\/uploads\/2025\/10\/Vino-blanco-alicante.webp\",\"datePublished\":\"2025-10-22T14:44:26+00:00\",\"dateModified\":\"2026-02-09T15:46:15+00:00\",\"description\":\"Descubre el vino blanco Flor Malv\u00e9s de Alicante: fresco, con aromas florales. Compra online en nuestra bodega online con env\u00edo r\u00e1pido y seguro.\",\"breadcrumb\":{\"@id\":\"https:\/\/degrados.es\/en\/producto\/vino-blanco-alicante\/#breadcrumb\"},\"inLanguage\":\"en-US\",\"potentialAction\":[{\"@type\":\"ReadAction\",\"target\":[\"https:\/\/degrados.es\/en\/producto\/vino-blanco-alicante\/\"]}]},{\"@type\":\"ImageObject\",\"inLanguage\":\"en-US\",\"@id\":\"https:\/\/degrados.es\/en\/producto\/vino-blanco-alicante\/#primaryimage\",\"url\":\"https:\/\/degrados.es\/wp-content\/uploads\/2025\/10\/Vino-blanco-alicante.webp\",\"contentUrl\":\"https:\/\/degrados.es\/wp-content\/uploads\/2025\/10\/Vino-blanco-alicante.webp\",\"width\":2000,\"height\":2000,\"caption\":\"Vino blanco seco\"},{\"@type\":\"BreadcrumbList\",\"@id\":\"https:\/\/degrados.es\/en\/producto\/vino-blanco-alicante\/#breadcrumb\",\"itemListElement\":[{\"@type\":\"ListItem\",\"position\":1,\"name\":\"Home\",\"item\":\"https:\/\/degrados.es\/en\/home\/\"},{\"@type\":\"ListItem\",\"position\":2,\"name\":\"Shop\",\"item\":\"https:\/\/degrados.es\/en\/shop\/\"},{\"@type\":\"ListItem\",\"position\":3,\"name\":\"Vino blanco de Alicante &#8211; Flor Malv\u00e9s\"}]},{\"@type\":\"WebSite\",\"@id\":\"https:\/\/degrados.es\/en\/#website\",\"url\":\"https:\/\/degrados.es\/en\/\",\"name\":\"Online Liquor Store\",\"description\":\"Buy liquors online\",\"publisher\":{\"@id\":\"https:\/\/degrados.es\/en\/#organization\"},\"potentialAction\":[{\"@type\":\"SearchAction\",\"target\":{\"@type\":\"EntryPoint\",\"urlTemplate\":\"https:\/\/degrados.es\/en\/?s={search_term_string}\"},\"query-input\":{\"@type\":\"PropertyValueSpecification\",\"valueRequired\":true,\"valueName\":\"search_term_string\"}}],\"inLanguage\":\"en-US\"},{\"@type\":\"Organization\",\"@id\":\"https:\/\/degrados.es\/en\/#organization\",\"name\":\"DeGrados\",\"url\":\"https:\/\/degrados.es\/en\/\",\"logo\":{\"@type\":\"ImageObject\",\"inLanguage\":\"en-US\",\"@id\":\"https:\/\/degrados.es\/en\/#\/schema\/logo\/image\/\",\"url\":\"https:\/\/degrados.es\/wp-content\/uploads\/2021\/02\/Logo-degrados.png\",\"contentUrl\":\"https:\/\/degrados.es\/wp-content\/uploads\/2021\/02\/Logo-degrados.png\",\"width\":350,\"height\":86,\"caption\":\"DeGrados\"},\"image\":{\"@id\":\"https:\/\/degrados.es\/en\/#\/schema\/logo\/image\/\"}}]}<\/script>\n<!-- \/ Yoast SEO plugin. -->","yoast_head_json":{"title":"Comprar Vino blanco de Alicante: Flor Malv\u00e9s - Bodega online","description":"Descubre el vino blanco Flor Malv\u00e9s de Alicante: fresco, con aromas florales. Compra online en nuestra bodega online con env\u00edo r\u00e1pido y seguro.","robots":{"index":"index","follow":"follow","max-snippet":"max-snippet:-1","max-image-preview":"max-image-preview:large","max-video-preview":"max-video-preview:-1"},"canonical":"https:\/\/degrados.es\/en\/producto\/vino-blanco-alicante\/","og_locale":"en_US","og_type":"article","og_title":"Comprar Vino blanco de Alicante: Flor Malv\u00e9s - Bodega online","og_description":"Descubre el vino blanco Flor Malv\u00e9s de Alicante: fresco, con aromas florales. Compra online en nuestra bodega online con env\u00edo r\u00e1pido y seguro.","og_url":"https:\/\/degrados.es\/en\/producto\/vino-blanco-alicante\/","og_site_name":"Online Liquor Store","article_modified_time":"2026-02-09T15:46:15+00:00","og_image":[{"width":2000,"height":2000,"url":"https:\/\/degrados.es\/wp-content\/uploads\/2025\/10\/Vino-blanco-alicante.webp","type":"image\/webp"}],"twitter_card":"summary_large_image","twitter_misc":{"Est. reading time":"3 minutes"},"schema":{"@context":"https:\/\/schema.org","@graph":[{"@type":"WebPage","@id":"https:\/\/degrados.es\/en\/producto\/vino-blanco-alicante\/","url":"https:\/\/degrados.es\/en\/producto\/vino-blanco-alicante\/","name":"Comprar Vino blanco de Alicante: Flor Malv\u00e9s - Bodega online","isPartOf":{"@id":"https:\/\/degrados.es\/en\/#website"},"primaryImageOfPage":{"@id":"https:\/\/degrados.es\/en\/producto\/vino-blanco-alicante\/#primaryimage"},"image":{"@id":"https:\/\/degrados.es\/en\/producto\/vino-blanco-alicante\/#primaryimage"},"thumbnailUrl":"https:\/\/degrados.es\/wp-content\/uploads\/2025\/10\/Vino-blanco-alicante.webp","datePublished":"2025-10-22T14:44:26+00:00","dateModified":"2026-02-09T15:46:15+00:00","description":"Descubre el vino blanco Flor Malv\u00e9s de Alicante: fresco, con aromas florales. Compra online en nuestra bodega online con env\u00edo r\u00e1pido y seguro.","breadcrumb":{"@id":"https:\/\/degrados.es\/en\/producto\/vino-blanco-alicante\/#breadcrumb"},"inLanguage":"en-US","potentialAction":[{"@type":"ReadAction","target":["https:\/\/degrados.es\/en\/producto\/vino-blanco-alicante\/"]}]},{"@type":"ImageObject","inLanguage":"en-US","@id":"https:\/\/degrados.es\/en\/producto\/vino-blanco-alicante\/#primaryimage","url":"https:\/\/degrados.es\/wp-content\/uploads\/2025\/10\/Vino-blanco-alicante.webp","contentUrl":"https:\/\/degrados.es\/wp-content\/uploads\/2025\/10\/Vino-blanco-alicante.webp","width":2000,"height":2000,"caption":"Vino blanco seco"},{"@type":"BreadcrumbList","@id":"https:\/\/degrados.es\/en\/producto\/vino-blanco-alicante\/#breadcrumb","itemListElement":[{"@type":"ListItem","position":1,"name":"Home","item":"https:\/\/degrados.es\/en\/home\/"},{"@type":"ListItem","position":2,"name":"Shop","item":"https:\/\/degrados.es\/en\/shop\/"},{"@type":"ListItem","position":3,"name":"Vino blanco de Alicante &#8211; Flor Malv\u00e9s"}]},{"@type":"WebSite","@id":"https:\/\/degrados.es\/en\/#website","url":"https:\/\/degrados.es\/en\/","name":"Online Liquor Store","description":"Buy liquors online","publisher":{"@id":"https:\/\/degrados.es\/en\/#organization"},"potentialAction":[{"@type":"SearchAction","target":{"@type":"EntryPoint","urlTemplate":"https:\/\/degrados.es\/en\/?s={search_term_string}"},"query-input":{"@type":"PropertyValueSpecification","valueRequired":true,"valueName":"search_term_string"}}],"inLanguage":"en-US"},{"@type":"Organization","@id":"https:\/\/degrados.es\/en\/#organization","name":"DeGrados","url":"https:\/\/degrados.es\/en\/","logo":{"@type":"ImageObject","inLanguage":"en-US","@id":"https:\/\/degrados.es\/en\/#\/schema\/logo\/image\/","url":"https:\/\/degrados.es\/wp-content\/uploads\/2021\/02\/Logo-degrados.png","contentUrl":"https:\/\/degrados.es\/wp-content\/uploads\/2021\/02\/Logo-degrados.png","width":350,"height":86,"caption":"DeGrados"},"image":{"@id":"https:\/\/degrados.es\/en\/#\/schema\/logo\/image\/"}}]}},"_links":{"self":[{"href":"https:\/\/degrados.es\/en\/wp-json\/wp\/v2\/product\/8366","targetHints":{"allow":["GET"]}}],"collection":[{"href":"https:\/\/degrados.es\/en\/wp-json\/wp\/v2\/product"}],"about":[{"href":"https:\/\/degrados.es\/en\/wp-json\/wp\/v2\/types\/product"}],"replies":[{"embeddable":true,"href":"https:\/\/degrados.es\/en\/wp-json\/wp\/v2\/comments?post=8366"}],"wp:featuredmedia":[{"embeddable":true,"href":"https:\/\/degrados.es\/en\/wp-json\/wp\/v2\/media\/8373"}],"wp:attachment":[{"href":"https:\/\/degrados.es\/en\/wp-json\/wp\/v2\/media?parent=8366"}],"wp:term":[{"taxonomy":"product_cat","embeddable":true,"href":"https:\/\/degrados.es\/en\/wp-json\/wp\/v2\/product_cat?post=8366"},{"taxonomy":"product_tag","embeddable":true,"href":"https:\/\/degrados.es\/en\/wp-json\/wp\/v2\/product_tag?post=8366"}],"curies":[{"name":"wp","href":"https:\/\/api.w.org\/{rel}","templated":true}]}}